{"id":10565,"date":"2021-04-28T01:20:29","date_gmt":"2021-04-27T23:20:29","guid":{"rendered":"https:\/\/www.toitune.net\/?page_id=10565"},"modified":"2022-06-03T15:12:52","modified_gmt":"2022-06-03T13:12:52","slug":"kontakt","status":"publish","type":"page","link":"https:\/\/www.code-autoradio.com\/de\/kontakt\/","title":{"rendered":"Kontakt"},"content":{"rendered":"<div class=\"wpb-content-wrapper\"><p>[vc_section sticky_allow=&#8221;{&#8220;xl&#8220;:&#8220;&#8220;}&#8221; css=&#8221;.vc_custom_1652799188653{padding-top: 126px !important;padding-bottom: 126px !important;background: #616760 url(https:\/\/www.code-autoradio.com\/wp-content\/uploads\/2022\/05\/garagiste-autoradio.jpeg?id=10077) !important;background-position: center !important;background-repeat: no-repeat !important;background-size: cover !important;}&#8221;][vc_row gap=&#8221;0&#8243;][vc_column css=&#8221;.vc_custom_1616891458247{padding-right: 20px !important;padding-left: 20px !important;}&#8221;]<div class=\"title-wrapper  wpb_custom_304ad5e401cf69c2d2de295d947a177b title-center link-left\" ><h3 class=\"title\">Kontaktieren Sie uns\n<\/h3><\/div>[\/vc_column][\/vc_row][\/vc_section][vc_section wrap_container=&#8221;container&#8221; el_class=&#8221;mt-10 pt-5 form-section&#8221;][vc_row css=&#8221;.vc_custom_1652800077747{padding-bottom: 20px !important;}&#8221;][vc_column width=&#8221;1\/2&#8243;]<div class=\"title-wrapper  wpb_custom_05c539edca8d9524753783d96250bf43 vc_custom_1654261949574 title-left link-left\" ><h5 class=\"title\">Warum sollten Sie uns kontaktieren?\n<\/h5><\/div>[vc_column_text css=&#8221;.vc_custom_1654261958571{padding-top: 20px !important;padding-right: 20px !important;padding-bottom: 20px !important;}&#8221;]Das gesamte Team von code-autoradio.com steht Ihnen zur Verf\u00fcgung, um Ihnen bei der Entsperrung Ihres Autoradios zu helfen.<\/p>\n<p>Sie haben Ihren Code nicht innerhalb von 24 Stunden erhalten? \u00dcberpr\u00fcfen Sie Ihre Spam-Mails! Immer noch nicht da? Dann kontaktieren Sie uns \u00fcber das untenstehende Formular.<\/p>\n<p>Sie ben\u00f6tigen Hilfe bei der Suche nach Ihrer Seriennummer oder beim Zerlegen Ihres Autoradios?<\/p>\n<p>M\u00f6chten Sie eine Partnerschaft mit uns eingehen?<\/p>\n<p>Wir sind hier, um Ihnen zu antworten.[\/vc_column_text][\/vc_column][vc_column width=&#8221;1\/2&#8243;]<div class=\"title-wrapper  wpb_custom_05c539edca8d9524753783d96250bf43 title-left link-left\" ><h5 class=\"title\">Kontaktformular!\n<\/h5><\/div>\n<div class=\"wpcf7 no-js\" id=\"wpcf7-f8-o1\" lang=\"fr-FR\" dir=\"ltr\" data-wpcf7-id=\"8\">\n<div class=\"screen-reader-response\"><p role=\"status\" aria-live=\"polite\" aria-atomic=\"true\"><\/p> <ul><\/ul><\/div>\n<form action=\"\/de\/wp-json\/wp\/v2\/pages\/10565#wpcf7-f8-o1\" method=\"post\" class=\"wpcf7-form init\" aria-label=\"Formulaire de contact\" novalidate=\"novalidate\" data-status=\"init\">\n<fieldset class=\"hidden-fields-container\"><input type=\"hidden\" name=\"_wpcf7\" value=\"8\" \/><input type=\"hidden\" name=\"_wpcf7_version\" value=\"6.1.5\" \/><input type=\"hidden\" name=\"_wpcf7_locale\" value=\"fr_FR\" \/><input type=\"hidden\" name=\"_wpcf7_unit_tag\" value=\"wpcf7-f8-o1\" \/><input type=\"hidden\" name=\"_wpcf7_container_post\" value=\"0\" \/><input type=\"hidden\" name=\"_wpcf7_posted_data_hash\" value=\"\" \/>\n<\/fieldset>\n<p><label>Pr\u00e9nom et Nom<br \/>\n<span class=\"wpcf7-form-control-wrap\" data-name=\"your-name\"><input size=\"40\" maxlength=\"400\" class=\"wpcf7-form-control wpcf7-text wpcf7-validates-as-required\" aria-required=\"true\" aria-invalid=\"false\" value=\"\" type=\"text\" name=\"your-name\" \/><\/span> <\/label>\n<\/p>\n<p><label>Email<br \/>\n<span class=\"wpcf7-form-control-wrap\" data-name=\"your-email\"><input size=\"40\" maxlength=\"400\" class=\"wpcf7-form-control wpcf7-email wpcf7-validates-as-required wpcf7-text wpcf7-validates-as-email\" aria-required=\"true\" aria-invalid=\"false\" value=\"\" type=\"email\" name=\"your-email\" \/><\/span> <\/label>\n<\/p>\n<p><label> A propos<br \/>\n<span class=\"wpcf7-form-control-wrap\" data-name=\"menu-174\"><select class=\"wpcf7-form-control wpcf7-select wpcf7-validates-as-required\" aria-required=\"true\" aria-invalid=\"false\" name=\"menu-174\"><option value=\"Une commande\">Une commande<\/option><option value=\"Un devis\">Un devis<\/option><option value=\"Un partenariat\">Un partenariat<\/option><option value=\"Autres\">Autres<\/option><\/select><\/span><\/label>\n<\/p>\n<p><label> Message<br \/>\n<span class=\"wpcf7-form-control-wrap\" data-name=\"your-message\"><textarea cols=\"40\" rows=\"10\" maxlength=\"2000\" class=\"wpcf7-form-control wpcf7-textarea\" aria-invalid=\"false\" name=\"your-message\"><\/textarea><\/span> <\/label>\n<\/p>\n<p><label>N\u00b0 de commande<br \/>\n<span class=\"wpcf7-form-control-wrap\" data-name=\"your-commande\"><input size=\"40\" maxlength=\"400\" class=\"wpcf7-form-control wpcf7-text\" aria-invalid=\"false\" value=\"\" type=\"text\" name=\"your-commande\" \/><\/span> <\/label>\n<\/p>\n<p><label><span class=\"wpcf7-form-control-wrap\" data-name=\"quiz-645\"><label><span class=\"wpcf7-quiz-label\">3 + 9 ?<\/span> <input size=\"40\" class=\"wpcf7-form-control wpcf7-quiz\" autocomplete=\"off\" aria-required=\"true\" aria-invalid=\"false\" type=\"text\" name=\"quiz-645\" \/><\/label><input type=\"hidden\" name=\"_wpcf7_quiz_answer_quiz-645\" value=\"4f8a2e64155e648ece52c285f49ca756\" \/><\/span><\/label>\n<\/p>\n<p><button class=\"wpcf7-form-control wpcf7-submit\" type=\"submit\" value=\"Envoyer\">Envoyer<\/button>\n<\/p><div class=\"wpcf7-response-output\" aria-hidden=\"true\"><\/div>\n<\/form>\n<\/div>\n[\/vc_column][\/vc_row][\/vc_section]<\/p>\n<\/div>","protected":false},"excerpt":{"rendered":"<p>[vc_section sticky_allow=&#8221;{&#8220;xl&#8220;:&#8220;&#8220;}&#8221; css=&#8221;.vc_custom_1652799188653{padding-top: 126px !important;padding-bottom: 126px !important;background: #616760 url(https:\/\/www.code-autoradio.com\/wp-content\/uploads\/2022\/05\/garagiste-autoradio.jpeg?id=10077) !important;background-position: center !important;background-repeat: no-repeat !important;background-size: cover !important;}&#8221;][vc_row gap=&#8221;0&#8243;][vc_column css=&#8221;.vc_custom_1616891458247{padding-right: 20px !important;padding-left: 20px !important;}&#8221;][\/vc_column][\/vc_row][\/vc_section][vc_section wrap_container=&#8221;container&#8221; el_class=&#8221;mt-10 pt-5 form-section&#8221;][vc_row css=&#8221;.vc_custom_1652800077747{padding-bottom: 20px !important;}&#8221;][vc_column width=&#8221;1\/2&#8243;][vc_column_text css=&#8221;.vc_custom_1654261958571{padding-top: 20px !important;padding-right: 20px !important;padding-bottom: 20px !important;}&#8221;]Das gesamte Team von code-autoradio.com steht Ihnen zur Verf\u00fcgung, um Ihnen bei der Entsperrung Ihres Autoradios zu helfen. Sie [&hellip;]<\/p>\n","protected":false},"author":1,"featured_media":0,"parent":0,"menu_order":0,"comment_status":"closed","ping_status":"closed","template":"","meta":{"footnotes":""},"class_list":["post-10565","page","type-page","status-publish","hentry"],"_links":{"self":[{"href":"https:\/\/www.code-autoradio.com\/de\/wp-json\/wp\/v2\/pages\/10565","targetHints":{"allow":["GET"]}}],"collection":[{"href":"https:\/\/www.code-autoradio.com\/de\/wp-json\/wp\/v2\/pages"}],"about":[{"href":"https:\/\/www.code-autoradio.com\/de\/wp-json\/wp\/v2\/types\/page"}],"author":[{"embeddable":true,"href":"https:\/\/www.code-autoradio.com\/de\/wp-json\/wp\/v2\/users\/1"}],"replies":[{"embeddable":true,"href":"https:\/\/www.code-autoradio.com\/de\/wp-json\/wp\/v2\/comments?post=10565"}],"version-history":[{"count":0,"href":"https:\/\/www.code-autoradio.com\/de\/wp-json\/wp\/v2\/pages\/10565\/revisions"}],"wp:attachment":[{"href":"https:\/\/www.code-autoradio.com\/de\/wp-json\/wp\/v2\/media?parent=10565"}],"curies":[{"name":"wp","href":"https:\/\/api.w.org\/{rel}","templated":true}]}}