{"id":39132,"date":"2019-07-12T00:00:00","date_gmt":"2019-07-11T22:00:00","guid":{"rendered":"https:\/\/www.code-autoradio.com\/rechtliche-hinweise\/"},"modified":"2019-07-12T00:00:00","modified_gmt":"2019-07-11T22:00:00","slug":"rechtliche-hinweise","status":"publish","type":"page","link":"https:\/\/www.code-autoradio.com\/de\/rechtliche-hinweise\/","title":{"rendered":"Rechtliche Hinweise"},"content":{"rendered":"<h2>NAME &amp; FIRMENSITZ :<\/h2>\n<p>&nbsp;<\/p>\n<h2>SASU MGLX<br \/>\nSIREN: 885220897<br \/>\nEingetragen beim INSEE am 17-07-2020<\/h2>\n<h2>Unterkunft<\/h2>\n<p>O2SWITCH, 222-224 Boulevard Gustave Flaubert 63000 Clermont-Ferrand<br \/>\nSARL o2switch mit einem Kapital von 7500\u20ac<br \/>\nRCS : Clermont-Ferrand &#8211; SIRET : 510 909 80700016 &#8211; TVA : FR35510909807<\/p>\n<h2>Umgang mit pers\u00f6nlichen Daten<\/h2>\n<p>Der Besucher hat das Recht, auf die ihn betreffenden Daten zuzugreifen, sie zu \u00e4ndern, zu berichtigen und zu l\u00f6schen (Artikel 34 des Gesetzes &#8220;Informatique et Libert\u00e9s&#8221; ). Um diese Rechte auszu\u00fcben, kann er sich per E-Mail an die oben genannten Publikationsdirektoren wenden. Au\u00dferdem ist diese Website gem\u00e4\u00df dem GESETZ Nr. 2004-801 vom 6. August 2004 \u00fcber den Schutz nat\u00fcrlicher Personen bei der Verarbeitung personenbezogener Daten und zur \u00c4nderung des Gesetzes Nr. 78-17 vom 6. Januar 1978 bei der CNIL unter der Nummer angemeldet.<\/p>\n<h2>Rechte an geistigem Eigentum<\/h2>\n<p>Die gesamte Website unterliegt den franz\u00f6sischen und internationalen Gesetzen zum Urheberrecht und zum geistigen Eigentum. Alle Vervielf\u00e4ltigungsrechte sind vorbehalten, auch f\u00fcr ikonographisches und fotografisches Material. Jede vollst\u00e4ndige oder teilweise Vervielf\u00e4ltigung dieser Website durch ein beliebiges Verfahren stellt eine F\u00e4lschung dar, die nach den Artikeln L 335-2 ff. des Gesetzes \u00fcber geistiges Eigentum bestraft wird. Dasselbe gilt f\u00fcr die auf der Website enthaltenen Datenbanken, die durch die Bestimmungen der europ\u00e4ischen Richtlinie vom 11. M\u00e4rz 1996 \u00fcber den rechtlichen Schutz von Datenbanken gesch\u00fctzt sind.<\/p>\n<h2>Haftungsausschluss<\/h2>\n<p>Bitte beachten Sie, dass code-autoradio.Com eine unabh\u00e4ngige Website ist und in keiner Weise autorisiert, verbunden oder assoziiert mit Automarken ist, alle Urheberrechte und alle genannten Marken geh\u00f6ren den Eigent\u00fcmern, wir verkaufen oder liefern keine Produkte. Wir sind Spezialisten f\u00fcr die Entschl\u00fcsselung von Autoradios und alle unsere Entschl\u00fcsselungen werden entweder \u00fcber Datenbanken, die wir besitzen, oder \u00fcber interne Radiodekodierungswerkzeuge f\u00fcr die  <a href=\"https:\/\/www.code-autoradio.com\/produit\/renault\/\">Renault Autoradio-Code<\/a>,  <a href=\"https:\/\/www.code-autoradio.com\/produit\/ford\/\">Ford Autoradio-Code<\/a>,  <a href=\"https:\/\/www.code-autoradio.com\/produit\/code-autoradio-nissan\/\">Nissan Autoradio Code<\/a>, <a href=\"https:\/\/www.code-autoradio.com\/produit\/seat\/\">Seat<\/a> Autoradio Code, <a href=\"https:\/\/www.code-autoradio.com\/produit\/audi\/\">Audi<\/a> Autoradio Code, <a href=\"https:\/\/www.code-autoradio.com\/produit\/volkswagen\/\">Volkswagen Aut<\/a>oradio Code, <a href=\"https:\/\/www.code-autoradio.com\/produit\/renault-navigation-gps\/\">Renault Authentifizierungscode<\/a> etc.<\/p>\n","protected":false},"excerpt":{"rendered":"<p>NAME &amp; FIRMENSITZ : &nbsp; SASU MGLX SIREN: 885220897 Eingetragen beim INSEE am 17-07-2020 Unterkunft O2SWITCH, 222-224 Boulevard Gustave Flaubert 63000 Clermont-Ferrand SARL o2switch mit einem Kapital von 7500\u20ac RCS : Clermont-Ferrand &#8211; SIRET : 510 909 80700016 &#8211; TVA : FR35510909807 Umgang mit pers\u00f6nlichen Daten Der Besucher hat das Recht, auf die ihn betreffenden [&hellip;]<\/p>\n","protected":false},"author":1,"featured_media":0,"parent":0,"menu_order":0,"comment_status":"closed","ping_status":"open","template":"","meta":{"footnotes":""},"class_list":["post-39132","page","type-page","status-publish","hentry"],"_links":{"self":[{"href":"https:\/\/www.code-autoradio.com\/de\/wp-json\/wp\/v2\/pages\/39132","targetHints":{"allow":["GET"]}}],"collection":[{"href":"https:\/\/www.code-autoradio.com\/de\/wp-json\/wp\/v2\/pages"}],"about":[{"href":"https:\/\/www.code-autoradio.com\/de\/wp-json\/wp\/v2\/types\/page"}],"author":[{"embeddable":true,"href":"https:\/\/www.code-autoradio.com\/de\/wp-json\/wp\/v2\/users\/1"}],"replies":[{"embeddable":true,"href":"https:\/\/www.code-autoradio.com\/de\/wp-json\/wp\/v2\/comments?post=39132"}],"version-history":[{"count":0,"href":"https:\/\/www.code-autoradio.com\/de\/wp-json\/wp\/v2\/pages\/39132\/revisions"}],"wp:attachment":[{"href":"https:\/\/www.code-autoradio.com\/de\/wp-json\/wp\/v2\/media?parent=39132"}],"curies":[{"name":"wp","href":"https:\/\/api.w.org\/{rel}","templated":true}]}}