{"id":39138,"date":"2019-01-31T00:00:00","date_gmt":"2019-01-30T23:00:00","guid":{"rendered":"https:\/\/www.code-autoradio.com\/agb\/"},"modified":"2019-01-31T00:00:00","modified_gmt":"2019-01-30T23:00:00","slug":"agb","status":"publish","type":"page","link":"https:\/\/www.code-autoradio.com\/de\/agb\/","title":{"rendered":"AGB"},"content":{"rendered":"<h3>Regel Nr. 1: Vollst\u00e4ndigkeit<\/h3>\n<p>Jede Bestellung eines Produkts aus dem Online-Shop setzt die vollst\u00e4ndige und vorbehaltlose Zustimmung zu diesen allgemeinen Gesch\u00e4ftsbedingungen voraus. Keine der allgemeinen oder besonderen Bedingungen, die in den vom Kunden gesendeten oder \u00fcbergebenen Dokumenten enthalten sind, k\u00f6nnen in die vorliegenden Bedingungen aufgenommen werden, wenn diese Dokumente mit diesen allgemeinen Bedingungen unvereinbar sind. Sollte eine der Klauseln dieses Vertrags durch eine \u00c4nderung der Gesetzgebung, der Vorschriften oder durch eine Gerichtsentscheidung unwirksam sein, so hat dies keinen Einfluss auf die G\u00fcltigkeit und Einhaltung der vorliegenden Allgemeinen Gesch\u00e4ftsbedingungen.<\/p>\n<h3>Regel Nr. 2: Inkrafttreten &#8211; Best\u00e4tigung der Bestellung<\/h3>\n<p>Die vorliegenden Allgemeinen Gesch\u00e4ftsbedingungen treten in Kraft, wenn der Kunde seine Bestellung best\u00e4tigt. Daher erkl\u00e4rt er, dass er die vorliegenden Allgemeinen Gesch\u00e4ftsbedingungen vollst\u00e4ndig und vorbehaltlos akzeptiert. Die vorliegenden Allgemeinen Gesch\u00e4ftsbedingungen werden f\u00fcr die Dauer abgeschlossen, die f\u00fcr die Lieferung der unterzeichneten G\u00fcter und Dienstleistungen erforderlich ist, bis zum Erl\u00f6schen der von code-autoradio.com geschuldeten Garantien.<\/p>\n<h3>Regel Nr. 3: Transaktionsnachweis<\/h3>\n<p>Die von code-autoradio.com gespeicherten Daten stellen den Beweis f\u00fcr alle von <a href=\"https:\/\/www.code-autoradio.com\">code-autoradio.com<\/a> und seinen Kunden get\u00e4tigten Transaktionen dar. Die vom Zahlungssystem aufgezeichneten Daten stellen den Beweis f\u00fcr die finanziellen Transaktionen dar.<\/p>\n<h3>Regel Nr. 4: Preis<\/h3>\n<p>Die Preise sind l\u00e4nderspezifisch angegeben. code-autoradio.com beh\u00e4lt sich das Recht vor, seine Preise jederzeit zu \u00e4ndern, verpflichtet sich jedoch, die zum Zeitpunkt der Bestellung g\u00fcltigen Preise anzuwenden. Die Produkte bleiben Eigentum von code-autoradio.com bis zur vollst\u00e4ndigen Bezahlung des Preises durch code-autoradio.com.<\/p>\n<h3>Regel Nr. 5: Zahlungsweise<\/h3>\n<p>Um seine Bestellung zu bezahlen, stehen dem Kunden alle im Bestellformular genannten Zahlungsm\u00f6glichkeiten zur Verf\u00fcgung. Der Kunde garantiert code-autoradio.com, dass er \u00fcber die eventuell erforderlichen Berechtigungen verf\u00fcgt, um die von ihm bei der Best\u00e4tigung des Bestellscheins gew\u00e4hlte Zahlungsmethode zu verwenden. code-autoradio.com beh\u00e4lt sich das Recht vor, die Bearbeitung der Bestellung und die Lieferung einzustellen, wenn die offiziell akkreditierten Stellen die Zahlung per Kreditkarte nicht genehmigen oder wenn die Zahlung nicht erfolgt. code-autoradio.com beh\u00e4lt sich insbesondere das Recht vor, jede Bestellung eines Kunden zu stornieren, mit dem es einen Streit \u00fcber die Zahlung einer fr\u00fcheren Bestellung gibt. code-autoradio.com hat ein Verfahren zur \u00dcberpr\u00fcfung von Bestellungen eingerichtet, das sicherstellen soll, dass keine Person unwissentlich die Bankdaten einer anderen Person verwendet. Im Rahmen dieser \u00dcberpr\u00fcfung kann der Kunde aufgefordert werden, code-autoradio.com per E-Mail oder per Post eine Kopie seines Personalausweises sowie einen Wohnsitznachweis zukommen zu lassen. Die Bestellung wird erst nach Erhalt und \u00dcberpr\u00fcfung der eingesandten Unterlagen best\u00e4tigt.<\/p>\n<h3>Regel Nr. 6: Verf\u00fcgbarkeit<\/h3>\n<p>code-autoradio.com verpflichtet sich, die auf der Website eingegangenen Bestellungen nur auszuf\u00fchren, solange der Vorrat an Produkten reicht. Sollte das Produkt nicht verf\u00fcgbar sein, verpflichtet sich code-autoradio.com, den Kunden so schnell wie m\u00f6glich dar\u00fcber zu informieren. Dieser hat dann die Wahl, entweder die R\u00fcckerstattung der gezahlten Betr\u00e4ge innerhalb von sp\u00e4testens 30 Tagen nach deren Zahlung oder den Umtausch des Produkts zu verlangen. Im Falle eines vor\u00fcbergehenden Ausverkaufs r\u00e4umen wir dem Kunden die M\u00f6glichkeit ein, seine Bestellung zu stornieren oder zu akzeptieren, dass er sie nach Erhalt der momentan nicht verf\u00fcgbaren Artikel in einer l\u00e4ngeren Frist erh\u00e4lt. Alle Produkte vom Typ <a href=\"https:\/\/www.code-autoradio.com\/produit\/renault\/\">Renault Autoradio Code<\/a>, <a href=\"https:\/\/www.code-autoradio.com\/produit\/ford\/\">Ford<\/a> Autoradio Code, <a href=\"https:\/\/www.code-autoradio.com\/produit\/code-autoradio-nissan\/\">Nissan<\/a> Autoradio Code, <a href=\"https:\/\/www.code-autoradio.com\/produit\/seat\/\">Seat<\/a> Autoradio Code, <a href=\"https:\/\/www.code-autoradio.com\/produit\/audi\/\">Audi<\/a> Autoradio Code, <a href=\"https:\/\/www.code-autoradio.com\/produit\/volkswagen\/\">Volkswagen<\/a> Autoradio Code, <a href=\"https:\/\/www.code-autoradio.com\/produit\/renault-navigation-gps\/\">Renault Authentifizierungscode<\/a> usw.. sind 7 Tage die Woche 24 Stunden am Tag verf\u00fcgbar!<\/p>\n<h3>Regel Nr. 7: Liefermodalit\u00e4ten<\/h3>\n<p>Das bestellte Produkt wird je nach Art des bestellten Produkts und auf alleinige Initiative von code-autoradio.com per E-Mail, SMS, Postversand oder durch einen unabh\u00e4ngigen Spediteur an die Adresse geliefert, die auf dem Bestellformular angegeben ist. Die angek\u00fcndigten Fristen gelten ab unserem Lager. Die Wahl der Versandart h\u00e4ngt vom Gewicht, Volumen und Wert der Artikel ab.<\/p>\n<h3>Regel Nr. 8: Lieferfristen<\/h3>\n<p>code-autoradio.com verpflichtet sich, Lieferungen innerhalb von 48 Stunden nach vollst\u00e4ndiger Bezahlung des Bestellbetrags durch den Kunden oder 24 Stunden, wenn diese Option gew\u00e4hlt wird, auszuf\u00fchren. Im Falle einer ungew\u00f6hnlichen Versp\u00e4tung wird eine E-Mail an den Kunden gesendet. Bei Artikeln, die aufgrund ihrer Verf\u00fcgbarkeit zu unterschiedlichen Zeitpunkten lieferbar sind, richtet sich die Lieferzeit nach der l\u00e4ngsten Lieferzeit. code-autoradio.com beh\u00e4lt sich jedoch die M\u00f6glichkeit vor, die Lieferungen aufzuteilen. Die Beteiligung an den Bearbeitungs- und Versandkosten wird nur f\u00fcr eine einzige Sendung berechnet. Bei Zahlung per Kreditkarte entsprechen die angegebenen Fristen der Bearbeitungszeit und der Lieferung der Produkte. Wenn der Kunde innerhalb von 6 Tagen nach Best\u00e4tigung der Bestellung nichts erhalten hat, muss er dies code-autoradio.com mitteilen, die es direkt bearbeitet und dann gegebenenfalls eine Nachsendung veranlassen kann.<\/p>\n<p>&nbsp;<\/p>\n<h3>Regel Nr. 9: Falschlieferungen<\/h3>\n<p>code-autoradio.com verpflichtet sich, Produkte, die nicht der Bestellung entsprechen (defekt oder nicht konform), zu erstatten oder umzutauschen. Der Kunde muss am Tag der Lieferung oder sp\u00e4testens innerhalb von 14 Werktagen nach der Lieferung auf beliebigem Wege (E-Mail, Einschreiben mit R\u00fcckschein&#8230;) jede Beschwerde \u00fcber Artikel, die nicht seiner Bestellung entsprechen (Falschlieferung, Nichtkonformit\u00e4t der Produkte&#8230;), vorbringen. Beschwerden sind an den Kundenservice zu richten, dessen Kontaktdaten in Artikel 11 angegeben sind. Auf den Reklamationen muss der Kunde seine Kontaktdaten, die Nummer des Bestellscheins, die Referenzen des Produkts auf dem Lieferschein und die Gr\u00fcnde f\u00fcr seine Reklamation angeben. Jede Beschwerde, die nach Ablauf dieser Frist eingereicht wird, kann nicht akzeptiert werden. Die R\u00fcckgabe von Produkten im Falle eines Produktfehlers, eines Defekts oder einer Nicht\u00fcbereinstimmung kann nur f\u00fcr vollst\u00e4ndige Produkte in ihrem Originalzustand (Verpackung, Zubeh\u00f6r, Anleitung &#8230;) akzeptiert werden. Um die Verwaltungsarbeit zu erleichtern, sollten Sie sich vor der R\u00fccksendung des Produkts eine Bearbeitungsnummer geben lassen.<\/p>\n<p>Um diese Fallnummer zu erhalten, muss der Klient eine E-Mail an: contact@code-autoradio.com schicken.<\/p>\n<h3>Regel Nr. 10: Kontaktdaten des Kunden- &amp; technischen Dienstes<\/h3>\n<p>F\u00fcr alle Informationen oder Fragen im Zusammenhang mit Ihrer Bestellung steht Ihnen unser Kundenservice zur Verf\u00fcgung:<\/p>\n<p>E-Mail: contact@code-autoradio.com<\/p>\n<h3>Regel Nr. 11: Produktgarantien<\/h3>\n<p>Herstellergarantie f\u00fcr technische Produkte :<\/p>\n<p>Die von code-autoradio.com angebotene kommerzielle Garantie ist die Herstellergarantie. Die Garantiedauer, die in den Preisen eingeschlossen ist, ist diejenige, die in den beschreibenden Informationen des Produkts auf der Website genannt wird. Sie tritt am Tag des Erhalts des Pakets in Kraft, wobei das Datum auf der Kaufrechnung ma\u00dfgeblich ist. Sie deckt die Reparatur des Ger\u00e4ts (Teile und Arbeit) \u00fcber einen Zeitraum von zwei Jahren nach Erhalt des Produkts durch den Verbraucher ab. Da es sich um eine Herstellergarantie handelt, werden die Eingriffe in der Regel in den technischen Stationen des Herstellers durchgef\u00fchrt. Die Modalit\u00e4ten f\u00fcr die Durchf\u00fchrung der Intervention werden von unserer Technischen Abteilung mitgeteilt. Der Kunde kann ihn unter den in Artikel 11 angegebenen Kontaktdaten kontaktieren.<\/p>\n<p>Die Inanspruchnahme dieser vertraglichen Garantie setzt eine normale Nutzung des Ger\u00e4ts, eine gute Pflege gem\u00e4\u00df den dem Produkt beiliegenden Anweisungen des Herstellers voraus. Die Inanspruchnahme dieser kommerziellen Garantie ist auch davon abh\u00e4ngig, dass keine nicht vom Hersteller autorisierten Dritten eingreifen. Im Falle einer Panne oder eines Konformit\u00e4tsmangels des Gutes, die von den vom Hersteller beauftragten Technikern als irreparabel eingestuft werden, und im Rahmen des M\u00f6glichen wird ein Standardaustausch gegen ein gleichwertiges Produkt angeboten. Gegebenenfalls wird eine R\u00fcckerstattung in die Wege geleitet.<\/p>\n<p>Sie decken nicht den anormalen oder nicht bestimmungsgem\u00e4\u00dfen Gebrauch der Produkte, St\u00f6rungen im Zusammenhang mit Zubeh\u00f6r, Defekte oder Folgen, die auf den nicht bestimmungsgem\u00e4\u00dfen Gebrauch, den Gebrauch, f\u00fcr den das Produkt bestimmt ist, zur\u00fcckzuf\u00fchren sind. Um zu erfahren, wie der Kundendienst bei Problemen oder Pannen mit einem Produkt vorzugehen hat, kann sich der Kunde unter den in Artikel 11 angegebenen Kontaktdaten an den Technischen Dienst wenden. In diesem Fall tr\u00e4gt er die Kosten f\u00fcr den Versand und die R\u00fccksendung. Um die Produktgarantie in Anspruch nehmen zu k\u00f6nnen, m\u00fcssen Sie unbedingt die Rechnung aufbewahren, die Sie beim Kauf des Produkts erhalten haben.<\/p>\n<p>Vor der R\u00fccksendung eines Produkts muss eine R\u00fcckgabevereinbarung eingeholt werden.<\/p>\n<p>Um diese R\u00fcckgabevereinbarung zu erhalten, muss der Kunde eine E-Mail an: contact@code-autoradio.com schicken.<\/p>\n<p>Sollte der Kunde dieses Verfahren nicht einhalten, kann code-autoradio.com die oben genannte R\u00fcckerstattung oder den Umtausch nicht vornehmen.<\/p>\n<h3>Regel Nr. 12: Geistiges Eigentum<\/h3>\n<p>Alle Elemente der Website code-autoradio.com sind urheberrechtlich sowie im Rahmen des geistigen Eigentums und f\u00fcr die ganze Welt vorbehalten. In diesem Zusammenhang und gem\u00e4\u00df den Bestimmungen des Gesetzes \u00fcber geistiges Eigentum ist nur die Nutzung f\u00fcr den privaten Gebrauch unter Vorbehalt anderer oder sogar restriktiverer Bestimmungen des Gesetzes \u00fcber geistiges Eigentum erlaubt. Jede andere Nutzung stellt eine F\u00e4lschung dar und wird im Rahmen des geistigen Eigentums bestraft, sofern keine vorherige Genehmigung von code-autoradio.com vorliegt. Jede vollst\u00e4ndige oder teilweise Vervielf\u00e4ltigung der Website ist strengstens untersagt.<\/p>\n<h3>Regel Nr. 13: Verantwortlichkeit<\/h3>\n<p>code-autoradio.com haftet nicht f\u00fcr den Verlust von Daten, Dateien. Es obliegt dem K\u00e4ufer, alle notwendigen Sicherungen vorzunehmen. Die vollst\u00e4ndige oder teilweise Unm\u00f6glichkeit, die Produkte zu verwenden, insbesondere aufgrund einer Inkompatibilit\u00e4t des Materials, kann nicht zur Haftung von code-autoradio.com und zu einer Entsch\u00e4digung oder R\u00fcckerstattung f\u00fchren.Die in den Datenbanken vorhandenen Produkte wurden nach den von den Lieferanten mitgeteilten Informationen erfasst. code-autoradio.com ist f\u00fcr den Inhalt der Werke verantwortlich und kann gegen\u00fcber dem K\u00e4ufer haftbar gemacht werden.<\/p>\n<h3>Regel Nr. 14: Namentliche Daten<\/h3>\n<p>code-autoradio.com verpflichtet sich, die Informationen, die der Kunde ihr mitteilt, nicht an Dritte weiterzugeben. Diese werden vertraulich behandelt. Sie werden von ihren internen Abteilungen nur zur Bearbeitung der Bestellung und zur Verst\u00e4rkung und Personalisierung der Kommunikation und des Kultur- und Produktangebots verwendet, die dem Kunden von code-autoradio vorbehalten sind, insbesondere durch die Newsletter von code-autoradio.com, die der Kunde abonniert hat, sowie im Rahmen der Personalisierung der Website entsprechend seinen Interessenzentren. Gem\u00e4\u00df dem Gesetz vom 6. Januar 1978 hat der Nutzer das Recht, auf die ihn betreffenden Daten zuzugreifen und sie zu berichtigen.<\/p>\n<h3>Regel Nr. 15: Anwendbares Recht<\/h3>\n<p>Der vorliegende Vertrag unterliegt dem franz\u00f6sischen Recht. Die Sprache des vorliegenden Vertrags ist die franz\u00f6sische Sprache. Im Falle eines Rechtsstreits sind ausschlie\u00dflich die franz\u00f6sischen Gerichte zust\u00e4ndig.<\/p>\n","protected":false},"excerpt":{"rendered":"<p>Regel Nr. 1: Vollst\u00e4ndigkeit Jede Bestellung eines Produkts aus dem Online-Shop setzt die vollst\u00e4ndige und vorbehaltlose Zustimmung zu diesen allgemeinen Gesch\u00e4ftsbedingungen voraus. Keine der allgemeinen oder besonderen Bedingungen, die in den vom Kunden gesendeten oder \u00fcbergebenen Dokumenten enthalten sind, k\u00f6nnen in die vorliegenden Bedingungen aufgenommen werden, wenn diese Dokumente mit diesen allgemeinen Bedingungen unvereinbar sind. [&hellip;]<\/p>\n","protected":false},"author":1,"featured_media":0,"parent":0,"menu_order":0,"comment_status":"open","ping_status":"open","template":"","meta":{"footnotes":""},"class_list":["post-39138","page","type-page","status-publish","hentry"],"_links":{"self":[{"href":"https:\/\/www.code-autoradio.com\/de\/wp-json\/wp\/v2\/pages\/39138","targetHints":{"allow":["GET"]}}],"collection":[{"href":"https:\/\/www.code-autoradio.com\/de\/wp-json\/wp\/v2\/pages"}],"about":[{"href":"https:\/\/www.code-autoradio.com\/de\/wp-json\/wp\/v2\/types\/page"}],"author":[{"embeddable":true,"href":"https:\/\/www.code-autoradio.com\/de\/wp-json\/wp\/v2\/users\/1"}],"replies":[{"embeddable":true,"href":"https:\/\/www.code-autoradio.com\/de\/wp-json\/wp\/v2\/comments?post=39138"}],"version-history":[{"count":0,"href":"https:\/\/www.code-autoradio.com\/de\/wp-json\/wp\/v2\/pages\/39138\/revisions"}],"wp:attachment":[{"href":"https:\/\/www.code-autoradio.com\/de\/wp-json\/wp\/v2\/media?parent=39138"}],"curies":[{"name":"wp","href":"https:\/\/api.w.org\/{rel}","templated":true}]}}