{"id":13164,"date":"2023-05-10T10:19:42","date_gmt":"2023-05-10T08:19:42","guid":{"rendered":"https:\/\/www.code-autoradio.com\/?post_type=product&#038;p=13164"},"modified":"2024-04-30T09:15:26","modified_gmt":"2024-04-30T07:15:26","slug":"nissan-autoradio-code","status":"publish","type":"product","link":"https:\/\/www.code-autoradio.com\/de\/produkt\/nissan-autoradio-code\/","title":{"rendered":"Nissan Autoradio-Code"},"content":{"rendered":"<div class=\"wpb-content-wrapper\"><p>[vc_row][vc_column width=&#8221;1\/2&#8243;][vc_column_text]<\/p>\n<h2>Intro &#8211; Alle Schritte, um Ihren Nissan-Radiocode kostenlos oder mit unserem Online-Service zu finden.<\/h2>\n<p style=\"text-align: center;\"><em>Wir senden Ihnen die Nissan Autoradio Codes 7\/7\/24h innerhalb von 1 bis 24 Stunden, je nach Bedarf!<\/em><\/p>\n<p>Ihr Nissan Autoradio ist gesperrt? Verlangt dieses von Ihnen einen PIN-Code? Sie wissen nicht, wie Sie den Nissan Autoradio-Code finden k\u00f6nnen?<\/p>\n<figure id=\"attachment_40550\" aria-describedby=\"caption-attachment-40550\" style=\"width: 1024px\" class=\"wp-caption alignnone\"><img decoding=\"async\" class=\"size-large wp-image-40550\" src=\"https:\/\/www.code-autoradio.com\/wp-content\/uploads\/2023\/05\/Nissan-Gerat-gesperrt-fur-15-minuten-1024x877.jpeg\" alt=\"Nissan Gera\u0308t gesperrt fu\u0308r 15 minuten\" width=\"1024\" height=\"877\" title=\"\" srcset=\"https:\/\/www.code-autoradio.com\/wp-content\/uploads\/2023\/05\/Nissan-Gerat-gesperrt-fur-15-minuten-1024x877.jpeg 1024w, https:\/\/www.code-autoradio.com\/wp-content\/uploads\/2023\/05\/Nissan-Gerat-gesperrt-fur-15-minuten-300x257.jpeg 300w, https:\/\/www.code-autoradio.com\/wp-content\/uploads\/2023\/05\/Nissan-Gerat-gesperrt-fur-15-minuten-768x658.jpeg 768w, https:\/\/www.code-autoradio.com\/wp-content\/uploads\/2023\/05\/Nissan-Gerat-gesperrt-fur-15-minuten-150x128.jpeg 150w, https:\/\/www.code-autoradio.com\/wp-content\/uploads\/2023\/05\/Nissan-Gerat-gesperrt-fur-15-minuten-600x514.jpeg 600w, https:\/\/www.code-autoradio.com\/wp-content\/uploads\/2023\/05\/Nissan-Gerat-gesperrt-fur-15-minuten.jpeg 1183w\" sizes=\"(max-width: 1024px) 100vw, 1024px\" \/><figcaption id=\"caption-attachment-40550\" class=\"wp-caption-text\">Nissan : Gera\u0308t gesperrt fu\u0308r 15 minuten<\/figcaption><\/figure>\n<p>Infolge eines Batterieausfalls? eines Sicherungsausfalls? eines Ausfalls des Armaturenbretts? Sie erhalten die Meldung: &#8220;System gesperrt Geben Sie die PIN ein&#8221;.<\/p>\n<p>Keine Sorge, viele Nissan-Autofahrer haben uns vertraut!<\/p>\n<p>Nach der kostenlosen Suche nach dem Nissan Autoradio-Code auf dem Armaturenbrett, dem Versuch, kostenlose, Spam und Viren generierende Software herunterzuladen, um Ihren Nissan Pin-Code zu knacken, der dreist\u00fcndigen Fahrt zu Ihrem Nissan-H\u00e4ndler und der dazugeh\u00f6rigen Rechnung&#8230;. Sie sind endlich an der richtigen Stelle angekommen!<\/p>\n<p>Wir bieten Ihnen die M\u00f6glichkeit, den originalen Nissan Autoradio-Code in weniger als einer Stunde mit der Option &#8220;Dringend&#8221; zu entsperren.<\/p>\n<p>Unsere L\u00f6sung zur Wiederherstellung Ihres Nissan-Codes ist zu 100 % zertifiziert. Wir arbeiten seit mehreren Jahren mit spezialisierten Nissan-Ingenieuren f\u00fcr Fahrzeugelektronik zusammen.<\/p>\n<p>Sie erhalten Ihren Nissan-Code innerhalb weniger Minuten nach Ihrer Bestellung in Ihrem Kundenbereich, per E-Mail und\/oder per SMS.<\/p>\n<p>Warum also nicht schon heute wieder ein bisschen Musik in Ihrem Auto?<\/p>\n<h2>1 &#8211; Wie finde ich die Seriennummer, Ger\u00e4tenummer und das Datum des Nissan-Autoradios?<\/h2>\n<p>Um einen Pincode von NISSAN Autoradios zu finden, ben\u00f6tigen wir die Seriennummer, die Ger\u00e4tenummer und das Datum.<\/p>\n<p>Es gibt zwei M\u00f6glichkeiten, die Seriennummern f\u00fcr einen NISSAN Autoradio-Code zu finden!<\/p>\n<h3>Methode Nr. 1 ohne Demontage.<\/h3>\n<p>Machen Sie drei falsche Codes hintereinander und alle Informationen werden auf dem LCD-Bildschirm des Armaturenbretts angezeigt.<\/p>\n<p>Sie sehen dann &#8220;Das Ger\u00e4t ist f\u00fcr 60 Minuten gesperrt&#8221;, dann die Seriennummer, dann die Ger\u00e4tenummer und das Datum. Sie m\u00fcssen 60 Minuten warten, w\u00e4hrend die Z\u00fcndung des Autos eingeschaltet ist, bevor Sie den Code eingeben k\u00f6nnen, den wir Ihnen geschickt haben.<\/p>\n<h3>Methode 2: Entfernen Sie das Autoradio.<\/h3>\n<p>Sie m\u00fcssen das Autoradio aus dem Armaturenbrett herausnehmen, um an das Etikett auf der R\u00fcckseite des Radios zu gelangen. Auf dem Etikett finden Sie dann die Serien- und Ger\u00e4tenummer sowie das Datum.<\/p>\n<h2>2 &#8211; Wie gebe ich den Nissan Autoradio-Code ein?<\/h2>\n<p>Wenn wir Ihnen per E-Mail oder SMS mitteilen, dass Ihr Code gefunden wurde, geben Sie ihn direkt auf dem Touchscreen ein und best\u00e4tigen Sie ihn mit ok.<\/p>\n<ol>\n<li>Schalten Sie die Z\u00fcndung ein.<\/li>\n<li>Die Anzeige sollte Code :<\/li>\n<li>Tippen Sie auf die Ziffern Ihres Codes.<\/li>\n<li>Halten Sie die ok-Taste gedr\u00fcckt, um das Radio zu aktivieren.<\/li>\n<\/ol>\n<p>[\/vc_column_text][\/vc_column][vc_column width=&#8221;1\/2&#8243;][vc_column_text]<\/p>\n<h2>Wir entsperren Nissan LCN &#8211; Connect, QASHQAI Connect und alle anderen Modelle von Nissan Autoradio Codes<\/h2>\n<figure id=\"attachment_5758\" aria-describedby=\"caption-attachment-5758\" style=\"width: 443px\" class=\"wp-caption alignnone\"><img decoding=\"async\" class=\"wp-image-5758 size-full\" title=\"Message erreur autoradio nissan bloqu\u00e9\" src=\"https:\/\/www.code-autoradio.com\/wp-content\/uploads\/2019\/01\/code-autoradio-Nissan-LCN-Connect-.png\" alt=\"Message erreur autoradio nissan bloqu\u00e9\" width=\"443\" height=\"244\" \/><figcaption id=\"caption-attachment-5758\" class=\"wp-caption-text\">Fehlermeldung Autoradio nissan blockiert<\/figcaption><\/figure>\n<p><img decoding=\"async\" class=\"size-large wp-image-5759 alignnone\" src=\"https:\/\/www.code-autoradio.com\/wp-content\/uploads\/2019\/01\/etiquette-radio-Nissan-LCN-Connect-.png\" alt=\"\" width=\"292\" height=\"394\" title=\"\"> <img decoding=\"async\" class=\"size-large wp-image-5760 alignnone\" src=\"https:\/\/www.code-autoradio.com\/wp-content\/uploads\/2019\/01\/poste-radio-code-Nissan-LCN-Connect-.png\" alt=\"\" width=\"275\" height=\"379\" title=\"\"><img decoding=\"async\" class=\"alignnone size-full wp-image-7596\" src=\"https:\/\/www.code-autoradio.com\/wp-content\/uploads\/2019\/01\/debloquer-radio-nissan-daewoo.png\" alt=\"\" width=\"464\" height=\"349\" title=\"\"><\/p>\n<p>Achtung, wenn Sie 20 falsche Codes in Ihr Nissan-Autoradio eingeben, erhalten Sie folgende Meldung:<br \/>\nZu viele Eingabefehler. Das System ist blockiert. Wenden Sie sich an Ihren <a href=\"https:\/\/www.nissan.de\/\" target=\"_blank\" rel=\"noopener\">Nissan<\/a>-H\u00e4ndler<\/p>\n<p>For <a href=\"https:\/\/www.code-autoradio.com\/de\/produkt\/renault-authentifizier-schl\/\">Renault<\/a> or <a href=\"https:\/\/www.code-autoradio.com\/de\/produkt\/volkswagen\/\">VW<\/a><\/p>\n<p><img decoding=\"async\" class=\"aligncenter size-large wp-image-30084\" src=\"https:\/\/www.code-autoradio.com\/wp-content\/uploads\/2019\/01\/trop-derreurs-de-saisie.-Le-syste\u0300me-est-bloque\u0301.-Contactez-votre-concessionnaire-Nissan-1024x576.jpg\" alt=\"\" width=\"1024\" height=\"576\" title=\"\">[\/vc_column_text][\/vc_column][\/vc_row][vc_row][vc_column]<div class=\"title-wrapper  wpb_custom_22f52a2069d96dfeedfa2bc1f550e441 vc_custom_1663353568814 title-center link-left\" ><h2 class=\"title\">Beliebteste Nissan-Autos und Autoradios<\/h2><\/div>[vc_row_inner][vc_column_inner width=&#8221;1\/6&#8243;][vc_column_text]<\/p>\n<p style=\"text-align: center;\"><strong>Qashqai<\/strong><\/p>\n<p>[\/vc_column_text][\/vc_column_inner][vc_column_inner width=&#8221;1\/6&#8243;][vc_column_text]<\/p>\n<p style=\"text-align: center;\"><strong>X-trail<\/strong><\/p>\n<p>[\/vc_column_text][\/vc_column_inner][vc_column_inner width=&#8221;1\/6&#8243;][vc_column_text]<\/p>\n<p style=\"text-align: center;\"><strong>Primastar<\/strong><\/p>\n<p>[\/vc_column_text][\/vc_column_inner][vc_column_inner width=&#8221;1\/6&#8243;][vc_column_text]<\/p>\n<p style=\"text-align: center;\"><strong>Navara<\/strong><\/p>\n<p>[\/vc_column_text][\/vc_column_inner][vc_column_inner width=&#8221;1\/6&#8243;][vc_column_text]<\/p>\n<p style=\"text-align: center;\"><strong>Micra<\/strong><\/p>\n<p>[\/vc_column_text][\/vc_column_inner][vc_column_inner width=&#8221;1\/6&#8243;][vc_column_text]<\/p>\n<p style=\"text-align: center;\"><strong>Leaf<\/strong><\/p>\n<p>[\/vc_column_text][\/vc_column_inner][\/vc_row_inner][vc_row_inner][vc_column_inner width=&#8221;1\/6&#8243;][vc_column_text]<\/p>\n<p style=\"text-align: center;\"><strong>Juke<\/strong><\/p>\n<p>[\/vc_column_text][\/vc_column_inner][vc_column_inner width=&#8221;1\/6&#8243;][vc_column_text]<\/p>\n<p style=\"text-align: center;\"><strong>Evalia<\/strong><\/p>\n<p>[\/vc_column_text][\/vc_column_inner][vc_column_inner width=&#8221;1\/6&#8243;][vc_column_text]<\/p>\n<p style=\"text-align: center;\"><strong>Intersar<\/strong><\/p>\n<p>[\/vc_column_text][\/vc_column_inner][vc_column_inner width=&#8221;1\/6&#8243;][vc_column_text]<\/p>\n<p style=\"text-align: center;\"><strong>Gt-r<\/strong><\/p>\n<p>[\/vc_column_text][\/vc_column_inner][vc_column_inner width=&#8221;1\/6&#8243;][vc_column_text]<\/p>\n<p style=\"text-align: center;\"><strong>Almera<\/strong><\/p>\n<p>[\/vc_column_text][\/vc_column_inner][vc_column_inner width=&#8221;1\/6&#8243;][vc_column_text]<\/p>\n<p style=\"text-align: center;\"><strong>Primera<\/strong><\/p>\n<p>[\/vc_column_text][\/vc_column_inner][\/vc_row_inner][\/vc_column][\/vc_row]<\/p>\n<\/div>","protected":false},"excerpt":{"rendered":"<h2>Wie finde ich den Nissan-Radiocode?<\/h2>\n","protected":false},"featured_media":4448,"template":"","meta":[],"product_brand":[],"product_cat":[143,303],"product_tag":[],"class_list":{"0":"post-13164","1":"product","2":"type-product","3":"status-publish","4":"has-post-thumbnail","6":"product_cat-automobilhersteller","7":"product_cat-nissan-de","9":"first","10":"instock","11":"virtual","12":"sold-individually","13":"taxable","14":"purchasable","15":"product-type-simple"},"_links":{"self":[{"href":"https:\/\/www.code-autoradio.com\/de\/wp-json\/wp\/v2\/product\/13164","targetHints":{"allow":["GET"]}}],"collection":[{"href":"https:\/\/www.code-autoradio.com\/de\/wp-json\/wp\/v2\/product"}],"about":[{"href":"https:\/\/www.code-autoradio.com\/de\/wp-json\/wp\/v2\/types\/product"}],"wp:featuredmedia":[{"embeddable":true,"href":"https:\/\/www.code-autoradio.com\/de\/wp-json\/wp\/v2\/media\/4448"}],"wp:attachment":[{"href":"https:\/\/www.code-autoradio.com\/de\/wp-json\/wp\/v2\/media?parent=13164"}],"wp:term":[{"taxonomy":"product_brand","embeddable":true,"href":"https:\/\/www.code-autoradio.com\/de\/wp-json\/wp\/v2\/product_brand?post=13164"},{"taxonomy":"product_cat","embeddable":true,"href":"https:\/\/www.code-autoradio.com\/de\/wp-json\/wp\/v2\/product_cat?post=13164"},{"taxonomy":"product_tag","embeddable":true,"href":"https:\/\/www.code-autoradio.com\/de\/wp-json\/wp\/v2\/product_tag?post=13164"}],"curies":[{"name":"wp","href":"https:\/\/api.w.org\/{rel}","templated":true}]}}