{"id":13167,"date":"2023-05-10T10:23:43","date_gmt":"2023-05-10T08:23:43","guid":{"rendered":"https:\/\/www.code-autoradio.com\/?post_type=product&#038;p=13167"},"modified":"2024-04-30T09:19:49","modified_gmt":"2024-04-30T07:19:49","slug":"audi-autoradio-code","status":"publish","type":"product","link":"https:\/\/www.code-autoradio.com\/de\/produkt\/audi-autoradio-code\/","title":{"rendered":"Audi Autoradio-Code Pin"},"content":{"rendered":"<div class=\"wpb-content-wrapper\"><p>[vc_row][vc_column width=&#8221;1\/2&#8243;][vc_column_text]<\/p>\n<h2>Intro &#8211; Wie kann ich meinen Audi Radiocode kostenlos oder \u00fcber unseren Online-Service finden?<\/h2>\n<p style=\"text-align: center;\"><em>Wir finden den Audi Radio Code 7\/7\/24h innerhalb von 1 bis 24 Stunden, je nach Ihren Bed\u00fcrfnissen!<\/em><\/p>\n<p>Ihr AUDI-Radio ist gesperrt? Es fordert Sie auf, die PIN einzugeben und Sie wissen nicht, wie Sie den Audi Autoradio Code finden k\u00f6nnen?<\/p>\n<figure id=\"attachment_42532\" aria-describedby=\"caption-attachment-42532\" style=\"width: 665px\" class=\"wp-caption alignnone\"><img decoding=\"async\" class=\"size-full wp-image-42532\" src=\"https:\/\/www.code-autoradio.com\/wp-content\/uploads\/2023\/05\/audi-navigation-plus-pin-eingabe-system-ist-gesperrt-verbleibende-sperzeit.jpeg\" alt=\"audi navigation plus pin eingabe system ist gesperrt verbleibende sperzeit\" width=\"665\" height=\"433\" title=\"\" srcset=\"https:\/\/www.code-autoradio.com\/wp-content\/uploads\/2023\/05\/audi-navigation-plus-pin-eingabe-system-ist-gesperrt-verbleibende-sperzeit.jpeg 665w, https:\/\/www.code-autoradio.com\/wp-content\/uploads\/2023\/05\/audi-navigation-plus-pin-eingabe-system-ist-gesperrt-verbleibende-sperzeit-300x195.jpeg 300w, https:\/\/www.code-autoradio.com\/wp-content\/uploads\/2023\/05\/audi-navigation-plus-pin-eingabe-system-ist-gesperrt-verbleibende-sperzeit-150x98.jpeg 150w, https:\/\/www.code-autoradio.com\/wp-content\/uploads\/2023\/05\/audi-navigation-plus-pin-eingabe-system-ist-gesperrt-verbleibende-sperzeit-600x391.jpeg 600w\" sizes=\"(max-width: 665px) 100vw, 665px\" \/><figcaption id=\"caption-attachment-42532\" class=\"wp-caption-text\">audi navigation plus pin eingabe system ist gesperrt verbleibende sperzeit<\/figcaption><\/figure>\n<p>Nach einem Batterieausfall? Nach einem Wechsel des Autoradios? Nach einem allgemeinen Stromausfall? Nach einem Kauf auf Ebay?<\/p>\n<p>Unsere L\u00f6sung, um Ihren Audi-Code zu finden, ist 100% zertifiziert. Wir arbeiten mit Autoingenieuren zusammen, die seit \u00fcber 10 Jahren bei Audi arbeiten.<\/p>\n<p>Sie erhalten Ihren Audi Code nach Ihrer Bestellung und einigen Minuten Wartezeit in Ihrem Kundenbereich, per E-Mail und\/oder per Telefon.<\/p>\n<p>Wie w\u00e4re es also, wenn Sie auf dem Weg von der Arbeit nach Hause noch einmal Ihr Lieblingslied summen w\u00fcrden?<\/p>\n<h2>1 &#8211; Wie finde ich die Original-Seriennummer eines Audi Autoradios?<\/h2>\n<p>Es gibt 2 L\u00f6sungen, um die Seriennummer eines Audi Radios zu finden:<\/p>\n<p>Die Seriennummer wird auf dem Display des Radios angezeigt.<\/p>\n<p>Die Seriennummer befindet sich auf der R\u00fcckseite des Radios auf einem Aufkleber oder ist direkt in die Seite eingraviert. Dazu m\u00fcssen Sie das Radio aus dem Armaturenbrett nehmen und uns diese notwendige Information geben, die es uns erm\u00f6glicht, Ihren Sicherheitscode zu finden.<\/p>\n<p>Sie ben\u00f6tigen lediglich den folgenden Schl\u00fcsselsatz, um das Ger\u00e4t auszubauen. =&gt; Audi Extraktionsschl\u00fcssel<\/p>\n<p>Sobald Sie Ihre Extraktionsschl\u00fcssel haben, dr\u00fccken Sie sie in die vier L\u00f6cher an jeder Ecke des Funkger\u00e4ts. F\u00fchren Sie einen leichten Druck aus und das Radio wird sich vom Armaturenbrett Ihres Audi l\u00f6sen. Das Etikett wird auf der R\u00fcckseite des Radios angebracht.<\/p>\n<p>Die Seriennummer des Audi-Radios beginnt immer mit AUZ und besteht aus 14 Zahlen und Buchstaben. Zum Beispiel AUZ2Z3B1311122, sie k\u00f6nnen auch beginnen mit : AUZ1Z1, AUZ1Z2, AUZ1Z3, AUZ1Z4, AUZ2Z1, AUZ2Z2, AUZ2Z3, AUZBZ7, AUZAZ1, AUZ5Z4&#8230; gefolgt von einem Buchstaben und dann 7 Ziffern.<\/p>\n<p>RNS-E,AISIN,BNS 5.0,CONCERT,CHORUS,BETA,DELTA,GAMMA SYMPHONY,NAVIGATION PLUS,WIESBADEN.<\/p>\n<h2>2 &#8211; Wie gebe ich den Audi Autoradio-Code ein?<\/h2>\n<p>Nachdem Sie die Seriennummer eingegeben haben und dann zur Zahlung \u00fcbergehen. Sie erhalten Ihren Pincode in Ihrem Kundenbereich, per E-Mail und\/oder SMS (alles h\u00e4ngt von den gew\u00e4hlten Optionen ab) und k\u00f6nnen Ihr Radio endlich entsperren.<\/p>\n<h3>Audi Autoradio-Code eingeben und eintippen.<\/h3>\n<h3>F\u00fcr das Modell Audi Symphony<\/h3>\n<p>Schalten Sie Ihr Radio ein, der Modus &#8220;SAFE&#8221; wird angezeigt.<br \/>\nHalten Sie die Tasten P.SCAN und RBDS mehrmals gedr\u00fcckt, bis &#8220;1000&#8221; aufleuchtet. Lassen Sie die Tasten los.<br \/>\nDr\u00fccken Sie die Taste 1, bis die erste Ziffer des Codes angezeigt wird.<br \/>\nDr\u00fccken Sie Taste 2, bis die zweite Ziffer des Codes angezeigt wird.<br \/>\nDr\u00fccken Sie die Taste 3, bis die dritte Ziffer des Codes angezeigt wird.<br \/>\nDr\u00fccken Sie die Taste 4, bis die vierte Ziffer des Codes angezeigt wird.<br \/>\nDr\u00fccken Sie gleichzeitig die Tasten P.SCAN und RBDS und halten Sie sie gedr\u00fcckt, bis SAFE angezeigt wird.<\/p>\n<h3>F\u00fcr das Modell Audi Concert<\/h3>\n<p>Sobald Ihr Bluetooth-Radio eingeschaltet ist und im &#8220;SAFE&#8221;-Modus erscheint.<br \/>\nHalten Sie die Tasten FM 2 und RDS mehrmals gedr\u00fcckt, bis &#8220;1000&#8221; aufleuchtet. Lassen Sie die Tasten los.<br \/>\nWenn Sie den Code auf dem Display korrekt eingegeben haben, dr\u00fccken Sie die Tasten FM 2 und RDS wiederholt und halten Sie sie gedr\u00fcckt, bis &#8220;SAFE&#8221; angezeigt wird.<\/p>\n<h3>F\u00fcr Audi Sound Choice-Modell<\/h3>\n<p>Sobald Ihr Radio eingeschaltet ist, sollte &#8220;CODE&#8221; auf dem Display erscheinen.<br \/>\nWenn Sie die Taste f\u00fcr die Senderauswahl dr\u00fccken, wird &#8220;Code&#8221; durch &#8220;0000&#8221; ersetzt.<br \/>\nDr\u00fccken Sie die Taste 1, bis die erste Ziffer des Codes angezeigt wird.<br \/>\nDr\u00fccken Sie die Taste 2, bis die zweite Ziffer des Codes angezeigt wird.<br \/>\nDr\u00fccken Sie die Taste 3, bis die dritte Ziffer des Codes angezeigt wird.<br \/>\nDr\u00fccken Sie die Taste 4, bis die vierte Ziffer des Codes angezeigt wird.<br \/>\nAchten Sie darauf, dass Sie den Audi-Code innerhalb von einer Minute eingeben, sonst wird der Vorgang abgebrochen.<br \/>\nDr\u00fccken Sie die f\u00fcnfte Taste.<\/p>\n<h3>F\u00fcr das Modell Audi Delta CC<\/h3>\n<p>Sobald Ihr Radio mit dem Modus &#8220;SAFE&#8221; eingeschaltet ist.<br \/>\nDr\u00fccken Sie die Tasten FM (1\/2) und DX und halten Sie sie gedr\u00fcckt, bis &#8220;1000&#8221; aufleuchtet. Lassen Sie die Tasten los.<br \/>\nDr\u00fccken Sie die Taste 1, bis die erste Ziffer des Codes angezeigt wird.<br \/>\nDr\u00fccken Sie Taste 2, bis die zweite Ziffer des Codes angezeigt wird.<br \/>\nDr\u00fccken Sie die Taste 3, bis die dritte Ziffer des Codes angezeigt wird.<br \/>\nDr\u00fccken Sie die Taste 4, bis die vierte Ziffer des Codes angezeigt wird.<br \/>\nWenn Sie den Code auf dem Display des Radios korrekt eingegeben haben, dr\u00fccken Sie wiederholt die Tasten FM 2 und RDS und halten Sie sie gedr\u00fcckt, bis SAFE angezeigt wird.[\/vc_column_text][\/vc_column][vc_column width=&#8221;1\/2&#8243;][vc_column_text]<\/p>\n<figure id=\"attachment_3820\" aria-describedby=\"caption-attachment-3820\" style=\"width: 500px\" class=\"wp-caption alignnone\"><img decoding=\"async\" class=\"wp-image-3820 size-full\" src=\"https:\/\/www.code-autoradio.com\/wp-content\/uploads\/2018\/04\/commente-retirer-autoradio-audi-auz.jpg\" alt=\"\" width=\"500\" height=\"338\" title=\"\"><figcaption id=\"caption-attachment-3820\" class=\"wp-caption-text\">Wie entferne ich das Audi AUZ Autoradio?<\/figcaption><\/figure>\n<figure id=\"attachment_3821\" aria-describedby=\"caption-attachment-3821\" style=\"width: 500px\" class=\"wp-caption alignnone\"><img decoding=\"async\" class=\"size-full wp-image-3821\" src=\"https:\/\/www.code-autoradio.com\/wp-content\/uploads\/2018\/04\/entrer-le-code-autoradio-audi.jpg\" alt=\"\" width=\"500\" height=\"338\" title=\"\"><figcaption id=\"caption-attachment-3821\" class=\"wp-caption-text\">Geben Sie Ihren Audi PIN-Code ein<\/figcaption><\/figure>\n<figure id=\"attachment_3819\" aria-describedby=\"caption-attachment-3819\" style=\"width: 500px\" class=\"wp-caption alignnone\"><img decoding=\"async\" class=\"wp-image-3819 size-full\" src=\"https:\/\/www.code-autoradio.com\/wp-content\/uploads\/2018\/04\/audi-autoradio-numero-AUZ.jpg\" alt=\"\" width=\"500\" height=\"338\" title=\"\"><figcaption id=\"caption-attachment-3819\" class=\"wp-caption-text\">Serial Audi autoradio beginnend mit AUZ1 AUZ2<\/figcaption><\/figure>\n<h2>Zusammenfassung &#8211; Wie funktioniert die Entschl\u00fcsselung?<\/h2>\n<p>Wir finden alle <a href=\"https:\/\/www.audi.de\/de\/brand\/de.html\" target=\"_blank\" rel=\"noopener\">Audi<\/a> Pin-Codes \u00fcber die Seriennummer des Ger\u00e4ts. Sie beginnt immer mit AUZ und befindet sich auf dem Etikett auf der R\u00fcckseite des Autoradios oder auf dem LCD-Bildschirm. Die Autoradio-Codes audi navigation plus, audi concert, audi Symphonie, Chorus und RNS-E sind die meistgesuchten.<\/p>\n<p>Wir liefern dank unserer Techniker originale Werksautoradio-Codes anhand der Seriennummern f\u00fcr verschiedene Automodelle der Marke AUDI. Autoradiomarken f\u00fcr Audi sind in der Regel GRUNDIG, <a href=\"https:\/\/www.code-autoradio.com\/de\/produkt\/renault-authentifizier-schl\/\">RENAULT<\/a>, <a href=\"https:\/\/www.code-autoradio.com\/de\/produkt\/nissan-autoradio-code\/\">NISSAN<\/a>, <a href=\"https:\/\/www.code-autoradio.com\/de\/produkt\/volkswagen\/\">VW<\/a>, Blaupunkt, PHILIPS und Pioneer .<\/p>\n<h2>Fragen \/ Antworten<\/h2>\n<h3>Wie kann ich mein Autoradio bei einem audi a3 entsperren?<\/h3>\n<p>Das Prinzip ist das gleiche wie bei anderen Audi-Modellen, Sie m\u00fcssen Ihren Pincode wiederfinden.<\/p>\n<h3>Wie gebe ich den Autoradio-Code audi a3 ein?<\/h3>\n<p>Sie m\u00fcssen die Tasten des Autoradios oder den Touchscreen verwenden.<\/p>\n<h3>Wie best\u00e4tige ich den Autoradio-Code?<\/h3>\n<p>Ein langes Dr\u00fccken oder die Best\u00e4tigung mit der Taste ok.<\/p>\n<h3>Wie kann ich den Audi a4 Autoradio-Code wiederherstellen?<\/h3>\n<p>F\u00fcr einen autoradio audi a4 code m\u00fcssen Sie eine Bestellung mit Ihrer AUZ&#8230;<\/p>\n<h3>Wo finde ich den Audi Autoradio Code?<\/h3>\n<p>Den Audi Autoradio-Code finden Sie auf code-autoradio.com oder in Ihrem Serviceheft.[\/vc_column_text][\/vc_column][\/vc_row][vc_row][vc_column]<div class=\"title-wrapper  wpb_custom_22f52a2069d96dfeedfa2bc1f550e441 vc_custom_1663355063194 title-center link-left\" ><h2 class=\"title\">Beliebteste Audi Autos und Autoradios<\/h2><\/div>[vc_row_inner][vc_column_inner width=&#8221;1\/6&#8243;][vc_column_text]<\/p>\n<p style=\"text-align: center;\"><strong>TT<\/strong><\/p>\n<p>[\/vc_column_text][\/vc_column_inner][vc_column_inner width=&#8221;1\/6&#8243;][vc_column_text]<\/p>\n<p style=\"text-align: center;\"><strong>A4<\/strong><\/p>\n<p>[\/vc_column_text][\/vc_column_inner][vc_column_inner width=&#8221;1\/6&#8243;][vc_column_text]<\/p>\n<p style=\"text-align: center;\"><strong>A3<\/strong><\/p>\n<p>[\/vc_column_text][\/vc_column_inner][vc_column_inner width=&#8221;1\/6&#8243;][vc_column_text]<\/p>\n<p style=\"text-align: center;\"><strong>A5<\/strong><\/p>\n<p>[\/vc_column_text][\/vc_column_inner][vc_column_inner width=&#8221;1\/6&#8243;][vc_column_text]<\/p>\n<p style=\"text-align: center;\"><strong>A6<\/strong><\/p>\n<p>[\/vc_column_text][\/vc_column_inner][vc_column_inner width=&#8221;1\/6&#8243;][vc_column_text]<\/p>\n<p style=\"text-align: center;\"><strong>A7<\/strong><\/p>\n<p>[\/vc_column_text][\/vc_column_inner][\/vc_row_inner][vc_row_inner][vc_column_inner width=&#8221;1\/6&#8243;][vc_column_text]<\/p>\n<p style=\"text-align: center;\"><strong>Chorus<\/strong><\/p>\n<p>[\/vc_column_text][\/vc_column_inner][vc_column_inner width=&#8221;1\/6&#8243;][vc_column_text]<\/p>\n<p style=\"text-align: center;\"><strong>Q3<\/strong><\/p>\n<p>[\/vc_column_text][\/vc_column_inner][vc_column_inner width=&#8221;1\/6&#8243;][vc_column_text]<\/p>\n<p style=\"text-align: center;\"><strong>Q5<\/strong><\/p>\n<p>[\/vc_column_text][\/vc_column_inner][vc_column_inner width=&#8221;1\/6&#8243;][vc_column_text]<\/p>\n<p style=\"text-align: center;\"><strong>Q7<\/strong><\/p>\n<p>[\/vc_column_text][\/vc_column_inner][vc_column_inner width=&#8221;1\/6&#8243;][vc_column_text]<\/p>\n<p style=\"text-align: center;\"><strong>Concert<\/strong><\/p>\n<p>[\/vc_column_text][\/vc_column_inner][vc_column_inner width=&#8221;1\/6&#8243;][vc_column_text]<\/p>\n<p style=\"text-align: center;\"><strong>Symphony<\/strong><\/p>\n<p>[\/vc_column_text][\/vc_column_inner][\/vc_row_inner][\/vc_column][\/vc_row][vc_row][vc_column width=&#8221;1\/2&#8243; el_id=&#8221;kostenlos&#8221;][vc_column_text]<\/p>\n<h2 style=\"text-align: center;\">Kostenlos Audi Autoradio-Code<\/h2>\n<h3 style=\"text-align: center;\">Wie finde ich Audi Autoradio Code Kostenlos?<\/h3>\n<p style=\"text-align: center;\">Suchen Sie kostenlos nach Ihrem Audi Autoradio-Code, indem Sie die Seriennummer des Autoradios in unserer Datenbank unten finden.<\/p>\n<div id=\"mciapp-exclusion-container\">\n<h3>Kostenlose Liste der Audi Autoradio Codes<\/h3>\n\n<p><a href=\"https:\/\/www.code-autoradio.com\/wp-content\/uploads\/2022\/05\/free-Audi-Radio-Code-database-Find-your-code-online.pdf\">Audi Autoradio-Code-Datenbank herunterladen!<\/a><\/p>\n<\/div>\n<p>[\/vc_column_text][\/vc_column][vc_column width=&#8221;1\/2&#8243;][vc_column_text]<\/p>\n<h3>Wo kann ich nach einem kostenlosen Audi-Autoradio-Code suchen?<\/h3>\n<p>Wenn Sie Ihre Seriennummer z.B. AUZ4Z2F1234567 und den Entsperrungscode nicht in unserer kostenlosen Audi Radio-Code-Liste finden, k\u00f6nnen Sie auch im Handschuhfach Ihres Bordbuchs nachsehen. Es ist wahrscheinlich, dass der Autoradio-Code auf einer der Seiten des Heftes steht.<\/p>\n<p>Wir bieten auch einen 7&#215;24-Stunden-Service an, bei dem Sie Ihren Audi Autoradio-Code per SMS erhalten, indem Sie uns einfach die Seriennummer des Radios mitteilen, die auf dem Etikett auf der R\u00fcckseite des Radios steht. Wenn Sie nach Ihrem A3 Radiocode suchen, funktioniert dies ebenso wie f\u00fcr A1, A4, A5, Q3, Q5, Q7<\/p>\n<h3>Wie kann ich die Seriennummer abrufen, um Audi Autoradio Code kostenlos zu finden?<\/h3>\n<p>Die Seriennummer eines Audi-Autoradios befindet sich auf einem Etikett, das auf der R\u00fcckseite des Radios aufgeklebt oder in eine Seite des Radios eingraviert ist. Dazu m\u00fcssen Sie das Radio mit einer speziellen Zange und einem Torx-Schraubendreher vom Armaturenbrett entfernen.[\/vc_column_text][\/vc_column][\/vc_row]<\/p>\n<\/div>","protected":false},"excerpt":{"rendered":"<h2>Wie finde ich den Audi Radiocode?<\/h2>\n","protected":false},"featured_media":49,"template":"","meta":[],"product_brand":[],"product_cat":[302,143],"product_tag":[],"class_list":{"0":"post-13167","1":"product","2":"type-product","3":"status-publish","4":"has-post-thumbnail","6":"product_cat-audi-de","7":"product_cat-automobilhersteller","9":"first","10":"instock","11":"featured","12":"virtual","13":"sold-individually","14":"taxable","15":"purchasable","16":"product-type-simple"},"_links":{"self":[{"href":"https:\/\/www.code-autoradio.com\/de\/wp-json\/wp\/v2\/product\/13167","targetHints":{"allow":["GET"]}}],"collection":[{"href":"https:\/\/www.code-autoradio.com\/de\/wp-json\/wp\/v2\/product"}],"about":[{"href":"https:\/\/www.code-autoradio.com\/de\/wp-json\/wp\/v2\/types\/product"}],"wp:featuredmedia":[{"embeddable":true,"href":"https:\/\/www.code-autoradio.com\/de\/wp-json\/wp\/v2\/media\/49"}],"wp:attachment":[{"href":"https:\/\/www.code-autoradio.com\/de\/wp-json\/wp\/v2\/media?parent=13167"}],"wp:term":[{"taxonomy":"product_brand","embeddable":true,"href":"https:\/\/www.code-autoradio.com\/de\/wp-json\/wp\/v2\/product_brand?post=13167"},{"taxonomy":"product_cat","embeddable":true,"href":"https:\/\/www.code-autoradio.com\/de\/wp-json\/wp\/v2\/product_cat?post=13167"},{"taxonomy":"product_tag","embeddable":true,"href":"https:\/\/www.code-autoradio.com\/de\/wp-json\/wp\/v2\/product_tag?post=13167"}],"curies":[{"name":"wp","href":"https:\/\/api.w.org\/{rel}","templated":true}]}}