{"id":28023,"date":"2022-05-10T10:30:32","date_gmt":"2022-05-10T08:30:32","guid":{"rendered":"https:\/\/www.code-autoradio.com\/?post_type=product&#038;p=28023"},"modified":"2023-05-16T16:41:19","modified_gmt":"2023-05-16T14:41:19","slug":"seat-autoradio-code","status":"publish","type":"product","link":"https:\/\/www.code-autoradio.com\/de\/produkt\/seat-autoradio-code\/","title":{"rendered":"SEAT Autoradio-Code"},"content":{"rendered":"<div class=\"wpb-content-wrapper\"><p>[vc_row][vc_column width=&#8221;1\/2&#8243;][vc_column_text]<\/p>\n<h2>Intro \u2013 So finden Sie Ihren Seat Autoradio-Code kostenlos oder mit Code-Autoradio.com<\/h2>\n<p><em><strong>NEU!<\/strong> Wir liefern <strong>sofort<\/strong> rund um die Uhr Ihren Seat Radiocode anhand Ihrer Autoradio-Seriennummer!<\/em><\/p>\n<p>Zeigt das Autoradio Ihres Seat \u201eCode: _ _ _ _\u201c an? oder eine X&#8212; -X&#8211; &#8211;X- &#8212;X Fehlermeldung? Steht auf dem LCD-Bildschirm SAFE? Sie werden nach einem Sicherheitscode gefragt, aber Sie kennen ihn nicht? Also <strong>wie finde ich den Code eines Seat-Autoradios<\/strong>?<\/p>\n<p>Nach einem <strong>Batterieausfall<\/strong>, einem Elektronikausfall, einem Radiowechsel oder einem anderen Ausfall haben Sie keine Musik mehr?<\/p>\n<p>Sie befinden sich in der gleichen Situation wie viele <strong>Seat<\/strong>-Fahrer, die uns bereits vertraut haben, um ihren Seat-Autoradio-Code zu finden!<\/p>\n<p>Sie haben Zeit damit verschwendet, im Internet nach Ihrem <strong>kostenlosen Seat-Autoradio-Code<\/strong> zu suchen, indem Sie versuchten, Raubkopien herunterzuladen oder auf russischen Websites zu suchen \u2026 Kurz gesagt, wenn Sie Ihren Seat-Autoradio-Code in die H\u00e4nde bekommen m\u00f6chten kostenlos, die einzige L\u00f6sung ist, Ihr Fahrtenbuch oder Wartungsbuch zu \u00f6ffnen, wenn es vom Vorbesitzer des Fahrzeugs vermerkt wurde.<\/p>\n<p>Andernfalls m\u00fcssen Sie zu einem SEAT-H\u00e4ndler gehen und Ihr Auto einen halben Tag stehen lassen. Alternativ bieten wir Ihnen unseren stressfreien Online-Service <strong>Original Seat Autoradiocode<\/strong> an.<\/p>\n<p>Wir bescheinigen Ihnen zu 100% die G\u00fcltigkeit des gesendeten Codes, wir arbeiten seit Jahren mit Kfz-Technikern von Seat zusammen.<\/p>\n<p>Den Code f\u00fcr Ihr Seat Autoradio erhalten Sie nach Ihrer Bestellung. Diese finden Sie in Ihrem Kundenbereich, Sie erhalten auch eine E-Mail und\/oder eine SMS.<\/p>\n<p><em>Entdecken Sie die Freude am Fahren neu und unterhalten Sie sich im Auto mit Ihrem Lieblingsradio!<\/em><\/p>\n<h2>1 \u2013 Wie finde ich die Seriennummer eines Seat-Autoradios?<\/h2>\n<p>Die Seriennummern der SEAT Autoradios beginnen immer mit SEZ1Z1, SEZ1Z2, SEZ1Z4, SEZ1Z5, SEZ1Z6, SEZ1Z7, SEZ2Z, SEZAZ, SE3841, SE3842&#8230; usw.<\/p>\n<h3>Wie finde ich die Seriennummer eines SEAT-Radios?<\/h3>\n<p>Sie haben zwei M\u00f6glichkeiten, entweder wird die Seriennummer direkt auf dem LCD-Bildschirm angezeigt oder Sie m\u00fcssen das Radio vom Armaturenbrett des Fahrzeugs entfernen, um die Aufkleber zu \u00fcberpr\u00fcfen und uns die erforderlichen Informationen zu geben, um <strong>den Code Ihres SEAT-Autoradios zu finden&lt;\/strong &gt;.<\/strong><\/p>\n<h3>Wie baue ich das Seat-Autoradio auseinander?<\/h3>\n<p>Hier sind die Werkzeuge, die zum Entfernen des Autoradios ben\u00f6tigt werden:<a href=\"https:\/\/amzn.to\/2KCeYgs\" target=\"_blank\" rel=\"noopener\">SEAT-Extraktionsschl\u00fcssel<\/a><\/p>\n<p>Sie k\u00f6nnen auch hausgemachte Tools verwenden, um zus\u00e4tzliche Kosten zu vermeiden.<\/p>\n<p>Je nach Seat-Autoradio-Modell m\u00fcssen Sie die Verkleidung drumherum entfernen und dann die 4 Torx-Schrauben herausdrehen.<\/p>\n<h2>Wie gebe ich den Seat-Radiocode ein?<\/h2>\n<p>Sobald Ihr Autoradio eingeschaltet ist, sollte \u201eSAFE\u201c auf dem Bildschirm erscheinen, wenn \u201eSAFE\u201c nicht automatisch erscheint, dr\u00fccken Sie gleichzeitig die Tasten \u201eSEEK\u201c und \u201eSCAN\u201c oder \u201eMODE\u201c und \u201eSCAN\u201c entsprechend Ihrem Autoradio.<\/p>\n<p>Nach ca. 3 Sekunden erscheint \u201e1000\u201c auf dem Display.<br \/>\n1. Taste 1 dr\u00fccken, bis die richtige erste Ziffer des Codes angezeigt wird.<br \/>\n2. Taste 2 dr\u00fccken, bis die korrekte zweite Ziffer des Codes angezeigt wird.<br \/>\n3. Taste 3 dr\u00fccken, bis die richtige dritte Ziffer des Codes angezeigt wird.<br \/>\n4. Dr\u00fccken Sie die Taste 4, bis die richtige vierte Ziffer des Codes angezeigt wird.<\/p>\n<p>Als n\u00e4chstes dr\u00fccken Sie die Schaltfl\u00e4che &#8220;&gt;&#8221;. oder &#8220;SEEK&#8221; f\u00fcr 2 Sekunden, um Ihren SEAT-Code zu validieren. Das Autoradio wird entsperrt.<\/p>\n<p>&#8211; Wenn Sie den SEAT-Code richtig eingegeben haben, erscheint \u201eLSM\u201c im Display.<\/p>\n<p>&#8211; Wenn Sie versehentlich einen falschen Code eingegeben haben, erscheint \u201eSAFE\u201c auf dem Display. Zuerst blinkt es, dann bleibt es an.[\/vc_column_text][\/vc_column][vc_column width=&#8221;1\/2&#8243;][vc_column_text]<img decoding=\"async\" class=\"alignnone size-medium wp-image-7609\" src=\"https:\/\/www.code-autoradio.com\/wp-content\/uploads\/2018\/04\/numero-serie-autoradio-seat-300x225.jpg\" alt=\"\" width=\"300\" height=\"225\" title=\"\"> <img decoding=\"async\" class=\"alignnone size-medium wp-image-7610\" src=\"https:\/\/www.code-autoradio.com\/wp-content\/uploads\/2018\/04\/etiquette-code-autoradio-seat-300x225.jpg\" alt=\"\" width=\"300\" height=\"225\" title=\"\"><\/p>\n<p><img decoding=\"async\" class=\"alignnone size-medium wp-image-7611\" src=\"https:\/\/www.code-autoradio.com\/wp-content\/uploads\/2018\/04\/autoradio-seat-leon-300x225.jpeg\" alt=\"\" width=\"300\" height=\"225\" title=\"\"><\/p>\n<h2>Zusammenfassung &#8211; Wie funktioniert das Entsperren des SEAT Autoradios?<\/h2>\n<p>Wir liefern Original-Fabrik-SEAT-Autoradio-Codes mit Seriennummer f\u00fcr verschiedene Automodelle der Marke SEAT.<\/p>\n<p>Wir generieren alle SEAT-Pincodes basierend auf der Seriennummer des Ger\u00e4ts. Sie beginnt immer mit SEZ und ist auf dem Etikett auf der R\u00fcckseite des Autoradios oder auf dem LCD-Bildschirm zu finden.<\/p>\n<h3>Warum SEAT w\u00e4hlen?<\/h3>\n<p>Der Kauf eines Sitzplatzes ist eine rationale Entscheidung. Das Sortiment des spanischen Herstellers ist sehr preisg\u00fcnstig und die Qualit\u00e4t der Autos (alle aus dem Volkswagen-Konzern, wie der <a href=\"https:\/\/www.code-autoradio.com\/de\/produkt\/volkswagen\/\">Volkswagen-Autoradio-Code<\/a>, der <a href=\"https:\/\/www.code-autoradio.com\/de\/produkt\/audi-autoradio-code\/\">Audi-Autoradio-Code<\/a> und der <a href=\"https:\/\/www.code-autoradio.com\/de\/produkt\/renault-authentifizier-schl\/\">Renault-Authentifizierungsschl\u00fcssel<\/a>) sind bew\u00e4hrt.[\/vc_column_text][\/vc_column][\/vc_row][vc_row][vc_column width=&#8221;1\/2&#8243; el_id=&#8221;kostenlos&#8221;][vc_column_text]<\/p>\n<h2 style=\"text-align: center;\">Kostenlos Seat Autoradio-Code<\/h2>\n<h3 style=\"text-align: center;\">Wie finde ich Seat Autoradio Code Kostenlos?<\/h3>\n<p style=\"text-align: center;\">Suchen Sie kostenlos nach Ihrem Seat Autoradio-Code, indem Sie die Seriennummer des Autoradios in unserer Datenbank unten finden.<\/p>\n<div id=\"mciapp-exclusion-container\">\n<h3>Kostenlose Liste der Seat Autoradio Codes<\/h3>\n\n<p><a href=\"https:\/\/www.code-autoradio.com\/wp-content\/uploads\/2022\/05\/Code-Autoradio-SEAT-Gratuit.pdf\">Seat Autoradio-Code-Datenbank herunterladen!<\/a><\/p>\n<\/div>\n<p>[\/vc_column_text][\/vc_column][vc_column width=&#8221;1\/2&#8243;][\/vc_column][\/vc_row]<\/p>\n<\/div>","protected":false},"excerpt":{"rendered":"<h2>Wie finde ich den SEAT Radiocode?<\/h2>\n","protected":false},"featured_media":2658,"template":"","meta":[],"product_brand":[],"product_cat":[143,331],"product_tag":[],"class_list":{"0":"post-28023","1":"product","2":"type-product","3":"status-publish","4":"has-post-thumbnail","6":"product_cat-automobilhersteller","7":"product_cat-seat-de","9":"first","10":"instock","11":"virtual","12":"sold-individually","13":"taxable","14":"purchasable","15":"product-type-simple"},"_links":{"self":[{"href":"https:\/\/www.code-autoradio.com\/de\/wp-json\/wp\/v2\/product\/28023","targetHints":{"allow":["GET"]}}],"collection":[{"href":"https:\/\/www.code-autoradio.com\/de\/wp-json\/wp\/v2\/product"}],"about":[{"href":"https:\/\/www.code-autoradio.com\/de\/wp-json\/wp\/v2\/types\/product"}],"wp:featuredmedia":[{"embeddable":true,"href":"https:\/\/www.code-autoradio.com\/de\/wp-json\/wp\/v2\/media\/2658"}],"wp:attachment":[{"href":"https:\/\/www.code-autoradio.com\/de\/wp-json\/wp\/v2\/media?parent=28023"}],"wp:term":[{"taxonomy":"product_brand","embeddable":true,"href":"https:\/\/www.code-autoradio.com\/de\/wp-json\/wp\/v2\/product_brand?post=28023"},{"taxonomy":"product_cat","embeddable":true,"href":"https:\/\/www.code-autoradio.com\/de\/wp-json\/wp\/v2\/product_cat?post=28023"},{"taxonomy":"product_tag","embeddable":true,"href":"https:\/\/www.code-autoradio.com\/de\/wp-json\/wp\/v2\/product_tag?post=28023"}],"curies":[{"name":"wp","href":"https:\/\/api.w.org\/{rel}","templated":true}]}}