{"id":28026,"date":"2022-05-10T10:41:23","date_gmt":"2022-05-10T08:41:23","guid":{"rendered":"https:\/\/www.code-autoradio.com\/?post_type=product&#038;p=28026"},"modified":"2023-04-17T20:33:22","modified_gmt":"2023-04-17T18:33:22","slug":"skoda-radiocode","status":"publish","type":"product","link":"https:\/\/www.code-autoradio.com\/de\/produkt\/skoda-radiocode\/","title":{"rendered":"Skoda Radiocode"},"content":{"rendered":"<div class=\"wpb-content-wrapper\"><p>[vc_row][vc_column width=&#8221;1\/2&#8243;][vc_column_text]<\/p>\n<h2>Intro &#8211; Entdecken Sie die Schritte, um einen Skoda-Autoradio-Code zu finden<\/h2>\n<p style=\"text-align: center;\"><em>Ihren SKODA 7\/24 Radiocode teilen wir Ihnen direkt nach der Bestellung mit!<\/em><\/p>\n<h2>Wie finde ich die Seriennummer eines Skoda-Autoradios?<\/h2>\n<p>Entsperren Sie sofort jeden <strong>Skoda-PIN-Code<\/strong> mit einer Seriennummer, die mit SKZ beginnt.<\/p>\n<p>Bitte entfernen Sie das Radio vom Armaturenbrett des Fahrzeugs, um die Aufkleber zu \u00fcberpr\u00fcfen und uns die Seriennummer mitzuteilen, die zum Auffinden des <strong>Codes f\u00fcr Ihr Skoda-Radio<\/strong> erforderlich ist.<\/p>\n<p><img decoding=\"async\" class=\"alignnone size-full wp-image-7165\" src=\"https:\/\/www.code-autoradio.com\/wp-content\/uploads\/2018\/09\/radio-code-skoda.jpg\" alt=\"\" width=\"480\" height=\"360\" title=\"\"><\/p>\n<p><img decoding=\"async\" class=\"alignnone size-large wp-image-7166\" src=\"https:\/\/www.code-autoradio.com\/wp-content\/uploads\/2018\/09\/skoda-radio-numero-serie.jpg\" alt=\"\" width=\"600\" height=\"368\" title=\"\">[\/vc_column_text][\/vc_column][vc_column width=&#8221;1\/2&#8243;][vc_column_text]<\/p>\n<h2>Letzte Skoda-Autoradio-Codebefehle:<\/h2>\n<p>Beispiele f\u00fcr <strong>Skoda-Autoradio-Code<\/strong>-Befehle: Seriennummer Skoda Fabia = SKZAZ6L0452738<\/p>\n<ul>\n<li>Seriennummer: SKZAZ5B0608439 , Radiocode = 0556<\/li>\n<li>Seriennummer: SKZ627G8309092, Radiocode = 0715<\/li>\n<li>Seriennummer: SKZ1Z7C3145830, Radiocode = 1719<\/li>\n<li>Seriennummer: SKZ4Z2L1204090W, Funkcode: 0767<\/li>\n<li>Seriennummer: SKZAZ6K0416562, Code: 0087<\/li>\n<li>Seriennummer: SKZ4Z2N12639624, Code: 0895<\/li>\n<li>Seriennummer: SKZAZ6L0444209, Code: 1356<\/li>\n<\/ul>\n<h2>Skoda-Modelle kompatibel mit Autoradio-Code:<\/h2>\n<ul>\n<li>Skoda Citigo<\/li>\n<li>Skoda Fabia<\/li>\n<li>Skoda Karoq<\/li>\n<li>Skoda Kodiaq<\/li>\n<li>Skoda Octavia<\/li>\n<li>Skoda Rapid<\/li>\n<li>Skoda Superb<\/li>\n<li>Skoda Yeti<\/li>\n<li>Skoda 100<\/li>\n<li>Skoda 105<\/li>\n<li>Skoda 110<\/li>\n<li>Skoda 120<\/li>\n<li>Skoda 130<\/li>\n<li>Skoda Coup\u00e9<\/li>\n<li>Skoda Favorit<\/li>\n<li>Skoda Felicia<\/li>\n<li>Skoda Roomster<\/li>\n<\/ul>\n<p><a href=\"https:\/\/www.skoda.fr\/\" target=\"_blank\" rel=\"noopener\">Skoda<\/a> war damals f\u00fcr seine &#8220;g\u00fcnstigen&#8221; Autos bekannt und gilt heute weithin als hochrangiger Generalistenhersteller. Aus finanzieller Sicht ist der Kauf eines Skoda sicherlich immer vorteilhaft, aber das Angebot bietet Leistungen, die den Besten w\u00fcrdig sind, sogar den Mitbewerbern \u00fcberlegen, wenn es um Wohnraum geht. Der Superb ist ein gutes Beispiel, bei dem man hinten fast die Beine ausstrecken kann! Auch unter den kleineren Kombis ist der Octavia vor allem mit seinen sehr sparsamen TDI-Motoren eine hervorragende Wahl. Der Fabia pr\u00e4sentiert sich als guter Stadtflitzer, bezahlbar und mit allem Volkswagen Know-how in puncto Bauqualit\u00e4t ausgestattet. Nicht gr\u00f6\u00dfer, aber h\u00f6her ist der Roomster, sehr praktisch sowohl f\u00fcr die Stadt als auch f\u00fcr den Wochenendtrip.<\/p>\n<p>Und um aus dem Asphalt rauszukommen, pr\u00e4sentiert sich der Yeti als exzellenter Allroader, effizient und sicher unterwegs dank permanentem Allradantrieb. Skoda kaufen: Ein Skoda bietet eines der besten Preis-Leistungs-Verh\u00e4ltnisse auf dem Markt.[\/vc_column_text][\/vc_column][\/vc_row]<\/p>\n<\/div>","protected":false},"excerpt":{"rendered":"<h2>Wie finde ich den Skoda-Radiocode?<\/h2>\n","protected":false},"featured_media":0,"template":"","meta":[],"product_brand":[],"product_cat":[143,332],"product_tag":[],"class_list":{"0":"post-28026","1":"product","2":"type-product","3":"status-publish","5":"product_cat-automobilhersteller","6":"product_cat-skoda-de","8":"first","9":"instock","10":"virtual","11":"sold-individually","12":"taxable","13":"purchasable","14":"product-type-simple"},"_links":{"self":[{"href":"https:\/\/www.code-autoradio.com\/de\/wp-json\/wp\/v2\/product\/28026","targetHints":{"allow":["GET"]}}],"collection":[{"href":"https:\/\/www.code-autoradio.com\/de\/wp-json\/wp\/v2\/product"}],"about":[{"href":"https:\/\/www.code-autoradio.com\/de\/wp-json\/wp\/v2\/types\/product"}],"wp:attachment":[{"href":"https:\/\/www.code-autoradio.com\/de\/wp-json\/wp\/v2\/media?parent=28026"}],"wp:term":[{"taxonomy":"product_brand","embeddable":true,"href":"https:\/\/www.code-autoradio.com\/de\/wp-json\/wp\/v2\/product_brand?post=28026"},{"taxonomy":"product_cat","embeddable":true,"href":"https:\/\/www.code-autoradio.com\/de\/wp-json\/wp\/v2\/product_cat?post=28026"},{"taxonomy":"product_tag","embeddable":true,"href":"https:\/\/www.code-autoradio.com\/de\/wp-json\/wp\/v2\/product_tag?post=28026"}],"curies":[{"name":"wp","href":"https:\/\/api.w.org\/{rel}","templated":true}]}}