{"id":29175,"date":"2022-05-30T10:55:46","date_gmt":"2022-05-30T08:55:46","guid":{"rendered":"https:\/\/www.code-autoradio.com\/?post_type=product&#038;p=29175"},"modified":"2023-05-16T17:06:14","modified_gmt":"2023-05-16T15:06:14","slug":"renault-clio-radio-code","status":"publish","type":"product","link":"https:\/\/www.code-autoradio.com\/de\/produkt\/renault-clio-radio-code\/","title":{"rendered":"Renault clio radio code"},"content":{"rendered":"<div class=\"wpb-content-wrapper\"><p>[vc_row][vc_column width=&#8221;1\/2&#8243;][vc_column_text]<\/p>\n<h2>Einf\u00fchrung \u2013 Wie finde ich den Clio Renault-Autoradiocode?<\/h2>\n<p style=\"text-align: center;\">Wir senden Ihnen rund um die Uhr den Clio-Radiocode!<\/p>\n<h2>1 &#8211; Wie finde ich den Vorcode eines Renault Clio-Autoradios?<\/h2>\n<p>Die erste Methode ohne Demontage:<\/p>\n<p>Schalten Sie das Radio Ihres Clio ein und halten Sie die Tasten 1 und 6 am Autoradio gedr\u00fcckt. Der Vorcode sollte nun auf dem Dashboard-Bildschirm angezeigt werden.<\/p>\n<p>Die zweite Methode mit Demontage:<\/p>\n<p>Entfernen Sie das Autoradio mit den Ausziehschl\u00fcsseln vom Armaturenbrett.<br \/>\nDer Vorcode steht auf einem Etikett auf der R\u00fcckseite des Radios. Die Seriennummer beginnt mit \u201eT0\u201c, gefolgt von einem Buchstaben und drei Ziffern.<\/p>\n<p>Alle Clio-Vorcodes bestehen aus einem Buchstaben und drei Ziffern (z. B. X409)!<\/p>\n<figure id=\"attachment_11097\" aria-describedby=\"caption-attachment-11097\" style=\"width: 439px\" class=\"wp-caption alignnone\"><img decoding=\"async\" class=\"size-full wp-image-11097\" src=\"https:\/\/www.code-autoradio.com\/wp-content\/uploads\/2022\/05\/precode-kangoo.jpg\" alt=\"Etiquette avec pr\u00e9code security Renault Kangoo\" width=\"439\" height=\"202\" title=\"\" srcset=\"https:\/\/www.code-autoradio.com\/wp-content\/uploads\/2022\/05\/precode-kangoo.jpg 439w, https:\/\/www.code-autoradio.com\/wp-content\/uploads\/2022\/05\/precode-kangoo-300x138.jpg 300w, https:\/\/www.code-autoradio.com\/wp-content\/uploads\/2022\/05\/precode-kangoo-150x69.jpg 150w\" sizes=\"(max-width: 439px) 100vw, 439px\" \/><figcaption id=\"caption-attachment-11097\" class=\"wp-caption-text\">Label with security precode Renault Clio<\/figcaption><\/figure>\n<h2>2 -Wie gebe ich den Clio-Autoradio-Code ein?<\/h2>\n<p>Sobald der Code empfangen wurde:<\/p>\n<ul>\n<li>Schalten Sie das Original-Autoradio ein.<\/li>\n<li>Das Display sollte 0 0 0 0 anzeigen.<\/li>\n<li>Dr\u00fccken Sie wiederholt die Tasten 1, dann 2, 3 und 4, bis jede Ziffer Ihres<\/li>\n<li>Codes auf dem Bildschirm erscheint.<\/li>\n<li>Dr\u00fccken Sie die Taste 6, um den Clio-Autoradio-Code zu aktivieren.<\/li>\n<\/ul>\n<p><img decoding=\"async\" class=\"alignnone wp-image-11205 size-large\" src=\"https:\/\/www.code-autoradio.com\/wp-content\/uploads\/2022\/05\/code-autoradio-clio-3-1024x725.jpeg\" alt=\"\" width=\"1024\" height=\"725\" title=\"\" srcset=\"https:\/\/www.code-autoradio.com\/wp-content\/uploads\/2022\/05\/code-autoradio-clio-3-1024x725.jpeg 1024w, https:\/\/www.code-autoradio.com\/wp-content\/uploads\/2022\/05\/code-autoradio-clio-3-600x425.jpeg 600w, https:\/\/www.code-autoradio.com\/wp-content\/uploads\/2022\/05\/code-autoradio-clio-3-300x212.jpeg 300w, https:\/\/www.code-autoradio.com\/wp-content\/uploads\/2022\/05\/code-autoradio-clio-3-768x543.jpeg 768w, https:\/\/www.code-autoradio.com\/wp-content\/uploads\/2022\/05\/code-autoradio-clio-3-150x106.jpeg 150w, https:\/\/www.code-autoradio.com\/wp-content\/uploads\/2022\/05\/code-autoradio-clio-3.jpeg 1050w\" sizes=\"(max-width: 1024px) 100vw, 1024px\" \/>[\/vc_column_text][\/vc_column][vc_column width=&#8221;1\/2&#8243;][vc_column_text]<\/p>\n<h2>Zusammenfassung \u2013 Wie entschl\u00fcssele ich ein Renault Clio-Radio?<\/h2>\n<p>Wir stellen die Original-Autoradiocodes aus dem Sicherheitscode f\u00fcr alle Automodelle der Marke Renault einschlie\u00dflich Clio-Modelle zur Verf\u00fcgung.<\/p>\n<p>&nbsp;<\/p>\n<p><img decoding=\"async\" class=\"alignnone size-large wp-image-11200\" src=\"https:\/\/www.code-autoradio.com\/wp-content\/uploads\/2022\/05\/code-radio-clio-3-1024x728.jpeg\" alt=\"\" width=\"1024\" height=\"728\" title=\"\" srcset=\"https:\/\/www.code-autoradio.com\/wp-content\/uploads\/2022\/05\/code-radio-clio-3-1024x728.jpeg 1024w, https:\/\/www.code-autoradio.com\/wp-content\/uploads\/2022\/05\/code-radio-clio-3-600x426.jpeg 600w, https:\/\/www.code-autoradio.com\/wp-content\/uploads\/2022\/05\/code-radio-clio-3-300x213.jpeg 300w, https:\/\/www.code-autoradio.com\/wp-content\/uploads\/2022\/05\/code-radio-clio-3-768x546.jpeg 768w, https:\/\/www.code-autoradio.com\/wp-content\/uploads\/2022\/05\/code-radio-clio-3-150x107.jpeg 150w, https:\/\/www.code-autoradio.com\/wp-content\/uploads\/2022\/05\/code-radio-clio-3.jpeg 1054w\" sizes=\"(max-width: 1024px) 100vw, 1024px\" \/><\/p>\n<ul>\n<li>Clio 1 &#8211; I (1990 &#8211; 1999)<\/li>\n<li>Clio 2 &#8211; II (1998 &#8211; 2012)<\/li>\n<li>Clio 3 &#8211; III (2005 &#8211; 2014)<\/li>\n<li>Clio 4 &#8211; IV (2012 &#8211; 2020)<\/li>\n<li>Clio 5 &#8211; V (2019 &#8211; &#8230;)<\/li>\n<\/ul>\n<p>Renault Clio-Radiocodes werden 24 Stunden am Tag, 7 Tage die Woche gesendet. Sie erhalten den Clio-Code sofort nach dem Kauf in Ihrem Konto, per E-Mail und\/oder per SMS.[\/vc_column_text][vc_row_inner][vc_column_inner width=&#8221;1\/4&#8243;][vc_single_image image=&#8221;5718&#8243; img_size=&#8221;large&#8221; add_caption=&#8221;yes&#8221; alignment=&#8221;center&#8221;][\/vc_column_inner][vc_column_inner width=&#8221;1\/4&#8243;][vc_single_image image=&#8221;6183&#8243; img_size=&#8221;large&#8221; add_caption=&#8221;yes&#8221; alignment=&#8221;center&#8221;][\/vc_column_inner][vc_column_inner width=&#8221;1\/4&#8243;][vc_single_image image=&#8221;5168&#8243; img_size=&#8221;large&#8221; add_caption=&#8221;yes&#8221; alignment=&#8221;center&#8221;][\/vc_column_inner][vc_column_inner width=&#8221;1\/4&#8243;][vc_single_image image=&#8221;5748&#8243; img_size=&#8221;large&#8221; add_caption=&#8221;yes&#8221; alignment=&#8221;center&#8221;][\/vc_column_inner][\/vc_row_inner][vc_column_text]<img decoding=\"async\" class=\"alignnone wp-image-11195 size-large\" src=\"https:\/\/www.code-autoradio.com\/wp-content\/uploads\/2022\/05\/code-autoradio-clio-2-renault-1024x737.jpeg\" alt=\"\" width=\"1024\" height=\"737\" title=\"\" srcset=\"https:\/\/www.code-autoradio.com\/wp-content\/uploads\/2022\/05\/code-autoradio-clio-2-renault-1024x737.jpeg 1024w, https:\/\/www.code-autoradio.com\/wp-content\/uploads\/2022\/05\/code-autoradio-clio-2-renault-600x432.jpeg 600w, https:\/\/www.code-autoradio.com\/wp-content\/uploads\/2022\/05\/code-autoradio-clio-2-renault-300x216.jpeg 300w, https:\/\/www.code-autoradio.com\/wp-content\/uploads\/2022\/05\/code-autoradio-clio-2-renault-768x553.jpeg 768w, https:\/\/www.code-autoradio.com\/wp-content\/uploads\/2022\/05\/code-autoradio-clio-2-renault-150x108.jpeg 150w, https:\/\/www.code-autoradio.com\/wp-content\/uploads\/2022\/05\/code-autoradio-clio-2-renault.jpeg 1032w\" sizes=\"(max-width: 1024px) 100vw, 1024px\" \/>[\/vc_column_text][\/vc_column][\/vc_row][vc_row][vc_column]<div class=\"title-wrapper  wpb_custom_22f52a2069d96dfeedfa2bc1f550e441 title-left link-left\" ><h2 class=\"title\">Die Dekodierung funktioniert auch f\u00fcr die folgenden Renault-Autos und Radios<\/h2><\/div><div class=\"riode-wpb-products-container  wpb_custom_c9e60f4f17fa550b369ae991177a3e8c\" ><div class=\"woocommerce columns-4 \"><ul class=\"products  row cols-lg-4 cols-md-3 cols-sm-2 cols-2\"><li class=\"product-wrap\">\n\t\t<div class=\"product-loop content-center product-default product type-product post-10556 status-publish first instock product_cat-automobilhersteller product_cat-renault-de has-post-thumbnail featured virtual sold-individually taxable purchasable product-type-simple\">\n\t\t<figure class=\"product-media\"><a href=\"https:\/\/www.code-autoradio.com\/de\/produkt\/renault\/\" class=\"woocommerce-LoopProduct-link woocommerce-loop-product__link\"><img decoding=\"async\" width=\"300\" height=\"300\" src=\"https:\/\/www.code-autoradio.com\/wp-content\/uploads\/2018\/04\/logo-renault-300x300.png\" class=\"attachment-woocommerce_thumbnail size-woocommerce_thumbnail\" alt=\"code autoradio renault\" srcset=\"https:\/\/www.code-autoradio.com\/wp-content\/uploads\/2018\/04\/logo-renault-300x300.png 300w, https:\/\/www.code-autoradio.com\/wp-content\/uploads\/2018\/04\/logo-renault-150x150.png 150w, https:\/\/www.code-autoradio.com\/wp-content\/uploads\/2018\/04\/logo-renault.png 500w\" sizes=\"(max-width: 300px) 100vw, 300px\" title=\"\"><\/a><div class=\"product-action-vertical\"><a href=\"https:\/\/www.code-autoradio.com\/de\/produkt\/renault\/\" data-quantity=\"1\" class=\"btn-product-icon product_type_simple add_to_cart_button \" data-product_id=\"10556\" data-product_sku=\"RADIOCODERENAULT\" aria-label=\"In den Warenkorb legen: \u201eRenault Autoradio Code\u201c\" rel=\"nofollow\" data-success_message=\"\u201eRenault Autoradio Code\u201c wurde deinem Warenkorb hinzugef\u00fcgt\" data-simple-label=\"Add to Cart\" data-variable-label=\"W\u00e4hlen Sie Optionen\">Ausf\u00fchrung w\u00e4hlen<\/a><\/div><\/figure><div class=\"product-details\"><h3 class=\"woocommerce-loop-product__title\"><a href=\"https:\/\/www.code-autoradio.com\/de\/produkt\/renault\/\">Renault Autoradio Code<\/a><\/h3>\n\t<span class=\"price\"><span class=\"woocommerce-Price-amount amount\"><bdi>9,90&nbsp;<span class=\"woocommerce-Price-currencySymbol\">&euro;<\/span><\/bdi><\/span> <small class=\"woocommerce-price-suffix\">TTC<\/small><\/span>\n<div class=\"netreviews_bg_stars_big listStars\" title=\"5\/5\"><div><span class=\"nr-icon nr-star grey\"><\/span><span class=\"nr-icon nr-star grey\"><\/span><span class=\"nr-icon nr-star grey\"><\/span><span class=\"nr-icon nr-star grey\"><\/span><span class=\"nr-icon nr-star grey\"><\/span><\/div><div style=\"color: #FFCD00 !important\"><span class=\"nr-icon nr-star\" style=\"width:20%;\"><\/span><span class=\"nr-icon nr-star\" style=\"width:20%;\"><\/span><span class=\"nr-icon nr-star\" style=\"width:20%;\"><\/span><span class=\"nr-icon nr-star\" style=\"width:20%;\"><\/span><span class=\"nr-icon nr-star\" style=\"width:20%;\"><\/span><\/div> <span class=\"reviewCount\">1 bewertungen<\/span><\/div><span class=\"gtm4wp_productdata\" style=\"display:none; visibility:hidden;\" data-gtm4wp_product_data=\"{&quot;internal_id&quot;:10556,&quot;item_id&quot;:10556,&quot;item_name&quot;:&quot;Renault Autoradio Code&quot;,&quot;sku&quot;:&quot;RADIOCODERENAULT&quot;,&quot;price&quot;:9.9,&quot;stocklevel&quot;:null,&quot;stockstatus&quot;:&quot;instock&quot;,&quot;google_business_vertical&quot;:&quot;retail&quot;,&quot;item_category&quot;:&quot;Renault&quot;,&quot;id&quot;:10556,&quot;productlink&quot;:&quot;https:\\\/\\\/www.code-autoradio.com\\\/de\\\/produkt\\\/renault\\\/&quot;,&quot;item_list_name&quot;:&quot;General Product List&quot;,&quot;index&quot;:1,&quot;product_type&quot;:&quot;simple&quot;,&quot;item_brand&quot;:&quot;&quot;}\"><\/span><\/div>\t<\/div>\n\t\t<\/li>\n\t<li class=\"product-wrap\">\n\t\t<div class=\"product-loop content-center product-default product type-product post-13161 status-publish instock product_cat-automobilhersteller product_cat-renault-de has-post-thumbnail sale virtual sold-individually taxable purchasable product-type-simple\">\n\t\t<figure class=\"product-media\"><a href=\"https:\/\/www.code-autoradio.com\/de\/produkt\/renault-authentifizier-schl\/\" class=\"woocommerce-LoopProduct-link woocommerce-loop-product__link\"><img decoding=\"async\" width=\"300\" height=\"300\" src=\"https:\/\/www.code-autoradio.com\/wp-content\/uploads\/2021\/01\/logo-renault-vin-300x300.png\" class=\"attachment-woocommerce_thumbnail size-woocommerce_thumbnail\" alt=\"code authentification renault\" srcset=\"https:\/\/www.code-autoradio.com\/wp-content\/uploads\/2021\/01\/logo-renault-vin-300x300.png 300w, https:\/\/www.code-autoradio.com\/wp-content\/uploads\/2021\/01\/logo-renault-vin-150x150.png 150w, https:\/\/www.code-autoradio.com\/wp-content\/uploads\/2021\/01\/logo-renault-vin.png 500w\" sizes=\"(max-width: 300px) 100vw, 300px\" title=\"\"><\/a><div class=\"product-action-vertical\"><a href=\"https:\/\/www.code-autoradio.com\/de\/produkt\/renault-authentifizier-schl\/\" data-quantity=\"1\" class=\"btn-product-icon product_type_simple add_to_cart_button \" data-product_id=\"13161\" data-product_sku=\"AUTHCODERENAULT\" aria-label=\"In den Warenkorb legen: \u201eRenault authentifizierungsschl\u00fcssel\u201c\" rel=\"nofollow\" data-success_message=\"\u201eRenault authentifizierungsschl\u00fcssel\u201c wurde deinem Warenkorb hinzugef\u00fcgt\" data-simple-label=\"Add to Cart\" data-variable-label=\"W\u00e4hlen Sie Optionen\">Ausf\u00fchrung w\u00e4hlen<\/a><\/div><\/figure><div class=\"product-details\"><h3 class=\"woocommerce-loop-product__title\"><a href=\"https:\/\/www.code-autoradio.com\/de\/produkt\/renault-authentifizier-schl\/\">Renault authentifizierungsschl\u00fcssel<\/a><\/h3>\n\t<span class=\"price\"><ins><span class=\"woocommerce-Price-amount amount\"><bdi>14,90&nbsp;<span class=\"woocommerce-Price-currencySymbol\">&euro;<\/span><\/bdi><\/span><\/ins> <del><span class=\"woocommerce-Price-amount amount\"><bdi>24,90&nbsp;<span class=\"woocommerce-Price-currencySymbol\">&euro;<\/span><\/bdi><\/span><\/del> <small class=\"woocommerce-price-suffix\">TTC<\/small><\/span>\n<div class=\"netreviews_bg_stars_big listStars\" title=\"5\/5\"><div><span class=\"nr-icon nr-star grey\"><\/span><span class=\"nr-icon nr-star grey\"><\/span><span class=\"nr-icon nr-star grey\"><\/span><span class=\"nr-icon nr-star grey\"><\/span><span class=\"nr-icon nr-star grey\"><\/span><\/div><div style=\"color: #FFCD00 !important\"><span class=\"nr-icon nr-star\" style=\"width:20%;\"><\/span><span class=\"nr-icon nr-star\" style=\"width:20%;\"><\/span><span class=\"nr-icon nr-star\" style=\"width:20%;\"><\/span><span class=\"nr-icon nr-star\" style=\"width:20%;\"><\/span><span class=\"nr-icon nr-star\" style=\"width:20%;\"><\/span><\/div> <span class=\"reviewCount\">1 bewertungen<\/span><\/div><span class=\"gtm4wp_productdata\" style=\"display:none; visibility:hidden;\" data-gtm4wp_product_data=\"{&quot;internal_id&quot;:13161,&quot;item_id&quot;:13161,&quot;item_name&quot;:&quot;Renault authentifizierungsschl\\u00fcssel&quot;,&quot;sku&quot;:&quot;AUTHCODERENAULT&quot;,&quot;price&quot;:14.9,&quot;stocklevel&quot;:null,&quot;stockstatus&quot;:&quot;instock&quot;,&quot;google_business_vertical&quot;:&quot;retail&quot;,&quot;item_category&quot;:&quot;Renault&quot;,&quot;id&quot;:13161,&quot;productlink&quot;:&quot;https:\\\/\\\/www.code-autoradio.com\\\/de\\\/produkt\\\/renault-authentifizier-schl\\\/&quot;,&quot;item_list_name&quot;:&quot;General Product List&quot;,&quot;index&quot;:2,&quot;product_type&quot;:&quot;simple&quot;,&quot;item_brand&quot;:&quot;&quot;}\"><\/span><\/div>\t<\/div>\n\t\t<\/li>\n\t<li class=\"product-wrap\">\n\t\t<div class=\"product-loop content-center product-default product type-product post-29175 status-publish instock product_cat-renault-de has-post-thumbnail virtual sold-individually taxable purchasable product-type-simple\">\n\t\t<figure class=\"product-media\"><a href=\"https:\/\/www.code-autoradio.com\/de\/produkt\/renault-clio-radio-code\/\" class=\"woocommerce-LoopProduct-link woocommerce-loop-product__link\"><img decoding=\"async\" width=\"300\" height=\"300\" src=\"https:\/\/www.code-autoradio.com\/wp-content\/uploads\/2019\/05\/logo-renault-300x300.png\" class=\"attachment-woocommerce_thumbnail size-woocommerce_thumbnail\" alt=\"Code autoradio renault clio\" srcset=\"https:\/\/www.code-autoradio.com\/wp-content\/uploads\/2019\/05\/logo-renault-300x300.png 300w, https:\/\/www.code-autoradio.com\/wp-content\/uploads\/2019\/05\/logo-renault-150x150.png 150w, https:\/\/www.code-autoradio.com\/wp-content\/uploads\/2019\/05\/logo-renault.png 500w\" sizes=\"(max-width: 300px) 100vw, 300px\" title=\"\"><\/a><div class=\"product-action-vertical\"><a href=\"https:\/\/www.code-autoradio.com\/de\/produkt\/renault-clio-radio-code\/\" data-quantity=\"1\" class=\"btn-product-icon product_type_simple add_to_cart_button \" data-product_id=\"29175\" data-product_sku=\"RADIOCODERENAULTCLIO\" aria-label=\"In den Warenkorb legen: \u201eRenault clio radio code\u201c\" rel=\"nofollow\" data-success_message=\"\u201eRenault clio radio code\u201c wurde deinem Warenkorb hinzugef\u00fcgt\" data-simple-label=\"Add to Cart\" data-variable-label=\"W\u00e4hlen Sie Optionen\">Ausf\u00fchrung w\u00e4hlen<\/a><\/div><\/figure><div class=\"product-details\"><h3 class=\"woocommerce-loop-product__title\"><a href=\"https:\/\/www.code-autoradio.com\/de\/produkt\/renault-clio-radio-code\/\">Renault clio radio code<\/a><\/h3>\n\t<span class=\"price\"><span class=\"woocommerce-Price-amount amount\"><bdi>9,90&nbsp;<span class=\"woocommerce-Price-currencySymbol\">&euro;<\/span><\/bdi><\/span> <small class=\"woocommerce-price-suffix\">TTC<\/small><\/span>\n<span class=\"gtm4wp_productdata\" style=\"display:none; visibility:hidden;\" data-gtm4wp_product_data=\"{&quot;internal_id&quot;:29175,&quot;item_id&quot;:29175,&quot;item_name&quot;:&quot;Renault clio radio code&quot;,&quot;sku&quot;:&quot;RADIOCODERENAULTCLIO&quot;,&quot;price&quot;:9.9,&quot;stocklevel&quot;:null,&quot;stockstatus&quot;:&quot;instock&quot;,&quot;google_business_vertical&quot;:&quot;retail&quot;,&quot;item_category&quot;:&quot;Renault&quot;,&quot;id&quot;:29175,&quot;productlink&quot;:&quot;https:\\\/\\\/www.code-autoradio.com\\\/de\\\/produkt\\\/renault-clio-radio-code\\\/&quot;,&quot;item_list_name&quot;:&quot;General Product List&quot;,&quot;index&quot;:3,&quot;product_type&quot;:&quot;simple&quot;,&quot;item_brand&quot;:&quot;&quot;}\"><\/span><\/div>\t<\/div>\n\t\t<\/li>\n\t<li class=\"product-wrap\">\n\t\t<div class=\"product-loop content-center product-default product type-product post-41080 status-publish last instock product_cat-renault-de has-post-thumbnail virtual sold-individually taxable purchasable product-type-simple\">\n\t\t<figure class=\"product-media\"><a href=\"https:\/\/www.code-autoradio.com\/de\/produkt\/renault-kangoo-radio-code\/\" class=\"woocommerce-LoopProduct-link woocommerce-loop-product__link\"><img decoding=\"async\" width=\"300\" height=\"300\" src=\"https:\/\/www.code-autoradio.com\/wp-content\/uploads\/2019\/05\/logo-renault-kangoo-300x300.png\" class=\"attachment-woocommerce_thumbnail size-woocommerce_thumbnail\" alt=\"code autoradio Kangoo\" srcset=\"https:\/\/www.code-autoradio.com\/wp-content\/uploads\/2019\/05\/logo-renault-kangoo-300x300.png 300w, https:\/\/www.code-autoradio.com\/wp-content\/uploads\/2019\/05\/logo-renault-kangoo-150x150.png 150w, https:\/\/www.code-autoradio.com\/wp-content\/uploads\/2019\/05\/logo-renault-kangoo.png 500w\" sizes=\"(max-width: 300px) 100vw, 300px\" title=\"\"><\/a><div class=\"product-action-vertical\"><a href=\"https:\/\/www.code-autoradio.com\/de\/produkt\/renault-kangoo-radio-code\/\" data-quantity=\"1\" class=\"btn-product-icon product_type_simple add_to_cart_button \" data-product_id=\"41080\" data-product_sku=\"RADIOCODERENAULTKANGOO\" aria-label=\"In den Warenkorb legen: \u201eRenault kangoo radio code\u201c\" rel=\"nofollow\" data-success_message=\"\u201eRenault kangoo radio code\u201c wurde deinem Warenkorb hinzugef\u00fcgt\" data-simple-label=\"Add to Cart\" data-variable-label=\"W\u00e4hlen Sie Optionen\">Ausf\u00fchrung w\u00e4hlen<\/a><\/div><\/figure><div class=\"product-details\"><h3 class=\"woocommerce-loop-product__title\"><a href=\"https:\/\/www.code-autoradio.com\/de\/produkt\/renault-kangoo-radio-code\/\">Renault kangoo radio code<\/a><\/h3>\n\t<span class=\"price\"><span class=\"woocommerce-Price-amount amount\"><bdi>9,90&nbsp;<span class=\"woocommerce-Price-currencySymbol\">&euro;<\/span><\/bdi><\/span> <small class=\"woocommerce-price-suffix\">TTC<\/small><\/span>\n<span class=\"gtm4wp_productdata\" style=\"display:none; visibility:hidden;\" data-gtm4wp_product_data=\"{&quot;internal_id&quot;:41080,&quot;item_id&quot;:41080,&quot;item_name&quot;:&quot;Renault kangoo radio code&quot;,&quot;sku&quot;:&quot;RADIOCODERENAULTKANGOO&quot;,&quot;price&quot;:9.9,&quot;stocklevel&quot;:null,&quot;stockstatus&quot;:&quot;instock&quot;,&quot;google_business_vertical&quot;:&quot;retail&quot;,&quot;item_category&quot;:&quot;Renault&quot;,&quot;id&quot;:41080,&quot;productlink&quot;:&quot;https:\\\/\\\/www.code-autoradio.com\\\/de\\\/produkt\\\/renault-kangoo-radio-code\\\/&quot;,&quot;item_list_name&quot;:&quot;General Product List&quot;,&quot;index&quot;:4,&quot;product_type&quot;:&quot;simple&quot;,&quot;item_brand&quot;:&quot;&quot;}\"><\/span><\/div>\t<\/div>\n\t\t<\/li>\n\t<\/ul><\/div><\/div>[\/vc_column][\/vc_row][vc_row][vc_column width=&#8221;1\/2&#8243;][vc_column_text]<\/p>\n<div class=\"ideasOverviews-col\">\n<h3>FAQs<\/h3>\n<ul>\n<li class=\"widget without__decoration\">Renault Clio Radiocode-Rechner<\/li>\n<li class=\"widget without__decoration\">Radiocode-Rechner f\u00fcr Renault Clio kostenlos<\/li>\n<li class=\"widget without__decoration\">Radiocode-Rechner f\u00fcr Renault Clio kostenlos herunterladen<\/li>\n<li class=\"widget without__decoration\">Renault Clio Radiocode-Eingabe<\/li>\n<li class=\"widget without__decoration\">So erhalten Sie kostenlos einen Radiocode f\u00fcr Renault Clio<\/li>\n<li class=\"widget without__decoration\">So geben Sie den Radiocode Renault Clio 2008 ein<\/li>\n<li class=\"widget without__decoration\">Wie lautet der Radiocode f\u00fcr einen Renault Clio?<\/li>\n<li class=\"widget without__decoration\">So finden Sie den Code f\u00fcr das Renault Clio-Radio<\/li>\n<li class=\"widget without__decoration\">So geben Sie einen Radiocode in einen Renault Clio ein<\/li>\n<li class=\"widget without__decoration\">renault clio radio code eingeben<\/li>\n<li class=\"widget without__decoration\">renault clio radio code fahrzeugbrief<\/li>\n<li class=\"widget without__decoration\">radio code renault clio eingeben<\/li>\n<li class=\"widget without__decoration\">radio code renault clio 2002<\/li>\n<\/ul>\n<\/div>\n<p>[\/vc_column_text][\/vc_column][vc_column width=&#8221;1\/2&#8243;][\/vc_column][\/vc_row]<\/p>\n<\/div>","protected":false},"excerpt":{"rendered":"<h2>Wie finde ich den Clio-Radiocode?<\/h2>\n","protected":false},"featured_media":5693,"template":"","meta":[],"product_brand":[],"product_cat":[146],"product_tag":[],"class_list":{"0":"post-29175","1":"product","2":"type-product","3":"status-publish","4":"has-post-thumbnail","6":"product_cat-renault-de","8":"first","9":"instock","10":"virtual","11":"sold-individually","12":"taxable","13":"purchasable","14":"product-type-simple"},"_links":{"self":[{"href":"https:\/\/www.code-autoradio.com\/de\/wp-json\/wp\/v2\/product\/29175","targetHints":{"allow":["GET"]}}],"collection":[{"href":"https:\/\/www.code-autoradio.com\/de\/wp-json\/wp\/v2\/product"}],"about":[{"href":"https:\/\/www.code-autoradio.com\/de\/wp-json\/wp\/v2\/types\/product"}],"wp:featuredmedia":[{"embeddable":true,"href":"https:\/\/www.code-autoradio.com\/de\/wp-json\/wp\/v2\/media\/5693"}],"wp:attachment":[{"href":"https:\/\/www.code-autoradio.com\/de\/wp-json\/wp\/v2\/media?parent=29175"}],"wp:term":[{"taxonomy":"product_brand","embeddable":true,"href":"https:\/\/www.code-autoradio.com\/de\/wp-json\/wp\/v2\/product_brand?post=29175"},{"taxonomy":"product_cat","embeddable":true,"href":"https:\/\/www.code-autoradio.com\/de\/wp-json\/wp\/v2\/product_cat?post=29175"},{"taxonomy":"product_tag","embeddable":true,"href":"https:\/\/www.code-autoradio.com\/de\/wp-json\/wp\/v2\/product_tag?post=29175"}],"curies":[{"name":"wp","href":"https:\/\/api.w.org\/{rel}","templated":true}]}}