{"id":41083,"date":"2023-05-10T10:22:14","date_gmt":"2023-05-10T08:22:14","guid":{"rendered":"https:\/\/www.code-autoradio.com\/?post_type=product&#038;p=41083"},"modified":"2024-03-19T13:46:53","modified_gmt":"2024-03-19T12:46:53","slug":"ford-radio-code","status":"publish","type":"product","link":"https:\/\/www.code-autoradio.com\/de\/produkt\/ford-radio-code\/","title":{"rendered":"ford radio code"},"content":{"rendered":"<div class=\"wpb-content-wrapper\"><p>[vc_row][vc_column width=&#8221;1\/2&#8243;][vc_column_text]<em>Wir finden f\u00fcr Sie den Ford 7\/7 24\/24 Radio Code sofort!<\/em><\/p>\n<p>Ihr Ford Autoradio zeigt eine Fehlermeldung an? Ihr Autoradio 6000 CD zeigt das Wort &#8220;Code&#8221; an, das mit vier kleinen Strichen blinkt? Dieses verlangt einen Sicherheitscode, den Sie aber nicht kennen? Wie finden Sie dann einen Ford Autoradio-Code?<\/p>\n<p>Nach einem Batterieausfall, einem \u00d6lwechsel, einem Wechsel des Radios oder einer anderen Panne, dem Kauf eines Ford-Gebrauchtwagens oder dem Wechsel von Ersatzteilen stehen Sie nun ohne Radio da?<\/p>\n<p>&nbsp;<\/p>\n<h2>1 &#8211; Wie suche ich nach der Seriennummer eines FORD-Autoradios?<\/h2>\n<h3>Wie finde ich die Seriennummer M oder V Ford 6000 CD?<\/h3>\n<p>Dr\u00fccken Sie gleichzeitig die Tasten 1 und 6 oder 2 und 6, um die Seriennummer beginnend mit M + die 6 Ziffern oder V + die 6 Ziffern auf dem LCD-Bildschirm anzuzeigen.<\/p>\n<p>Wenn dies nicht funktioniert, m\u00fcssen Sie das Radio aus dem Armaturenbrett nehmen, um die Seriennummer auf dem Etikett auf der R\u00fcckseite des Radios zu finden.<\/p>\n<h2>2 &#8211; Wie gebe ich den Code in ein Ford Autoradio ein?<\/h2>\n<p>Sie k\u00f6nnen den Code des Radios eingeben, wenn Sie vier horizontale Linien sehen, die auf dem Display blinken.<\/p>\n<p>Wenn das Wort &#8220;warten&#8221; oder &#8220;wait&#8221; auf dem Display erscheint, m\u00fcssen Sie das Radio bis zu zwei Stunden lang eingeschaltet lassen, damit sich das Radio zur\u00fccksetzen kann.<\/p>\n<p>Wenn &#8220;LOCK 10&#8221; auf dem Display erscheint, halten Sie bei eingeschaltetem Radio die Taste 6 gedr\u00fcckt. So haben Sie drei weitere Versuche, den richtigen Code einzugeben.<\/p>\n<p>Wenn Sie stattdessen &#8220;LOCK 13&#8221; sehen, haben Sie alle Eingabeversuche ausgesch\u00f6pft und k\u00f6nnen Ihren Code nicht mehr eingeben. In diesem Fall sollten Sie sich an einen Ford-H\u00e4ndler wenden.<\/p>\n<ul>\n<li>Schalten Sie zun\u00e4chst das Radio ein.<\/li>\n<li>Sie sollten CODE _ _ _ sehen.<\/li>\n<li>Dr\u00fccken Sie wiederholt 1 f\u00fcr die erste Ziffer Ihres Codes.<\/li>\n<li>Dr\u00fccken Sie wiederholt 2 f\u00fcr die zweite Ziffer Ihres Codes<\/li>\n<li>Dr\u00fccken Sie wiederholt 3 f\u00fcr die dritte Ziffer Ihres Codes.<\/li>\n<li>Dr\u00fccken Sie wiederholt 4 f\u00fcr die vierte Ziffer Ihres Codes.<\/li>\n<li>Sobald Ihr Radiocode auf dem Bildschirm angezeigt wird.<\/li>\n<li>Dr\u00fccken Sie 5, um zu best\u00e4tigen.<\/li>\n<\/ul>\n<p><img decoding=\"async\" class=\"alignleft wp-image-25428 size-full\" src=\"https:\/\/www.code-autoradio.com\/wp-content\/uploads\/2022\/05\/code-autoradio-ford-fusion.jpeg\" alt=\"Code autoradio Ford Fusion\" width=\"793\" height=\"542\" title=\"\" srcset=\"https:\/\/www.code-autoradio.com\/wp-content\/uploads\/2022\/05\/code-autoradio-ford-fusion.jpeg 793w, https:\/\/www.code-autoradio.com\/wp-content\/uploads\/2022\/05\/code-autoradio-ford-fusion-600x410.jpeg 600w, https:\/\/www.code-autoradio.com\/wp-content\/uploads\/2022\/05\/code-autoradio-ford-fusion-300x205.jpeg 300w, https:\/\/www.code-autoradio.com\/wp-content\/uploads\/2022\/05\/code-autoradio-ford-fusion-768x525.jpeg 768w, https:\/\/www.code-autoradio.com\/wp-content\/uploads\/2022\/05\/code-autoradio-ford-fusion-150x103.jpeg 150w\" sizes=\"(max-width: 793px) 100vw, 793px\" \/>[\/vc_column_text][\/vc_column][vc_column width=&#8221;1\/2&#8243;][vc_column_text]<\/p>\n<h2><\/h2>\n<figure id=\"attachment_6772\" aria-describedby=\"caption-attachment-6772\" style=\"width: 452px\" class=\"wp-caption alignnone\"><img decoding=\"async\" class=\"size-full wp-image-6772\" src=\"https:\/\/www.code-autoradio.com\/wp-content\/uploads\/2018\/04\/Ford-M-autoradio-numero-de-serie.jpg\" alt=\"Ford M trouver le num\u00e9ro de s\u00e9rie\" width=\"452\" height=\"280\" title=\"\"><figcaption id=\"caption-attachment-6772\" class=\"wp-caption-text\">Ford M Seriennummer finden<\/figcaption><\/figure>\n<figure id=\"attachment_6773\" aria-describedby=\"caption-attachment-6773\" style=\"width: 360px\" class=\"wp-caption alignnone\"><img decoding=\"async\" class=\"size-full wp-image-6773\" src=\"https:\/\/www.code-autoradio.com\/wp-content\/uploads\/2018\/04\/Ford-V-Sautoradio-numero-de-serie.jpg\" alt=\"Ford V trouver le num\u00e9ro de s\u00e9rie\" width=\"360\" height=\"196\" title=\"\"><figcaption id=\"caption-attachment-6773\" class=\"wp-caption-text\">Ford V die Seriennummer finden<\/figcaption><\/figure>\n<figure id=\"attachment_6774\" aria-describedby=\"caption-attachment-6774\" style=\"width: 604px\" class=\"wp-caption alignnone\"><img decoding=\"async\" class=\"size-full wp-image-6774\" src=\"https:\/\/www.code-autoradio.com\/wp-content\/uploads\/2018\/04\/Ford-Travelpilot-Blaupunkt-autoradio-numero-de-serie.jpg\" alt=\"code autoradio ford\" width=\"604\" height=\"272\" title=\"\"><figcaption id=\"caption-attachment-6774\" class=\"wp-caption-text\">Ford Travelpilot Blaupunkt Seriennummer finden<\/figcaption><\/figure>\n<figure id=\"attachment_6775\" aria-describedby=\"caption-attachment-6775\" style=\"width: 1024px\" class=\"wp-caption alignnone\"><img decoding=\"async\" class=\"size-large wp-image-6775\" src=\"https:\/\/www.code-autoradio.com\/wp-content\/uploads\/2018\/04\/Ford-Travelpilot-Bosch-autoradio-numero-de-serie-1024x278.jpg\" alt=\"retrouver le code autoradio ford\" width=\"1024\" height=\"278\" title=\"\"><figcaption id=\"caption-attachment-6775\" class=\"wp-caption-text\">Ford Travelpilot Bosch Seriennummer finden<\/figcaption><\/figure>\n<p><img decoding=\"async\" class=\"aligncenter size-large wp-image-27115\" src=\"https:\/\/www.code-autoradio.com\/wp-content\/uploads\/2018\/04\/ford-radio-codes-1024x535.jpg\" alt=\"Comment trouver code radio ford ?\" width=\"1024\" height=\"535\" title=\"\"><br \/>\n<img decoding=\"async\" class=\"aligncenter size-full wp-image-27119\" src=\"https:\/\/www.code-autoradio.com\/wp-content\/uploads\/2018\/04\/numero-serie-ford-radio.png\" alt=\"code autoradio ford\" width=\"588\" height=\"313\" title=\"\"><\/p>\n<h2>4 &#8211; Wie funktioniert die Entschl\u00fcsselung bei Ford?<\/h2>\n<p>Wir liefern originale Ford Autoradio-Codes anhand der Seriennummern f\u00fcr verschiedene Automodelle der Marke FORD.<\/p>\n<p>Als erster Service in Frankreich senden wir Ihnen sofort Ihren Code per SMS, um Ihr Ford-Radio nach einem Batteriewechsel oder einem Stromversorgungsproblem zu entsperren. Die Marken der Ford Autoradios sind in der Regel BECKER, BLAUPUNKT, FIC, JOHNSON CONTROLS, PHILIPS, SIEMENS VDO, SONY, TOPPOWER, VISTEON. Das Abrufen des Ford Autoradio Codes funktioniert f\u00fcr die gesamte Produktpalette und alle Ford Modelle wie z.B. Ford transit, Ford Mustang, Ford Ka, Ford Ranger, Ford Edge, Focus rs, Ford c max, Jaguar, Escort, SUV, Minivan, Limousine, Stadtauto, Nutzfahrzeug, Ecoboost, Diesel, Hybrid, Dci, Tdi&#8230;<\/p>\n<p>&nbsp;<\/p>\n<h3>Fragen \/ Antworten<\/h3>\n<p>Wie kann ich ein Ford-Ger\u00e4t entsperren?<\/p>\n<p>Sie m\u00fcssen den Sicherheitscode des Radios eingeben. Dieser befindet sich im Serviceheft.<\/p>\n<p>Wo finde ich den Ford 6000 CD Autoradio-Code?<\/p>\n<p>Den Ford 6000 CD Autoradio-Code finden Sie im Serviceheft oder direkt online mit Ihrer Seriennummer.<\/p>\n<p>Wie kann ich ein Autoradio entsperren?<\/p>\n<p>Wenn das Autoradio Wait oder Locked anzeigt, m\u00fcssen Sie den Sicherheitscode des Radios eingeben.<\/p>\n<p>Wie kann ich ein Ford Focus-Radio zur\u00fccksetzen?<\/p>\n<p>Um ein Ford Focus-Radio zur\u00fcckzusetzen, m\u00fcssen Sie zun\u00e4chst den urspr\u00fcnglichen Autoradio-Code finden und diesen dann in das Radio eingeben.[\/vc_column_text][\/vc_column][\/vc_row][vc_row css=&#8221;.vc_custom_1680203621824{padding-top: 50px !important;}&#8221;][vc_column width=&#8221;1\/2&#8243; el_id=&#8221;code-autoradio-ford-gratuit&#8221;][vc_column_text]<\/p>\n<h2 style=\"text-align: left;\">5 &#8211; Kostenloser Ford radio Code<\/h2>\n<h3 style=\"text-align: left;\">Wie finde ich einen kostenlosen Ford Autoradio-Code?<\/h3>\n<p style=\"text-align: left;\">Finden Sie kostenlos Ihren Ford Autoradio-Code, indem Sie in unserer Ford-Datenbank unten nach Ihrer Seriennummer suchen.<\/p>\n\n<p>Laden Sie die Ford Autoradio-Code-Datenbank herunter![\/vc_column_text][\/vc_column][vc_column width=&#8221;1\/2&#8243;][vc_column_text]<\/p>\n<h3>Wo kann ich nach einem kostenlosen Ford Autoradio-Code suchen?<\/h3>\n<p>Wenn Sie Ihre Seriennummer und den entsprechenden Code nicht in unserer kostenlosen Ford Autoradio-Code-Liste finden, k\u00f6nnen Sie eventuell in Ihrem Serviceheft nachsehen. Es ist m\u00f6glich, dass der Ford Autoradio-Code auf einer Seite des Heftes eingetragen ist.<\/p>\n<p>Wir bieten auch einen Service an, bei dem Sie Ihren Ford Autoradio-Code sofort 7 Tage die Woche 24 Stunden per SMS erhalten, indem Sie uns einfach Ihre Seriennummer mitteilen, die mit M oder V + 6 Zeichen beginnt.<\/p>\n<h3>Wie bekomme ich die Seriennummer, um den Ford Autoradio-Code kostenlos zu finden?<\/h3>\n<p>Die Seriennummer eines Ford Autoradios finden Sie, indem Sie die Tasten 1 und 6 oder 1 und 5 gleichzeitig auf Ihrem Ford Radio dr\u00fccken. Die Seriennummer wird dann auf dem LCD-Bildschirm Ihres Frod-Fahrzeugs vom Typ Fiesta, Focus, Ka, Ranger&#8230; angezeigt.[\/vc_column_text][\/vc_column][\/vc_row]<\/p>\n<\/div>","protected":false},"excerpt":{"rendered":"<h2>\u00a0Wie finde ich den Ford radio code?<\/h2>\n","protected":false},"featured_media":2553,"template":"","meta":[],"product_brand":[],"product_cat":[143,335],"product_tag":[],"class_list":{"0":"post-41083","1":"product","2":"type-product","3":"status-publish","4":"has-post-thumbnail","6":"product_cat-automobilhersteller","7":"product_cat-ford-de","9":"first","10":"instock","11":"featured","12":"virtual","13":"sold-individually","14":"taxable","15":"purchasable","16":"product-type-simple"},"_links":{"self":[{"href":"https:\/\/www.code-autoradio.com\/de\/wp-json\/wp\/v2\/product\/41083","targetHints":{"allow":["GET"]}}],"collection":[{"href":"https:\/\/www.code-autoradio.com\/de\/wp-json\/wp\/v2\/product"}],"about":[{"href":"https:\/\/www.code-autoradio.com\/de\/wp-json\/wp\/v2\/types\/product"}],"wp:featuredmedia":[{"embeddable":true,"href":"https:\/\/www.code-autoradio.com\/de\/wp-json\/wp\/v2\/media\/2553"}],"wp:attachment":[{"href":"https:\/\/www.code-autoradio.com\/de\/wp-json\/wp\/v2\/media?parent=41083"}],"wp:term":[{"taxonomy":"product_brand","embeddable":true,"href":"https:\/\/www.code-autoradio.com\/de\/wp-json\/wp\/v2\/product_brand?post=41083"},{"taxonomy":"product_cat","embeddable":true,"href":"https:\/\/www.code-autoradio.com\/de\/wp-json\/wp\/v2\/product_cat?post=41083"},{"taxonomy":"product_tag","embeddable":true,"href":"https:\/\/www.code-autoradio.com\/de\/wp-json\/wp\/v2\/product_tag?post=41083"}],"curies":[{"name":"wp","href":"https:\/\/api.w.org\/{rel}","templated":true}]}}