{"id":39131,"date":"2019-07-12T00:00:00","date_gmt":"2019-07-11T22:00:00","guid":{"rendered":"https:\/\/www.code-autoradio.com\/informacion-juridica\/"},"modified":"2019-07-12T00:00:00","modified_gmt":"2019-07-11T22:00:00","slug":"informacion-juridica","status":"publish","type":"page","link":"https:\/\/www.code-autoradio.com\/es\/informacion-juridica\/","title":{"rendered":"Informaci\u00f3n jur\u00eddica"},"content":{"rendered":"<h2>NOMBRE Y DOMICILIO SOCIAL :<\/h2>\n<p>&nbsp;<\/p>\n<h2>SASU MGLX<br \/>\nSIRENA : 885220897<br \/>\nInscrita en el INSEE el 17-07-2020<\/h2>\n<h2>Alojamiento<\/h2>\n<p>O2SWITCH, 222-224 Boulevard Gustave Flaubert 63000 Clermont-Ferrand<br \/>\nSARL o2switch con un capital de 7500\u20ac.<br \/>\nRCS: Clermont-Ferrand &#8211; SIRET: 510 909 80700016 &#8211; IVA: FR35510909807<\/p>\n<h2>Tratamiento de datos personales<\/h2>\n<p>Los visitantes disponen de un derecho de acceso, modificaci\u00f3n, rectificaci\u00f3n y supresi\u00f3n de los datos que les conciernen (art\u00edculo 34 de la Ley francesa de Protecci\u00f3n de Datos). Para ejercer este derecho, p\u00f3ngase en contacto por correo electr\u00f3nico con los directores de la publicaci\u00f3n antes mencionados. Adem\u00e1s, de conformidad con la Ley n\u00ba 2004-801 de 6 de agosto de 2004 relativa a la protecci\u00f3n de las personas f\u00edsicas en lo que respecta al tratamiento de datos personales, que modifica la Ley n\u00ba 78-17 de 6 de enero de 1978, este sitio web ha sido registrado en la CNIL con el n\u00famero.<\/p>\n<h2>Derechos de propiedad intelectual<\/h2>\n<p>Todo este sitio est\u00e1 sujeto a la legislaci\u00f3n francesa e internacional sobre derechos de autor y propiedad intelectual. Quedan reservados todos los derechos de reproducci\u00f3n, incluidos los documentos iconogr\u00e1ficos y fotogr\u00e1ficos. Toda reproducci\u00f3n total o parcial de este sitio por cualquier medio constituye una infracci\u00f3n sancionada por los art\u00edculos L 335-2 y siguientes del C\u00f3digo franc\u00e9s de la Propiedad Intelectual. Lo mismo ocurre con las bases de datos del sitio, que est\u00e1n protegidas por las disposiciones de la Directiva europea de 11 de marzo de 1996 sobre la protecci\u00f3n jur\u00eddica de las bases de datos.<\/p>\n<h2>Exenci\u00f3n de responsabilidad<\/h2>\n<p>Tenga en cuenta que code-autoradio.Com es un sitio web independiente y de ninguna manera est\u00e1 autorizado, conectado o asociado con ninguna marca de autom\u00f3viles, todos los derechos de autor y marcas comerciales son propiedad de sus due\u00f1os, no vendemos ni suministramos ning\u00fan producto. Somos especialistas en descodificaci\u00f3n de autorradios y todas nuestras descodificaciones se obtienen a trav\u00e9s de bases de datos de nuestra propiedad o mediante herramientas de descodificaci\u00f3n de radio propias para  <a href=\"https:\/\/www.code-autoradio.com\/produit\/renault\/\">C\u00f3digo de la radio del coche Renault<\/a>,  <a href=\"https:\/\/www.code-autoradio.com\/produit\/ford\/\">C\u00f3digo de radio de coche Ford<\/a>,  <a href=\"https:\/\/www.code-autoradio.com\/produit\/code-autoradio-nissan\/\">Nissan<\/a> c\u00f3digo de radio del coche, <a href=\"https:\/\/www.code-autoradio.com\/produit\/seat\/\">Seat c\u00f3digo de radio del coche<\/a>, <a href=\"https:\/\/www.code-autoradio.com\/produit\/audi\/\">Audi c\u00f3digo de radio del coche<\/a>, <a href=\"https:\/\/www.code-autoradio.com\/produit\/volkswagen\/\">Volkswagen c\u00f3digo de radio del coche<\/a>, <a href=\"https:\/\/www.code-autoradio.com\/produit\/renault-navigation-gps\/\">Renault c\u00f3digo de autenticaci\u00f3n<\/a>, etc &#8230;<\/p>\n","protected":false},"excerpt":{"rendered":"<p>NOMBRE Y DOMICILIO SOCIAL : &nbsp; SASU MGLX SIRENA : 885220897 Inscrita en el INSEE el 17-07-2020 Alojamiento O2SWITCH, 222-224 Boulevard Gustave Flaubert 63000 Clermont-Ferrand SARL o2switch con un capital de 7500\u20ac. RCS: Clermont-Ferrand &#8211; SIRET: 510 909 80700016 &#8211; IVA: FR35510909807 Tratamiento de datos personales Los visitantes disponen de un derecho de acceso, modificaci\u00f3n, [&hellip;]<\/p>\n","protected":false},"author":1,"featured_media":0,"parent":0,"menu_order":0,"comment_status":"closed","ping_status":"open","template":"","meta":{"footnotes":""},"class_list":["post-39131","page","type-page","status-publish","hentry"],"_links":{"self":[{"href":"https:\/\/www.code-autoradio.com\/es\/wp-json\/wp\/v2\/pages\/39131","targetHints":{"allow":["GET"]}}],"collection":[{"href":"https:\/\/www.code-autoradio.com\/es\/wp-json\/wp\/v2\/pages"}],"about":[{"href":"https:\/\/www.code-autoradio.com\/es\/wp-json\/wp\/v2\/types\/page"}],"author":[{"embeddable":true,"href":"https:\/\/www.code-autoradio.com\/es\/wp-json\/wp\/v2\/users\/1"}],"replies":[{"embeddable":true,"href":"https:\/\/www.code-autoradio.com\/es\/wp-json\/wp\/v2\/comments?post=39131"}],"version-history":[{"count":0,"href":"https:\/\/www.code-autoradio.com\/es\/wp-json\/wp\/v2\/pages\/39131\/revisions"}],"wp:attachment":[{"href":"https:\/\/www.code-autoradio.com\/es\/wp-json\/wp\/v2\/media?parent=39131"}],"curies":[{"name":"wp","href":"https:\/\/api.w.org\/{rel}","templated":true}]}}