{"id":39139,"date":"2019-01-31T00:00:00","date_gmt":"2019-01-30T23:00:00","guid":{"rendered":"https:\/\/www.code-autoradio.com\/condiciones-generales\/"},"modified":"2019-01-31T00:00:00","modified_gmt":"2019-01-30T23:00:00","slug":"condiciones-generales","status":"publish","type":"page","link":"https:\/\/www.code-autoradio.com\/es\/condiciones-generales\/","title":{"rendered":"CONDICIONES GENERALES"},"content":{"rendered":"<h3>Regla n\u00ba 1: exhaustividad<\/h3>\n<p>Todo pedido de un producto en la tienda en l\u00ednea implica la aceptaci\u00f3n plena y sin reservas de las presentes condiciones generales de venta. Ninguna condici\u00f3n general o espec\u00edfica que figure en los documentos enviados o entregados por el cliente podr\u00e1 incorporarse a las presentes condiciones, en la medida en que dichos documentos sean incompatibles con las presentes condiciones. Si alguna de las cl\u00e1usulas del presente contrato quedara sin efecto por un cambio legislativo o reglamentario o por una sentencia judicial, ello no afectar\u00e1 en modo alguno a la validez y al cumplimiento de las presentes condiciones generales de venta.<\/p>\n<h3>Regla n\u00ba 2: Entrada en vigor &#8211; validaci\u00f3n de la orden<\/h3>\n<p>Estas condiciones entran en vigor cuando el cliente valida su pedido. Por consiguiente, declara aceptar \u00edntegramente y sin reservas las presentes condiciones generales de venta. Las presentes condiciones generales se concluyen por la duraci\u00f3n necesaria para el suministro de los bienes y servicios suscritos, hasta la extinci\u00f3n de las garant\u00edas debidas por code-autoradio.com.<\/p>\n<h3>Norma n\u00ba 3: Prueba de la transacci\u00f3n<\/h3>\n<p>Los datos registrados por <a href=\"https:\/\/www.code-autoradio.com\">code-autoradio.<\/a> com constituyen la prueba de todas las transacciones entre <a href=\"https:\/\/www.code-autoradio.com\">code-autoradio.com<\/a> y sus clientes. Los datos registrados por el sistema de pago constituyen la prueba de las transacciones financieras.<\/p>\n<h3>Regla n\u00ba 4: Precio<\/h3>\n<p>Los precios se indican seg\u00fan el pa\u00eds. code-autoradio.com se reserva el derecho de modificar sus precios en cualquier momento, pero se compromete a aplicar las tarifas en vigor en el momento del pedido. Los productos seguir\u00e1n siendo propiedad de code-autoradio.com hasta que code-autoradio.com haya recibido el pago completo.<\/p>\n<h3>Norma n\u00ba 5: Forma de pago<\/h3>\n<p>Para pagar su pedido, los clientes tienen acceso a todos los medios de pago especificados en el formulario de pedido. El cliente garantiza a code-autoradio.com que dispone de las autorizaciones necesarias para utilizar el medio de pago elegido por \u00e9l al validar el formulario de pedido. code-autoradio.com se reserva el derecho de suspender todo pedido y toda entrega en caso de denegaci\u00f3n de autorizaci\u00f3n de pago por tarjeta bancaria por los organismos oficialmente acreditados o en caso de impago. code-autoradio.com se reserva el derecho de anular cualquier pedido de un cliente con el que exista un litigio relativo al pago de un pedido anterior. code-autoradio.com ha puesto en marcha un procedimiento de verificaci\u00f3n de pedidos dise\u00f1ado para garantizar que nadie utilice los datos bancarios de otra persona sin su conocimiento. En el marco de esta verificaci\u00f3n, se podr\u00e1 solicitar al cliente que env\u00ede una copia de un documento de identidad y un justificante de domicilio a code-autoradio.com por correo electr\u00f3nico o postal. El pedido s\u00f3lo se validar\u00e1 cuando se hayan recibido y comprobado los documentos enviados.<\/p>\n<h3>Regla n\u00ba 6: Disponibilidad<\/h3>\n<p>code-autoradio.com se compromete a atender los pedidos recibidos en el sitio web \u00fanicamente dentro de los l\u00edmites de las existencias disponibles de productos. Si el producto no est\u00e1 disponible, code-autoradio.com se compromete a informar al cliente lo antes posible. Este \u00faltimo tendr\u00e1 entonces la opci\u00f3n de solicitar el reembolso de las sumas abonadas en un plazo m\u00e1ximo de 30 d\u00edas a partir de su pago, o el cambio del producto. En caso de escasez temporal de existencias, damos a los clientes la opci\u00f3n de anular su pedido o aceptar recibirlo en una fecha posterior, una vez recibidos los art\u00edculos temporalmente no disponibles. Todos los productos como c\u00f3digos de autorradio <a href=\"https:\/\/www.code-autoradio.com\/produit\/renault\/\">Renault<\/a>, c\u00f3digos de autorradio <a href=\"https:\/\/www.code-autoradio.com\/produit\/ford\/\">Ford<\/a>, c\u00f3digos de autorradio <a href=\"https:\/\/www.code-autoradio.com\/produit\/code-autoradio-nissan\/\">Nissan<\/a>, <a href=\"https:\/\/www.code-autoradio.com\/produit\/seat\/\">c\u00f3digos de autorradio Seat<\/a>, <a href=\"https:\/\/www.code-autoradio.com\/produit\/audi\/\">c\u00f3digos de autorradio Audi<\/a>, <a href=\"https:\/\/www.code-autoradio.com\/produit\/volkswagen\/\">c\u00f3digos de autorradio Volkswagen<\/a>, <a href=\"https:\/\/www.code-autoradio.com\/produit\/renault-navigation-gps\/\">c\u00f3digos de autentificaci\u00f3n Renault<\/a>, etc&#8230; est\u00e1n disponibles 24 horas al d\u00eda, 7 d\u00edas a la semana.<\/p>\n<h3>Regla 7: Condiciones de entrega<\/h3>\n<p>El producto solicitado se entrega por correo electr\u00f3nico, SMS, correo postal o por un transportista independiente, dependiendo de la naturaleza del producto solicitado y por iniciativa exclusiva de code-autoradio.com, a la direcci\u00f3n indicada en el formulario de pedido. Los plazos de entrega se indican franco almac\u00e9n. La elecci\u00f3n del m\u00e9todo de entrega depende del peso, el volumen y el valor de los art\u00edculos.<\/p>\n<h3>Regla n\u00ba 8: Plazos de entrega<\/h3>\n<p>code-autoradio.com se compromete a realizar las entregas en un plazo de 48 horas a partir del pago \u00edntegro del pedido por parte del cliente o de 24 horas si se opta por esta opci\u00f3n. En caso de retraso inhabitual, se enviar\u00e1 un correo electr\u00f3nico al cliente. En el caso de art\u00edculos que pueden entregarse en distintas fechas en funci\u00f3n de su disponibilidad, el plazo de entrega se basa en el plazo m\u00e1s largo. code-autoradio.com se reserva el derecho de fraccionar las entregas. Los gastos de env\u00edo s\u00f3lo se cobrar\u00e1n por un \u00fanico env\u00edo. En caso de pago con tarjeta de cr\u00e9dito, los plazos indicados corresponden a los plazos de tramitaci\u00f3n y entrega de los productos. Si el cliente no ha recibido nada en los 6 d\u00edas siguientes a la validaci\u00f3n del pedido, deber\u00e1 notificarlo a code-autoradio.com, que se ocupar\u00e1 directamente del asunto y podr\u00e1, si es necesario, volver a enviar el pedido.<\/p>\n<p>&nbsp;<\/p>\n<h3>Regla n\u00ba 9: Errores de entrega<\/h3>\n<p>code-autoradio.com se compromete a reembolsar o cambiar los productos que no correspondan al pedido (defectuosos o no conformes). El cliente debe formular por cualquier medio (correo electr\u00f3nico, correo certificado con acuse de recibo&#8230;) el d\u00eda de la entrega o a m\u00e1s tardar en los 14 d\u00edas laborables siguientes a la entrega cualquier reclamaci\u00f3n relativa a art\u00edculos que no correspondan a su pedido (error de entrega, no conformidad de los productos&#8230;). Las reclamaciones deben dirigirse al Servicio de Atenci\u00f3n al Cliente, cuyos datos de contacto figuran en el art\u00edculo 11. En caso de reclamaci\u00f3n, el cliente deber\u00e1 facilitar sus datos de contacto, el n\u00famero de pedido, las referencias del producto que figuran en el albar\u00e1n de entrega y los motivos de la reclamaci\u00f3n. No se aceptar\u00e1 ninguna reclamaci\u00f3n presentada fuera de plazo. La devoluci\u00f3n de productos en caso de error, defecto o no conformidad del producto s\u00f3lo se aceptar\u00e1 para productos completos, en su estado original (embalaje, accesorios, instrucciones, etc.). Para facilitar la gesti\u00f3n administrativa, le recomendamos que obtenga un n\u00famero de seguimiento antes de devolver el producto.<\/p>\n<p>Para obtener este n\u00famero de expediente, los clientes deben enviar un correo electr\u00f3nico a: contact@code-autoradio.com.<\/p>\n<h3>Norma n\u00ba 10: Datos de contacto del servicio t\u00e9cnico y de atenci\u00f3n al cliente<\/h3>\n<p>Para cualquier informaci\u00f3n o pregunta relacionada con su pedido, p\u00f3ngase en contacto con nuestro Servicio de Atenci\u00f3n al Cliente:<\/p>\n<p>Correo electr\u00f3nico : contact@code-autoradio.com<\/p>\n<h3>Regla n\u00ba 11: Garant\u00eda de los productos<\/h3>\n<p>Garant\u00eda del fabricante sobre los productos t\u00e9cnicos :<\/p>\n<p>La garant\u00eda comercial ofrecida por code-autoradio.com es la garant\u00eda del fabricante. El periodo de garant\u00eda incluido en los precios es el que figura en la descripci\u00f3n del producto en el sitio web. Entra en vigor en la fecha de recepci\u00f3n del paquete, tom\u00e1ndose como prueba la fecha que figura en la factura de compra. Cubre la reparaci\u00f3n del aparato (piezas y mano de obra) durante un periodo de 2 a\u00f1os a partir de la recepci\u00f3n del producto por parte del consumidor. Al tratarse de una garant\u00eda del fabricante, el mantenimiento suele realizarse en las estaciones t\u00e9cnicas del fabricante. Nuestro Departamento T\u00e9cnico le informar\u00e1 detalladamente de c\u00f3mo se llevar\u00e1 a cabo el trabajo. El cliente puede ponerse en contacto con \u00e9l utilizando los datos de contacto especificados en el art\u00edculo 11.<\/p>\n<p>Esta garant\u00eda contractual est\u00e1 sujeta al uso normal del aparato y a un mantenimiento adecuado de acuerdo con las instrucciones del fabricante suministradas con el producto. La aplicaci\u00f3n de esta garant\u00eda comercial tambi\u00e9n est\u00e1 sujeta a la ausencia de intervenci\u00f3n de un tercero no autorizado por el fabricante. En caso de aver\u00eda o falta de conformidad del producto, considerada irreparable por los t\u00e9cnicos delegados por el fabricante, y en la medida de lo posible, se ofrecer\u00e1 un cambio est\u00e1ndar por un producto equivalente. En caso necesario, se proceder\u00e1 al reembolso.<\/p>\n<p>No cubren el uso anormal o no conforme de los productos, las aver\u00edas relacionadas con los accesorios, los defectos o las consecuencias debidas a un uso no conforme del producto para el fin al que est\u00e1 destinado. Para informarse sobre los pasos a seguir en relaci\u00f3n con el servicio posventa ante cualquier problema o aver\u00eda de un producto, el cliente puede ponerse en contacto con el departamento de Servicio T\u00e9cnico utilizando los datos de contacto especificados en el art\u00edculo 11. En este caso, los gastos de env\u00edo y devoluci\u00f3n correr\u00e1n a cargo del cliente. Para beneficiarse de la garant\u00eda del producto, es imprescindible conservar la factura de compra del producto.<\/p>\n<p>Es necesario obtener un acuerdo de devoluci\u00f3n antes de devolver cualquier producto.<\/p>\n<p>Para obtener este acuerdo de devoluci\u00f3n, el cliente debe enviar un correo electr\u00f3nico a: contact@code-autoradio.com<\/p>\n<p>En caso de que el cliente no respete este procedimiento, code-autoradio.com no podr\u00e1 proceder al reembolso o al cambio mencionados anteriormente.<\/p>\n<h3>Norma n\u00ba 12: Propiedad intelectual<\/h3>\n<p>Todos los elementos del sitio web code-autoradio.com est\u00e1n reservados en virtud de la legislaci\u00f3n sobre derechos de autor y propiedad intelectual para todo el mundo. A este respecto, y de conformidad con las disposiciones del C\u00f3digo de la Propiedad Intelectual franc\u00e9s, s\u00f3lo se permite el uso con fines privados, sin perjuicio de disposiciones diferentes o incluso m\u00e1s restrictivas del C\u00f3digo de la Propiedad Intelectual. Cualquier otro uso constituye una infracci\u00f3n y est\u00e1 penado por la legislaci\u00f3n sobre Propiedad Intelectual, salvo autorizaci\u00f3n previa de code-autoradio.com. Queda terminantemente prohibida la reproducci\u00f3n total o parcial del sitio.<\/p>\n<h3>Norma n\u00ba 13: Responsabilidad<\/h3>\n<p>code-autoradio.com no se hace responsable de la p\u00e9rdida de datos o archivos. Es responsabilidad del comprador hacer todas las copias de seguridad necesarias. Code-autoradio.com no podr\u00e1 ser considerada responsable de la imposibilidad total o parcial de utilizar los productos, en particular debido a la incompatibilidad de los equipos, y no podr\u00e1 ser considerada responsable de ninguna indemnizaci\u00f3n o reembolso. code-autoradio.com es responsable del contenido de las obras y puede ser considerado responsable ante el comprador.<\/p>\n<h3>Norma n\u00ba 14: Datos personales<\/h3>\n<p>code-autoradio.com se compromete a no revelar a terceros la informaci\u00f3n que el cliente le comunique. Son confidenciales. S\u00f3lo ser\u00e1 utilizada por sus servicios internos para tramitar el pedido y reforzar y personalizar la comunicaci\u00f3n y la oferta cultural y de productos reservada a los clientes de code-autoradio, en particular por los boletines informativos de code-autoradio.com a los que el cliente estar\u00e1 suscrito, as\u00ed como en el marco de la personalizaci\u00f3n del sitio en funci\u00f3n de los centros de inter\u00e9s del cliente. De conformidad con la Ley francesa de Protecci\u00f3n de Datos de 6 de enero de 1978, los usuarios tienen derecho a acceder y rectificar los datos que les conciernen.<\/p>\n<h3>Norma 15: Ley aplicable<\/h3>\n<p>El presente contrato se rige por la legislaci\u00f3n francesa. La lengua del presente contrato es el franc\u00e9s. En caso de litigio, los tribunales franceses ser\u00e1n los \u00fanicos competentes.<\/p>\n","protected":false},"excerpt":{"rendered":"<p>Regla n\u00ba 1: exhaustividad Todo pedido de un producto en la tienda en l\u00ednea implica la aceptaci\u00f3n plena y sin reservas de las presentes condiciones generales de venta. Ninguna condici\u00f3n general o espec\u00edfica que figure en los documentos enviados o entregados por el cliente podr\u00e1 incorporarse a las presentes condiciones, en la medida en que [&hellip;]<\/p>\n","protected":false},"author":1,"featured_media":0,"parent":0,"menu_order":0,"comment_status":"open","ping_status":"open","template":"","meta":{"footnotes":""},"class_list":["post-39139","page","type-page","status-publish","hentry"],"_links":{"self":[{"href":"https:\/\/www.code-autoradio.com\/es\/wp-json\/wp\/v2\/pages\/39139","targetHints":{"allow":["GET"]}}],"collection":[{"href":"https:\/\/www.code-autoradio.com\/es\/wp-json\/wp\/v2\/pages"}],"about":[{"href":"https:\/\/www.code-autoradio.com\/es\/wp-json\/wp\/v2\/types\/page"}],"author":[{"embeddable":true,"href":"https:\/\/www.code-autoradio.com\/es\/wp-json\/wp\/v2\/users\/1"}],"replies":[{"embeddable":true,"href":"https:\/\/www.code-autoradio.com\/es\/wp-json\/wp\/v2\/comments?post=39139"}],"version-history":[{"count":0,"href":"https:\/\/www.code-autoradio.com\/es\/wp-json\/wp\/v2\/pages\/39139\/revisions"}],"wp:attachment":[{"href":"https:\/\/www.code-autoradio.com\/es\/wp-json\/wp\/v2\/media?parent=39139"}],"curies":[{"name":"wp","href":"https:\/\/api.w.org\/{rel}","templated":true}]}}