{"id":39145,"date":"2021-04-27T12:30:41","date_gmt":"2021-04-27T10:30:41","guid":{"rendered":"https:\/\/www.code-autoradio.com\/las-respuestas-a-sus-preguntas\/"},"modified":"2024-01-23T09:47:50","modified_gmt":"2024-01-23T08:47:50","slug":"las-respuestas-a-sus-preguntas","status":"publish","type":"page","link":"https:\/\/www.code-autoradio.com\/es\/las-respuestas-a-sus-preguntas\/","title":{"rendered":"Las respuestas a sus preguntas"},"content":{"rendered":"<div class=\"wpb-content-wrapper\"><p>[vc_section css=&#8221;.vc_custom_1616847010605{padding-top: 106px !important;padding-bottom: 98px !important;background: #142f4a url(https:\/\/d-themes.com\/wordpress\/riode\/elements\/wp-content\/uploads\/sites\/3\/2021\/01\/faq.jpg?id=5556) !important;background-position: center !important;background-repeat: no-repeat !important;background-size: cover !important;}&#8221; el_class=&#8221;overflow-hidden&#8221;][vc_row gap=&#8221;0&#8243;][vc_column css=&#8221;.vc_custom_1616847023878{padding-right: 20px !important;padding-left: 20px !important;}&#8221;]<div class=\"title-wrapper  wpb_custom_b33afc6f7325ff6b5727d1c63e7cfdbd vc_custom_1705999469108 title-center link-left\" ><h3 class=\"title\">PREGUNTAS FRECUENTES<\/h3><\/div>[\/vc_column][\/vc_row][\/vc_section][vc_section wrap_container=&#8221;container&#8221; css=&#8221;.vc_custom_1616845742604{margin-top: 45px !important;}&#8221;][vc_row][vc_column width=&#8221;1\/3&#8243;][\/vc_column][vc_column width=&#8221;1\/3&#8243;][vc_column_text]<\/p>\n<h3 style=\"text-align: center;\">\u00bfC\u00f3mo funciona?<\/h3>\n<p>[\/vc_column_text][vc_video link=&#8221;https:\/\/www.youtube.com\/watch?v=g7yKnxIAVwc&#8221; el_aspect=&#8221;916&#8243; align=&#8221;center&#8221;][\/vc_column][vc_column width=&#8221;1\/3&#8243;][\/vc_column][\/vc_row][vc_row][vc_column width=&#8221;1\/2&#8243; el_class=&#8221;mb-4 mb-md-0&#8243;]<div class=\"title-wrapper  wpb_custom_84e9f83412064a92a7b5728bcf459bc9 mb-5 pl-2 title-left link-left\" ><h3 class=\"title\">Antes de hacer el pedido<\/h3><\/div><div class=\"riode-accordion-container  wpb_custom_ad73f64dbbdfa71c678077cf3bfbaa6d vc_custom_1616991170564\" >\r\n<div class=\" accordion accordion-simple\"><div class=\"riode-accordion-item-container card  wpb_custom_2d4bdb507d16bc88d18e708cdf906ed3\" >\r\n<div class=\"card-header\">\r\n\t<a href=\"#\" class=\"collapse\">\r\n\t<span class=\"title\">\u00bfPor qu\u00e9 pedir tu c\u00f3digo en code-autoradio.com?<\/span><span class=\"toggle-icon opened\"><i class=\"d-icon-minus\"><\/i><\/span><span class=\"toggle-icon closed\"><i class=\"d-icon-plus\"><\/i><\/span>\t<\/a>\r\n<\/div>\r\n<div class=\"card-body expanded\">\r\n[vc_custom_heading text=&#8221;code-autoradio.com es el N\u00b01 y \u00fanico servicio franc\u00e9s para calcular, descodificar o desbloquear su autorradio r\u00e1pidamente y a bajo precio. Desde 2008, trabajamos 7 d\u00edas a la semana para ofrecerte el mejor servicio, con m\u00e1s de 50.000 clientes satisfechos.&#8221; font_container=&#8221;tag:p|text_align:left&#8221; use_theme_fonts=&#8221;yes&#8221;][vc_column_text]<\/p>\n<p>Todos los productos como c\u00f3digos de autorradio <a href=\"https:\/\/www.code-autoradio.com\/es\/codigo\/codigo-radio-renault\/\">Renault<\/a>, c\u00f3digos de autorradio <a href=\"https:\/\/www.code-autoradio.com\/es\/codigo\/codigo-radio-ford\/\">Ford<\/a>, c\u00f3digos de autorradio <a href=\"https:\/\/www.code-autoradio.com\/es\/codigo\/codigo-radio-nissan\/\">Nissan<\/a>, <a href=\"https:\/\/www.code-autoradio.com\/es\/codigo\/codigo-radio-seat\/\">c\u00f3digos de autorradio Seat<\/a>, <a href=\"https:\/\/www.code-autoradio.com\/es\/codigo\/codigo-radio-audi\/\">c\u00f3digos de autorradio Audi<\/a>, <a href=\"https:\/\/www.code-autoradio.com\/es\/codigo\/codigo-radio-volkswagen\/\">c\u00f3digos de autorradio Volkswagen<\/a>, <a href=\"https:\/\/www.code-autoradio.com\/es\/codigo\/clave-autenticacion-renault\/\">c\u00f3digos de autentificaci\u00f3n Renault<\/a>, etc&#8230; est\u00e1n disponibles 24 horas al d\u00eda, 7 d\u00edas a la semana.<\/p>\n<p>[\/vc_column_text]<\/div>\r\n<\/div>\r\n<div class=\"riode-accordion-item-container card  wpb_custom_2d4bdb507d16bc88d18e708cdf906ed3\" >\r\n<div class=\"card-header\">\r\n\t<a href=\"#\" class=\"expand\">\r\n\t<span class=\"title\">\u00bfSe puede desbloquear un autorradio sin n\u00famero de serie?<\/span><span class=\"toggle-icon opened\"><i class=\"d-icon-minus\"><\/i><\/span><span class=\"toggle-icon closed\"><i class=\"d-icon-plus\"><\/i><\/span>\t<\/a>\r\n<\/div>\r\n<div class=\"card-body collapsed\">\r\n[vc_custom_heading text=&#8221;No, eso es imposible. Si es as\u00ed, p\u00f3ngase en contacto con nosotros para que le ayudemos a encontrar su n\u00famero de serie. En los modelos Clarion Citro\u00ebn y Peugeot, los concesionarios suelen quitar las etiquetas para que no se pueda encontrar el c\u00f3digo de desbloqueo.&#8221; font_container=&#8221;tag:p|text_align:left&#8221; use_theme_fonts=&#8221;yes&#8221;]<\/div>\r\n<\/div>\r\n<div class=\"riode-accordion-item-container card  wpb_custom_2d4bdb507d16bc88d18e708cdf906ed3\" >\r\n<div class=\"card-header\">\r\n\t<a href=\"#\" class=\"expand\">\r\n\t<span class=\"title\">\u00bfC\u00f3mo puedo obtener el c\u00f3digo de mi radio?<\/span><span class=\"toggle-icon opened\"><i class=\"d-icon-minus\"><\/i><\/span><span class=\"toggle-icon closed\"><i class=\"d-icon-plus\"><\/i><\/span>\t<\/a>\r\n<\/div>\r\n<div class=\"card-body collapsed\">\r\n[vc_custom_heading text=&#8221;Para obtener el c\u00f3digo de su radio, necesitaremos uno o m\u00e1s n\u00fameros de serie \u00fanicos para encontrar el c\u00f3digo de desbloqueo y envi\u00e1rselo por correo electr\u00f3nico o mensaje de texto. La informaci\u00f3n solicitada o la composici\u00f3n de los n\u00fameros de serie pueden variar de un modelo a otro. Para evitar errores, en las p\u00e1ginas de cada marca se dan ejemplos, por lo que le animamos a leerlos. Nunca le pediremos el n\u00famero de serie del veh\u00edculo ni el permiso de circulaci\u00f3n, excepto para los modelos RENAULT VIN.&#8221; font_container=&#8221;tag:p|text_align:left&#8221; use_theme_fonts=&#8221;yes&#8221;]<\/div>\r\n<\/div>\r\n<div class=\"riode-accordion-item-container card  wpb_custom_2d4bdb507d16bc88d18e708cdf906ed3\" >\r\n<div class=\"card-header\">\r\n\t<a href=\"#\" class=\"expand\">\r\n\t<span class=\"title\">\u00bfC\u00f3mo se encuentra el c\u00f3digo?<\/span><span class=\"toggle-icon opened\"><i class=\"d-icon-minus\"><\/i><\/span><span class=\"toggle-icon closed\"><i class=\"d-icon-plus\"><\/i><\/span>\t<\/a>\r\n<\/div>\r\n<div class=\"card-body collapsed\">\r\n[vc_custom_heading text=&#8221;Una vez realizado el pedido, nuestros equipos utilizan nuestras bases de datos y software y se ponen en contacto con los concesionarios de las marcas de autom\u00f3viles m\u00e1s importantes, como Audi o Volkswagen, para encontrar el c\u00f3digo de la radio de su coche lo antes posible.&#8221; font_container=&#8221;tag:p|text_align:left&#8221; use_theme_fonts=&#8221;yes&#8221;]<\/div>\r\n<\/div>\r\n<div class=\"riode-accordion-item-container card  wpb_custom_2d4bdb507d16bc88d18e708cdf906ed3\" >\r\n<div class=\"card-header\">\r\n\t<a href=\"#\" class=\"expand\">\r\n\t<span class=\"title\">N\u00famero de serie incorrecto de Audi, VW, Skoda y Seat<\/span><span class=\"toggle-icon opened\"><i class=\"d-icon-minus\"><\/i><\/span><span class=\"toggle-icon closed\"><i class=\"d-icon-plus\"><\/i><\/span>\t<\/a>\r\n<\/div>\r\n<div class=\"card-body collapsed\">\r\n[vc_custom_heading text=&#8221;A veces los c\u00f3digos no funcionan para las autorradios del Grupo Volkswagen debido a errores en el n\u00famero de serie que confunden una i con una L. Todos los n\u00fameros de serie se escriben en may\u00fasculas, as\u00ed que si ves una I en tu n\u00famero de serie, es una i may\u00fascula.<br \/>\nEjemplo: VWZAZ2I8284518 no confundir con VWZAZ2L8284518&#8243; font_container=&#8221;tag:p|text_align:left&#8221; use_theme_fonts=&#8221;yes&#8221;]<\/div>\r\n<\/div>\r\n<div class=\"riode-accordion-item-container card  wpb_custom_2d4bdb507d16bc88d18e708cdf906ed3\" >\r\n<div class=\"card-header\">\r\n\t<a href=\"#\" class=\"expand\">\r\n\t<span class=\"title\">Encontrar el c\u00f3digo sin desmontar<\/span><span class=\"toggle-icon opened\"><i class=\"d-icon-minus\"><\/i><\/span><span class=\"toggle-icon closed\"><i class=\"d-icon-plus\"><\/i><\/span>\t<\/a>\r\n<\/div>\r\n<div class=\"card-body collapsed\">\r\n[vc_custom_heading text=&#8221;&#8221; font_container=&#8221;tag:p|text_align:left&#8221; use_theme_fonts=&#8221;yes&#8221;][vc_column_text]En algunas marcas de coches no es posible desmontar el autorradio para encontrar los n\u00fameros de serie. Puedes encontrar toda la informaci\u00f3n sobre: <a href=\"https:\/\/www.code-autoradio.com\/code-autoradio-sans-demontage\/\">c\u00f3digo radio coche sin desmontar<\/a>[\/vc_column_text]<\/div>\r\n<\/div>\r\n<\/div><\/div>\r\n[\/vc_column][vc_column width=&#8221;1\/2&#8243; el_class=&#8221;mb-4 mb-md-0&#8243;]<div class=\"title-wrapper  wpb_custom_84e9f83412064a92a7b5728bcf459bc9 mb-5 pl-2 title-left link-left\" ><h3 class=\"title\">Qui\u00e9nes somos<\/h3><\/div><div class=\"riode-accordion-container  wpb_custom_ad73f64dbbdfa71c678077cf3bfbaa6d vc_custom_1616991183244\" >\r\n<div class=\" accordion accordion-simple\"><div class=\"riode-accordion-item-container card  wpb_custom_2d4bdb507d16bc88d18e708cdf906ed3\" >\r\n<div class=\"card-header\">\r\n\t<a href=\"#\" class=\"collapse\">\r\n\t<span class=\"title\">lo que hay que saber<\/span><span class=\"toggle-icon opened\"><i class=\"d-icon-minus\"><\/i><\/span><span class=\"toggle-icon closed\"><i class=\"d-icon-plus\"><\/i><\/span>\t<\/a>\r\n<\/div>\r\n<div class=\"card-body expanded\">\r\n[vc_custom_heading font_container=&#8221;tag:p|text_align:left&#8221; use_theme_fonts=&#8221;yes&#8221;]<\/div>\r\n<\/div>\r\n<div class=\"riode-accordion-item-container card  wpb_custom_2d4bdb507d16bc88d18e708cdf906ed3\" >\r\n<div class=\"card-header\">\r\n\t<a href=\"#\" class=\"expand\">\r\n\t<span class=\"title\">\u00bfC\u00f3mo puedo encontrar el n\u00famero de serie de la radio de mi coche?<\/span><span class=\"toggle-icon opened\"><i class=\"d-icon-minus\"><\/i><\/span><span class=\"toggle-icon closed\"><i class=\"d-icon-plus\"><\/i><\/span>\t<\/a>\r\n<\/div>\r\n<div class=\"card-body collapsed\">\r\n[vc_custom_heading text=&#8221;El n\u00famero de serie se encuentra en la parte frontal de la radio o en la etiqueta de la parte posterior de la radio. Para ello, tienes que desmontar la radio del coche. En algunos casos, como en los modelos Renault o Ford, puede encontrarlo pulsando los botones 1 y 6 o 2 y 6. En el caso de la marca NISSAN, adem\u00e1s del n\u00famero de serie y el n\u00famero de aparato, tambi\u00e9n se le pedir\u00e1 la fecha.&#8221; font_container=&#8221;tag:p|text_align:left&#8221; use_theme_fonts=&#8221;yes&#8221;]<\/div>\r\n<\/div>\r\n<div class=\"riode-accordion-item-container card  wpb_custom_2d4bdb507d16bc88d18e708cdf906ed3\" >\r\n<div class=\"card-header\">\r\n\t<a href=\"#\" class=\"expand\">\r\n\t<span class=\"title\">\u00bfC\u00f3mo puedo recibir un c\u00f3digo de emergencia de la autorradio en 90 minutos por SMS?<\/span><span class=\"toggle-icon opened\"><i class=\"d-icon-minus\"><\/i><\/span><span class=\"toggle-icon closed\"><i class=\"d-icon-plus\"><\/i><\/span>\t<\/a>\r\n<\/div>\r\n<div class=\"card-body collapsed\">\r\n[vc_custom_heading text=&#8221;Para elegir la opci\u00f3n Urgence 90 min, debe marcar la casilla al a\u00f1adir el pedido a la cesta. Esta opci\u00f3n est\u00e1 disponible hasta las 21.00 horas.<\/p>\n<p>Recibir\u00e1s un SMS del destinatario: C\u00f3digo Auto.<br \/>\nHe aqu\u00ed un ejemplo de mensaje de texto enviado:<br \/>\nHola, el c\u00f3digo para desbloquear la radio del coche es: 1234<br \/>\nQue tenga un buen d\u00eda<br \/>\nAurore de Code-Autoradio.com&#8221; font_container=&#8221;tag:p|text_align:left&#8221; use_theme_fonts=&#8221;yes&#8221;]<\/div>\r\n<\/div>\r\n<div class=\"riode-accordion-item-container card  wpb_custom_2d4bdb507d16bc88d18e708cdf906ed3\" >\r\n<div class=\"card-header\">\r\n\t<a href=\"#\" class=\"expand\">\r\n\t<span class=\"title\">He recibido ``c\u00f3digo = `` en blanco. \u00bfQu\u00e9 debo hacer?<\/span><span class=\"toggle-icon opened\"><i class=\"d-icon-minus\"><\/i><\/span><span class=\"toggle-icon closed\"><i class=\"d-icon-plus\"><\/i><\/span>\t<\/a>\r\n<\/div>\r\n<div class=\"card-body collapsed\">\r\n[vc_custom_heading text=&#8221;Si has recibido un mensaje de texto o un correo electr\u00f3nico con el mensaje &#8220;code =&#8220; hay dos posibilidades, o bien el n\u00famero de serie que nos has enviado es incorrecto o nuestros servidores de VW, Audi, Seat o Skoda est\u00e1n en mantenimiento. En cualquier caso, h\u00e1ganoslo saber poni\u00e9ndose en contacto con nosotros en aurore@code-autoradio.com.&#8221; font_container=&#8221;tag:p|text_align:left&#8221; use_theme_fonts=&#8221;yes&#8221;]<\/div>\r\n<\/div>\r\n<div class=\"riode-accordion-item-container card  wpb_custom_2d4bdb507d16bc88d18e708cdf906ed3\" >\r\n<div class=\"card-header\">\r\n\t<a href=\"#\" class=\"expand\">\r\n\t<span class=\"title\">Una vez recibido el c\u00f3digo, \u00bfc\u00f3mo lo introduzco en el autorradio?<\/span><span class=\"toggle-icon opened\"><i class=\"d-icon-minus\"><\/i><\/span><span class=\"toggle-icon closed\"><i class=\"d-icon-plus\"><\/i><\/span>\t<\/a>\r\n<\/div>\r\n<div class=\"card-body collapsed\">\r\n[vc_custom_heading text=&#8221;Hay distintas formas de introducir el c\u00f3digo. En general, tienes que pulsar repetidamente un bot\u00f3n de la radio del coche hasta que aparezca el n\u00famero correcto y, a continuaci\u00f3n, confirmar. El procedimiento a seguir se describe en las p\u00e1ginas correspondientes a cada marca. Nuestros equipos le guiar\u00e1n en los problemas que pueda encontrar.&#8221; font_container=&#8221;tag:p|text_align:left&#8221; use_theme_fonts=&#8221;yes&#8221;]<\/div>\r\n<\/div>\r\n<div class=\"riode-accordion-item-container card  wpb_custom_2d4bdb507d16bc88d18e708cdf906ed3\" >\r\n<div class=\"card-header\">\r\n\t<a href=\"#\" class=\"expand\">\r\n\t<span class=\"title\">\u00bfPor qu\u00e9 pagar por un c\u00f3digo de autorradio?<\/span><span class=\"toggle-icon opened\"><i class=\"d-icon-minus\"><\/i><\/span><span class=\"toggle-icon closed\"><i class=\"d-icon-plus\"><\/i><\/span>\t<\/a>\r\n<\/div>\r\n<div class=\"card-body collapsed\">\r\n[vc_custom_heading text=&#8221;Descubra aqu\u00ed todas nuestras tarifas&#8221; font_container=&#8221;tag:p|text_align:left&#8221; use_theme_fonts=&#8221;yes&#8221; link=&#8221;url:https%3A%2F%2Fwww.code-autoradio.com%2Fpourquoi-payer-code-autoradio%2F|&#8221;]<\/div>\r\n<\/div>\r\n<\/div><\/div>\r\n[\/vc_column][\/vc_row][\/vc_section]<\/p>\n<\/div>","protected":false},"excerpt":{"rendered":"<p>[vc_section css=&#8221;.vc_custom_1616847010605{padding-top: 106px !important;padding-bottom: 98px !important;background: #142f4a url(https:\/\/d-themes.com\/wordpress\/riode\/elements\/wp-content\/uploads\/sites\/3\/2021\/01\/faq.jpg?id=5556) !important;background-position: center !important;background-repeat: no-repeat !important;background-size: cover !important;}&#8221; el_class=&#8221;overflow-hidden&#8221;][vc_row gap=&#8221;0&#8243;][vc_column css=&#8221;.vc_custom_1616847023878{padding-right: 20px !important;padding-left: 20px !important;}&#8221;][\/vc_column][\/vc_row][\/vc_section][vc_section wrap_container=&#8221;container&#8221; css=&#8221;.vc_custom_1616845742604{margin-top: 45px !important;}&#8221;][vc_row][vc_column width=&#8221;1\/3&#8243;][\/vc_column][vc_column width=&#8221;1\/3&#8243;][vc_column_text] \u00bfC\u00f3mo funciona? [\/vc_column_text][vc_video link=&#8221;https:\/\/www.youtube.com\/watch?v=g7yKnxIAVwc&#8221; el_aspect=&#8221;916&#8243; align=&#8221;center&#8221;][\/vc_column][vc_column width=&#8221;1\/3&#8243;][\/vc_column][\/vc_row][vc_row][vc_column width=&#8221;1\/2&#8243; el_class=&#8221;mb-4 mb-md-0&#8243;][\/vc_column][vc_column width=&#8221;1\/2&#8243; el_class=&#8221;mb-4 mb-md-0&#8243;][\/vc_column][\/vc_row][\/vc_section]<\/p>\n","protected":false},"author":1,"featured_media":0,"parent":0,"menu_order":0,"comment_status":"closed","ping_status":"closed","template":"","meta":{"footnotes":""},"class_list":["post-39145","page","type-page","status-publish","hentry"],"_links":{"self":[{"href":"https:\/\/www.code-autoradio.com\/es\/wp-json\/wp\/v2\/pages\/39145","targetHints":{"allow":["GET"]}}],"collection":[{"href":"https:\/\/www.code-autoradio.com\/es\/wp-json\/wp\/v2\/pages"}],"about":[{"href":"https:\/\/www.code-autoradio.com\/es\/wp-json\/wp\/v2\/types\/page"}],"author":[{"embeddable":true,"href":"https:\/\/www.code-autoradio.com\/es\/wp-json\/wp\/v2\/users\/1"}],"replies":[{"embeddable":true,"href":"https:\/\/www.code-autoradio.com\/es\/wp-json\/wp\/v2\/comments?post=39145"}],"version-history":[{"count":3,"href":"https:\/\/www.code-autoradio.com\/es\/wp-json\/wp\/v2\/pages\/39145\/revisions"}],"predecessor-version":[{"id":39152,"href":"https:\/\/www.code-autoradio.com\/es\/wp-json\/wp\/v2\/pages\/39145\/revisions\/39152"}],"wp:attachment":[{"href":"https:\/\/www.code-autoradio.com\/es\/wp-json\/wp\/v2\/media?parent=39145"}],"curies":[{"name":"wp","href":"https:\/\/api.w.org\/{rel}","templated":true}]}}