{"id":13462,"date":"2023-05-10T10:17:09","date_gmt":"2023-05-10T08:17:09","guid":{"rendered":"https:\/\/www.code-autoradio.com\/?post_type=product&#038;p=13462"},"modified":"2024-05-15T16:52:43","modified_gmt":"2024-05-15T14:52:43","slug":"clave-autenticacion-renault","status":"publish","type":"product","link":"https:\/\/www.code-autoradio.com\/es\/codigo\/clave-autenticacion-renault\/","title":{"rendered":"Clave autenticaci\u00f3n Renault"},"content":{"rendered":"<div class=\"wpb-content-wrapper\"><p>[vc_row][vc_column width=&#8221;1\/2&#8243;][vc_column_text]<iframe loading=\"lazy\" title=\"Clave autenticacion Renault\" src=\"https:\/\/www.youtube.com\/embed\/FTkgK_DClYE?si=47KoHyvz3ucOKrE7\" width=\"560\" height=\"315\" frameborder=\"0\" allowfullscreen=\"allowfullscreen\"><span data-mce-type=\"bookmark\" style=\"display: inline-block; width: 0px; overflow: hidden; line-height: 0;\" class=\"mce_SELRES_start\">\ufeff<\/span><\/iframe><\/p>\n<h2>Intro &#8211; Descubra c\u00f3mo obtener su clave autenticaci\u00f3n Renault de forma gratuita o con nuestro servicio online.<\/h2>\n<p style=\"text-align: center;\"><em>\u00a1Le proporcionamos su <strong>clave autenticaci\u00f3n Renault<\/strong> GPS los 7 d\u00edas de la semana, las 24 horas del d\u00eda entre 1 y 24 horas!<\/em><\/p>\n<p>\u00bfSe ha estropeado la radio GPS de tu Renault? \u00bfTe pide una <strong>clave de autenticaci\u00f3n<\/strong>? \u00bfY no sabes c\u00f3mo encontrar este c\u00f3digo pin de Renault?<\/p>\n<p>\u00bfSe debe a un fallo de la bater\u00eda, a una mala manipulaci\u00f3n de sus fusibles o a un fallo del GPS?<\/p>\n<p>Este ha sido el caso de miles de propietarios de Renault que han confiado en nosotros.<\/p>\n<p>Incluso podemos proporcionarle <strong>clave autenticaci\u00f3n renault<\/strong> en menos de una hora (opci\u00f3n de pago de 8 a 20 horas).<\/p>\n<p>Recuperamos su <strong>c\u00f3digo pin de Renault<\/strong> con un m\u00e9todo 100% certificado, llevamos varios a\u00f1os colaborando con ingenieros especializados en automoci\u00f3n de Renault.<\/p>\n<p>Recibir\u00e1 su <strong>clave de autentificaci\u00f3n Renault<\/strong> despu\u00e9s de su pedido en su \u00e1rea de cliente, por correo electr\u00f3nico y\/o por tel\u00e9fono (opcional) para su comodidad al conducir.<\/p>\n<p style=\"text-align: center;\"><em>\u00bfNo est\u00e1s harto de no tener m\u00fasica en tu coche?<\/em><\/p>\n<h2>1 &#8211; \u00bfC\u00f3mo encontrar el n\u00famero de serie (VIN) de un veh\u00edculo Renault para desbloquear su autorradio?<\/h2>\n<h3>Primer m\u00e9todo con el documento de registro de su veh\u00edculo<\/h3>\n<p>Abra el documento de matriculaci\u00f3n de su coche<\/p>\n<p>Aqu\u00ed es donde encontrar\u00e1 su VIN (N\u00famero de Identificaci\u00f3n del Veh\u00edculo).<\/p>\n<h3>Segundo m\u00e9todo con chasis o puerta<\/h3>\n<p>Si no lleva consigo el permiso de circulaci\u00f3n, el n\u00famero de bastidor tambi\u00e9n est\u00e1 escrito en el chasis del coche o en una etiqueta en la puerta.<\/p>\n<p>Todos los n\u00fameros de bastidor tienen 17 caracteres (por ejemplo, VF12RAU1C56477160) y los n\u00fameros de bastidor de Renault siempre empiezan por VF1.<\/p>\n<figure id=\"attachment_14588\" aria-describedby=\"caption-attachment-14588\" style=\"width: 863px\" class=\"wp-caption aligncenter\"><img decoding=\"async\" class=\"size-full wp-image-14588\" src=\"https:\/\/www.code-autoradio.com\/wp-content\/uploads\/2022\/05\/clave-autenticacion-pin-incorrecto-sisteme-bloqueado-espere.jpg\" alt=\"clave autenticacion pin incorrecto sisteme bloqueado espere\" width=\"863\" height=\"615\" title=\"\" srcset=\"https:\/\/www.code-autoradio.com\/wp-content\/uploads\/2022\/05\/clave-autenticacion-pin-incorrecto-sisteme-bloqueado-espere.jpg 863w, https:\/\/www.code-autoradio.com\/wp-content\/uploads\/2022\/05\/clave-autenticacion-pin-incorrecto-sisteme-bloqueado-espere-600x428.jpg 600w, https:\/\/www.code-autoradio.com\/wp-content\/uploads\/2022\/05\/clave-autenticacion-pin-incorrecto-sisteme-bloqueado-espere-300x214.jpg 300w, https:\/\/www.code-autoradio.com\/wp-content\/uploads\/2022\/05\/clave-autenticacion-pin-incorrecto-sisteme-bloqueado-espere-768x547.jpg 768w, https:\/\/www.code-autoradio.com\/wp-content\/uploads\/2022\/05\/clave-autenticacion-pin-incorrecto-sisteme-bloqueado-espere-150x107.jpg 150w\" sizes=\"(max-width: 863px) 100vw, 863px\" \/><figcaption id=\"caption-attachment-14588\" class=\"wp-caption-text\">clave autenticacion pin incorrecto sisteme bloqueado espere<\/figcaption><\/figure>\n<h2>2 &#8211; \u00bfC\u00f3mo introduzco la clave de autentificaci\u00f3n en mi autorradio Renault GPS?<\/h2>\n<p>SISTEMAS MULTIMEDIA Renault : EASY LINK \/ R-LINK 2 \/ R-LINK Evolution \/ Media Nav Evolution \/ Radio Connect R&amp;GO<\/p>\n<p>Cuando reciba nuestro correo electr\u00f3nico o sms con su c\u00f3digo, introd\u00fazcalo y confirme pulsando ok.<\/p>\n<ul>\n<li>Conecte el encendido.<\/li>\n<li>En la pantalla deber\u00eda aparecer &#8220;<strong>clave de autentificaci\u00f3n<\/strong>&#8221; o &#8220;PIN no v\u00e1lido, el sistema est\u00e1 bloqueado, por favor espere&#8230;&#8221; con un tiempo de espera.<\/li>\n<li>Pulse los botones de la pantalla para introducir el c\u00f3digo de la radio de su Renault.<\/li>\n<li>Pulse ok para validar el c\u00f3digo.<\/li>\n<\/ul>\n<p>[\/vc_column_text][\/vc_column][vc_column width=&#8221;1\/2&#8243;][vc_cta h2=&#8221;El m\u00e9todo tambi\u00e9n funciona para las radios Renault sin GPS&#8221; txt_align=&#8221;center&#8221; color=&#8221;green&#8221;]Por ejemplo para Clio 1, Clio 2, Clio 3, Megane 1, Laguna, Espace, Trafic, Captur, Safrane&#8230;<\/p>\n<p>Tenga en cuenta que un c\u00f3digo encontrado a partir del VIN s\u00f3lo funcionar\u00e1 si el dispositivo es el autorradio original del veh\u00edculo y no ha sido reprogramado como para el c\u00f3digo de autentificaci\u00f3n del Clio 4.[\/vc_cta][vc_column_text]<\/p>\n<figure id=\"attachment_27628\" aria-describedby=\"caption-attachment-27628\" style=\"width: 812px\" class=\"wp-caption aligncenter\"><img decoding=\"async\" class=\"wp-image-27628 size-full\" title=\"Carte grise n\u00b0 VIN pour d\u00e9blocage code autoradio renault\" src=\"https:\/\/www.code-autoradio.com\/wp-content\/uploads\/2021\/01\/vin-autoradio-renault.jpeg\" alt=\"Carte grise n\u00b0 VIN pour d\u00e9blocage code autoradio renault\" width=\"812\" height=\"417\" \/><figcaption id=\"caption-attachment-27628\" class=\"wp-caption-text\">Matr\u00edcula del veh\u00edculo para desbloquear el c\u00f3digo de la radio del coche renault<\/figcaption><\/figure>\n<figure id=\"attachment_27632\" aria-describedby=\"caption-attachment-27632\" style=\"width: 681px\" class=\"wp-caption aligncenter\"><img decoding=\"async\" class=\"wp-image-27632 size-full\" title=\"Etiquette chassis n\u00b0 VIN pour d\u00e9blocage code autoradio renault\" src=\"https:\/\/www.code-autoradio.com\/wp-content\/uploads\/2021\/01\/niv-etiquette-renault-code-radio.png\" alt=\"Etiquette chassis n\u00b0 VIN pour d\u00e9blocage code autoradio renault\" width=\"681\" height=\"491\" \/><figcaption id=\"caption-attachment-27632\" class=\"wp-caption-text\">Etiqueta del n\u00famero de bastidor para desbloquear el c\u00f3digo de radio del coche renault<\/figcaption><\/figure>\n<figure id=\"attachment_14583\" aria-describedby=\"caption-attachment-14583\" style=\"width: 500px\" class=\"wp-caption aligncenter\"><img decoding=\"async\" class=\"size-full wp-image-14583\" src=\"https:\/\/www.code-autoradio.com\/wp-content\/uploads\/2022\/05\/clave-autenticacion.jpg\" alt=\"Clave autenticacion Renault\" width=\"500\" height=\"317\" title=\"\" srcset=\"https:\/\/www.code-autoradio.com\/wp-content\/uploads\/2022\/05\/clave-autenticacion.jpg 500w, https:\/\/www.code-autoradio.com\/wp-content\/uploads\/2022\/05\/clave-autenticacion-300x190.jpg 300w, https:\/\/www.code-autoradio.com\/wp-content\/uploads\/2022\/05\/clave-autenticacion-150x95.jpg 150w\" sizes=\"(max-width: 500px) 100vw, 500px\" \/><figcaption id=\"caption-attachment-14583\" class=\"wp-caption-text\">Clave autenticacion Renault<\/figcaption><\/figure>\n<h2>Resumen &#8211; \u00bfC\u00f3mo funciona la descodificaci\u00f3n?<\/h2>\n<p><iframe loading=\"lazy\" title=\"Clave autenticacion Renault\" src=\"https:\/\/www.youtube.com\/embed\/snIathNpCzs\" width=\"560\" height=\"315\" frameborder=\"0\" allowfullscreen=\"allowfullscreen\"><span data-mce-type=\"bookmark\" style=\"display: inline-block; width: 0px; overflow: hidden; line-height: 0;\" class=\"mce_SELRES_start\">\ufeff<\/span><\/iframe><br \/>\n<em>\u00bfTiene el siguiente mensaje en la radio de su coche Renault o Dacia GPS?<\/em><\/p>\n<p><strong>&#8220;Clave autenticaci\u00f3n Pin no v\u00e1lida el sistema est\u00e1 bloqueado. Por favor, espere&#8221;.<\/strong><\/p>\n<p>Recuperamos los c\u00f3digos pin originales de <a href=\"https:\/\/www.renault.es\/\" target=\"_blank\" rel=\"noopener\">Renault<\/a> a partir del VIN o n\u00famero de serie del veh\u00edculo para todos los modelos de coche Renault con la radio original del coche.<\/p>\n<p>El primer servicio en Francia que le env\u00eda r\u00e1pidamente el c\u00f3digo de autentificaci\u00f3n para desbloquear su radio GPS NAV Renault sin precodificar.[\/vc_column_text][\/vc_column][\/vc_row][vc_row][vc_column]<div class=\"title-wrapper  wpb_custom_22f52a2069d96dfeedfa2bc1f550e441 vc_custom_1664216166188 title-center link-left\" ><h2 class=\"title\">Los coches y radios m\u00e1s populares de Renault<\/h2><\/div>[vc_row_inner][vc_column_inner width=&#8221;1\/6&#8243;][vc_column_text]<\/p>\n<p style=\"text-align: center;\"><strong>Express<\/strong><\/p>\n<p>[\/vc_column_text][\/vc_column_inner][vc_column_inner width=&#8221;1\/6&#8243;][vc_column_text]<\/p>\n<p style=\"text-align: center;\"><strong>Grand Sc\u00e9nic<\/strong><\/p>\n<p>[\/vc_column_text][\/vc_column_inner][vc_column_inner width=&#8221;1\/6&#8243;][vc_column_text]<\/p>\n<p style=\"text-align: center;\"><strong>Laguna<\/strong><\/p>\n<p>[\/vc_column_text][\/vc_column_inner][vc_column_inner width=&#8221;1\/6&#8243;][vc_column_text]<\/p>\n<p style=\"text-align: center;\"><strong>Master<\/strong><\/p>\n<p>[\/vc_column_text][\/vc_column_inner][vc_column_inner width=&#8221;1\/6&#8243;][vc_column_text]<\/p>\n<p style=\"text-align: center;\"><strong>Modus<\/strong><\/p>\n<p>[\/vc_column_text][\/vc_column_inner][vc_column_inner width=&#8221;1\/6&#8243;][vc_column_text]<\/p>\n<p style=\"text-align: center;\"><strong>Arkana<\/strong><\/p>\n<p>[\/vc_column_text][\/vc_column_inner][\/vc_row_inner][vc_row_inner][vc_column_inner width=&#8221;1\/6&#8243;][vc_column_text]<\/p>\n<p style=\"text-align: center;\"><strong>Zoe<\/strong><\/p>\n<p>[\/vc_column_text][\/vc_column_inner][vc_column_inner width=&#8221;1\/6&#8243;][vc_column_text]<\/p>\n<p style=\"text-align: center;\"><strong>Talisman<\/strong><\/p>\n<p>[\/vc_column_text][\/vc_column_inner][vc_column_inner width=&#8221;1\/6&#8243;][vc_column_text]<\/p>\n<p style=\"text-align: center;\"><strong>Kadjar<\/strong><\/p>\n<p>[\/vc_column_text][\/vc_column_inner][vc_column_inner width=&#8221;1\/6&#8243;][vc_column_text]<\/p>\n<p style=\"text-align: center;\"><strong>Koleos<\/strong><\/p>\n<p>[\/vc_column_text][\/vc_column_inner][vc_column_inner width=&#8221;1\/6&#8243;][vc_column_text]<\/p>\n<p style=\"text-align: center;\"><strong>Clio<\/strong><\/p>\n<p>[\/vc_column_text][\/vc_column_inner][vc_column_inner width=&#8221;1\/6&#8243;][vc_column_text]<\/p>\n<p style=\"text-align: center;\"><strong>Captur<\/strong><\/p>\n<p>[\/vc_column_text][\/vc_column_inner][\/vc_row_inner][\/vc_column][\/vc_row][vc_row][vc_column width=&#8221;1\/2&#8243; el_id=&#8221;gratis&#8221;][vc_column_text]<\/p>\n<h2 style=\"text-align: center;\">Clave autenticacion Renault gratis<\/h2>\n<h3 style=\"text-align: center;\">\u00bfC\u00f3mo encontrar un Clave autenticacion Renault gratis?<\/h3>\n<p style=\"text-align: center;\">Busque el c\u00f3digo de su radio de coche Renault gratis encontrando el n\u00famero de serie de la radio del coche en nuestra base de datos a continuaci\u00f3n.<\/p>\n<div id=\"mciapp-exclusion-container\">\n<h2>Lista gratuita de clave autenticacion Renault<\/h2>\n\n<p><a href=\"https:\/\/www.code-autoradio.com\/wp-content\/uploads\/2022\/05\/Code-Authentification-Renault-gratuit.pdf\">\u00a1Descargue la base de datos de c\u00f3digos de radio de coches Renault!<\/a><\/p>\n<\/div>\n<p>[\/vc_column_text][\/vc_column][vc_column width=&#8221;1\/2&#8243;][\/vc_column][\/vc_row]<\/p>\n<\/div>","protected":false},"excerpt":{"rendered":"<h2>\u00bfC\u00f3mo decodificar la clave de autenticaci\u00f3n Renault EASY LINK \/ R-LINK 2 \/ R-LINK Evolution \/ Media Nav Evolution \/ Radio Connect R&amp;GO?<\/h2>\n","protected":false},"featured_media":8008,"template":"","meta":[],"product_brand":[],"product_cat":[304,307],"product_tag":[],"class_list":{"0":"post-13462","1":"product","2":"type-product","3":"status-publish","4":"has-post-thumbnail","6":"product_cat-fabricante-de-coches","7":"product_cat-renault-es","9":"first","10":"instock","11":"sale","12":"virtual","13":"sold-individually","14":"taxable","15":"purchasable","16":"product-type-simple"},"_links":{"self":[{"href":"https:\/\/www.code-autoradio.com\/es\/wp-json\/wp\/v2\/product\/13462","targetHints":{"allow":["GET"]}}],"collection":[{"href":"https:\/\/www.code-autoradio.com\/es\/wp-json\/wp\/v2\/product"}],"about":[{"href":"https:\/\/www.code-autoradio.com\/es\/wp-json\/wp\/v2\/types\/product"}],"wp:featuredmedia":[{"embeddable":true,"href":"https:\/\/www.code-autoradio.com\/es\/wp-json\/wp\/v2\/media\/8008"}],"wp:attachment":[{"href":"https:\/\/www.code-autoradio.com\/es\/wp-json\/wp\/v2\/media?parent=13462"}],"wp:term":[{"taxonomy":"product_brand","embeddable":true,"href":"https:\/\/www.code-autoradio.com\/es\/wp-json\/wp\/v2\/product_brand?post=13462"},{"taxonomy":"product_cat","embeddable":true,"href":"https:\/\/www.code-autoradio.com\/es\/wp-json\/wp\/v2\/product_cat?post=13462"},{"taxonomy":"product_tag","embeddable":true,"href":"https:\/\/www.code-autoradio.com\/es\/wp-json\/wp\/v2\/product_tag?post=13462"}],"curies":[{"name":"wp","href":"https:\/\/api.w.org\/{rel}","templated":true}]}}