{"id":13463,"date":"2023-05-10T10:19:42","date_gmt":"2023-05-10T08:19:42","guid":{"rendered":"https:\/\/www.code-autoradio.com\/?post_type=product&#038;p=13463"},"modified":"2023-05-12T20:34:45","modified_gmt":"2023-05-12T18:34:45","slug":"codigo-radio-nissan","status":"publish","type":"product","link":"https:\/\/www.code-autoradio.com\/es\/codigo\/codigo-radio-nissan\/","title":{"rendered":"C\u00f3digo radio Nissan"},"content":{"rendered":"<div class=\"wpb-content-wrapper\"><p>[vc_row][vc_column width=&#8221;1\/2&#8243;][vc_column_text]<\/p>\n<h2>Intro &#8211; Todos los pasos para encontrar el c\u00f3digo radio Nissan de forma gratuita o con nuestro servicio online.<\/h2>\n<p style=\"text-align: center;\"><em>Le enviamos los c\u00f3digos de radio de Nissan los 7 d\u00edas de la semana, las 24 horas del d\u00eda, en un plazo de 1 a 24 horas, dependiendo de sus necesidades.<\/em><\/p>\n<p>\u00bfLa radio de tu Nissan est\u00e1 bloqueada? \u00bfTe pide un c\u00f3digo PIN? \u00bfNo sabes c\u00f3mo encontrar el c\u00f3digo de la radio de Nissan?<\/p>\n<p>Ofrecemos desbloquear el <strong>c\u00f3digo original de la radio del coche Nissan<\/strong> en menos de una hora con la opci\u00f3n &#8220;Urgente&#8221;.<\/p>\n<p>Nuestra soluci\u00f3n para <strong>recuperar el c\u00f3digo de su Nissan est\u00e1 100% certificada<\/strong>, llevamos muchos a\u00f1os trabajando con ingenieros especializados en la electr\u00f3nica del autom\u00f3vil de Nissan.<\/p>\n<h2>1 &#8211; \u00bfC\u00f3mo encontrar el n\u00famero de serie, el n\u00famero de dispositivo y la fecha del autorradio Nissan?<\/h2>\n<p>Para encontrar un <strong>c\u00f3digo pin<\/strong> para las radios de coche NISSAN, necesitamos el n\u00famero de serie, el n\u00famero del dispositivo y la fecha.<\/p>\n<p>Hay dos formas de encontrar los n\u00fameros de serie del c\u00f3digo de la radio de un coche Nissan.<\/p>\n<h3>M\u00e9todo 1 sin desmontaje.<\/h3>\n<p>Haga 3 c\u00f3digos err\u00f3neos seguidos y toda la informaci\u00f3n se mostrar\u00e1 en la pantalla LCD del salpicadero.<\/p>\n<p>A continuaci\u00f3n, ver\u00e1 &#8220;La unidad est\u00e1 bloqueada durante 60 minutos&#8221;, el n\u00famero de serie, el n\u00famero de la unidad y la fecha. Tendr\u00e1s que esperar 60 minutos con el contacto del coche encendido para poder introducir el c\u00f3digo que te hemos enviado.<\/p>\n<h3>M\u00e9todo 2, quitando la radio del coche<\/h3>\n<p>Para acceder a la etiqueta de la parte posterior de la radio del coche, debe quitarla del salpicadero. En la etiqueta, encontrar\u00e1 el n\u00famero de serie, el n\u00famero de dispositivo y la fecha.<\/p>\n<figure id=\"attachment_26713\" aria-describedby=\"caption-attachment-26713\" style=\"width: 800px\" class=\"wp-caption alignnone\"><img decoding=\"async\" class=\"size-full wp-image-26713\" src=\"https:\/\/www.code-autoradio.com\/wp-content\/uploads\/2022\/05\/codigo-radio-nissan-sist-bloqueado.jpg\" alt=\"Codigo Radio Nissan Sist Bloqueado durante 60 min\" width=\"800\" height=\"600\" title=\"\" srcset=\"https:\/\/www.code-autoradio.com\/wp-content\/uploads\/2022\/05\/codigo-radio-nissan-sist-bloqueado.jpg 800w, https:\/\/www.code-autoradio.com\/wp-content\/uploads\/2022\/05\/codigo-radio-nissan-sist-bloqueado-600x450.jpg 600w, https:\/\/www.code-autoradio.com\/wp-content\/uploads\/2022\/05\/codigo-radio-nissan-sist-bloqueado-300x225.jpg 300w, https:\/\/www.code-autoradio.com\/wp-content\/uploads\/2022\/05\/codigo-radio-nissan-sist-bloqueado-768x576.jpg 768w, https:\/\/www.code-autoradio.com\/wp-content\/uploads\/2022\/05\/codigo-radio-nissan-sist-bloqueado-150x113.jpg 150w\" sizes=\"(max-width: 800px) 100vw, 800px\" \/><figcaption id=\"caption-attachment-26713\" class=\"wp-caption-text\">Codigo Radio Nissan Sist Bloqueado durante 60 min<\/figcaption><\/figure>\n<h2>2 &#8211; \u00bfC\u00f3mo introducir el c\u00f3digo de la radio del coche Nissan?<\/h2>\n<p>Cuando le notifiquemos por correo electr\u00f3nico o sms que se ha encontrado su c\u00f3digo, introd\u00fazcalo directamente en la pantalla t\u00e1ctil y val\u00eddelo pulsando ok.<\/p>\n<ul>\n<li>Poner el contacto.<\/li>\n<li>La pantalla deber\u00eda mostrar el c\u00f3digo:<\/li>\n<li>Pulse los d\u00edgitos de su c\u00f3digo.<\/li>\n<li>Mantenga pulsado el bot\u00f3n ok para activar la radio.<\/li>\n<\/ul>\n<p>[\/vc_column_text][\/vc_column][vc_column width=&#8221;1\/2&#8243;][vc_column_text]<\/p>\n<h2>Desbloqueamos Nissan LCN &#8211; Connect, QASHQAI Connect y todos los dem\u00e1s est\u00e9reos de coches Nissan<\/h2>\n<figure id=\"attachment_23850\" aria-describedby=\"caption-attachment-23850\" style=\"width: 768px\" class=\"wp-caption aligncenter\"><img decoding=\"async\" class=\"size-large wp-image-23850\" src=\"https:\/\/www.code-autoradio.com\/wp-content\/uploads\/2022\/05\/nissan-codigo-radio-768x1024.jpg\" alt=\"C\u00f3digo radio Nissan. Sistema bloqueado durante 52 N\u00famero de serie 9497164 N\u00famero de dispositivo 761283 Fecha 10.09.01\" width=\"768\" height=\"1024\" title=\"\" srcset=\"https:\/\/www.code-autoradio.com\/wp-content\/uploads\/2022\/05\/nissan-codigo-radio-768x1024.jpg 768w, https:\/\/www.code-autoradio.com\/wp-content\/uploads\/2022\/05\/nissan-codigo-radio-600x800.jpg 600w, https:\/\/www.code-autoradio.com\/wp-content\/uploads\/2022\/05\/nissan-codigo-radio-225x300.jpg 225w, https:\/\/www.code-autoradio.com\/wp-content\/uploads\/2022\/05\/nissan-codigo-radio-150x200.jpg 150w, https:\/\/www.code-autoradio.com\/wp-content\/uploads\/2022\/05\/nissan-codigo-radio.jpg 800w\" sizes=\"(max-width: 768px) 100vw, 768px\" \/><figcaption id=\"caption-attachment-23850\" class=\"wp-caption-text\">C\u00f3digo radio Nissan. Sistema bloqueado durante 52 N\u00famero de serie 9497164 N\u00famero de dispositivo 761283 Fecha 10.09.01<\/figcaption><\/figure>\n<figure id=\"attachment_5758\" aria-describedby=\"caption-attachment-5758\" style=\"width: 443px\" class=\"wp-caption alignnone\"><img decoding=\"async\" class=\"wp-image-5758 size-full\" title=\"Message erreur autoradio nissan bloqu\u00e9\" src=\"https:\/\/www.code-autoradio.com\/wp-content\/uploads\/2019\/01\/code-autoradio-Nissan-LCN-Connect-.png\" alt=\"Message erreur autoradio nissan bloqu\u00e9\" width=\"443\" height=\"244\" \/><figcaption id=\"caption-attachment-5758\" class=\"wp-caption-text\">Mensaje de error nissan car radio bloqueado<\/figcaption><\/figure>\n<p><img decoding=\"async\" class=\"size-large wp-image-5759 alignnone\" src=\"https:\/\/www.code-autoradio.com\/wp-content\/uploads\/2019\/01\/etiquette-radio-Nissan-LCN-Connect-.png\" alt=\"\" width=\"292\" height=\"394\" title=\"\"> <img decoding=\"async\" class=\"size-large wp-image-5760 alignnone\" src=\"https:\/\/www.code-autoradio.com\/wp-content\/uploads\/2019\/01\/poste-radio-code-Nissan-LCN-Connect-.png\" alt=\"\" width=\"275\" height=\"379\" title=\"\"><img decoding=\"async\" class=\"alignnone size-full wp-image-7596\" src=\"https:\/\/www.code-autoradio.com\/wp-content\/uploads\/2019\/01\/debloquer-radio-nissan-daewoo.png\" alt=\"\" width=\"464\" height=\"349\" title=\"\"><\/p>\n<p>Tenga en cuenta que si introduce 20 c\u00f3digos err\u00f3neos en la radio de su coche Nissan, recibir\u00e1 el siguiente mensaje:<br \/>\nDemasiados errores de entrada. El sistema est\u00e1 bloqueado. Contacta con tu <a href=\"https:\/\/www.nissan.es\/\" target=\"_blank\" rel=\"noopener\">concesionario Nissan<\/a><\/p>\n<p><img decoding=\"async\" class=\"aligncenter size-large wp-image-30084\" src=\"https:\/\/www.code-autoradio.com\/wp-content\/uploads\/2019\/01\/trop-derreurs-de-saisie.-Le-syste\u0300me-est-bloque\u0301.-Contactez-votre-concessionnaire-Nissan-1024x576.jpg\" alt=\"\" width=\"1024\" height=\"576\" title=\"\">[\/vc_column_text][\/vc_column][\/vc_row][vc_row][vc_column]<div class=\"title-wrapper  wpb_custom_22f52a2069d96dfeedfa2bc1f550e441 vc_custom_1664217652248 title-center link-left\" ><h2 class=\"title\">Coches y radios de coche Nissan m\u00e1s populares<\/h2><\/div>[vc_row_inner][vc_column_inner width=&#8221;1\/6&#8243;][vc_column_text]<\/p>\n<p style=\"text-align: center;\"><strong>Qashqai<\/strong><\/p>\n<p>[\/vc_column_text][\/vc_column_inner][vc_column_inner width=&#8221;1\/6&#8243;][vc_column_text]<\/p>\n<p style=\"text-align: center;\"><strong>X-trail<\/strong><\/p>\n<p>[\/vc_column_text][\/vc_column_inner][vc_column_inner width=&#8221;1\/6&#8243;][vc_column_text]<\/p>\n<p style=\"text-align: center;\"><strong>Primastar<\/strong><\/p>\n<p>[\/vc_column_text][\/vc_column_inner][vc_column_inner width=&#8221;1\/6&#8243;][vc_column_text]<\/p>\n<p style=\"text-align: center;\"><strong>Navara<\/strong><\/p>\n<p>[\/vc_column_text][\/vc_column_inner][vc_column_inner width=&#8221;1\/6&#8243;][vc_column_text]<\/p>\n<p style=\"text-align: center;\"><strong>Micra<\/strong><\/p>\n<p>[\/vc_column_text][\/vc_column_inner][vc_column_inner width=&#8221;1\/6&#8243;][vc_column_text]<\/p>\n<p style=\"text-align: center;\"><strong>Leaf<\/strong><\/p>\n<p>[\/vc_column_text][\/vc_column_inner][\/vc_row_inner][vc_row_inner][vc_column_inner width=&#8221;1\/6&#8243;][vc_column_text]<\/p>\n<p style=\"text-align: center;\"><strong>Juke<\/strong><\/p>\n<p>[\/vc_column_text][\/vc_column_inner][vc_column_inner width=&#8221;1\/6&#8243;][vc_column_text]<\/p>\n<p style=\"text-align: center;\"><strong>Evalia<\/strong><\/p>\n<p>[\/vc_column_text][\/vc_column_inner][vc_column_inner width=&#8221;1\/6&#8243;][vc_column_text]<\/p>\n<p style=\"text-align: center;\"><strong>Intersar<\/strong><\/p>\n<p>[\/vc_column_text][\/vc_column_inner][vc_column_inner width=&#8221;1\/6&#8243;][vc_column_text]<\/p>\n<p style=\"text-align: center;\"><strong>Gt-r<\/strong><\/p>\n<p>[\/vc_column_text][\/vc_column_inner][vc_column_inner width=&#8221;1\/6&#8243;][vc_column_text]<\/p>\n<p style=\"text-align: center;\"><strong>Almera<\/strong><\/p>\n<p>[\/vc_column_text][\/vc_column_inner][vc_column_inner width=&#8221;1\/6&#8243;][vc_column_text]<\/p>\n<p style=\"text-align: center;\"><strong>Primera<\/strong><\/p>\n<p>[\/vc_column_text][\/vc_column_inner][\/vc_row_inner][\/vc_column][\/vc_row]<\/p>\n<\/div>","protected":false},"excerpt":{"rendered":"<h2>\u00bfC\u00f3mo encontrar el c\u00f3digo de la radio de Nissan?<\/h2>\n","protected":false},"featured_media":4448,"template":"","meta":[],"product_brand":[],"product_cat":[304,306],"product_tag":[],"class_list":{"0":"post-13463","1":"product","2":"type-product","3":"status-publish","4":"has-post-thumbnail","6":"product_cat-fabricante-de-coches","7":"product_cat-nissan-es","9":"first","10":"instock","11":"virtual","12":"sold-individually","13":"taxable","14":"purchasable","15":"product-type-simple"},"_links":{"self":[{"href":"https:\/\/www.code-autoradio.com\/es\/wp-json\/wp\/v2\/product\/13463","targetHints":{"allow":["GET"]}}],"collection":[{"href":"https:\/\/www.code-autoradio.com\/es\/wp-json\/wp\/v2\/product"}],"about":[{"href":"https:\/\/www.code-autoradio.com\/es\/wp-json\/wp\/v2\/types\/product"}],"wp:featuredmedia":[{"embeddable":true,"href":"https:\/\/www.code-autoradio.com\/es\/wp-json\/wp\/v2\/media\/4448"}],"wp:attachment":[{"href":"https:\/\/www.code-autoradio.com\/es\/wp-json\/wp\/v2\/media?parent=13463"}],"wp:term":[{"taxonomy":"product_brand","embeddable":true,"href":"https:\/\/www.code-autoradio.com\/es\/wp-json\/wp\/v2\/product_brand?post=13463"},{"taxonomy":"product_cat","embeddable":true,"href":"https:\/\/www.code-autoradio.com\/es\/wp-json\/wp\/v2\/product_cat?post=13463"},{"taxonomy":"product_tag","embeddable":true,"href":"https:\/\/www.code-autoradio.com\/es\/wp-json\/wp\/v2\/product_tag?post=13463"}],"curies":[{"name":"wp","href":"https:\/\/api.w.org\/{rel}","templated":true}]}}