{"id":13465,"date":"2023-05-10T10:23:43","date_gmt":"2023-05-10T08:23:43","guid":{"rendered":"https:\/\/www.code-autoradio.com\/?post_type=product&#038;p=13465"},"modified":"2023-11-07T11:05:55","modified_gmt":"2023-11-07T10:05:55","slug":"codigo-radio-audi","status":"publish","type":"product","link":"https:\/\/www.code-autoradio.com\/es\/codigo\/codigo-radio-audi\/","title":{"rendered":"C\u00f3digo radio Audi PIN"},"content":{"rendered":"<div class=\"wpb-content-wrapper\"><p>[vc_row][vc_column width=&#8221;1\/2&#8243;][vc_column_text]<\/p>\n<h2>Intro &#8211; C\u00f3mo encontrar el c\u00f3digo de su radio Audi de forma gratuita o a trav\u00e9s de nuestro servicio en l\u00ednea.<\/h2>\n<figure id=\"attachment_36643\" aria-describedby=\"caption-attachment-36643\" style=\"width: 418px\" class=\"wp-caption alignnone\"><img decoding=\"async\" class=\"size-full wp-image-36643\" src=\"https:\/\/www.code-autoradio.com\/wp-content\/uploads\/2023\/05\/introducir-pin-el-sistema-esta-bloqueado.jpg\" alt=\"introducir pin el sistema esta\u0300 bloqueado\" width=\"418\" height=\"300\" title=\"\" srcset=\"https:\/\/www.code-autoradio.com\/wp-content\/uploads\/2023\/05\/introducir-pin-el-sistema-esta-bloqueado.jpg 418w, https:\/\/www.code-autoradio.com\/wp-content\/uploads\/2023\/05\/introducir-pin-el-sistema-esta-bloqueado-300x215.jpg 300w, https:\/\/www.code-autoradio.com\/wp-content\/uploads\/2023\/05\/introducir-pin-el-sistema-esta-bloqueado-150x108.jpg 150w\" sizes=\"(max-width: 418px) 100vw, 418px\" \/><figcaption id=\"caption-attachment-36643\" class=\"wp-caption-text\">introducir pin el sistema esta\u0300 bloqueado<\/figcaption><\/figure>\n<p>Encontraremos el <strong>c\u00f3digo de radio de Audi<\/strong> para usted los 7 d\u00edas de la semana, las 24 horas del d\u00eda, en un plazo de 1 a 24 horas, dependiendo de sus necesidades.<\/p>\n<p>\u00bfSu radio AUDI est\u00e1 bloqueada? \u00bfTe pide que introduzcas el PIN y no sabes c\u00f3mo encontrar el c\u00f3digo de la radio Audi?<\/p>\n<p>\u00bfDespu\u00e9s de un fallo de la bater\u00eda? \u00bfDe un cambio de la radio del coche? \u00bfDe una aver\u00eda general? \u00bfUna compra en Ebay?<\/p>\n<p>Nuestra soluci\u00f3n para recuperar el c\u00f3digo de su Audi est\u00e1 100% certificada, trabajamos con ingenieros de automoci\u00f3n que llevan m\u00e1s de 10 a\u00f1os trabajando en Audi.<\/p>\n<p>Recibir\u00e1 su c\u00f3digo Audi tras su pedido y unos minutos de espera en su \u00e1rea de clientes, por correo electr\u00f3nico y\/o por tel\u00e9fono.<\/p>\n<h2>1 &#8211; \u00bfC\u00f3mo encontrar el n\u00famero de serie original de un autorradio Audi?<\/h2>\n<p>Hay dos maneras de encontrar el n\u00famero de serie de una radio Audi:<\/p>\n<p>El n\u00famero de serie aparece en la pantalla de la radio.<\/p>\n<p>El n\u00famero de serie est\u00e1 escrito en la parte trasera de la radio en una etiqueta o grabado directamente en el lateral. Para ello, debe retirar la radio del salpicadero y facilitarnos esta informaci\u00f3n, que nos permitir\u00e1 encontrar su c\u00f3digo de seguridad.<\/p>\n<p>S\u00f3lo necesitar\u00e1s el siguiente conjunto de claves para extraerlo. =&gt; Claves de extracci\u00f3n de Audi<\/p>\n<p>Una vez que tenga las llaves de extracci\u00f3n, introd\u00fazcalas en los 4 agujeros situados en cada esquina de la radio. Aplique una ligera presi\u00f3n y la radio se desprender\u00e1 del salpicadero de su Audi. La etiqueta se colocar\u00e1 en la parte posterior de la radio.<\/p>\n<p>El n\u00famero de serie de la radio de Audi siempre empieza por AUZ y consta de 14 d\u00edgitos y letras. Por ejemplo AUZ2Z3B1311122, pueden empezar por : AUZ1Z1, AUZ1Z2, AUZ1Z3, AUZ1Z4, AUZ2Z1, AUZ2Z2, AUZ2Z3, AUZBZ7, AUZAZ1, AUZ5Z4&#8230; seguido de una letra y luego 7 n\u00fameros.<\/p>\n<p>RNS-E,AISIN,BNS 5.0,CONCIERTO,CORO,BETA,DELTA,GAMMA SYMPHONY,NAVIGATION PLUS,WIESBADEN.<\/p>\n<h2>2 &#8211; \u00bfC\u00f3mo introducir el c\u00f3digo de la radio del coche Audi?<\/h2>\n<p>Despu\u00e9s de introducir el n\u00famero de serie y proceder al pago. Recibir\u00e1 su c\u00f3digo pin en su \u00e1rea de cliente, por correo electr\u00f3nico y\/o SMS (seg\u00fan las opciones elegidas) y podr\u00e1 finalmente desbloquear su radio.<\/p>\n<h3>Para los modelos Audi Symphony<\/h3>\n<p>Enciende tu radio, aparece el modo &#8220;SAFE&#8221;.<br \/>\nMantenga pulsados los botones P.SCAN y RBDS hasta que se ilumine &#8220;1000&#8221;. Suelta los botones.<br \/>\nPulse el bot\u00f3n 1 hasta que aparezca la primera cifra del c\u00f3digo.<br \/>\nPulse el bot\u00f3n 2 hasta que aparezca la segunda cifra del c\u00f3digo.<br \/>\nPulse el bot\u00f3n 3 hasta que aparezca la tercera cifra del c\u00f3digo.<br \/>\nPulse el bot\u00f3n 4 hasta que aparezca la cuarta cifra del c\u00f3digo.<br \/>\nMantenga pulsados los botones P.SCAN y RBDS simult\u00e1neamente hasta que aparezca SAFE.<\/p>\n<h3>Para los modelos Audi Concert<\/h3>\n<p>Una vez que su radio Bluetooth est\u00e9 encendida y aparezca en modo &#8220;SEGURO&#8221;.<br \/>\nMantenga pulsados los botones FM 2 y RDS repetidamente hasta que se ilumine &#8220;1000&#8221;. Suelta los botones.<br \/>\nSi ha introducido el c\u00f3digo correctamente en la pantalla, mantenga pulsados los botones FM 2 y RDS repetidamente hasta que aparezca SAFE.[\/vc_column_text][\/vc_column][vc_column width=&#8221;1\/2&#8243;][vc_column_text]<\/p>\n<figure id=\"attachment_3820\" aria-describedby=\"caption-attachment-3820\" style=\"width: 500px\" class=\"wp-caption alignnone\"><img decoding=\"async\" class=\"wp-image-3820 size-full\" src=\"https:\/\/www.code-autoradio.com\/wp-content\/uploads\/2018\/04\/commente-retirer-autoradio-audi-auz.jpg\" alt=\"\" width=\"500\" height=\"338\" title=\"\"><figcaption id=\"caption-attachment-3820\" class=\"wp-caption-text\">\u00bfC\u00f3mo quitar la radio del coche Audi AUZ?<\/figcaption><\/figure>\n<figure id=\"attachment_3821\" aria-describedby=\"caption-attachment-3821\" style=\"width: 500px\" class=\"wp-caption alignnone\"><img decoding=\"async\" class=\"size-full wp-image-3821\" src=\"https:\/\/www.code-autoradio.com\/wp-content\/uploads\/2018\/04\/entrer-le-code-autoradio-audi.jpg\" alt=\"\" width=\"500\" height=\"338\" title=\"\"><figcaption id=\"caption-attachment-3821\" class=\"wp-caption-text\">Introduzca su PIN de Audi<\/figcaption><\/figure>\n<figure id=\"attachment_3819\" aria-describedby=\"caption-attachment-3819\" style=\"width: 500px\" class=\"wp-caption alignnone\"><img decoding=\"async\" class=\"wp-image-3819 size-full\" src=\"https:\/\/www.code-autoradio.com\/wp-content\/uploads\/2018\/04\/audi-autoradio-numero-AUZ.jpg\" alt=\"\" width=\"500\" height=\"338\" title=\"\"><figcaption id=\"caption-attachment-3819\" class=\"wp-caption-text\">Serie de la radio del coche Audi que comienza con AUZ1 AUZ2<\/figcaption><\/figure>\n<p>Audi es la marca que est\u00e1 en alza desde la d\u00e9cada de 2000, y cuya gama de veh\u00edculos est\u00e1 siempre en los primeros puestos de nuestro ranking. La gama de coches de Audi es especialmente fuerte en la categor\u00eda 4&#215;4, con los famosos <a href=\"https:\/\/www.audi.es\/es\/web\/es.html\" target=\"_blank\" rel=\"noopener\">Audi<\/a> Q5 y Audi Q7. La fiabilidad y la calidad interior se encuentran en casi todos sus veh\u00edculos, as\u00ed como el equipamiento que ofrecen: kit de manos libres, subwoofer, reproductor de CD, toma auxiliar, Apple carplay, mandos en el volante, navegaci\u00f3n GPS, altavoces, lector de tarjetas SD, reproductor de DVD, GPS con Bluetooth Android o radar de aparcamiento inverso. El precio de un Audi y, en cierta medida, el servicio posventa, siguen siendo los puntos fuertes de la marca.<\/p>\n<h2>Resumen &#8211; \u00bfC\u00f3mo funciona la descodificaci\u00f3n?<\/h2>\n<p>Todos los c\u00f3digos pin de Audi pueden rastrearse hasta el n\u00famero de serie de la unidad. Siempre empieza por AUZ y se encuentra en la etiqueta de la parte trasera de la radio del coche o en la pantalla LCD. Los c\u00f3digos de autorradio m\u00e1s populares son audi navigation plus, audi concert, audi symphony, Chorus y RNS-E.<\/p>\n<p>Por fin volver\u00e1 a sonar la m\u00fasica en su precioso Audi.<\/p>\n<p>Suministramos los c\u00f3digos originales de f\u00e1brica de la radio del coche a partir de los n\u00fameros de serie para varios modelos de coche de la marca AUDI a trav\u00e9s de nuestros t\u00e9cnicos. Las marcas de autorradios para Audi suelen ser GRUNDIG, Blaupunkt, PHILIPS y Pioneer.<\/p>\n<h2>Preguntas \/ Respuestas<\/h2>\n<h3>\u00bfC\u00f3mo desbloquear la radio del coche en un Audi A3?<\/h3>\n<p>El principio es el mismo que para los otros modelos de Audi, debe encontrar su c\u00f3digo pin.<\/p>\n<h3>\u00bfC\u00f3mo introducir el c\u00f3digo de la radio del coche del audi a3?<\/h3>\n<p>Debes utilizar las teclas de la radio del coche o la pantalla t\u00e1ctil<\/p>\n<h3>\u00bfC\u00f3mo validar el c\u00f3digo de la radio del coche?<\/h3>\n<p>Una pulsaci\u00f3n larga o la validaci\u00f3n con el bot\u00f3n ok.<\/p>\n<h3>\u00bfC\u00f3mo recuperar el c\u00f3digo de la radio del coche audi a4?<\/h3>\n<p>Para un c\u00f3digo de radio de coche audi a4 debe pedir con su n\u00famero de serie AUZ&#8230;<\/p>\n<h3>\u00bfD\u00f3nde puedo encontrar el c\u00f3digo de la radio del coche Audi?<\/h3>\n<p>El c\u00f3digo de la radio del coche Audi se puede encontrar en code-autoradio.com o en su libro de servicio.[\/vc_column_text][vc_video link=&#8221;https:\/\/youtube.com\/shorts\/wsVhShk0HIQ&#8221; el_aspect=&#8221;43&#8243; align=&#8221;center&#8221;][\/vc_column][\/vc_row][vc_row][vc_column]<div class=\"title-wrapper  wpb_custom_22f52a2069d96dfeedfa2bc1f550e441 vc_custom_1664219582459 title-center link-left\" ><h2 class=\"title\">Coches y radios de coche Audi m\u00e1s populares<\/h2><\/div>[vc_row_inner][vc_column_inner width=&#8221;1\/6&#8243;][vc_column_text]<\/p>\n<p style=\"text-align: center;\"><strong>TT<\/strong><\/p>\n<p>[\/vc_column_text][\/vc_column_inner][vc_column_inner width=&#8221;1\/6&#8243;][vc_column_text]<\/p>\n<p style=\"text-align: center;\"><strong>A4<\/strong><\/p>\n<p>[\/vc_column_text][\/vc_column_inner][vc_column_inner width=&#8221;1\/6&#8243;][vc_column_text]<\/p>\n<p style=\"text-align: center;\"><strong>A1<\/strong><\/p>\n<p>[\/vc_column_text][\/vc_column_inner][vc_column_inner width=&#8221;1\/6&#8243;][vc_column_text]<\/p>\n<p style=\"text-align: center;\"><strong>A5<\/strong><\/p>\n<p>[\/vc_column_text][\/vc_column_inner][vc_column_inner width=&#8221;1\/6&#8243;][vc_column_text]<\/p>\n<p style=\"text-align: center;\"><strong>A6<\/strong><\/p>\n<p>[\/vc_column_text][\/vc_column_inner][vc_column_inner width=&#8221;1\/6&#8243;][vc_column_text]<\/p>\n<p style=\"text-align: center;\"><strong>A7<\/strong><\/p>\n<p>[\/vc_column_text][\/vc_column_inner][\/vc_row_inner][vc_row_inner][vc_column_inner width=&#8221;1\/6&#8243;][vc_column_text]<\/p>\n<p style=\"text-align: center;\"><strong>Chorus<\/strong><\/p>\n<p>[\/vc_column_text][\/vc_column_inner][vc_column_inner width=&#8221;1\/6&#8243;][vc_column_text]<\/p>\n<p style=\"text-align: center;\"><strong>Q3<\/strong><\/p>\n<p>[\/vc_column_text][\/vc_column_inner][vc_column_inner width=&#8221;1\/6&#8243;][vc_column_text]<\/p>\n<p style=\"text-align: center;\"><strong>Q5<\/strong><\/p>\n<p>[\/vc_column_text][\/vc_column_inner][vc_column_inner width=&#8221;1\/6&#8243;][vc_column_text]<\/p>\n<p style=\"text-align: center;\"><strong>Q7<\/strong><\/p>\n<p>[\/vc_column_text][\/vc_column_inner][vc_column_inner width=&#8221;1\/6&#8243;][vc_column_text]<\/p>\n<p style=\"text-align: center;\"><strong>Concert<\/strong><\/p>\n<p>[\/vc_column_text][\/vc_column_inner][vc_column_inner width=&#8221;1\/6&#8243;][vc_column_text]<\/p>\n<p style=\"text-align: center;\"><strong>Symphony<\/strong><\/p>\n<p>[\/vc_column_text][\/vc_column_inner][\/vc_row_inner][\/vc_column][\/vc_row][vc_row][vc_column width=&#8221;1\/2&#8243; el_id=&#8221;gratis&#8221;][vc_column_text]<\/p>\n<h2 style=\"text-align: center;\">C\u00f3digo de la radio del coche Audi gratis<\/h2>\n<h3 style=\"text-align: center;\">\u00bfC\u00f3mo encontrar un c\u00f3digo de radio del coche Audi gratis?<\/h3>\n<p style=\"text-align: center;\">Busque el c\u00f3digo de su radio de coche Audi gratis encontrando el n\u00famero de serie de la radio del coche en nuestra base de datos a continuaci\u00f3n.<\/p>\n<div id=\"mciapp-exclusion-container\">\n<h2>Lista gratuita de c\u00f3digos de radio de coches Audi<\/h2>\n\n<p><a href=\"https:\/\/www.code-autoradio.com\/wp-content\/uploads\/2022\/05\/free-Audi-Radio-Code-database-Find-your-code-online.pdf\">\u00a1Descargue la base de datos de c\u00f3digos de radio de coches Audi!<\/a><\/p>\n<\/div>\n<p>[\/vc_column_text][\/vc_column][vc_column width=&#8221;1\/2&#8243;][vc_column_text]<\/p>\n<h3>\u00bfD\u00f3nde buscar un c\u00f3digo de radio de coche Audi gratis?<\/h3>\n<p>Si no puede encontrar su n\u00famero de serie, por ejemplo, AUZ1Z6B1234567 y el c\u00f3digo de desbloqueo en nuestra lista gratuita de c\u00f3digos de radio Audi, tambi\u00e9n puede buscar en su guantera en su libro de registro. Es probable que el c\u00f3digo de la radio del coche est\u00e9 escrito en una de las p\u00e1ginas del folleto.<\/p>\n<p>Tambi\u00e9n ofrecemos un servicio 24\/7 de env\u00edo de su c\u00f3digo de radio Audi por sms simplemente proporcion\u00e1ndonos el n\u00famero de serie de la radio escrito en la etiqueta de la parte trasera de la radio. Si est\u00e1 buscando el c\u00f3digo de radio de su A3 esto tambi\u00e9n funciona para A1, A4, Q3, Q5.<\/p>\n<h3>\u00bfC\u00f3mo obtener el n\u00famero de serie para encontrar el c\u00f3digo de la radio del coche Audi de forma gratuita?<\/h3>\n<p>El n\u00famero de serie de un autorradio Audi se puede encontrar en una etiqueta en la parte posterior de la radio o grabado en un lado de la radio del coche. Para ello, es necesario retirar la radio del salpicadero con unos alicates especiales y un destornillador Torx.[\/vc_column_text][\/vc_column][\/vc_row]<\/p>\n<\/div>","protected":false},"excerpt":{"rendered":"<h2>\u00bfC\u00f3mo encontrar el c\u00f3digo de la radio de Audi?<\/h2>\n","protected":false},"featured_media":49,"template":"","meta":[],"product_brand":[],"product_cat":[305,304],"product_tag":[],"class_list":{"0":"post-13465","1":"product","2":"type-product","3":"status-publish","4":"has-post-thumbnail","6":"product_cat-audi-es","7":"product_cat-fabricante-de-coches","9":"first","10":"instock","11":"featured","12":"virtual","13":"sold-individually","14":"taxable","15":"purchasable","16":"product-type-simple"},"_links":{"self":[{"href":"https:\/\/www.code-autoradio.com\/es\/wp-json\/wp\/v2\/product\/13465","targetHints":{"allow":["GET"]}}],"collection":[{"href":"https:\/\/www.code-autoradio.com\/es\/wp-json\/wp\/v2\/product"}],"about":[{"href":"https:\/\/www.code-autoradio.com\/es\/wp-json\/wp\/v2\/types\/product"}],"wp:featuredmedia":[{"embeddable":true,"href":"https:\/\/www.code-autoradio.com\/es\/wp-json\/wp\/v2\/media\/49"}],"wp:attachment":[{"href":"https:\/\/www.code-autoradio.com\/es\/wp-json\/wp\/v2\/media?parent=13465"}],"wp:term":[{"taxonomy":"product_brand","embeddable":true,"href":"https:\/\/www.code-autoradio.com\/es\/wp-json\/wp\/v2\/product_brand?post=13465"},{"taxonomy":"product_cat","embeddable":true,"href":"https:\/\/www.code-autoradio.com\/es\/wp-json\/wp\/v2\/product_cat?post=13465"},{"taxonomy":"product_tag","embeddable":true,"href":"https:\/\/www.code-autoradio.com\/es\/wp-json\/wp\/v2\/product_tag?post=13465"}],"curies":[{"name":"wp","href":"https:\/\/api.w.org\/{rel}","templated":true}]}}