{"id":13466,"date":"2022-05-10T10:30:32","date_gmt":"2022-05-10T08:30:32","guid":{"rendered":"https:\/\/www.code-autoradio.com\/?post_type=product&#038;p=13466"},"modified":"2024-01-23T15:33:02","modified_gmt":"2024-01-23T14:33:02","slug":"codigo-radio-seat","status":"publish","type":"product","link":"https:\/\/www.code-autoradio.com\/es\/codigo\/codigo-radio-seat\/","title":{"rendered":"C\u00f3digo radio SEAT"},"content":{"rendered":"<div class=\"wpb-content-wrapper\"><p>[vc_row][vc_column width=&#8221;1\/2&#8243;][vc_column_text]<\/p>\n<h2>Introducci\u00f3n &#8211; C\u00f3mo encontrar el c\u00f3digo de su radio Seat<\/h2>\n<p style=\"text-align: center;\"><em>\u00a1Proporcionamos 7\/7d 24\/24h su c\u00f3digo de radio Seat gracias a su n\u00famero de serie de radio del coche!<\/em><\/p>\n<p>El autorradio de su Seat muestra el &#8220;c\u00f3digo : o un mensaje de error X&#8212; -X&#8211; &#8211;X- &#8212;X ? \u00bfEst\u00e1 escrito SAFE en la pantalla LCD? \u00bfTe pide un c\u00f3digo de seguridad pero no lo sabes? \u00bfC\u00f3mo se busca el c\u00f3digo de la radio del coche Seat?<\/p>\n<p>Tras un corte de bater\u00eda, un fallo electr\u00f3nico, un cambio de radio o cualquier otro fallo, \u00bfte quedas sin m\u00fasica?<\/p>\n<p>Garantizamos al 100% la validez del c\u00f3digo enviado, llevamos a\u00f1os trabajando con los t\u00e9cnicos de autom\u00f3viles Seat.<\/p>\n<p>Recibir\u00e1s el c\u00f3digo de tu autorradio Seat despu\u00e9s de realizar tu pedido. Este c\u00f3digo estar\u00e1 disponible en su \u00e1rea de cliente, y tambi\u00e9n recibir\u00e1 un correo electr\u00f3nico y\/o un SMS.<\/p>\n<p>Redescubra el placer de conducir y entretenerse en el coche con su radio favorita.<\/p>\n<h2>1 &#8211; \u00bfC\u00f3mo encontrar el n\u00famero de serie de un autorradio Seat?<\/h2>\n<p>Los n\u00fameros de serie de los autorradios SEAT siempre empiezan por SEZ1Z1, SEZ1Z2, SEZ1Z4, SEZ1Z5, SEZ1Z6, SEZ1Z7, SEZ2Z, SEZAZ, SE3841, SE3842&#8230; etc.<\/p>\n<h2>\u00bfC\u00f3mo encontrar el n\u00famero de serie de una radio SEAT?<\/h2>\n<p>Tienes dos posibilidades, o bien el n\u00famero de serie aparece directamente en la pantalla LCD o bien tienes que desmontar la radio del salpicadero del veh\u00edculo para comprobar las etiquetas y proporcionarnos la informaci\u00f3n necesaria para encontrar el c\u00f3digo de tu radio de coche SEAT.<\/p>\n<h2>\u00bfC\u00f3mo se quita la radio de Seat?<\/h2>\n<p>Estas son las herramientas necesarias para desmontar la radio del coche: Llaves de extracci\u00f3n SEAT<\/p>\n<p>Tambi\u00e9n puedes utilizar herramientas caseras para evitar costes adicionales.<\/p>\n<p>Dependiendo del modelo de radio Seat, tendr\u00e1 que quitar el embellecedor que lo rodea y luego desatornillar los 4 tornillos torx.<\/p>\n<h2>\u00bfC\u00f3mo introduzco el c\u00f3digo de radio de Seat?<\/h2>\n<p>Una vez encendida la radio de su coche, debe aparecer &#8220;SAFE&#8221; en la pantalla, si &#8220;SAFE&#8221; no aparece autom\u00e1ticamente, pulse los botones &#8220;SEEK&#8221; y &#8220;SCAN&#8221; o &#8220;MODE&#8221; y &#8220;SCAN&#8221; simult\u00e1neamente dependiendo de su radio de coche.<\/p>\n<p>Despu\u00e9s de unos 3 segundos, aparece &#8220;1000&#8221; en la pantalla.<br \/>\n1. Pulse el bot\u00f3n 1 hasta que aparezca la primera cifra correcta del c\u00f3digo.<br \/>\n2. Pulse el bot\u00f3n 2 hasta que aparezca la segunda cifra correcta del c\u00f3digo.<br \/>\n3. Pulse el bot\u00f3n 3 hasta que aparezca la tercera cifra correcta del c\u00f3digo.<br \/>\n4. Pulse el bot\u00f3n 4 hasta que aparezca la cuarta cifra correcta del c\u00f3digo.<\/p>\n<p>A continuaci\u00f3n, pulse el bot\u00f3n &#8220;&gt;&#8221; o &#8220;SEEK&#8221; durante 2 segundos para validar su c\u00f3digo SEAT. La radio del coche se desbloquear\u00e1.<\/p>\n<p>&#8211; Si ha introducido correctamente el c\u00f3digo SEAT, en la pantalla aparecer\u00e1 &#8220;LSM&#8221;.<\/p>\n<p>&#8211; Si ha introducido un c\u00f3digo incorrecto por error, aparecer\u00e1 &#8220;SAFE&#8221; en la pantalla. Al principio parpadear\u00e1, luego se quedar\u00e1 encendido.[\/vc_column_text][vc_btn title=&#8221;Obtener mi c\u00f3digo&#8221; color=&#8221;orange&#8221; link=&#8221;url:%23product-13466&#8243;][\/vc_column][vc_column width=&#8221;1\/2&#8243;][vc_column_text]<img decoding=\"async\" class=\"alignnone size-medium wp-image-7609\" src=\"https:\/\/www.code-autoradio.com\/wp-content\/uploads\/2018\/04\/numero-serie-autoradio-seat-300x225.jpg\" alt=\"\" width=\"300\" height=\"225\" title=\"\"> <img decoding=\"async\" class=\"alignnone size-medium wp-image-7610\" src=\"https:\/\/www.code-autoradio.com\/wp-content\/uploads\/2018\/04\/etiquette-code-autoradio-seat-300x225.jpg\" alt=\"\" width=\"300\" height=\"225\" title=\"\"><\/p>\n<p><img decoding=\"async\" class=\"alignnone size-medium wp-image-7611\" src=\"https:\/\/www.code-autoradio.com\/wp-content\/uploads\/2018\/04\/autoradio-seat-leon-300x225.jpeg\" alt=\"\" width=\"300\" height=\"225\" title=\"\"><\/p>\n<h2>Resumen &#8211; \u00bfC\u00f3mo funciona en SEAT el desbloqueo de la radio del coche?<\/h2>\n<p>Proporcionamos los c\u00f3digos originales de f\u00e1brica de la radio del coche SEAT con el n\u00famero de serie para diferentes modelos de coche de la marca SEAT.<\/p>\n<p>Generamos todos los c\u00f3digos pin de SEAT por el n\u00famero de serie del dispositivo. Siempre empieza por SEZ y se encuentra en la etiqueta de la parte trasera de la radio del coche o en la pantalla LCD.<\/p>\n<h3>\u00bfPor qu\u00e9 elegir SEAT?<\/h3>\n<p>Comprar un Seat es una elecci\u00f3n racional. La gama del fabricante espa\u00f1ol est\u00e1 muy bien de precio y la calidad de los coches (todos ellos procedentes de <a href=\"https:\/\/www.code-autoradio.com\/es\/codigo\/codigo-radio-volkswagen\/\">Volkswagen<\/a>) est\u00e1 bien probada.<\/p>\n<h3 class=\"css-a5m6co-text css-p8ym46-fontFamily css-11397xj-fontSize css-15qzf5r-display css-7bji7i-wordBreak\"><span class=\"css-a5m6co-text css-p8ym46-fontFamily css-11397xj-fontSize css-18j1nfb-display\">desbloquear radio seat ibiza safe<\/span><\/h3>\n<p>Seat ofrece una variada selecci\u00f3n de coches. El Ibiza es un coche urbano excelente, fiable y asequible. Tambi\u00e9n destaca por sus cualidades interiores y el espacio del maletero. El mejor <a href=\"https:\/\/www.seat.es\/\" target=\"_blank\" rel=\"noopener\">Seat<\/a> es, sin duda, el Le\u00f3n, que es econ\u00f3mico, espacioso, con buena potencia y din\u00e1mico de conducir. El rendimiento del coche es muy homog\u00e9neo. El Altea parece estar m\u00e1s atrasado en la categor\u00eda de monovol\u00famenes compactos, aunque su precio lo convierte en una buena compra. Pero para los que quieran salirse de los caminos trillados durante el fin de semana, la versi\u00f3n Freetrack con tracci\u00f3n a las cuatro ruedas ofrece m\u00e1s ventajas. El nuevo Alhambra es uno de los coches familiares m\u00e1s grandes que ofrece un rendimiento notable. Clon del Volkswagen Sharan (pero m\u00e1s barato), ofrece una cantidad r\u00e9cord de espacio, puertas traseras correderas y asientos que encajan en el suelo. Una compra inteligente y sensata.[\/vc_column_text][vc_btn title=&#8221;Obtener mi c\u00f3digo&#8221; color=&#8221;orange&#8221; link=&#8221;url:%23product-13466&#8243;][\/vc_column][\/vc_row][vc_row][vc_column]<div class=\"title-wrapper  wpb_custom_22f52a2069d96dfeedfa2bc1f550e441 vc_custom_1664220011431 title-center link-left\" ><h2 class=\"title\">Coches y radios de coche Seat m\u00e1s populares<\/h2><\/div>[vc_row_inner][vc_column_inner width=&#8221;1\/6&#8243;][vc_column_text]<\/p>\n<p>Arona<\/p>\n<p>[\/vc_column_text][\/vc_column_inner][vc_column_inner width=&#8221;1\/6&#8243;][vc_column_text]<\/p>\n<p>Ateca<\/p>\n<p>[\/vc_column_text][\/vc_column_inner][vc_column_inner width=&#8221;1\/6&#8243;][vc_column_text]<\/p>\n<p>Alhambra<\/p>\n<p>[\/vc_column_text][\/vc_column_inner][vc_column_inner width=&#8221;1\/6&#8243;][vc_column_text]<\/p>\n<p>Ibiza<\/p>\n<p>[\/vc_column_text][\/vc_column_inner][vc_column_inner width=&#8221;1\/6&#8243;][vc_column_text]<\/p>\n<p>Leon<\/p>\n<p>[\/vc_column_text][\/vc_column_inner][vc_column_inner width=&#8221;1\/6&#8243;][vc_column_text]<\/p>\n<p>Altea<\/p>\n<p>[\/vc_column_text][\/vc_column_inner][\/vc_row_inner][vc_row_inner][vc_column_inner width=&#8221;1\/6&#8243;][vc_column_text]<\/p>\n<p>Arosa<\/p>\n<p>[\/vc_column_text][\/vc_column_inner][vc_column_inner width=&#8221;1\/6&#8243;][vc_column_text]<\/p>\n<p>Cordoba<\/p>\n<p>[\/vc_column_text][\/vc_column_inner][vc_column_inner width=&#8221;1\/6&#8243;][vc_column_text]<\/p>\n<p>Toledo<\/p>\n<p>[\/vc_column_text][\/vc_column_inner][vc_column_inner width=&#8221;1\/6&#8243;][vc_column_text]<\/p>\n<p>Exeo<\/p>\n<p>[\/vc_column_text][\/vc_column_inner][vc_column_inner width=&#8221;1\/6&#8243;][vc_column_text]<\/p>\n<p>Marbella<\/p>\n<p>[\/vc_column_text][\/vc_column_inner][vc_column_inner width=&#8221;1\/6&#8243;][vc_column_text]<\/p>\n<p>Terra<\/p>\n<p>[\/vc_column_text][\/vc_column_inner][\/vc_row_inner][\/vc_column][\/vc_row][vc_row][vc_column width=&#8221;1\/2&#8243; el_id=&#8221;gratis&#8221;][vc_column_text]<\/p>\n<h2 style=\"text-align: center;\">C\u00f3digo de la radio del coche Seat gratis<\/h2>\n<h3 style=\"text-align: center;\">\u00bfC\u00f3mo encontrar un c\u00f3digo de radio del coche Seat gratis?<\/h3>\n<p style=\"text-align: center;\">Busque el c\u00f3digo de su radio de coche Seat gratis encontrando el n\u00famero de serie de la radio del coche en nuestra base de datos a continuaci\u00f3n.<\/p>\n<div id=\"mciapp-exclusion-container\">\n<h2>Lista gratuita de c\u00f3digos de radio de coches Seat<\/h2>\n\n<p><a href=\"https:\/\/www.code-autoradio.com\/wp-content\/uploads\/2022\/05\/Code-Autoradio-SEAT-Gratuit.pdf\">\u00a1Descargue la base de datos de c\u00f3digos de radio de coches Seat!<\/a><\/p>\n<\/div>\n<p>[\/vc_column_text][vc_btn title=&#8221;Obtener mi c\u00f3digo&#8221; color=&#8221;orange&#8221; link=&#8221;url:%23product-13466&#8243;][\/vc_column][vc_column width=&#8221;1\/2&#8243;][\/vc_column][\/vc_row]<\/p>\n<\/div>","protected":false},"excerpt":{"rendered":"<div class=\"woocommerce-product-details__short-description\">\n<h2>\u00bfC\u00f3mo encontrar el c\u00f3digo de la radio SEAT?<\/h2>\n<\/div>\n","protected":false},"featured_media":2658,"template":"","meta":[],"product_brand":[],"product_cat":[304,308],"product_tag":[],"class_list":{"0":"post-13466","1":"product","2":"type-product","3":"status-publish","4":"has-post-thumbnail","6":"product_cat-fabricante-de-coches","7":"product_cat-seat-es","9":"first","10":"instock","11":"virtual","12":"sold-individually","13":"taxable","14":"purchasable","15":"product-type-simple"},"_links":{"self":[{"href":"https:\/\/www.code-autoradio.com\/es\/wp-json\/wp\/v2\/product\/13466","targetHints":{"allow":["GET"]}}],"collection":[{"href":"https:\/\/www.code-autoradio.com\/es\/wp-json\/wp\/v2\/product"}],"about":[{"href":"https:\/\/www.code-autoradio.com\/es\/wp-json\/wp\/v2\/types\/product"}],"wp:featuredmedia":[{"embeddable":true,"href":"https:\/\/www.code-autoradio.com\/es\/wp-json\/wp\/v2\/media\/2658"}],"wp:attachment":[{"href":"https:\/\/www.code-autoradio.com\/es\/wp-json\/wp\/v2\/media?parent=13466"}],"wp:term":[{"taxonomy":"product_brand","embeddable":true,"href":"https:\/\/www.code-autoradio.com\/es\/wp-json\/wp\/v2\/product_brand?post=13466"},{"taxonomy":"product_cat","embeddable":true,"href":"https:\/\/www.code-autoradio.com\/es\/wp-json\/wp\/v2\/product_cat?post=13466"},{"taxonomy":"product_tag","embeddable":true,"href":"https:\/\/www.code-autoradio.com\/es\/wp-json\/wp\/v2\/product_tag?post=13466"}],"curies":[{"name":"wp","href":"https:\/\/api.w.org\/{rel}","templated":true}]}}