{"id":28028,"date":"2022-05-10T10:41:23","date_gmt":"2022-05-10T08:41:23","guid":{"rendered":"https:\/\/www.code-autoradio.com\/?post_type=product&#038;p=28028"},"modified":"2024-01-23T15:25:48","modified_gmt":"2024-01-23T14:25:48","slug":"codigo-de-radio-skoda","status":"publish","type":"product","link":"https:\/\/www.code-autoradio.com\/es\/codigo\/codigo-de-radio-skoda\/","title":{"rendered":"C\u00f3digo de radio Skoda"},"content":{"rendered":"<div class=\"wpb-content-wrapper\"><p>[vc_row][vc_column width=&#8221;1\/2&#8243;][vc_column_text]<\/p>\n<h2>Intro &#8211; Descubre los pasos para encontrar un c\u00f3digo de radio de coche Skoda<\/h2>\n<p style=\"text-align: center;\"><em>\u00a1Le proporcionaremos su c\u00f3digo de radio SKODA 7\/24 inmediatamente despu\u00e9s de realizar el pedido!<\/em><\/p>\n<h2>\u00bfC\u00f3mo encontrar el n\u00famero de serie de una radio de coche Skoda?<\/h2>\n<p>Desbloquee cualquier <strong>c\u00f3digo PIN de Skoda<\/strong>, con un n\u00famero de serie que comience con SKZ al instante.<\/p>\n<p>Retire la radio del salpicadero del veh\u00edculo para comprobar las etiquetas y proporcionarnos el n\u00famero de serie necesario para encontrar el <strong>c\u00f3digo de su radio Skoda<\/strong>.<\/p>\n<p><img decoding=\"async\" class=\"alignnone size-full wp-image-7165\" src=\"https:\/\/www.code-autoradio.com\/wp-content\/uploads\/2018\/09\/radio-code-skoda.jpg\" alt=\"\" width=\"480\" height=\"360\" title=\"\"><\/p>\n<p><img decoding=\"async\" class=\"alignnone size-large wp-image-7166\" src=\"https:\/\/www.code-autoradio.com\/wp-content\/uploads\/2018\/09\/skoda-radio-numero-serie.jpg\" alt=\"\" width=\"600\" height=\"368\" title=\"\">[\/vc_column_text][\/vc_column][vc_column width=&#8221;1\/2&#8243;][vc_column_text]<\/p>\n<h2>\u00daltimos comandos de c\u00f3digo de autorradio Skoda:<\/h2>\n<p>Ejemplos de comandos de <strong>c\u00f3digo de radio de coche Skoda<\/strong>: N\u00famero de serie Skoda Fabia = SKZAZ6L0452738<\/p>\n<ul>\n<li>N\u00famero de serie: SKZAZ5B0608439, c\u00f3digo de radio = 0556<\/li>\n<li>N\u00famero de serie: SKZ627G8309092, c\u00f3digo de radio = 0715<\/li>\n<li>N\u00famero de serie: SKZ1Z7C3145830, c\u00f3digo de radio = 1719<\/li>\n<li>N\u00famero de serie: SKZ4Z2L1204090W, c\u00f3digo de radio: 0767<\/li>\n<li>N\u00famero de serie: SKZAZ6K0416562, c\u00f3digo: 0087<\/li>\n<li>N\u00famero de serie: SKZ4Z2N12639624, c\u00f3digo: 0895<\/li>\n<li>N\u00famero de serie: SKZAZ6L0444209, c\u00f3digo: 1356<\/li>\n<\/ul>\n<h2>Modelos Skoda compatibles con autoradio c\u00f3digo:<\/h2>\n<ul>\n<li>Skoda Citigo<\/li>\n<li>Skoda Fabia<\/li>\n<li>Skoda Karoq<\/li>\n<li>Skoda Kodiaq<\/li>\n<li>Skoda Octavia<\/li>\n<li>Skoda r\u00e1pido<\/li>\n<li>Skoda Superb<\/li>\n<li>Skoda Yeti<\/li>\n<li>Skoda 100<\/li>\n<li>Skoda 105<\/li>\n<li>Skoda 110<\/li>\n<li>Skoda 120<\/li>\n<li>Skoda 130<\/li>\n<li>Skoda Coup\u00e9<\/li>\n<li>Skoda favorito<\/li>\n<li>Skoda Felicia<\/li>\n<li>Skoda Roomster<\/li>\n<\/ul>\n<p>Reconocido en ese momento por sus coches &#8220;econ\u00f3micos&#8221;, <a href=\"https:\/\/www.skoda.fr\/\" target=\"_blank\" rel=\"noopener\">Skoda<\/a> es ahora ampliamente reconocido como un fabricante generalista de alto nivel. Ciertamente, comprar un Skoda siempre es ventajoso desde el punto de vista financiero, pero la gama ofrece servicios dignos de lo mejor, incluso superiores a sus competidores si hablamos de espacio habitable. \u00a1El Superb es un buen ejemplo, donde casi puedes estirar las piernas en la parte de atr\u00e1s! Entre los vagones m\u00e1s peque\u00f1os, el Octavia tambi\u00e9n es una excelente opci\u00f3n, especialmente con sus motores TDI muy econ\u00f3micos. El Fabia se presenta como un buen coche urbano, asequible y equipado con todo el saber hacer de Volkswagen en cuanto a calidad de construcci\u00f3n. No m\u00e1s grande pero m\u00e1s alto es el Roomster, muy pr\u00e1ctico tanto para la ciudad como para las escapadas de fin de semana.<\/p>\n<p>Y para salir del bet\u00fan, el Yeti se presenta como un excelente todoterreno, eficiente y seguro en carretera gracias a su tracci\u00f3n total permanente. Comprar un Skoda: un Skoda ofrece una de las mejores relaciones precio\/rendimiento del mercado.[\/vc_column_text][\/vc_column][\/vc_row]<\/p>\n<\/div>","protected":false},"excerpt":{"rendered":"<h2>\u00bfC\u00f3mo encontrar el c\u00f3digo de radio Skoda?<\/h2>\n","protected":false},"featured_media":4053,"template":"","meta":[],"product_brand":[],"product_cat":[304,334],"product_tag":[],"class_list":{"0":"post-28028","1":"product","2":"type-product","3":"status-publish","4":"has-post-thumbnail","6":"product_cat-fabricante-de-coches","7":"product_cat-skoda-es","9":"first","10":"instock","11":"virtual","12":"sold-individually","13":"taxable","14":"purchasable","15":"product-type-simple"},"_links":{"self":[{"href":"https:\/\/www.code-autoradio.com\/es\/wp-json\/wp\/v2\/product\/28028","targetHints":{"allow":["GET"]}}],"collection":[{"href":"https:\/\/www.code-autoradio.com\/es\/wp-json\/wp\/v2\/product"}],"about":[{"href":"https:\/\/www.code-autoradio.com\/es\/wp-json\/wp\/v2\/types\/product"}],"wp:featuredmedia":[{"embeddable":true,"href":"https:\/\/www.code-autoradio.com\/es\/wp-json\/wp\/v2\/media\/4053"}],"wp:attachment":[{"href":"https:\/\/www.code-autoradio.com\/es\/wp-json\/wp\/v2\/media?parent=28028"}],"wp:term":[{"taxonomy":"product_brand","embeddable":true,"href":"https:\/\/www.code-autoradio.com\/es\/wp-json\/wp\/v2\/product_brand?post=28028"},{"taxonomy":"product_cat","embeddable":true,"href":"https:\/\/www.code-autoradio.com\/es\/wp-json\/wp\/v2\/product_cat?post=28028"},{"taxonomy":"product_tag","embeddable":true,"href":"https:\/\/www.code-autoradio.com\/es\/wp-json\/wp\/v2\/product_tag?post=28028"}],"curies":[{"name":"wp","href":"https:\/\/api.w.org\/{rel}","templated":true}]}}