{"id":39068,"date":"2023-05-10T10:22:14","date_gmt":"2023-05-10T08:22:14","guid":{"rendered":"https:\/\/www.code-autoradio.com\/?post_type=product&#038;p=39068"},"modified":"2024-01-23T09:03:15","modified_gmt":"2024-01-23T08:03:15","slug":"codigo-radio-ford","status":"publish","type":"product","link":"https:\/\/www.code-autoradio.com\/es\/codigo\/codigo-radio-ford\/","title":{"rendered":"C\u00f3digo radio ford"},"content":{"rendered":"<div class=\"wpb-content-wrapper\"><p>[vc_row][vc_column width=&#8221;1\/2&#8243;][vc_column_text]<\/p>\n<div class=\"mceTemp\"><\/div>\n<h2>Intro &#8211; \u00bfC\u00f3mo puedo encontrar el c\u00f3digo de la radio de mi coche Ford online?<\/h2>\n<p>Encontraremos el c\u00f3digo de radio Ford para usted 24\/7, \u00a1al instante!<\/p>\n<p>\u00bfSu radio Ford muestra un mensaje de error? \u00bfSu radio CD 6000 muestra la palabra &#8220;code&#8221; parpadeando con 4 peque\u00f1os guiones? \u00bfLe pide un c\u00f3digo de seguridad pero usted no lo sabe? Entonces, \u00bfc\u00f3mo encontrar un c\u00f3digo de radio de coche Ford?<\/p>\n<p>Despu\u00e9s de un fallo de bater\u00eda, un cambio de aceite, un cambio de radio o cualquier otra aver\u00eda, la compra de un veh\u00edculo Ford de ocasi\u00f3n, el cambio de piezas de recambio, \u00bfte encuentras sin radio?<\/p>\n<h2>1 &#8211; \u00bfC\u00f3mo encontrar el n\u00famero de serie de una radio FORD?<\/h2>\n<h3>\u00bfC\u00f3mo encontrar el n\u00famero de serie de la radio Ford 6000 CD M o V?<\/h3>\n<p>Pulse 1 y 6 o 2 y 6 al mismo tiempo para mostrar el n\u00famero de serie que empieza por M + los 6 d\u00edgitos o V + los 6 d\u00edgitos en la pantalla LCD.<\/p>\n<p>Si esto no funciona, debes retirar el autorradio del salpicadero para encontrar el n\u00famero de serie en la etiqueta de la parte posterior.<\/p>\n<p>Para ello, necesitar\u00e1 las siguientes llaves de extracci\u00f3n:=&gt; Pedir llaves de extracci\u00f3n Ford<\/p>\n<h2>2 &#8211; \u00bfC\u00f3mo se introduce el c\u00f3digo en un autorradio Ford?<\/h2>\n<p>Puedes introducir el c\u00f3digo de la radio cuando veas cuatro l\u00edneas horizontales parpadeando en la pantalla.<\/p>\n<p>Si aparece la palabra &#8220;espere&#8221; en la pantalla, deber\u00e1 dejar la radio encendida durante un m\u00e1ximo de 2 horas para permitir que la radio se restablezca.<\/p>\n<p>Si aparece la palabra &#8220;LOCK 10&#8221;, mantenga pulsado el bot\u00f3n 6 con la radio encendida. Esto le dar\u00e1 tres intentos m\u00e1s para introducir el c\u00f3digo correcto.<\/p>\n<p>Si, por el contrario, aparece &#8220;LOCK 13&#8221;, habr\u00e1 agotado todos los intentos de introducir el c\u00f3digo y ya no podr\u00e1 introducirlo. En ese caso, deber\u00e1 acudir a un Concesionario Ford.<\/p>\n<p>En primer lugar, encienda la radio.<br \/>\nDeber\u00eda ver C\u00d3DIGO _ _ _ _<br \/>\nPulse 1 varias veces para obtener la primera cifra de su c\u00f3digo.<br \/>\nPulse 2 repetidamente para la segunda cifra de su c\u00f3digo<br \/>\nPulse 3 varias veces para la tercera cifra de su c\u00f3digo.<br \/>\nPulse 4 repetidamente para la cuarta cifra de su c\u00f3digo.<br \/>\nCuando su c\u00f3digo de radio aparezca en la pantalla<br \/>\nPulse 5 para confirmar.<\/p>\n<p>Para los modelos &#8211; Ford 2005, Ford 2006 RDS, Ford 2006R RDS, Ford 2007 RDS, Ford 2008 y Ford 2016<\/p>\n<ul>\n<li>Primero encienda la radio<\/li>\n<li>Deber\u00eda ver _ _ _ _<\/li>\n<li>Pulse 1 repetidamente para el primer d\u00edgito de su c\u00f3digo<\/li>\n<li>Pulse 2 repetidamente para el segundo d\u00edgito de su c\u00f3digo<\/li>\n<li>Pulse 3 repetidamente para el tercer d\u00edgito de su c\u00f3digo<\/li>\n<li>Pulse 4 repetidamente para la cuarta cifra de su c\u00f3digo.<\/li>\n<li>Una vez que su c\u00f3digo de radio aparezca en la pantalla<\/li>\n<li>Pulse &#8220;SELECT&#8221; para desbloquear la radio.<\/li>\n<\/ul>\n<p><img decoding=\"async\" class=\"alignleft wp-image-25428 size-full\" src=\"https:\/\/www.code-autoradio.com\/wp-content\/uploads\/2022\/05\/code-autoradio-ford-fusion.jpeg\" alt=\"Code autoradio Ford Fusion\" width=\"793\" height=\"542\" title=\"\" srcset=\"https:\/\/www.code-autoradio.com\/wp-content\/uploads\/2022\/05\/code-autoradio-ford-fusion.jpeg 793w, https:\/\/www.code-autoradio.com\/wp-content\/uploads\/2022\/05\/code-autoradio-ford-fusion-600x410.jpeg 600w, https:\/\/www.code-autoradio.com\/wp-content\/uploads\/2022\/05\/code-autoradio-ford-fusion-300x205.jpeg 300w, https:\/\/www.code-autoradio.com\/wp-content\/uploads\/2022\/05\/code-autoradio-ford-fusion-768x525.jpeg 768w, https:\/\/www.code-autoradio.com\/wp-content\/uploads\/2022\/05\/code-autoradio-ford-fusion-150x103.jpeg 150w\" sizes=\"(max-width: 793px) 100vw, 793px\" \/>[\/vc_column_text][\/vc_column][vc_column width=&#8221;1\/2&#8243;][vc_column_text]<\/p>\n<h2><\/h2>\n<figure id=\"attachment_6772\" aria-describedby=\"caption-attachment-6772\" style=\"width: 452px\" class=\"wp-caption alignnone\"><img decoding=\"async\" class=\"size-full wp-image-6772\" src=\"https:\/\/www.code-autoradio.com\/wp-content\/uploads\/2018\/04\/Ford-M-autoradio-numero-de-serie.jpg\" alt=\"Ford M trouver le num\u00e9ro de s\u00e9rie\" width=\"452\" height=\"280\" title=\"\"><figcaption id=\"caption-attachment-6772\" class=\"wp-caption-text\">Ford M encontrar el n\u00famero de serie<\/figcaption><\/figure>\n<figure id=\"attachment_6773\" aria-describedby=\"caption-attachment-6773\" style=\"width: 360px\" class=\"wp-caption alignnone\"><img decoding=\"async\" class=\"size-full wp-image-6773\" src=\"https:\/\/www.code-autoradio.com\/wp-content\/uploads\/2018\/04\/Ford-V-Sautoradio-numero-de-serie.jpg\" alt=\"Ford V trouver le num\u00e9ro de s\u00e9rie\" width=\"360\" height=\"196\" title=\"\"><figcaption id=\"caption-attachment-6773\" class=\"wp-caption-text\">Ford V encontrar el n\u00famero de serie<\/figcaption><\/figure>\n<figure id=\"attachment_6774\" aria-describedby=\"caption-attachment-6774\" style=\"width: 604px\" class=\"wp-caption alignnone\"><img decoding=\"async\" class=\"size-full wp-image-6774\" src=\"https:\/\/www.code-autoradio.com\/wp-content\/uploads\/2018\/04\/Ford-Travelpilot-Blaupunkt-autoradio-numero-de-serie.jpg\" alt=\"code autoradio ford\" width=\"604\" height=\"272\" title=\"\"><figcaption id=\"caption-attachment-6774\" class=\"wp-caption-text\">Ford Travelpilot Blaupunkt encontrar el n\u00famero de serie<\/figcaption><\/figure>\n<figure id=\"attachment_6775\" aria-describedby=\"caption-attachment-6775\" style=\"width: 1024px\" class=\"wp-caption alignnone\"><img decoding=\"async\" class=\"size-large wp-image-6775\" src=\"https:\/\/www.code-autoradio.com\/wp-content\/uploads\/2018\/04\/Ford-Travelpilot-Bosch-autoradio-numero-de-serie-1024x278.jpg\" alt=\"retrouver le code autoradio ford\" width=\"1024\" height=\"278\" title=\"\"><figcaption id=\"caption-attachment-6775\" class=\"wp-caption-text\">Ford Travelpilot Bosch encontrar el n\u00famero de serie<\/figcaption><\/figure>\n<p><img decoding=\"async\" class=\"aligncenter size-large wp-image-27115\" src=\"https:\/\/www.code-autoradio.com\/wp-content\/uploads\/2018\/04\/ford-radio-codes-1024x535.jpg\" alt=\"Comment trouver code radio ford ?\" width=\"1024\" height=\"535\" title=\"\"><br \/>\n<img decoding=\"async\" class=\"aligncenter size-full wp-image-27119\" src=\"https:\/\/www.code-autoradio.com\/wp-content\/uploads\/2018\/04\/numero-serie-ford-radio.png\" alt=\"code autoradio ford\" width=\"588\" height=\"313\" title=\"\"><\/p>\n<h2>4 &#8211; \u00bfC\u00f3mo funciona la descodificaci\u00f3n Ford?<\/h2>\n<p>Suministramos c\u00f3digos originales de autorradios Ford basados en los n\u00fameros de serie de varios modelos de coches FORD.<\/p>\n<p>El 1er servicio en Francia en enviarle su c\u00f3digo inmediatamente por sms para desbloquear su autorradio Ford tras un cambio de bater\u00eda o un problema de alimentaci\u00f3n. Las marcas de autorradios Ford son generalmente BECKER, BLAUPUNKT, FIC, JOHNSON CONTROLS, PHILIPS, SIEMENS VDO, SONY, TOPPOWER, VISTEON. La recuperaci\u00f3n de c\u00f3digos de radio Ford funciona para toda la gama y todos los modelos Ford, como Ford transit, Ford Mustang, Ford Ka, Ford Ranger, Ford Edge, Focus rs, Ford c max, Jaguar, Escort, SUV, MPV, berlina, city car, utility, Ecoboost, Diesel, Hybrid, Dci, Tdi&#8230;<\/p>\n<p>Para recuperar el c\u00f3digo radio coche Sc\u00e9nic, M\u00e9gane, Espace, Kia, Mercedes, los pasos son id\u00e9nticos.<\/p>\n<p>Preguntas \/ Respuestas<br \/>\n\u00bfC\u00f3mo desbloqueo una radio Ford?<\/p>\n<p>Debe introducir el c\u00f3digo de seguridad del autorradio. \u00c9ste se encuentra en el libro de mantenimiento.<\/p>\n<p>\u00bfD\u00f3nde puedo encontrar el c\u00f3digo del autorradio Ford 6000 CD?<\/p>\n<p>Puede encontrar el c\u00f3digo del autorradio Ford 6000 CD en el libro de mantenimiento o directamente en l\u00ednea con su n\u00famero de serie.<\/p>\n<p>\u00bfC\u00f3mo desbloqueo un autorradio?<\/p>\n<p>Si el autorradio muestra Espera o Bloqueado, debes introducir su c\u00f3digo de seguridad.[\/vc_column_text][\/vc_column][\/vc_row][vc_row css=&#8221;.vc_custom_1680203621824{padding-top: 50px !important;}&#8221;][vc_column width=&#8221;1\/2&#8243; el_id=&#8221;code-autoradio-ford-gratuit&#8221;][vc_column_text]<\/p>\n<h2 style=\"text-align: left;\">5 &#8211; C\u00f3digo radio Ford gratis<\/h2>\n<h3 style=\"text-align: left;\">\u00bfC\u00f3mo encontrar un c\u00f3digo de radio de coche Ford gratis?<\/h3>\n<p>Encuentre gratis el c\u00f3digo de radio de su coche Ford buscando su n\u00famero de serie en nuestra base de datos de Ford a continuaci\u00f3n.<\/p>\n<h3>Lista gratuita de c\u00f3digos de radio de coche Ford<\/h3>\n\n<p>\u00a1Descargar la base de datos de c\u00f3digos de autorradio de Ford!<\/p>\n<p>Si por desgracia no encuentra su c\u00f3digo en la lista, debe realizar una solicitud para recibirlo inmediatamente por SMS o correo electr\u00f3nico.[\/vc_column_text][\/vc_column][vc_column width=&#8221;1\/2&#8243;][vc_column_text]<\/p>\n<h3>\u00bfD\u00f3nde puedo buscar un c\u00f3digo de radio Ford gratuito?<\/h3>\n<p>Si no puede encontrar su n\u00famero de serie y el c\u00f3digo correspondiente en nuestra lista gratuita de c\u00f3digos de radio Ford, puede buscar en su folleto de servicio. Es posible que el c\u00f3digo de radio Ford est\u00e9 escrito en una de las p\u00e1ginas del folleto.<\/p>\n<p>Tambi\u00e9n ofrecemos un servicio para enviarle instant\u00e1neamente el c\u00f3digo de radio de su coche Ford 7 d\u00edas a la semana, 24 horas al d\u00eda por mensaje de texto, simplemente proporcion\u00e1ndonos su n\u00famero de serie que empiece por M o V + 6 caracteres.<\/p>\n<h3>\u00bfC\u00f3mo puedo encontrar gratuitamente el n\u00famero de serie de mi autorradio Ford?<\/h3>\n<p>El n\u00famero de serie de un autorradio Ford se puede encontrar pulsando las teclas 1 y 6 o 1 y 5 al mismo tiempo en su autorradio Ford. El n\u00famero de serie aparecer\u00e1 entonces en la pantalla LCD de su Fiesta, Focus, Ka, Ranger u otro veh\u00edculo Frod.[\/vc_column_text][\/vc_column][\/vc_row]<\/p>\n<\/div>","protected":false},"excerpt":{"rendered":"<h2>\u00bfC\u00f3mo encuentro el c\u00f3digo de la radio Ford?<\/h2>\n","protected":false},"featured_media":2553,"template":"","meta":[],"product_brand":[],"product_cat":[304,336],"product_tag":[],"class_list":{"0":"post-39068","1":"product","2":"type-product","3":"status-publish","4":"has-post-thumbnail","6":"product_cat-fabricante-de-coches","7":"product_cat-ford-es","9":"first","10":"instock","11":"featured","12":"virtual","13":"sold-individually","14":"taxable","15":"purchasable","16":"product-type-simple"},"_links":{"self":[{"href":"https:\/\/www.code-autoradio.com\/es\/wp-json\/wp\/v2\/product\/39068","targetHints":{"allow":["GET"]}}],"collection":[{"href":"https:\/\/www.code-autoradio.com\/es\/wp-json\/wp\/v2\/product"}],"about":[{"href":"https:\/\/www.code-autoradio.com\/es\/wp-json\/wp\/v2\/types\/product"}],"wp:featuredmedia":[{"embeddable":true,"href":"https:\/\/www.code-autoradio.com\/es\/wp-json\/wp\/v2\/media\/2553"}],"wp:attachment":[{"href":"https:\/\/www.code-autoradio.com\/es\/wp-json\/wp\/v2\/media?parent=39068"}],"wp:term":[{"taxonomy":"product_brand","embeddable":true,"href":"https:\/\/www.code-autoradio.com\/es\/wp-json\/wp\/v2\/product_brand?post=39068"},{"taxonomy":"product_cat","embeddable":true,"href":"https:\/\/www.code-autoradio.com\/es\/wp-json\/wp\/v2\/product_cat?post=39068"},{"taxonomy":"product_tag","embeddable":true,"href":"https:\/\/www.code-autoradio.com\/es\/wp-json\/wp\/v2\/product_tag?post=39068"}],"curies":[{"name":"wp","href":"https:\/\/api.w.org\/{rel}","templated":true}]}}