{"id":41071,"date":"2022-05-30T11:05:51","date_gmt":"2022-05-30T09:05:51","guid":{"rendered":"https:\/\/www.code-autoradio.com\/?post_type=product&#038;p=41071"},"modified":"2024-03-19T11:24:13","modified_gmt":"2024-03-19T10:24:13","slug":"codigo-radio-renault-kangoo","status":"publish","type":"product","link":"https:\/\/www.code-autoradio.com\/es\/codigo\/codigo-radio-renault-kangoo\/","title":{"rendered":"Codigo radio Renault Kangoo"},"content":{"rendered":"<div class=\"wpb-content-wrapper\"><p>[vc_row][vc_column width=&#8221;1\/2&#8243;][vc_column_text]<\/p>\n<h2>Intro &#8211; \u00bfC\u00f3mo puedo encontrar el c\u00f3digo de la radio de mi Renault Kangoo?<\/h2>\n<p style=\"text-align: center;\">Le proporcionaremos su c\u00f3digo de radio Kangoo 24\/7, \u00a1inmediatamente!<\/p>\n<p>\u00bfHa tenido alg\u00fan problema con la radio de su Renault Kangoo? \u00bfLe pide un c\u00f3digo de seguridad o de autentificaci\u00f3n? \u00bfNo sabe c\u00f3mo encontrar este c\u00f3digo de autorradio Kangoo?<\/p>\n<p>Podemos enviarle el c\u00f3digo original del autorradio Renault Kangoo en menos de 30 segundos.<\/p>\n<p>Recibir\u00e1 su c\u00f3digo Kangoo despu\u00e9s de haber realizado su pedido en su espacio cliente, por correo electr\u00f3nico y por SMS (con la opci\u00f3n +2\u20ac).<\/p>\n<h2>1 &#8211; \u00bfC\u00f3mo puedo encontrar el pre-c\u00f3digo para la radio de mi Renault Kangoo?<\/h2>\n<h3>&#8211; El primer m\u00e9todo no requiere desmontaje:<\/h3>\n<p>Enciende la radio de tu Kangoo y mant\u00e9n pulsados los botones 1 y 6 de la radio del coche. El precodigo deberia aparecer en la pantalla del salpicadero.<\/p>\n<h3>&#8211; El segundo m\u00e9todo consiste en desmontar la radio del coche:<\/h3>\n<p>Extraiga el autorradio del salpicadero utilizando las llaves de extracci\u00f3n.<br \/>\nEl n\u00famero de serie empieza por &#8220;T0&#8221;, luego 1 letra y 3 d\u00edgitos.<\/p>\n<p>Todos los prec\u00f3digos de la Kangoo se componen de una letra y 3 cifras (por ejemplo, P103).<\/p>\n<figure id=\"attachment_11097\" aria-describedby=\"caption-attachment-11097\" style=\"width: 439px\" class=\"wp-caption alignnone\"><img decoding=\"async\" class=\"size-full wp-image-11097\" src=\"https:\/\/www.code-autoradio.com\/wp-content\/uploads\/2022\/05\/precode-kangoo.jpg\" alt=\"Etiquette avec pr\u00e9code security Renault Kangoo\" width=\"439\" height=\"202\" title=\"\" srcset=\"https:\/\/www.code-autoradio.com\/wp-content\/uploads\/2022\/05\/precode-kangoo.jpg 439w, https:\/\/www.code-autoradio.com\/wp-content\/uploads\/2022\/05\/precode-kangoo-300x138.jpg 300w, https:\/\/www.code-autoradio.com\/wp-content\/uploads\/2022\/05\/precode-kangoo-150x69.jpg 150w\" sizes=\"(max-width: 439px) 100vw, 439px\" \/><figcaption id=\"caption-attachment-11097\" class=\"wp-caption-text\">Etiqueta con c\u00f3digo de seguridad Renault Kangoo<\/figcaption><\/figure>\n<h3>&#8211; la tercera v\u00eda : <a href=\"https:\/\/www.code-autoradio.com\/es\/codigo\/clave-autenticacion-renault\/\">clave autenticacion renault\u00a0<\/a><\/h3>\n<h2>2 -\u00bfC\u00f3mo introduzco el c\u00f3digo de la autorradio de la Kangoo?<\/h2>\n<p>Una vez que haya recibido su c\u00f3digo :<\/p>\n<ol>\n<li>Encienda el reproductor de CD o casete.<\/li>\n<li>En la pantalla debe aparecer 0 0 0 0.<\/li>\n<li>Pulse varias veces el bot\u00f3n 1 y, a continuaci\u00f3n, 2, 3 y 4 hasta que aparezca cada d\u00edgito de su c\u00f3digo en la pantalla.<\/li>\n<li>Mantenga pulsado 6 para activar el c\u00f3digo de la autorradio Kangoo.<\/li>\n<\/ol>\n<p>[\/vc_column_text][\/vc_column][vc_column width=&#8221;1\/2&#8243;][vc_column_text]<\/p>\n<h2>Sumario &#8211; \u00bfC\u00f3mo funciona la descodificaci\u00f3n de una radio Renault Kangoo?<\/h2>\n<p>Suministramos los c\u00f3digos originales de f\u00e1brica de la radio del coche del prec\u00f3digo para todos los modelos del coche de Renault, incluyendo modelos de Kangoo.<\/p>\n<p>&nbsp;<\/p>\n<p><img decoding=\"async\" class=\"alignnone size-full wp-image-11117\" src=\"https:\/\/www.code-autoradio.com\/wp-content\/uploads\/2022\/05\/codeautoradio-renault-kangoo-1.jpeg\" alt=\"codeautoradio-renault-kangoo\" width=\"600\" height=\"423\" title=\"\" srcset=\"https:\/\/www.code-autoradio.com\/wp-content\/uploads\/2022\/05\/codeautoradio-renault-kangoo-1.jpeg 600w, https:\/\/www.code-autoradio.com\/wp-content\/uploads\/2022\/05\/codeautoradio-renault-kangoo-1-300x212.jpeg 300w, https:\/\/www.code-autoradio.com\/wp-content\/uploads\/2022\/05\/codeautoradio-renault-kangoo-1-150x106.jpeg 150w\" sizes=\"(max-width: 600px) 100vw, 600px\" \/><\/p>\n<ul>\n<li>Kangoo 1 Phase 1 : 1997 \u2014 2003<\/li>\n<li>Kangoo 1 Phase 2 : 2003 \u2014 2006<\/li>\n<li>Kangoo 1 Phase 3 : 2006 &#8211; 2010<\/li>\n<li>Kangoo 2 Phase 1 : 2007 &#8211; 2013<\/li>\n<li>Kangoo 2 Phase 2 : 2013 &#8211; 2019<\/li>\n<li>Kangoo 3 Phase 1 : 2020 &#8211; &#8230;<\/li>\n<\/ul>\n<p>Los c\u00f3digos de radio Renault Kangoo se env\u00edan 24 horas al d\u00eda, 7 d\u00edas a la semana. Usted recibir\u00e1 el c\u00f3digo Kango al instante despu\u00e9s de la compra en su cuenta, por correo electr\u00f3nico y \/ o mensaje de texto.[\/vc_column_text][vc_row_inner][vc_column_inner width=&#8221;1\/3&#8243;][vc_single_image image=&#8221;5307&#8243; img_size=&#8221;large&#8221; add_caption=&#8221;yes&#8221; alignment=&#8221;center&#8221;][\/vc_column_inner][vc_column_inner width=&#8221;1\/3&#8243;][vc_single_image image=&#8221;5337&#8243; img_size=&#8221;large&#8221; add_caption=&#8221;yes&#8221; alignment=&#8221;center&#8221;][\/vc_column_inner][vc_column_inner width=&#8221;1\/3&#8243;][vc_single_image image=&#8221;5382&#8243; img_size=&#8221;large&#8221; add_caption=&#8221;yes&#8221; alignment=&#8221;center&#8221;][\/vc_column_inner][\/vc_row_inner][vc_column_text]<img decoding=\"async\" class=\"alignnone size-full wp-image-11112\" src=\"https:\/\/www.code-autoradio.com\/wp-content\/uploads\/2022\/05\/code-radio-renault-kangoo-1.jpeg\" alt=\"code-radio-renault-kangoo\" width=\"600\" height=\"432\" title=\"\" srcset=\"https:\/\/www.code-autoradio.com\/wp-content\/uploads\/2022\/05\/code-radio-renault-kangoo-1.jpeg 600w, https:\/\/www.code-autoradio.com\/wp-content\/uploads\/2022\/05\/code-radio-renault-kangoo-1-300x216.jpeg 300w, https:\/\/www.code-autoradio.com\/wp-content\/uploads\/2022\/05\/code-radio-renault-kangoo-1-150x108.jpeg 150w\" sizes=\"(max-width: 600px) 100vw, 600px\" \/>[\/vc_column_text][\/vc_column][\/vc_row]<\/p>\n<\/div>","protected":false},"excerpt":{"rendered":"<h2>\u00bfcomo poner codigo de radio renault kangoo?<\/h2>\n","protected":false},"featured_media":5583,"template":"","meta":[],"product_brand":[],"product_cat":[307],"product_tag":[],"class_list":{"0":"post-41071","1":"product","2":"type-product","3":"status-publish","4":"has-post-thumbnail","6":"product_cat-renault-es","8":"first","9":"instock","10":"virtual","11":"sold-individually","12":"taxable","13":"purchasable","14":"product-type-simple"},"_links":{"self":[{"href":"https:\/\/www.code-autoradio.com\/es\/wp-json\/wp\/v2\/product\/41071","targetHints":{"allow":["GET"]}}],"collection":[{"href":"https:\/\/www.code-autoradio.com\/es\/wp-json\/wp\/v2\/product"}],"about":[{"href":"https:\/\/www.code-autoradio.com\/es\/wp-json\/wp\/v2\/types\/product"}],"wp:featuredmedia":[{"embeddable":true,"href":"https:\/\/www.code-autoradio.com\/es\/wp-json\/wp\/v2\/media\/5583"}],"wp:attachment":[{"href":"https:\/\/www.code-autoradio.com\/es\/wp-json\/wp\/v2\/media?parent=41071"}],"wp:term":[{"taxonomy":"product_brand","embeddable":true,"href":"https:\/\/www.code-autoradio.com\/es\/wp-json\/wp\/v2\/product_brand?post=41071"},{"taxonomy":"product_cat","embeddable":true,"href":"https:\/\/www.code-autoradio.com\/es\/wp-json\/wp\/v2\/product_cat?post=41071"},{"taxonomy":"product_tag","embeddable":true,"href":"https:\/\/www.code-autoradio.com\/es\/wp-json\/wp\/v2\/product_tag?post=41071"}],"curies":[{"name":"wp","href":"https:\/\/api.w.org\/{rel}","templated":true}]}}