{"id":42513,"date":"2022-09-26T17:08:19","date_gmt":"2022-09-26T15:08:19","guid":{"rendered":"https:\/\/www.code-autoradio.com\/?post_type=product&#038;p=42513"},"modified":"2024-05-15T16:53:09","modified_gmt":"2024-05-15T14:53:09","slug":"clave-autenticacion-dacia","status":"publish","type":"product","link":"https:\/\/www.code-autoradio.com\/es\/codigo\/clave-autenticacion-dacia\/","title":{"rendered":"Clave autenticaci\u00f3n Dacia"},"content":{"rendered":"<div class=\"wpb-content-wrapper\"><p>[vc_row][vc_column width=&#8221;1\/2&#8243; css=&#8221;.vc_custom_1654698450008{padding-right: 10px !important;}&#8221;][vc_column_text]<iframe loading=\"lazy\" title=\"Clave autenticacion Dacia\" src=\"https:\/\/www.youtube.com\/embed\/FTkgK_DClYE?si=47KoHyvz3ucOKrE7\" width=\"560\" height=\"315\" frameborder=\"0\" allowfullscreen=\"allowfullscreen\"><\/iframe><\/p>\n<h2>Intro &#8211; C\u00f3mo encontrar su clave autenticacion dacia gratuito o a trav\u00e9s de nuestro servicio en l\u00ednea.<\/h2>\n<p style=\"text-align: center;\">Le proporcionamos su clave autenticacion dacia 7 d\u00edas a la semana, 24 horas al d\u00eda.<\/p>\n<p>\u00bfTiene una radio Dacia averiada que requiere un c\u00f3digo de autentificaci\u00f3n? \u00bfNo sabe c\u00f3mo encontrar el c\u00f3digo?<\/p>\n<p>\u00bfDespu\u00e9s de un fallo de la bater\u00eda o una mala manipulaci\u00f3n de sus fusibles? \u00a1Su sistema multimedia Dacia Media Disply &amp; Media Nav le pide un c\u00f3digo de autentificaci\u00f3n! \u00a1As\u00ed que te quedas sin GPS, radio o Bluetooth!<\/p>\n<p>\u00a1No pierda el tiempo! Podemos enviarle su c\u00f3digo de autentificaci\u00f3n original Dacia en 90 minutos por correo electr\u00f3nico y SMS*.[\/vc_column_text][vc_column_text]<\/p>\n<h2>1 &#8211; \u00bfC\u00f3mo encontrar el n\u00famero de serie Dacia que necesito?<\/h2>\n<h3>Con el permiso de circulaci\u00f3n<\/h3>\n<p>Abra el documento de matriculaci\u00f3n de su veh\u00edculo e introduzca el n\u00famero.<\/p>\n<h3>M\u00e9todo 2 con el veh\u00edculo<\/h3>\n<ul>\n<li>El n\u00famero de serie del veh\u00edculo se encuentra en la puerta del lado del conductor.<\/li>\n<li>El n\u00famero de serie del veh\u00edculo tambi\u00e9n puede encontrarse en la parte delantera del parabrisas.<\/li>\n<\/ul>\n<p>El n\u00famero de bastidor de un coche Dacia suele empezar siempre por UU, por ejemplo UU15SDL1C59117971, y consta de 17 caracteres.<\/p>\n<figure id=\"attachment_14594\" aria-describedby=\"caption-attachment-14594\" style=\"width: 1024px\" class=\"wp-caption aligncenter\"><img decoding=\"async\" class=\"size-large wp-image-14594\" src=\"https:\/\/www.code-autoradio.com\/wp-content\/uploads\/2022\/09\/vin-DACIA-SANDERO-code-authentification-1024x576.jpg\" alt=\"Comment trouver VIN voiture Dacia pour code authentification \" width=\"1024\" height=\"576\" title=\"\" srcset=\"https:\/\/www.code-autoradio.com\/wp-content\/uploads\/2022\/09\/vin-DACIA-SANDERO-code-authentification-1024x576.jpg 1024w, https:\/\/www.code-autoradio.com\/wp-content\/uploads\/2022\/09\/vin-DACIA-SANDERO-code-authentification-600x338.jpg 600w, https:\/\/www.code-autoradio.com\/wp-content\/uploads\/2022\/09\/vin-DACIA-SANDERO-code-authentification-300x169.jpg 300w, https:\/\/www.code-autoradio.com\/wp-content\/uploads\/2022\/09\/vin-DACIA-SANDERO-code-authentification-768x432.jpg 768w, https:\/\/www.code-autoradio.com\/wp-content\/uploads\/2022\/09\/vin-DACIA-SANDERO-code-authentification-1536x864.jpg 1536w, https:\/\/www.code-autoradio.com\/wp-content\/uploads\/2022\/09\/vin-DACIA-SANDERO-code-authentification-150x84.jpg 150w, https:\/\/www.code-autoradio.com\/wp-content\/uploads\/2022\/09\/vin-DACIA-SANDERO-code-authentification.jpg 1820w\" sizes=\"(max-width: 1024px) 100vw, 1024px\" \/><figcaption id=\"caption-attachment-14594\" class=\"wp-caption-text\">\u00bfC\u00f3mo encontrar el n\u00famero de bastidor del coche Dacia para el clave autenticacion dacia ?<\/figcaption><\/figure>\n<h2>2 &#8211; \u00bfC\u00f3mo introducir el clave de autentificaci\u00f3n Dacia?<\/h2>\n<p>Una vez que haya recibido el c\u00f3digo por correo electr\u00f3nico o SMS, introd\u00fazcalo en la radio de su coche Dacia utilizando la pantalla t\u00e1ctil, luego confirme pulsando el bot\u00f3n &#8220;ok&#8221;.[\/vc_column_text][\/vc_column][vc_column width=&#8221;1\/2&#8243;][vc_column_text]<img decoding=\"async\" class=\"alignnone size-full wp-image-13417\" src=\"https:\/\/www.code-autoradio.com\/wp-content\/uploads\/2022\/09\/code-authentification-dacia.jpeg\" alt=\"code-authentification-dacia\" width=\"972\" height=\"649\" title=\"\" srcset=\"https:\/\/www.code-autoradio.com\/wp-content\/uploads\/2022\/09\/code-authentification-dacia.jpeg 972w, https:\/\/www.code-autoradio.com\/wp-content\/uploads\/2022\/09\/code-authentification-dacia-600x401.jpeg 600w, https:\/\/www.code-autoradio.com\/wp-content\/uploads\/2022\/09\/code-authentification-dacia-300x200.jpeg 300w, https:\/\/www.code-autoradio.com\/wp-content\/uploads\/2022\/09\/code-authentification-dacia-768x513.jpeg 768w, https:\/\/www.code-autoradio.com\/wp-content\/uploads\/2022\/09\/code-authentification-dacia-150x100.jpeg 150w\" sizes=\"(max-width: 972px) 100vw, 972px\" \/><img decoding=\"async\" class=\"alignnone size-full wp-image-13422\" src=\"https:\/\/www.code-autoradio.com\/wp-content\/uploads\/2022\/09\/dacia-duster-code-radio.jpeg\" alt=\"dacia-duster-code-radio\" width=\"925\" height=\"647\" title=\"\" srcset=\"https:\/\/www.code-autoradio.com\/wp-content\/uploads\/2022\/09\/dacia-duster-code-radio.jpeg 925w, https:\/\/www.code-autoradio.com\/wp-content\/uploads\/2022\/09\/dacia-duster-code-radio-600x420.jpeg 600w, https:\/\/www.code-autoradio.com\/wp-content\/uploads\/2022\/09\/dacia-duster-code-radio-300x210.jpeg 300w, https:\/\/www.code-autoradio.com\/wp-content\/uploads\/2022\/09\/dacia-duster-code-radio-768x537.jpeg 768w, https:\/\/www.code-autoradio.com\/wp-content\/uploads\/2022\/09\/dacia-duster-code-radio-150x105.jpeg 150w, https:\/\/www.code-autoradio.com\/wp-content\/uploads\/2022\/09\/dacia-duster-code-radio-400x280.jpeg 400w\" sizes=\"(max-width: 925px) 100vw, 925px\" \/><img decoding=\"async\" class=\"alignnone size-full wp-image-13427\" src=\"https:\/\/www.code-autoradio.com\/wp-content\/uploads\/2022\/09\/dacia-authentification.jpeg\" alt=\"dacia-authentification\" width=\"868\" height=\"616\" title=\"\" srcset=\"https:\/\/www.code-autoradio.com\/wp-content\/uploads\/2022\/09\/dacia-authentification.jpeg 868w, https:\/\/www.code-autoradio.com\/wp-content\/uploads\/2022\/09\/dacia-authentification-600x426.jpeg 600w, https:\/\/www.code-autoradio.com\/wp-content\/uploads\/2022\/09\/dacia-authentification-300x213.jpeg 300w, https:\/\/www.code-autoradio.com\/wp-content\/uploads\/2022\/09\/dacia-authentification-768x545.jpeg 768w, https:\/\/www.code-autoradio.com\/wp-content\/uploads\/2022\/09\/dacia-authentification-150x106.jpeg 150w\" sizes=\"(max-width: 868px) 100vw, 868px\" \/><\/p>\n<h2>Resumen &#8211; \u00bfC\u00f3mo funciona la recuperaci\u00f3n de c\u00f3digos de radio Dacia?<\/h2>\n<p>Recuperamos los c\u00f3digos de autentificaci\u00f3n Dacia originales de f\u00e1brica a partir del n\u00famero de serie del coche (VIN) para todos los modelos Dacia como Duster, Lodgy, Sandero&#8230; Para Media Nav Evolution y Dacia Plug&amp;Music. Para los modelos anteriores a 2014 puede utilizar el m\u00e9todo Pre-Code aqu\u00ed.<\/p>\n<p>El 1er servicio en Europa que le proporciona su c\u00f3digo de autentificaci\u00f3n Dacia en menos de 24 horas para desbloquear su radio tras una aver\u00eda.[\/vc_column_text][\/vc_column][\/vc_row][vc_row][vc_column]<div class=\"title-wrapper  wpb_custom_22f52a2069d96dfeedfa2bc1f550e441 vc_custom_1714460684498 title-center link-left\" ><h2 class=\"title\">Puede recuperar el c\u00f3digo de autenticaci\u00f3n para los siguientes modelos de Dacia<\/h2><\/div>[vc_row_inner][vc_column_inner width=&#8221;1\/6&#8243;][vc_column_text]<\/p>\n<p style=\"text-align: center;\"><strong>Duster<\/strong><\/p>\n<p>[\/vc_column_text][\/vc_column_inner][vc_column_inner width=&#8221;1\/6&#8243;][vc_column_text]<\/p>\n<p style=\"text-align: center;\"><strong>Sandero<\/strong><\/p>\n<p>[\/vc_column_text][\/vc_column_inner][vc_column_inner width=&#8221;1\/6&#8243;][vc_column_text]<\/p>\n<p style=\"text-align: center;\"><strong>Logan<\/strong><\/p>\n<p>[\/vc_column_text][\/vc_column_inner][vc_column_inner width=&#8221;1\/6&#8243;][vc_column_text]<\/p>\n<p style=\"text-align: center;\"><strong>Logdy<\/strong><\/p>\n<p>[\/vc_column_text][\/vc_column_inner][vc_column_inner width=&#8221;1\/6&#8243;][vc_column_text]<\/p>\n<p style=\"text-align: center;\"><strong>Dokker<\/strong><\/p>\n<p>[\/vc_column_text][\/vc_column_inner][vc_column_inner width=&#8221;1\/6&#8243;][vc_column_text]<\/p>\n<p style=\"text-align: center;\"><strong>Stepway<\/strong><\/p>\n<p>[\/vc_column_text][\/vc_column_inner][\/vc_row_inner][\/vc_column][\/vc_row]<\/p>\n<\/div>","protected":false},"excerpt":{"rendered":"<h2>Encuentre el clave de autentificaci\u00f3n de su autorradio Dacia sin desmontarlo introduciendo el n\u00famero de serie a continuaci\u00f3n. Compatible con Duster, Jogger, Logan, Sandero, Spring, Dokker, Lodgy.<\/h2>\n","protected":false},"featured_media":13432,"template":"","meta":[],"product_brand":[],"product_cat":[304],"product_tag":[],"class_list":{"0":"post-42513","1":"product","2":"type-product","3":"status-publish","4":"has-post-thumbnail","6":"product_cat-fabricante-de-coches","8":"first","9":"instock","10":"virtual","11":"sold-individually","12":"taxable","13":"purchasable","14":"product-type-simple"},"_links":{"self":[{"href":"https:\/\/www.code-autoradio.com\/es\/wp-json\/wp\/v2\/product\/42513","targetHints":{"allow":["GET"]}}],"collection":[{"href":"https:\/\/www.code-autoradio.com\/es\/wp-json\/wp\/v2\/product"}],"about":[{"href":"https:\/\/www.code-autoradio.com\/es\/wp-json\/wp\/v2\/types\/product"}],"wp:featuredmedia":[{"embeddable":true,"href":"https:\/\/www.code-autoradio.com\/es\/wp-json\/wp\/v2\/media\/13432"}],"wp:attachment":[{"href":"https:\/\/www.code-autoradio.com\/es\/wp-json\/wp\/v2\/media?parent=42513"}],"wp:term":[{"taxonomy":"product_brand","embeddable":true,"href":"https:\/\/www.code-autoradio.com\/es\/wp-json\/wp\/v2\/product_brand?post=42513"},{"taxonomy":"product_cat","embeddable":true,"href":"https:\/\/www.code-autoradio.com\/es\/wp-json\/wp\/v2\/product_cat?post=42513"},{"taxonomy":"product_tag","embeddable":true,"href":"https:\/\/www.code-autoradio.com\/es\/wp-json\/wp\/v2\/product_tag?post=42513"}],"curies":[{"name":"wp","href":"https:\/\/api.w.org\/{rel}","templated":true}]}}