{"id":12956,"date":"2021-04-27T12:30:41","date_gmt":"2021-04-27T10:30:41","guid":{"rendered":"https:\/\/www.code-autoradio.com\/?page_id=12956"},"modified":"2022-09-09T16:48:05","modified_gmt":"2022-09-09T14:48:05","slug":"domande-e-risposte","status":"publish","type":"page","link":"https:\/\/www.code-autoradio.com\/it\/domande-e-risposte\/","title":{"rendered":"Risposte alle vostre domande"},"content":{"rendered":"<div class=\"wpb-content-wrapper\"><p>[vc_section css=&#8221;.vc_custom_1616847010605{padding-top: 106px !important;padding-bottom: 98px !important;background: #142f4a url(https:\/\/d-themes.com\/wordpress\/riode\/elements\/wp-content\/uploads\/sites\/3\/2021\/01\/faq.jpg?id=5556) !important;background-position: center !important;background-repeat: no-repeat !important;background-size: cover !important;}&#8221; el_class=&#8221;overflow-hidden&#8221;][vc_row gap=&#8221;0&#8243;][vc_column css=&#8221;.vc_custom_1616847023878{padding-right: 20px !important;padding-left: 20px !important;}&#8221;]<div class=\"title-wrapper  wpb_custom_a6f81576bb8b7305e80234a01fae6c5e title-center link-left\" ><h2 class=\"title\">Risposte<\/h2><\/div><div class=\"title-wrapper  wpb_custom_b33afc6f7325ff6b5727d1c63e7cfdbd vc_custom_1662734765239 title-center link-left\" ><h3 class=\"title\">alle vostre domande<\/h3><\/div>[\/vc_column][\/vc_row][\/vc_section][vc_section wrap_container=&#8221;container&#8221; css=&#8221;.vc_custom_1616845742604{margin-top: 45px !important;}&#8221;][vc_row][vc_column width=&#8221;1\/2&#8243; el_class=&#8221;mb-4 mb-md-0&#8243;]<div class=\"title-wrapper  wpb_custom_84e9f83412064a92a7b5728bcf459bc9 mb-5 pl-2 title-left link-left\" ><h3 class=\"title\">Prima di ordinare<\/h3><\/div><div class=\"riode-accordion-container  wpb_custom_ad73f64dbbdfa71c678077cf3bfbaa6d vc_custom_1616991170564\" >\r\n<div class=\" accordion accordion-simple\"><div class=\"riode-accordion-item-container card  wpb_custom_2d4bdb507d16bc88d18e708cdf906ed3\" >\r\n<div class=\"card-header\">\r\n\t<a href=\"#\" class=\"collapse\">\r\n\t<span class=\"title\">Perch\u00e9 ordinare il codice da code-autoradio.com?<\/span><span class=\"toggle-icon opened\"><i class=\"d-icon-minus\"><\/i><\/span><span class=\"toggle-icon closed\"><i class=\"d-icon-plus\"><\/i><\/span>\t<\/a>\r\n<\/div>\r\n<div class=\"card-body expanded\">\r\n[vc_custom_heading text=&#8221;code-autoradio.com \u00e8 il N\u00b01 e unico servizio per calcolare, decodificare o sbloccare rapidamente la vostra autoradio a basso costo. Dal 2008 lavoriamo 7 giorni su 7 per offrirvi i migliori servizi, con oltre 50.000 clienti soddisfatti.&#8221; font_container=&#8221;tag:p|text_align:left&#8221; use_theme_fonts=&#8221;yes&#8221;]<\/div>\r\n<\/div>\r\n<div class=\"riode-accordion-item-container card  wpb_custom_2d4bdb507d16bc88d18e708cdf906ed3\" >\r\n<div class=\"card-header\">\r\n\t<a href=\"#\" class=\"expand\">\r\n\t<span class=\"title\">\u00c8 possibile sbloccare un&#039;autoradio senza il numero di serie?<\/span><span class=\"toggle-icon opened\"><i class=\"d-icon-minus\"><\/i><\/span><span class=\"toggle-icon closed\"><i class=\"d-icon-plus\"><\/i><\/span>\t<\/a>\r\n<\/div>\r\n<div class=\"card-body collapsed\">\r\n[vc_custom_heading text=&#8221;No, non \u00e8 possibile. In questo caso, contattateci per aiutarvi a trovare il vostro numero di serie. Spesso accade che sui modelli Citro\u00ebn e Peugeot del marchio Clarion i concessionari rimuovano le etichette in modo da non trovare il codice di sblocco.&#8221; font_container=&#8221;tag:p|text_align:left&#8221; use_theme_fonts=&#8221;yes&#8221;]<\/div>\r\n<\/div>\r\n<div class=\"riode-accordion-item-container card  wpb_custom_2d4bdb507d16bc88d18e708cdf906ed3\" >\r\n<div class=\"card-header\">\r\n\t<a href=\"#\" class=\"expand\">\r\n\t<span class=\"title\">Come si ottiene il codice della radio?<\/span><span class=\"toggle-icon opened\"><i class=\"d-icon-minus\"><\/i><\/span><span class=\"toggle-icon closed\"><i class=\"d-icon-plus\"><\/i><\/span>\t<\/a>\r\n<\/div>\r\n<div class=\"card-body collapsed\">\r\n[vc_custom_heading text=&#8221;Per ottenere il codice per la vostra radio, avremo bisogno di uno o pi\u00f9 numeri di serie unici per rintracciare il codice di sblocco e inviarvelo via e-mail o sms. Le informazioni richieste o la composizione dei numeri di serie possono variare da un modello all&#8217;altro. Per evitare errori, nella pagina di ogni marchio sono riportati degli esempi che vi invitiamo a leggere. Non vi chiederemo mai il numero di serie del veicolo o il vostro libretto di circolazione, tranne che per i modelli GPS RENAULT.&#8221; font_container=&#8221;tag:p|text_align:left&#8221; use_theme_fonts=&#8221;yes&#8221;]<\/div>\r\n<\/div>\r\n<div class=\"riode-accordion-item-container card  wpb_custom_2d4bdb507d16bc88d18e708cdf906ed3\" >\r\n<div class=\"card-header\">\r\n\t<a href=\"#\" class=\"expand\">\r\n\t<span class=\"title\">Come si trova il codice?<\/span><span class=\"toggle-icon opened\"><i class=\"d-icon-minus\"><\/i><\/span><span class=\"toggle-icon closed\"><i class=\"d-icon-plus\"><\/i><\/span>\t<\/a>\r\n<\/div>\r\n<div class=\"card-body collapsed\">\r\n[vc_custom_heading text=&#8221;Una volta effettuato l&#8217;ordine, i nostri team utilizzano i nostri database, i nostri software e contattano le concessionarie dei pi\u00f9 grandi marchi automobilistici, come Audi o Volkswagen, per trovare il codice della vostra autoradio nel pi\u00f9 breve tempo possibile.&#8221; font_container=&#8221;tag:p|text_align:left&#8221; use_theme_fonts=&#8221;yes&#8221;]<\/div>\r\n<\/div>\r\n<div class=\"riode-accordion-item-container card  wpb_custom_2d4bdb507d16bc88d18e708cdf906ed3\" >\r\n<div class=\"card-header\">\r\n\t<a href=\"#\" class=\"expand\">\r\n\t<span class=\"title\">Errore del numero di serie di Audi, VW, Skoda e Seat<\/span><span class=\"toggle-icon opened\"><i class=\"d-icon-minus\"><\/i><\/span><span class=\"toggle-icon closed\"><i class=\"d-icon-plus\"><\/i><\/span>\t<\/a>\r\n<\/div>\r\n<div class=\"card-body collapsed\">\r\n[vc_custom_heading text=&#8221;A volte i codici non funzionano per le autoradio del Gruppo Volkswagen a causa di errori nel numero di serie che confondono una i con una L. Tutti i numeri di serie sono scritti in maiuscolo, quindi se vedete una I nel vostro numero di serie \u00e8 una i maiuscola.<br \/>\nEsempio: VWZAZ2I8284518 da non confondere con VWZAZ2L8284518&#8243; font_container=&#8221;tag:p|text_align:left&#8221; use_theme_fonts=&#8221;yes&#8221;]<\/div>\r\n<\/div>\r\n<\/div><\/div>\r\n[\/vc_column][vc_column width=&#8221;1\/2&#8243; el_class=&#8221;mb-4 mb-md-0&#8243;]<div class=\"title-wrapper  wpb_custom_84e9f83412064a92a7b5728bcf459bc9 mb-5 pl-2 title-left link-left\" ><h3 class=\"title\">Circa<\/h3><\/div><div class=\"riode-accordion-container  wpb_custom_ad73f64dbbdfa71c678077cf3bfbaa6d vc_custom_1616991183244\" >\r\n<div class=\" accordion accordion-simple\"><div class=\"riode-accordion-item-container card  wpb_custom_2d4bdb507d16bc88d18e708cdf906ed3\" >\r\n<div class=\"card-header\">\r\n\t<a href=\"#\" class=\"collapse\">\r\n\t<span class=\"title\">Buono a sapersi!<\/span><span class=\"toggle-icon opened\"><i class=\"d-icon-minus\"><\/i><\/span><span class=\"toggle-icon closed\"><i class=\"d-icon-plus\"><\/i><\/span>\t<\/a>\r\n<\/div>\r\n<div class=\"card-body expanded\">\r\n[vc_custom_heading text=&#8221;\u00c8 importante assicurarsi che il numero di serie sia corretto. Se un numero non \u00e8 corretto, si ricever\u00e0 un codice sbagliato per la radio. \u00c8 possibile che venga addebitato un nuovo codice.<\/p>\n<p>Dopo aver effettuato l&#8217;ordine, il nostro team elaborer\u00e0 la richiesta e vi invier\u00e0 il codice via e-mail non appena sar\u00e0 disponibile. Ci\u00f2 richiede un massimo di 24 ore. Se non si riceve il codice entro 24 ore, controllare la cartella spam prima di contattarci e le schede social network e promozioni per gli utenti Gmail.<\/p>\n<p>Se per qualsiasi motivo non siamo in grado di fornire un codice dell&#8217;autoradio, effettueremo un rimborso completo.<\/p>\n<p>Tutti i codici radio forniti dal nostro servizio sono garantiti al 100% come codici originali per l&#8217;autoradio.&#8221; font_container=&#8221;tag:p|text_align:left&#8221; use_theme_fonts=&#8221;yes&#8221;]<\/div>\r\n<\/div>\r\n<div class=\"riode-accordion-item-container card  wpb_custom_2d4bdb507d16bc88d18e708cdf906ed3\" >\r\n<div class=\"card-header\">\r\n\t<a href=\"#\" class=\"expand\">\r\n\t<span class=\"title\">Come posso trovare il numero di serie della mia autoradio?<\/span><span class=\"toggle-icon opened\"><i class=\"d-icon-minus\"><\/i><\/span><span class=\"toggle-icon closed\"><i class=\"d-icon-plus\"><\/i><\/span>\t<\/a>\r\n<\/div>\r\n<div class=\"card-body collapsed\">\r\n[vc_custom_heading text=&#8221;Il numero di serie si trova sulla parte anteriore della radio o sull&#8217;etichetta posta sul retro. Per farlo, \u00e8 necessario rimuovere la radio dall&#8217;auto. In alcuni casi, come per le radio Renault o Ford, \u00e8 possibile trovarlo premendo i tasti 1 e 6 o 2 e 6. Per il marchio NISSAN, oltre al numero di serie e al numero dell&#8217;unit\u00e0, viene richiesta anche la data.&#8221; font_container=&#8221;tag:p|text_align:left&#8221; use_theme_fonts=&#8221;yes&#8221;]<\/div>\r\n<\/div>\r\n<div class=\"riode-accordion-item-container card  wpb_custom_2d4bdb507d16bc88d18e708cdf906ed3\" >\r\n<div class=\"card-header\">\r\n\t<a href=\"#\" class=\"expand\">\r\n\t<span class=\"title\">Come ricevere il codice dell&#039;autoradio di emergenza in 90 minuti via sms?<\/span><span class=\"toggle-icon opened\"><i class=\"d-icon-minus\"><\/i><\/span><span class=\"toggle-icon closed\"><i class=\"d-icon-plus\"><\/i><\/span>\t<\/a>\r\n<\/div>\r\n<div class=\"card-body collapsed\">\r\n[vc_custom_heading text=&#8221;Per scegliere l&#8217;opzione di emergenza di 90 minuti, \u00e8 necessario selezionare la casella quando si aggiunge l&#8217;ordine al carrello. Questa opzione \u00e8 disponibile fino alle 21:00.<\/p>\n<p>Riceverete un messaggio di testo dal destinatario: Codice Auto.<br \/>\nEcco un esempio di sms inviato:<br \/>\nSalve, il codice per sbloccare l&#8217;autoradio \u00e8: 1234<br \/>\nBuona giornata<br \/>\nAurore di Code-Autoradio.com&#8221; font_container=&#8221;tag:p|text_align:left&#8221; use_theme_fonts=&#8221;yes&#8221;]<\/div>\r\n<\/div>\r\n<div class=\"riode-accordion-item-container card  wpb_custom_2d4bdb507d16bc88d18e708cdf906ed3\" >\r\n<div class=\"card-header\">\r\n\t<a href=\"#\" class=\"expand\">\r\n\t<span class=\"title\">Una volta ricevuto il codice, come si fa a inserirlo nell&#039;autoradio?<\/span><span class=\"toggle-icon opened\"><i class=\"d-icon-minus\"><\/i><\/span><span class=\"toggle-icon closed\"><i class=\"d-icon-plus\"><\/i><\/span>\t<\/a>\r\n<\/div>\r\n<div class=\"card-body collapsed\">\r\n[vc_custom_heading text=&#8221;Esistono diversi metodi per inserire il codice. In generale, \u00e8 necessario premere ripetutamente un tasto dell&#8217;autoradio finch\u00e9 non viene visualizzato il numero corretto e quindi confermare. La procedura da seguire \u00e8 descritta nelle pagine di ciascun marchio. I nostri team vi guideranno in caso di problemi.&#8221; font_container=&#8221;tag:p|text_align:left&#8221; use_theme_fonts=&#8221;yes&#8221;]<\/div>\r\n<\/div>\r\n<\/div><\/div>\r\n[\/vc_column][\/vc_row][\/vc_section]<\/p>\n<\/div>","protected":false},"excerpt":{"rendered":"<p>[vc_section css=&#8221;.vc_custom_1616847010605{padding-top: 106px !important;padding-bottom: 98px !important;background: #142f4a url(https:\/\/d-themes.com\/wordpress\/riode\/elements\/wp-content\/uploads\/sites\/3\/2021\/01\/faq.jpg?id=5556) !important;background-position: center !important;background-repeat: no-repeat !important;background-size: cover !important;}&#8221; el_class=&#8221;overflow-hidden&#8221;][vc_row gap=&#8221;0&#8243;][vc_column css=&#8221;.vc_custom_1616847023878{padding-right: 20px !important;padding-left: 20px !important;}&#8221;][\/vc_column][\/vc_row][\/vc_section][vc_section wrap_container=&#8221;container&#8221; css=&#8221;.vc_custom_1616845742604{margin-top: 45px !important;}&#8221;][vc_row][vc_column width=&#8221;1\/2&#8243; el_class=&#8221;mb-4 mb-md-0&#8243;][\/vc_column][vc_column width=&#8221;1\/2&#8243; el_class=&#8221;mb-4 mb-md-0&#8243;][\/vc_column][\/vc_row][\/vc_section]<\/p>\n","protected":false},"author":1,"featured_media":0,"parent":0,"menu_order":0,"comment_status":"closed","ping_status":"closed","template":"","meta":{"footnotes":""},"class_list":["post-12956","page","type-page","status-publish","hentry"],"_links":{"self":[{"href":"https:\/\/www.code-autoradio.com\/it\/wp-json\/wp\/v2\/pages\/12956","targetHints":{"allow":["GET"]}}],"collection":[{"href":"https:\/\/www.code-autoradio.com\/it\/wp-json\/wp\/v2\/pages"}],"about":[{"href":"https:\/\/www.code-autoradio.com\/it\/wp-json\/wp\/v2\/types\/page"}],"author":[{"embeddable":true,"href":"https:\/\/www.code-autoradio.com\/it\/wp-json\/wp\/v2\/users\/1"}],"replies":[{"embeddable":true,"href":"https:\/\/www.code-autoradio.com\/it\/wp-json\/wp\/v2\/comments?post=12956"}],"version-history":[{"count":0,"href":"https:\/\/www.code-autoradio.com\/it\/wp-json\/wp\/v2\/pages\/12956\/revisions"}],"wp:attachment":[{"href":"https:\/\/www.code-autoradio.com\/it\/wp-json\/wp\/v2\/media?parent=12956"}],"curies":[{"name":"wp","href":"https:\/\/api.w.org\/{rel}","templated":true}]}}