{"id":39140,"date":"2019-01-31T00:00:00","date_gmt":"2019-01-30T23:00:00","guid":{"rendered":"https:\/\/www.code-autoradio.com\/termini-e-condizioni-generali\/"},"modified":"2019-01-31T00:00:00","modified_gmt":"2019-01-30T23:00:00","slug":"termini-e-condizioni-generali","status":"publish","type":"page","link":"https:\/\/www.code-autoradio.com\/it\/termini-e-condizioni-generali\/","title":{"rendered":"TERMINI E CONDIZIONI GENERALI"},"content":{"rendered":"<h3>Regola n. 1: completezza<\/h3>\n<p>Ogni ordine di un prodotto nel negozio online implica l&#8217;accettazione integrale e senza riserve delle presenti condizioni generali di vendita. Nessuna condizione generale o specifica contenuta nei documenti inviati o consegnati dal cliente pu\u00f2 essere incorporata nei presenti termini e condizioni, nella misura in cui tali documenti siano incompatibili con i presenti termini e condizioni. Se una qualsiasi clausola del presente contratto dovesse essere resa nulla da una modifica legislativa o regolamentare o da una sentenza del tribunale, ci\u00f2 non pregiudicher\u00e0 in alcun modo la validit\u00e0 e l&#8217;osservanza delle presenti condizioni generali di vendita.<\/p>\n<h3>Regola n. 2: Entrata in vigore &#8211; convalida dell&#8217;ordinanza<\/h3>\n<p>I presenti termini e condizioni entrano in vigore nel momento in cui il cliente convalida il proprio ordine. Dichiara pertanto di accettare integralmente e senza riserve le presenti condizioni generali di vendita. Le presenti condizioni generali sono stipulate per la durata necessaria alla fornitura dei beni e servizi sottoscritti, fino all&#8217;estinzione delle garanzie dovute da code-autoradio.com.<\/p>\n<h3>Regola n. 3: prova della transazione<\/h3>\n<p>I dati registrati da code-autoradio.com costituiscono la prova di tutte le transazioni tra <a href=\"https:\/\/www.code-autoradio.com\">code-autoradio.com<\/a> e i suoi clienti. I dati registrati dal sistema di pagamento costituiscono la prova delle transazioni finanziarie.<\/p>\n<h3>Regola n. 4: il prezzo<\/h3>\n<p>I prezzi sono indicati in base al Paese. code-autoradio.com si riserva il diritto di modificare i propri prezzi in qualsiasi momento, ma si impegna ad applicare le tariffe in vigore al momento dell&#8217;ordine. I prodotti rimangono di propriet\u00e0 di code-autoradio.com fino alla ricezione del pagamento completo da parte di code-autoradio.com.<\/p>\n<h3>Regola n. 5: Modalit\u00e0 di pagamento<\/h3>\n<p>Per pagare l&#8217;ordine, il cliente ha a disposizione tutti i mezzi di pagamento indicati nel modulo d&#8217;ordine. Il cliente garantisce a code-autoradio.com di essere in possesso delle autorizzazioni necessarie per utilizzare il metodo di pagamento scelto al momento della convalida del modulo d&#8217;ordine. codice-autoradio.com si riserva il diritto di sospendere qualsiasi ordine e qualsiasi consegna in caso di rifiuto dell&#8217;autorizzazione al pagamento con carta bancaria da parte degli organismi ufficialmente accreditati o in caso di mancato pagamento. codice-autoradio.com si riserva il diritto di annullare qualsiasi ordine di un cliente con il quale esista una controversia relativa al pagamento di un ordine precedente. code-autoradio.com ha implementato una procedura di verifica degli ordini volta a garantire che nessuno utilizzi le coordinate bancarie di un&#8217;altra persona a sua insaputa. Nell&#8217;ambito di questa verifica, al cliente pu\u00f2 essere chiesto di inviare a code-autoradio.com, via e-mail o per posta, una copia di un documento d&#8217;identit\u00e0 e una prova di indirizzo. L&#8217;ordine sar\u00e0 convalidato solo dopo la ricezione e il controllo dei documenti inviati.<\/p>\n<h3>Regola n. 6: disponibilit\u00e0<\/h3>\n<p>codice-autoradio.com si impegna a onorare gli ordini ricevuti sul sito web solo nei limiti delle scorte disponibili dei prodotti. Se il prodotto non \u00e8 disponibile, code-autoradio.com si impegna a informare il cliente nel pi\u00f9 breve tempo possibile. Questi ultimi potranno quindi scegliere se richiedere il rimborso delle somme versate entro e non oltre 30 giorni dal pagamento, oppure la sostituzione del prodotto. In caso di temporanea mancanza di scorte, diamo al cliente la possibilit\u00e0 di annullare l&#8217;ordine o di accettare di riceverlo entro un periodo di tempo pi\u00f9 lungo, al ricevimento degli articoli temporaneamente non disponibili. Tutti i prodotti come i <a href=\"https:\/\/www.code-autoradio.com\/produit\/renault\/\">codici autoradio Renault<\/a>, i <a href=\"https:\/\/www.code-autoradio.com\/produit\/ford\/\">codici autoradio Ford<\/a>, i <a href=\"https:\/\/www.code-autoradio.com\/produit\/code-autoradio-nissan\/\">codici autoradio Nissan<\/a>, i <a href=\"https:\/\/www.code-autoradio.com\/produit\/seat\/\">codici autoradio Seat<\/a>, i <a href=\"https:\/\/www.code-autoradio.com\/produit\/audi\/\">codici autoradio Audi<\/a>, i <a href=\"https:\/\/www.code-autoradio.com\/produit\/volkswagen\/\">codici autoradio Volkswagen<\/a>, i <a href=\"https:\/\/www.code-autoradio.com\/produit\/renault-navigation-gps\/\">codici autoradio Renault<\/a>, ecc&#8230; sono disponibili 24 ore su 24, 7 giorni su 7!<\/p>\n<h3>Regola 7: Termini di consegna<\/h3>\n<p>Il prodotto ordinato viene consegnato via e-mail, SMS, posta o tramite un vettore indipendente, a seconda della natura del prodotto ordinato e su iniziativa esclusiva di codice-autoradio.com, all&#8217;indirizzo indicato nel modulo d&#8217;ordine. I tempi di consegna sono indicati franco magazzino. La scelta del metodo di consegna dipende dal peso, dal volume e dal valore degli articoli.<\/p>\n<h3>Regola n. 8: tempi di consegna<\/h3>\n<p>codice-autoradio.com si impegna a effettuare le consegne entro 48 ore dal pagamento completo dell&#8217;ordine da parte del cliente o 24 ore se viene scelta l&#8217;opzione. In caso di ritardo insolito, verr\u00e0 inviata un&#8217;e-mail al cliente. Nel caso di articoli che possono essere consegnati in date diverse a seconda della loro disponibilit\u00e0, il periodo di consegna si basa sul periodo pi\u00f9 lungo. codice-autoradio.com si riserva il diritto di dividere le consegne. Le spese di spedizione saranno addebitate solo per una singola spedizione. In caso di pagamento con carta di credito, i tempi indicati corrispondono ai tempi di elaborazione e consegna dei prodotti. Se il cliente non ha ricevuto nulla entro 6 giorni dalla convalida dell&#8217;ordine, deve informare codice-autoradio.com che si occuper\u00e0 direttamente della questione e potr\u00e0, se necessario, rispedire l&#8217;ordine.<\/p>\n<p>&nbsp;<\/p>\n<h3>Regola n. 9: errori di consegna<\/h3>\n<p>codice-autoradio.com si impegna a rimborsare o sostituire i prodotti che non corrispondono all&#8217;ordine (difettosi o non conformi). Il cliente deve formulare con qualsiasi mezzo (e-mail, raccomandata con ricevuta di ritorno&#8230;) il giorno della consegna o al pi\u00f9 tardi nei 14 giorni lavorativi successivi alla consegna qualsiasi reclamo relativo ad articoli non corrispondenti al suo ordine (errore di consegna, non conformit\u00e0 dei prodotti&#8230;). I reclami devono essere indirizzati al Servizio clienti, i cui recapiti sono riportati all&#8217;articolo 11. In caso di reclami, il cliente deve fornire i propri dati di contatto, il numero d&#8217;ordine, i riferimenti del prodotto riportati sulla bolla di consegna e i motivi del reclamo. Qualsiasi richiesta presentata dopo tale termine non sar\u00e0 accettata. La restituzione dei prodotti in caso di errore, difetto o non conformit\u00e0 pu\u00f2 essere accettata solo per prodotti completi, nelle loro condizioni originali (imballaggio, accessori, istruzioni, ecc.). Per facilitare la gestione amministrativa, si consiglia di ottenere un numero di tracciamento prima di restituire il prodotto.<\/p>\n<p>Per ottenere questo numero di file, i clienti devono inviare un&#8217;e-mail a: contact@code-autoradio.com.<\/p>\n<h3>Regola n. 10: Contatti con i clienti e l&#8217;assistenza tecnica<\/h3>\n<p>Per qualsiasi informazione o domanda relativa al vostro ordine, contattate il nostro Servizio Clienti:<\/p>\n<p>Email : contact@code-autoradio.com<\/p>\n<h3>Regola n. 11: garanzie del prodotto<\/h3>\n<p>Garanzia del produttore sui prodotti tecnici :<\/p>\n<p>La garanzia commerciale offerta da code-autoradio.com \u00e8 la garanzia del produttore. Il periodo di garanzia incluso nei prezzi \u00e8 quello indicato nella descrizione del prodotto sul sito. La data di entrata in vigore \u00e8 quella del ricevimento del pacco, fa fede la data riportata sulla fattura d&#8217;acquisto. Copre la riparazione dell&#8217;apparecchio (parti e manodopera) per un periodo di 2 anni dal ricevimento del prodotto da parte del consumatore. Trattandosi di una garanzia del produttore, l&#8217;assistenza viene generalmente effettuata presso le stazioni tecniche del produttore. Il nostro Ufficio Tecnico vi fornir\u00e0 i dettagli su come verr\u00e0 eseguito il lavoro. Il cliente pu\u00f2 contattarlo utilizzando i recapiti specificati all&#8217;articolo 11.<\/p>\n<p>La presente garanzia contrattuale presuppone un uso normale dell&#8217;apparecchio e una corretta manutenzione in conformit\u00e0 alle istruzioni del produttore fornite con il prodotto. L&#8217;applicazione di questa garanzia commerciale \u00e8 inoltre subordinata all&#8217;assenza di interventi da parte di terzi non approvati dal produttore. In caso di guasto o difetto di conformit\u00e0 del prodotto, ritenuto irreparabile dai tecnici delegati dal produttore, e per quanto possibile, verr\u00e0 offerta una sostituzione standard con un prodotto equivalente. Se necessario, verr\u00e0 effettuato un rimborso.<\/p>\n<p>Non coprono l&#8217;uso anomalo o non conforme dei prodotti, i guasti legati agli accessori, i difetti o le conseguenze dovute all&#8217;uso non conforme del prodotto per lo scopo per cui \u00e8 stato concepito. Per conoscere i passi da intraprendere in merito all&#8217;assistenza post-vendita per qualsiasi problema o guasto di un prodotto, il cliente pu\u00f2 contattare il servizio di assistenza tecnica utilizzando i recapiti indicati all&#8217;articolo 11. In questo caso, le spese di spedizione e di restituzione saranno a carico del cliente. Per beneficiare della garanzia sul prodotto, \u00e8 indispensabile conservare la fattura di acquisto del prodotto.<\/p>\n<p>\u00c8 necessario ottenere un accordo di restituzione prima di restituire qualsiasi prodotto.<\/p>\n<p>Per ottenere questo accordo di restituzione, il cliente deve inviare un&#8217;e-mail a: contact@code-autoradio.com<\/p>\n<p>Nel caso in cui il cliente non rispetti questa procedura, codice-autoradio.com non potr\u00e0 procedere al rimborso o al cambio di cui sopra.<\/p>\n<h3>Regola n. 12: Propriet\u00e0 intellettuale<\/h3>\n<p>Tutti gli elementi del sito web code-autoradio.com sono riservati ai sensi del diritto d&#8217;autore e della propriet\u00e0 intellettuale per tutto il mondo. A questo proposito, e in conformit\u00e0 con le disposizioni del Codice della Propriet\u00e0 Intellettuale francese, \u00e8 consentito solo l&#8217;uso a fini privati, fatte salve disposizioni diverse o ancora pi\u00f9 restrittive del Codice della Propriet\u00e0 Intellettuale. Qualsiasi altro utilizzo costituisce una violazione ed \u00e8 punibile ai sensi della legge sulla propriet\u00e0 intellettuale, a meno che non sia stata ottenuta l&#8217;autorizzazione preventiva da parte di code-autoradio.com. La riproduzione totale o parziale del sito \u00e8 severamente vietata.<\/p>\n<h3>Regola 13: Responsabilit\u00e0<\/h3>\n<p>codice-autoradio.com non pu\u00f2 essere ritenuto responsabile di eventuali perdite di dati o file. \u00c8 responsabilit\u00e0 dell&#8217;acquirente effettuare tutti i backup necessari. Code-autoradio.com non pu\u00f2 essere ritenuta responsabile dell&#8217;impossibilit\u00e0 totale o parziale di utilizzare i prodotti, in particolare a causa dell&#8217;incompatibilit\u00e0 delle apparecchiature, e non pu\u00f2 essere ritenuta responsabile di alcun risarcimento o rimborso. code-autoradio.com \u00e8 responsabile del contenuto delle opere e pu\u00f2 essere ritenuto responsabile nei confronti dell&#8217;acquirente.<\/p>\n<h3>Regola n. 14: Dati personali<\/h3>\n<p>code-autoradio.com si impegna a non rivelare a terzi le informazioni che il cliente gli comunica. Si tratta di informazioni riservate. Saranno utilizzati dai suoi servizi interni solo per evadere l&#8217;ordine e per rafforzare e personalizzare la comunicazione e l&#8217;offerta culturale e di prodotti riservata ai clienti di code-autoradio, in particolare attraverso le newsletter di code-autoradio.com a cui il cliente sar\u00e0 iscritto, nonch\u00e9 nell&#8217;ambito della personalizzazione del sito in base ai centri di interesse del cliente. Ai sensi della legge francese sulla protezione dei dati del 6 gennaio 1978, gli utenti hanno il diritto di accedere ai dati che li riguardano e di rettificarli.<\/p>\n<h3>Regola 15: Legge applicabile<\/h3>\n<p>Il presente contratto \u00e8 disciplinato dalla legge francese. La lingua del presente contratto \u00e8 il francese. In caso di controversia, i tribunali francesi avranno la giurisdizione esclusiva.<\/p>\n","protected":false},"excerpt":{"rendered":"<p>Regola n. 1: completezza Ogni ordine di un prodotto nel negozio online implica l&#8217;accettazione integrale e senza riserve delle presenti condizioni generali di vendita. Nessuna condizione generale o specifica contenuta nei documenti inviati o consegnati dal cliente pu\u00f2 essere incorporata nei presenti termini e condizioni, nella misura in cui tali documenti siano incompatibili con i [&hellip;]<\/p>\n","protected":false},"author":1,"featured_media":0,"parent":0,"menu_order":0,"comment_status":"open","ping_status":"open","template":"","meta":{"footnotes":""},"class_list":["post-39140","page","type-page","status-publish","hentry"],"_links":{"self":[{"href":"https:\/\/www.code-autoradio.com\/it\/wp-json\/wp\/v2\/pages\/39140","targetHints":{"allow":["GET"]}}],"collection":[{"href":"https:\/\/www.code-autoradio.com\/it\/wp-json\/wp\/v2\/pages"}],"about":[{"href":"https:\/\/www.code-autoradio.com\/it\/wp-json\/wp\/v2\/types\/page"}],"author":[{"embeddable":true,"href":"https:\/\/www.code-autoradio.com\/it\/wp-json\/wp\/v2\/users\/1"}],"replies":[{"embeddable":true,"href":"https:\/\/www.code-autoradio.com\/it\/wp-json\/wp\/v2\/comments?post=39140"}],"version-history":[{"count":0,"href":"https:\/\/www.code-autoradio.com\/it\/wp-json\/wp\/v2\/pages\/39140\/revisions"}],"wp:attachment":[{"href":"https:\/\/www.code-autoradio.com\/it\/wp-json\/wp\/v2\/media?parent=39140"}],"curies":[{"name":"wp","href":"https:\/\/api.w.org\/{rel}","templated":true}]}}