{"id":12972,"date":"2023-05-10T10:19:42","date_gmt":"2023-05-10T08:19:42","guid":{"rendered":"https:\/\/www.code-autoradio.com\/?post_type=product&#038;p=12972"},"modified":"2025-09-10T08:12:53","modified_gmt":"2025-09-10T06:12:53","slug":"nissan","status":"publish","type":"product","link":"https:\/\/www.code-autoradio.com\/it\/codice\/nissan\/","title":{"rendered":"Codice autoradio Nissan"},"content":{"rendered":"<div class=\"wpb-content-wrapper\"><p>[vc_row][vc_column width=&#8221;1\/2&#8243;][vc_column_text css=&#8221;&#8221;]<\/p>\n<h2>Introduzione &#8211; Tutti i passaggi per trovare il codice dell&#8217;autoradio Nissan gratuitamente o con il nostro servizio online.<\/h2>\n<p style=\"text-align: center;\"><em>Vi inviamo i codici radio Nissan 7 giorni su 7, 24 ore su 24 entro 1 o 24 ore a seconda delle vostre esigenze!<\/em><\/p>\n<p>La radio Nissan \u00e8 bloccata? Vi chiede un codice PIN? Non sapete<strong> come trovare questo codice radio Nissan<\/strong>? Generatore <strong>codici sblocco autoradio nissan<\/strong> ?<\/p>\n<p><iframe loading=\"lazy\" title=\"YouTube video player\" src=\"https:\/\/www.youtube.com\/embed\/5aw22rvqaSk\" width=\"560\" height=\"315\" frameborder=\"0\" allowfullscreen=\"allowfullscreen\"><span data-mce-type=\"bookmark\" style=\"display: inline-block; width: 0px; overflow: hidden; line-height: 0;\" class=\"mce_SELRES_start\">\ufeff<\/span><span data-mce-type=\"bookmark\" style=\"display: inline-block; width: 0px; overflow: hidden; line-height: 0;\" class=\"mce_SELRES_start\">\ufeff<\/span><\/iframe><\/p>\n<figure id=\"attachment_43863\" aria-describedby=\"caption-attachment-43863\" style=\"width: 1024px\" class=\"wp-caption alignnone\"><img decoding=\"async\" class=\"size-large wp-image-43863\" src=\"https:\/\/www.code-autoradio.com\/wp-content\/uploads\/2023\/05\/nissan-daewoo-codice-pin-unita-bloccata-1024x599.jpg\" alt=\"nissan codice pin unita bloccata\" width=\"1024\" height=\"599\" title=\"\" srcset=\"https:\/\/www.code-autoradio.com\/wp-content\/uploads\/2023\/05\/nissan-daewoo-codice-pin-unita-bloccata-1024x599.jpg 1024w, https:\/\/www.code-autoradio.com\/wp-content\/uploads\/2023\/05\/nissan-daewoo-codice-pin-unita-bloccata-300x175.jpg 300w, https:\/\/www.code-autoradio.com\/wp-content\/uploads\/2023\/05\/nissan-daewoo-codice-pin-unita-bloccata-768x449.jpg 768w, https:\/\/www.code-autoradio.com\/wp-content\/uploads\/2023\/05\/nissan-daewoo-codice-pin-unita-bloccata-150x88.jpg 150w, https:\/\/www.code-autoradio.com\/wp-content\/uploads\/2023\/05\/nissan-daewoo-codice-pin-unita-bloccata-600x351.jpg 600w, https:\/\/www.code-autoradio.com\/wp-content\/uploads\/2023\/05\/nissan-daewoo-codice-pin-unita-bloccata.jpg 1307w\" sizes=\"(max-width: 1024px) 100vw, 1024px\" \/><figcaption id=\"caption-attachment-43863\" class=\"wp-caption-text\">nissan codice pin unita bloccata<\/figcaption><\/figure>\n<p>A seguito di un guasto alla batteria? Un guasto al fusibile? Un guasto al cruscotto? Viene visualizzato il messaggio: &#8220;<strong>Sistema bloccato inserire il PIN<\/strong>&#8220;.<\/p>\n<p>Offriamo lo sblocco del <strong>codice dell&#8217;autoradio originale Nissan<\/strong> in meno di un&#8217;ora con l&#8217;opzione &#8220;Urgente&#8221;.<\/p>\n<p>La nostra soluzione per il recupero del <strong>codice Nissan \u00e8 certificata al 100%<\/strong>, perch\u00e9 lavoriamo da anni con ingegneri specializzati nell&#8217;elettronica di bordo Nissan.<\/p>\n<p>Riceverete il vostro codice Nissan entro pochi minuti dall&#8217;ordine, nella vostra area clienti, via e-mail e\/o via SMS.<\/p>\n<h2>1 &#8211; Come trovare il numero di serie, il numero di dispositivo e la data dell&#8217;autoradio Nissan?<\/h2>\n<p>Per trovare un codice pin per le autoradio NISSAN, sono necessari il numero di serie, il numero del dispositivo e la data.<\/p>\n<p>Ci sono due modi per trovare i numeri di serie di un codice autoradio Nissan!<\/p>\n<h3>Metodo 1 senza smontaggio.<\/h3>\n<p>Eseguendo 3 codici errati di seguito, tutte le informazioni verranno visualizzate sullo schermo LCD del cruscotto.<\/p>\n<p>Verr\u00e0 visualizzato &#8220;L&#8217;unit\u00e0 \u00e8 bloccata per 60 minuti&#8221;, quindi il numero di serie, il numero dell&#8217;unit\u00e0 e la data. Dovrete attendere 60 minuti con l&#8217;accensione dell&#8217;auto accesa prima di poter inserire il codice che vi abbiamo inviato.<\/p>\n<h3>Metodo 2: rimozione dell&#8217;autoradio<\/h3>\n<p>\u00c8 necessario rimuovere l&#8217;autoradio dal cruscotto per accedere all&#8217;etichetta sul retro dell&#8217;autoradio. Sull&#8217;etichetta sono riportati il numero di serie, il numero del dispositivo e la data.<\/p>\n<h2>2 &#8211; Come inserire il codice dell&#8217;autoradio Nissan?<\/h2>\n<p>Quando vi comunichiamo via e-mail o sms che il vostro codice \u00e8 stato trovato, inseritelo direttamente sul touch screen e convalidatelo premendo ok.<\/p>\n<ol>\n<li>Inserire l&#8217;accensione.<\/li>\n<li>Il display dovrebbe visualizzare il codice:<\/li>\n<li>Premere le cifre del codice.<\/li>\n<li>Tenere premuto il tasto ok per attivare la radio.<\/li>\n<\/ol>\n<p>[\/vc_column_text][\/vc_column][vc_column width=&#8221;1\/2&#8243;][vc_column_text]<\/p>\n<h2>Sblocchiamo Nissan LCN &#8211; Connect, QASHQAI Connect e tutti gli altri stereo per auto Nissan<\/h2>\n<div class=\"mceTemp\"><\/div>\n<figure id=\"attachment_13140\" aria-describedby=\"caption-attachment-13140\" style=\"width: 1000px\" class=\"wp-caption alignnone\"><img decoding=\"async\" class=\"size-full wp-image-13140\" src=\"https:\/\/www.code-autoradio.com\/wp-content\/uploads\/2022\/05\/codice-nissan-radio-italia-min.png\" alt=\"Codice Nissan. Disp. bloccato per 60 minuti. Numero di serie. Numero dispositivo. Data\" width=\"1000\" height=\"750\" title=\"\" srcset=\"https:\/\/www.code-autoradio.com\/wp-content\/uploads\/2022\/05\/codice-nissan-radio-italia-min.png 1000w, https:\/\/www.code-autoradio.com\/wp-content\/uploads\/2022\/05\/codice-nissan-radio-italia-min-600x450.png 600w, https:\/\/www.code-autoradio.com\/wp-content\/uploads\/2022\/05\/codice-nissan-radio-italia-min-300x225.png 300w, https:\/\/www.code-autoradio.com\/wp-content\/uploads\/2022\/05\/codice-nissan-radio-italia-min-768x576.png 768w, https:\/\/www.code-autoradio.com\/wp-content\/uploads\/2022\/05\/codice-nissan-radio-italia-min-150x113.png 150w\" sizes=\"(max-width: 1000px) 100vw, 1000px\" \/><figcaption id=\"caption-attachment-13140\" class=\"wp-caption-text\">Disp. bloccato per 60 minuti. Numero di serie. Numero dispositivo. Data<\/figcaption><\/figure>\n<p><img decoding=\"async\" class=\"size-large wp-image-5759 alignnone\" src=\"https:\/\/www.code-autoradio.com\/wp-content\/uploads\/2019\/01\/etiquette-radio-Nissan-LCN-Connect-.png\" alt=\"\" width=\"292\" height=\"394\" title=\"\"> <img decoding=\"async\" class=\"size-large wp-image-5760 alignnone\" src=\"https:\/\/www.code-autoradio.com\/wp-content\/uploads\/2019\/01\/poste-radio-code-Nissan-LCN-Connect-.png\" alt=\"\" width=\"275\" height=\"379\" title=\"\"><img decoding=\"async\" class=\"alignnone size-full wp-image-7596\" src=\"https:\/\/www.code-autoradio.com\/wp-content\/uploads\/2019\/01\/debloquer-radio-nissan-daewoo.png\" alt=\"\" width=\"464\" height=\"349\" title=\"\"><\/p>\n<p>Se si immettono 20 codici errati nell&#8217;autoradio Nissan, viene visualizzato il seguente messaggio:<br \/>\nTroppi errori di input. Il sistema \u00e8 bloccato. Contattare il <a href=\"https:\/\/www.nissan.it\/\" target=\"_blank\" rel=\"noopener\">concessionario Nissan<\/a><\/p>\n<p>Sblocchiamo anche radio <a href=\"https:\/\/www.code-autoradio.com\/it\/codice\/audi\/\">Audi<\/a>, <a href=\"https:\/\/www.code-autoradio.com\/it\/codice\/volkswagen\/\">VW<\/a> e <a href=\"https:\/\/www.code-autoradio.com\/it\/codice\/renault\/\">Renault<\/a><\/p>\n<figure id=\"attachment_46076\" aria-describedby=\"caption-attachment-46076\" style=\"width: 800px\" class=\"wp-caption alignnone\"><img decoding=\"async\" class=\"size-full wp-image-46076\" src=\"https:\/\/www.code-autoradio.com\/wp-content\/uploads\/2023\/05\/nissan-pin-codice-sistema-bloccato.jpeg\" alt=\"nissan pin codice sistema bloccato\" width=\"800\" height=\"632\" title=\"\" srcset=\"https:\/\/www.code-autoradio.com\/wp-content\/uploads\/2023\/05\/nissan-pin-codice-sistema-bloccato.jpeg 800w, https:\/\/www.code-autoradio.com\/wp-content\/uploads\/2023\/05\/nissan-pin-codice-sistema-bloccato-300x237.jpeg 300w, https:\/\/www.code-autoradio.com\/wp-content\/uploads\/2023\/05\/nissan-pin-codice-sistema-bloccato-768x607.jpeg 768w, https:\/\/www.code-autoradio.com\/wp-content\/uploads\/2023\/05\/nissan-pin-codice-sistema-bloccato-150x119.jpeg 150w, https:\/\/www.code-autoradio.com\/wp-content\/uploads\/2023\/05\/nissan-pin-codice-sistema-bloccato-600x474.jpeg 600w\" sizes=\"(max-width: 800px) 100vw, 800px\" \/><figcaption id=\"caption-attachment-46076\" class=\"wp-caption-text\">Troppi errori per introdurre il PIN. Sistema bloccato. Rivolgersi al rivenditore NISSAN<\/figcaption><\/figure>\n<p>[\/vc_column_text][\/vc_column][\/vc_row][vc_row][vc_column width=&#8221;1\/3&#8243;]<div class=\"riode-infobox icon-box  wpb_custom_26affb3c69e2c30f75a5df7546cd84c1 icon-box-side   circle icon-box-left\" >\r\n\r\n\t<div class=\"icon-box-icon-wrapper\">\r\n\t\t<span class=\"icon-box-icon d-inline-flex align-items-center justify-content-center\">\r\n\t\t\t\t\t\t<i class=\"far fa-credit-card\"><\/i>\r\n\t\t\t\t\t\t\t\t\t\r\n\t\t<\/span>\r\n\t<\/div>\r\n\t<div class=\"icon-box-content\">\r\n\t\t\t\t\t<h3 class=\"icon-box-title\">Pagamenti sicuri<\/h3>\r\n\t\t\t\t\t\t<p>Con carta di credito o Paypal<\/p>\r\n\t\t<\/div>\r\n<\/div>\r\n[\/vc_column][vc_column width=&#8221;1\/3&#8243;]<div class=\"riode-infobox icon-box  wpb_custom_26affb3c69e2c30f75a5df7546cd84c1 icon-box-side   circle icon-box-left\" >\r\n\r\n\t<div class=\"icon-box-icon-wrapper\">\r\n\t\t<span class=\"icon-box-icon d-inline-flex align-items-center justify-content-center\">\r\n\t\t\t\t\t\t<i class=\"d-icon-refresh\"><\/i>\r\n\t\t\t\t\t\t\t\t\t\r\n\t\t<\/span>\r\n\t<\/div>\r\n\t<div class=\"icon-box-content\">\r\n\t\t\t\t\t<h3 class=\"icon-box-title\">100% soddisfatti o rimborsati<\/h3>\r\n\t\t\t\t\t\t<p>Se il codice non funziona<\/p>\r\n\t\t<\/div>\r\n<\/div>\r\n[\/vc_column][vc_column width=&#8221;1\/3&#8243;]<div class=\"riode-infobox icon-box  wpb_custom_26affb3c69e2c30f75a5df7546cd84c1 icon-box-side   circle icon-box-left\" >\r\n\r\n\t<div class=\"icon-box-icon-wrapper\">\r\n\t\t<span class=\"icon-box-icon d-inline-flex align-items-center justify-content-center\">\r\n\t\t\t\t\t\t<i class=\"far fa-check-circle\"><\/i>\r\n\t\t\t\t\t\t\t\t\t\r\n\t\t<\/span>\r\n\t<\/div>\r\n\t<div class=\"icon-box-content\">\r\n\t\t\t\t\t<h3 class=\"icon-box-title\">Risparmiare tempo<\/h3>\r\n\t\t\t\t\t\t<p>e denaro<\/p>\r\n\t\t<\/div>\r\n<\/div>\r\n[\/vc_column][\/vc_row][vc_row][vc_column]<div class=\"title-wrapper  wpb_custom_22f52a2069d96dfeedfa2bc1f550e441 vc_custom_1662736466519 title-center link-left\" ><h2 class=\"title\">Le auto e le autoradio Nissan pi\u00f9 popolari<\/h2><\/div>[vc_row_inner][vc_column_inner width=&#8221;1\/6&#8243;][vc_column_text]<\/p>\n<p style=\"text-align: center;\"><strong>Qashqai<\/strong><\/p>\n<p>[\/vc_column_text][\/vc_column_inner][vc_column_inner width=&#8221;1\/6&#8243;][vc_column_text]<\/p>\n<p style=\"text-align: center;\"><strong>X-trail<\/strong><\/p>\n<p>[\/vc_column_text][\/vc_column_inner][vc_column_inner width=&#8221;1\/6&#8243;][vc_column_text]<\/p>\n<p style=\"text-align: center;\"><strong>Primastar<\/strong><\/p>\n<p>[\/vc_column_text][\/vc_column_inner][vc_column_inner width=&#8221;1\/6&#8243;][vc_column_text]<\/p>\n<p style=\"text-align: center;\"><strong>Navara<\/strong><\/p>\n<p>[\/vc_column_text][\/vc_column_inner][vc_column_inner width=&#8221;1\/6&#8243;][vc_column_text]<\/p>\n<p style=\"text-align: center;\"><strong>Micra<\/strong><\/p>\n<p>[\/vc_column_text][\/vc_column_inner][vc_column_inner width=&#8221;1\/6&#8243;][vc_column_text]<\/p>\n<p style=\"text-align: center;\"><strong>Leaf<\/strong><\/p>\n<p>[\/vc_column_text][\/vc_column_inner][\/vc_row_inner][vc_row_inner][vc_column_inner width=&#8221;1\/6&#8243;][vc_column_text]<\/p>\n<p style=\"text-align: center;\"><strong>Juke<\/strong><\/p>\n<p>[\/vc_column_text][\/vc_column_inner][vc_column_inner width=&#8221;1\/6&#8243;][vc_column_text]<\/p>\n<p style=\"text-align: center;\"><strong>Evalia<\/strong><\/p>\n<p>[\/vc_column_text][\/vc_column_inner][vc_column_inner width=&#8221;1\/6&#8243;][vc_column_text]<\/p>\n<p style=\"text-align: center;\"><strong>Intersar<\/strong><\/p>\n<p>[\/vc_column_text][\/vc_column_inner][vc_column_inner width=&#8221;1\/6&#8243;][vc_column_text]<\/p>\n<p style=\"text-align: center;\"><strong>Gt-r<\/strong><\/p>\n<p>[\/vc_column_text][\/vc_column_inner][vc_column_inner width=&#8221;1\/6&#8243;][vc_column_text]<\/p>\n<p style=\"text-align: center;\"><strong>Almera<\/strong><\/p>\n<p>[\/vc_column_text][\/vc_column_inner][vc_column_inner width=&#8221;1\/6&#8243;][vc_column_text]<\/p>\n<p style=\"text-align: center;\"><strong>Primera<\/strong><\/p>\n<p>[\/vc_column_text][\/vc_column_inner][\/vc_row_inner][\/vc_column][\/vc_row]<\/p>\n<\/div>","protected":false},"excerpt":{"rendered":"<h2>Come trovare il codice della radio Nissan?<\/h2>\n","protected":false},"featured_media":4448,"template":"","meta":[],"product_brand":[],"product_cat":[296,142],"product_tag":[],"class_list":{"0":"post-12972","1":"product","2":"type-product","3":"status-publish","4":"has-post-thumbnail","6":"product_cat-nissan-it","7":"product_cat-produttore-di-auto","9":"first","10":"instock","11":"virtual","12":"sold-individually","13":"taxable","14":"purchasable","15":"product-type-simple"},"_links":{"self":[{"href":"https:\/\/www.code-autoradio.com\/it\/wp-json\/wp\/v2\/product\/12972","targetHints":{"allow":["GET"]}}],"collection":[{"href":"https:\/\/www.code-autoradio.com\/it\/wp-json\/wp\/v2\/product"}],"about":[{"href":"https:\/\/www.code-autoradio.com\/it\/wp-json\/wp\/v2\/types\/product"}],"wp:featuredmedia":[{"embeddable":true,"href":"https:\/\/www.code-autoradio.com\/it\/wp-json\/wp\/v2\/media\/4448"}],"wp:attachment":[{"href":"https:\/\/www.code-autoradio.com\/it\/wp-json\/wp\/v2\/media?parent=12972"}],"wp:term":[{"taxonomy":"product_brand","embeddable":true,"href":"https:\/\/www.code-autoradio.com\/it\/wp-json\/wp\/v2\/product_brand?post=12972"},{"taxonomy":"product_cat","embeddable":true,"href":"https:\/\/www.code-autoradio.com\/it\/wp-json\/wp\/v2\/product_cat?post=12972"},{"taxonomy":"product_tag","embeddable":true,"href":"https:\/\/www.code-autoradio.com\/it\/wp-json\/wp\/v2\/product_tag?post=12972"}],"curies":[{"name":"wp","href":"https:\/\/api.w.org\/{rel}","templated":true}]}}