{"id":28027,"date":"2022-05-10T10:41:23","date_gmt":"2022-05-10T08:41:23","guid":{"rendered":"https:\/\/www.code-autoradio.com\/?post_type=product&#038;p=28027"},"modified":"2024-02-05T15:54:28","modified_gmt":"2024-02-05T14:54:28","slug":"codice-radio-skoda","status":"publish","type":"product","link":"https:\/\/www.code-autoradio.com\/it\/codice\/codice-radio-skoda\/","title":{"rendered":"Codice radio Skoda"},"content":{"rendered":"<div class=\"wpb-content-wrapper\"><p>[vc_row][vc_column width=&#8221;1\/2&#8243;][vc_column_text]<\/p>\n<h2>Intro &#8211; Scopri i passaggi per trovare un codice autoradio Skoda<\/h2>\n<p style=\"text-align: center;\"><em>Ti forniremo il tuo codice radio SKODA 7\/24 subito dopo l&#8217;ordine!<\/em><\/p>\n<h2>Come trovare il numero di serie di un&#8217;autoradio Skoda?<\/h2>\n<p>Sblocca immediatamente qualsiasi <strong>codice pin Skoda<\/strong>, con un numero di serie che inizia con SKZ.<\/p>\n<p>Rimuovi la radio dal cruscotto del veicolo per controllare le etichette in modo da fornirci il numero di serie necessario per trovare il <strong>codice della tua radio Skoda<\/strong>.<\/p>\n<p><img decoding=\"async\" class=\"alignnone size-full wp-image-7165\" src=\"https:\/\/www.code-autoradio.com\/wp-content\/uploads\/2018\/09\/radio-code-skoda.jpg\" alt=\"\" width=\"480\" height=\"360\" title=\"\"><\/p>\n<p><img decoding=\"async\" class=\"alignnone size-large wp-image-7166\" src=\"https:\/\/www.code-autoradio.com\/wp-content\/uploads\/2018\/09\/skoda-radio-numero-serie.jpg\" alt=\"\" width=\"600\" height=\"368\" title=\"\">[\/vc_column_text][\/vc_column][vc_column width=&#8221;1\/2&#8243;][vc_column_text]<\/p>\n<h2>Ultimi comandi codice autoradio Skoda:<\/h2>\n<p>Esempi di comandi <strong>codice autoradio Skoda<\/strong>: Serial Number Skoda Fabia = SKZAZ6L0452738<\/p>\n<ul>\n<li>Numero di serie: SKZAZ5B0608439 , codice radio = 0556<\/li>\n<li>Numero di serie: SKZ627G8309092, codice radio = 0715<\/li>\n<li>Numero di serie: SKZ1Z7C3145830, codice radio = 1719<\/li>\n<li>Numero di serie: SKZ4Z2L1204090W, codice radio: 0767<\/li>\n<li>Numero di serie: SKZAZ6K0416562, codice: 0087<\/li>\n<li>Numero di serie: SKZ4Z2N12639624, codice: 0895<\/li>\n<li>Numero di serie: SKZAZ6L0444209, codice: 1356<\/li>\n<\/ul>\n<h2>Modelli Skoda compatibili con codice autoradio:<\/h2>\n<ul>\n<li>Skoda Citygo<\/li>\n<li>Skoda Fabia<\/li>\n<li>Skoda Karoq<\/li>\n<li>Skoda Kodiaq<\/li>\n<li>Skoda Octavia<\/li>\n<li>Skoda Rapid<\/li>\n<li>Skoda Superba<\/li>\n<li>Skoda Yeti<\/li>\n<li>Skoda 100<\/li>\n<li>Skoda 105<\/li>\n<li>Skoda 110<\/li>\n<li>Skoda 120<\/li>\n<li>Skoda 130<\/li>\n<li>Skoda Coup\u00e9<\/li>\n<li>Skoda Favorita<\/li>\n<li>Skoda Felicia<\/li>\n<li>Skoda Roomster<\/li>\n<\/ul>\n<p>Famosa all&#8217;epoca per le sue auto &#8220;economiche&#8221;, <a href=\"https:\/\/www.skoda.fr\/\" target=\"_blank\" rel=\"noopener\">Skoda<\/a> \u00e8 ora ampiamente riconosciuta come produttore generalista di alto livello. L&#8217;acquisto di una Skoda \u00e8 sicuramente sempre vantaggioso dal punto di vista economico, ma la gamma offre servizi degni del meglio, addirittura superiori alle concorrenti se parliamo di abitabilit\u00e0. Il Superb \u00e8 un buon esempio, dove puoi quasi allungare le gambe nella parte posteriore! Tra i vagoni pi\u00f9 piccoli, anche l&#8217;Octavia \u00e8 una scelta eccellente, soprattutto con i suoi motori TDI molto economici. La Fabia si presenta come una buona city car, economica e dotata di tutto il know-how Volkswagen in termini di qualit\u00e0 costruttiva. Non pi\u00f9 grande ma pi\u00f9 alto \u00e8 il Roomster, molto pratico per la citt\u00e0 cos\u00ec come per le fughe del fine settimana.<\/p>\n<p>E per uscire dal bitume, la Yeti si presenta come un&#8217;ottima all-roader, efficiente e sicura su strada grazie alla sua trazione integrale permanente. Acquistare una Skoda: una Skoda offre uno dei migliori rapporti prezzo\/prestazioni sul mercato.[\/vc_column_text][\/vc_column][\/vc_row]<\/p>\n<\/div>","protected":false},"excerpt":{"rendered":"<h2>Come trovare il codice radio Skoda?<\/h2>\n","protected":false},"featured_media":0,"template":"","meta":[],"product_brand":[],"product_cat":[142,333],"product_tag":[],"class_list":{"0":"post-28027","1":"product","2":"type-product","3":"status-publish","5":"product_cat-produttore-di-auto","6":"product_cat-skoda-it","8":"first","9":"instock","10":"virtual","11":"sold-individually","12":"taxable","13":"purchasable","14":"product-type-simple"},"_links":{"self":[{"href":"https:\/\/www.code-autoradio.com\/it\/wp-json\/wp\/v2\/product\/28027","targetHints":{"allow":["GET"]}}],"collection":[{"href":"https:\/\/www.code-autoradio.com\/it\/wp-json\/wp\/v2\/product"}],"about":[{"href":"https:\/\/www.code-autoradio.com\/it\/wp-json\/wp\/v2\/types\/product"}],"wp:attachment":[{"href":"https:\/\/www.code-autoradio.com\/it\/wp-json\/wp\/v2\/media?parent=28027"}],"wp:term":[{"taxonomy":"product_brand","embeddable":true,"href":"https:\/\/www.code-autoradio.com\/it\/wp-json\/wp\/v2\/product_brand?post=28027"},{"taxonomy":"product_cat","embeddable":true,"href":"https:\/\/www.code-autoradio.com\/it\/wp-json\/wp\/v2\/product_cat?post=28027"},{"taxonomy":"product_tag","embeddable":true,"href":"https:\/\/www.code-autoradio.com\/it\/wp-json\/wp\/v2\/product_tag?post=28027"}],"curies":[{"name":"wp","href":"https:\/\/api.w.org\/{rel}","templated":true}]}}