{"id":39815,"date":"2022-09-26T17:08:19","date_gmt":"2022-09-26T15:08:19","guid":{"rendered":"https:\/\/www.code-autoradio.com\/?post_type=product&#038;p=39815"},"modified":"2024-02-13T11:18:02","modified_gmt":"2024-02-13T10:18:02","slug":"codice-radio-dacia","status":"publish","type":"product","link":"https:\/\/www.code-autoradio.com\/it\/codice\/codice-radio-dacia\/","title":{"rendered":"Codice radio dacia"},"content":{"rendered":"<div class=\"wpb-content-wrapper\"><p>[vc_row][vc_column width=&#8221;1\/2&#8243; css=&#8221;.vc_custom_1654698450008{padding-right: 10px !important;}&#8221;][vc_column_text]<\/p>\n<h2>Introduzione &#8211; Come trovare il codice di autenticazione Dacia gratis o tramite il nostro servizio online.<\/h2>\n<p style=\"text-align: center;\">Vi forniremo il vostro codice di autenticazione Dacia 24 ore su 24, 7 giorni su 7!<\/p>\n<p>Avete un&#8217;autoradio Dacia rotta che vi chiede un codice di autenticazione? Non sapete come trovare il codice?<\/p>\n<p>Dopo un guasto alla batteria o una manipolazione errata dei fusibili? Il vostro sistema multimediale Dacia Media Disply &amp; Media Nav vi chiede un codice di autenticazione! Cos\u00ec vi ritrovate senza GPS, radio o Bluetooth!<\/p>\n<p>Non perdete tempo! Possiamo inviarvi il vostro codice di autenticazione originale Dacia entro 90 minuti via e-mail e SMS*. [\/vc_column_text][vc_column_text]<\/p>\n<h2>1 &#8211; Come posso trovare il numero di serie Dacia che mi serve?<\/h2>\n<h3>Metodo con la carta di circolazione<\/h3>\n<p>Aprire il documento di circolazione del veicolo e inserire il numero E.<\/p>\n<h3>Metodo 2 con il veicolo<\/h3>\n<p>Il numero VIN si trova sulla portiera del lato guida.<br \/>\nIl VIN si trova anche sulla parte anteriore del parabrezza.<\/p>\n<p>Il VIN di un&#8217;auto Dacia inizia sempre con UU, ad esempio UU15SDL1C59117971, ed \u00e8 composto da 17 caratteri.<\/p>\n<figure id=\"attachment_14594\" aria-describedby=\"caption-attachment-14594\" style=\"width: 1024px\" class=\"wp-caption aligncenter\"><img decoding=\"async\" class=\"size-large wp-image-14594\" src=\"https:\/\/www.code-autoradio.com\/wp-content\/uploads\/2022\/09\/vin-DACIA-SANDERO-code-authentification-1024x576.jpg\" alt=\"Comment trouver VIN voiture Dacia pour code authentification \" width=\"1024\" height=\"576\" title=\"\" srcset=\"https:\/\/www.code-autoradio.com\/wp-content\/uploads\/2022\/09\/vin-DACIA-SANDERO-code-authentification-1024x576.jpg 1024w, https:\/\/www.code-autoradio.com\/wp-content\/uploads\/2022\/09\/vin-DACIA-SANDERO-code-authentification-600x338.jpg 600w, https:\/\/www.code-autoradio.com\/wp-content\/uploads\/2022\/09\/vin-DACIA-SANDERO-code-authentification-300x169.jpg 300w, https:\/\/www.code-autoradio.com\/wp-content\/uploads\/2022\/09\/vin-DACIA-SANDERO-code-authentification-768x432.jpg 768w, https:\/\/www.code-autoradio.com\/wp-content\/uploads\/2022\/09\/vin-DACIA-SANDERO-code-authentification-1536x864.jpg 1536w, https:\/\/www.code-autoradio.com\/wp-content\/uploads\/2022\/09\/vin-DACIA-SANDERO-code-authentification-150x84.jpg 150w, https:\/\/www.code-autoradio.com\/wp-content\/uploads\/2022\/09\/vin-DACIA-SANDERO-code-authentification.jpg 1820w\" sizes=\"(max-width: 1024px) 100vw, 1024px\" \/><figcaption id=\"caption-attachment-14594\" class=\"wp-caption-text\">Come posso trovare un VIN Dacia per il codice di autenticazione?<\/figcaption><\/figure>\n<h2>2 &#8211; Come si inserisce il codice di autenticazione Dacia?<\/h2>\n<p>Una volta ricevuto il codice via e-mail o SMS, inserirlo sull&#8217;autoradio Dacia utilizzando il touch screen, quindi confermare premendo il pulsante &#8220;ok&#8221;.<br \/>\n<iframe loading=\"lazy\" title=\"YouTube video player\" src=\"https:\/\/www.youtube.com\/embed\/JEqdocWilNI?si=m8YyolWKFbAJFZXt\" width=\"560\" height=\"315\" frameborder=\"0\" allowfullscreen=\"allowfullscreen\"><\/iframe><br \/>\n[\/vc_column_text][\/vc_column][vc_column width=&#8221;1\/2&#8243;][vc_column_text]<img decoding=\"async\" class=\"alignnone size-full wp-image-13417\" src=\"https:\/\/www.code-autoradio.com\/wp-content\/uploads\/2022\/09\/code-authentification-dacia.jpeg\" alt=\"code-authentification-dacia\" width=\"972\" height=\"649\" title=\"\" srcset=\"https:\/\/www.code-autoradio.com\/wp-content\/uploads\/2022\/09\/code-authentification-dacia.jpeg 972w, https:\/\/www.code-autoradio.com\/wp-content\/uploads\/2022\/09\/code-authentification-dacia-600x401.jpeg 600w, https:\/\/www.code-autoradio.com\/wp-content\/uploads\/2022\/09\/code-authentification-dacia-300x200.jpeg 300w, https:\/\/www.code-autoradio.com\/wp-content\/uploads\/2022\/09\/code-authentification-dacia-768x513.jpeg 768w, https:\/\/www.code-autoradio.com\/wp-content\/uploads\/2022\/09\/code-authentification-dacia-150x100.jpeg 150w\" sizes=\"(max-width: 972px) 100vw, 972px\" \/><img decoding=\"async\" class=\"alignnone size-full wp-image-13422\" src=\"https:\/\/www.code-autoradio.com\/wp-content\/uploads\/2022\/09\/dacia-duster-code-radio.jpeg\" alt=\"dacia-duster-code-radio\" width=\"925\" height=\"647\" title=\"\" srcset=\"https:\/\/www.code-autoradio.com\/wp-content\/uploads\/2022\/09\/dacia-duster-code-radio.jpeg 925w, https:\/\/www.code-autoradio.com\/wp-content\/uploads\/2022\/09\/dacia-duster-code-radio-600x420.jpeg 600w, https:\/\/www.code-autoradio.com\/wp-content\/uploads\/2022\/09\/dacia-duster-code-radio-300x210.jpeg 300w, https:\/\/www.code-autoradio.com\/wp-content\/uploads\/2022\/09\/dacia-duster-code-radio-768x537.jpeg 768w, https:\/\/www.code-autoradio.com\/wp-content\/uploads\/2022\/09\/dacia-duster-code-radio-150x105.jpeg 150w, https:\/\/www.code-autoradio.com\/wp-content\/uploads\/2022\/09\/dacia-duster-code-radio-400x280.jpeg 400w\" sizes=\"(max-width: 925px) 100vw, 925px\" \/><img decoding=\"async\" class=\"alignnone size-full wp-image-13427\" src=\"https:\/\/www.code-autoradio.com\/wp-content\/uploads\/2022\/09\/dacia-authentification.jpeg\" alt=\"dacia-authentification\" width=\"868\" height=\"616\" title=\"\" srcset=\"https:\/\/www.code-autoradio.com\/wp-content\/uploads\/2022\/09\/dacia-authentification.jpeg 868w, https:\/\/www.code-autoradio.com\/wp-content\/uploads\/2022\/09\/dacia-authentification-600x426.jpeg 600w, https:\/\/www.code-autoradio.com\/wp-content\/uploads\/2022\/09\/dacia-authentification-300x213.jpeg 300w, https:\/\/www.code-autoradio.com\/wp-content\/uploads\/2022\/09\/dacia-authentification-768x545.jpeg 768w, https:\/\/www.code-autoradio.com\/wp-content\/uploads\/2022\/09\/dacia-authentification-150x106.jpeg 150w\" sizes=\"(max-width: 868px) 100vw, 868px\" \/><\/p>\n<h2>Sommario &#8211; Come funziona il recupero Chiave di autentic Dacia?<\/h2>\n<p>Recuperiamo i codici di autenticazione Dacia originali di fabbrica dal numero di serie dell&#8217;auto (VIN) per tutti i modelli Dacia come Duster, Lodgy, Sandero, ecc. Per Media Nav Evolution e Dacia Plug&amp;Music. Per i modelli precedenti al 2014 \u00e8 possibile utilizzare il metodo Pre-Code qui.[\/vc_column_text]<div class=\"riode-button-container  wpb_custom_d7948f8775ff35a98d32c18ccff70c33\" >\r\n<a class=\"btn \" href=\"https:\/\/www.code-autoradio.com\/wp-content\/uploads\/2022\/09\/manuel-guide-media-nav-evolution-autoradio.pdf\" target=\"_blank\" >Scarica il manuale Media Nav Evolution Dacia<\/a><\/div>\r\n[\/vc_column][\/vc_row][vc_row css=&#8221;.vc_custom_1680205520333{padding-top: 50px !important;}&#8221;][vc_column width=&#8221;1\/2&#8243; el_id=&#8221;code-authentification-dacia-gratuit&#8221;][vc_column_text]<\/p>\n<h2>GRATIS &#8211; Codice autoradio Dacia<\/h2>\n<h3>Come posso trovare un codice di autenticazione gratuito Dacia?<\/h3>\n<p>Trova il tuo codice di autenticazione Dacia gratuito cercando il tuo VIN nel nostro database qui sotto.<\/p>\n<h3>Elenco gratuito dei codici autoradio Dacia<\/h3>\n\n<p><a href=\"https:\/\/www.code-autoradio.com\/wp-content\/uploads\/2022\/09\/Code-authentification-Dacia-gratuit.pdf\">Scarica la banca dati dei codici di radio Dacia!<\/a><br \/>\n[\/vc_column_text][\/vc_column][vc_column width=&#8221;1\/2&#8243;][vc_column_text]<\/p>\n<h3>Trova il concessionario Dacia pi\u00f9 vicino a te!<\/h3>\n<p>[\/vc_column_text][vc_raw_html]JTNDaWZyYW1lJTBBdGl0bGUlM0QlMjJSZW5kZXotdm91cyUyMGNvbmNlc3Npb25uYWlyZSUyMFJlbmF1bHQlMjIlMEElMjAlMjB3aWR0aCUzRCUyMjEwMCUyNSUyMiUwQSUyMCUyMGhlaWdodCUzRCUyMjM1MCUyMiUwQSUyMCUyMGZyYW1lYm9yZGVyJTNEJTIyMCUyMiUyMHN0eWxlJTNEJTIyYm9yZGVyJTNBMCUyMiUwQSUyMCUyMHJlZmVycmVycG9saWN5JTNEJTIybm8tcmVmZXJyZXItd2hlbi1kb3duZ3JhZGUlMjIlMEElMjAlMjBzcmMlM0QlMjJodHRwcyUzQSUyRiUyRnd3dy5nb29nbGUuY29tJTJGbWFwcyUyRmVtYmVkJTJGdjElMkZzZWFyY2glM0ZrZXklM0RBSXphU3lEa0V6U0p5Z1Vvc1dPencwTDFIczVKbzctUUxqcldTZzAlMjZxJTNEQ29uY2Vzc2lvbm5haXJlJTJDRGFjaWElMkJGcmFuY2UlMjIlMEElMjAlMjBhbGxvd2Z1bGxzY3JlZW4lM0UlMEElM0MlMkZpZnJhbWUlM0U=[\/vc_raw_html][\/vc_column][\/vc_row][vc_row][vc_column]<div class=\"title-wrapper  wpb_custom_22f52a2069d96dfeedfa2bc1f550e441 vc_custom_1664205969199 title-center link-left\" ><h2 class=\"title\">Vous pouvez r\u00e9cup\u00e9rer le code authentification des mod\u00e8les Dacia suivants<\/h2><\/div>[vc_row_inner][vc_column_inner width=&#8221;1\/6&#8243;][vc_column_text]<\/p>\n<p style=\"text-align: center;\"><strong>codice stereo dacia duster<\/strong><\/p>\n<p>[\/vc_column_text][\/vc_column_inner][vc_column_inner width=&#8221;1\/6&#8243;][vc_column_text]<\/p>\n<p style=\"text-align: center;\"><strong>codice stereo dacia sandero<\/strong><\/p>\n<p>[\/vc_column_text][\/vc_column_inner][vc_column_inner width=&#8221;1\/6&#8243;][vc_column_text]<\/p>\n<p style=\"text-align: center;\"><strong>Logan<\/strong><\/p>\n<p>[\/vc_column_text][\/vc_column_inner][vc_column_inner width=&#8221;1\/6&#8243;][vc_column_text]<\/p>\n<p style=\"text-align: center;\"><strong>Logdy<\/strong><\/p>\n<p>[\/vc_column_text][\/vc_column_inner][vc_column_inner width=&#8221;1\/6&#8243;][vc_column_text]<\/p>\n<p style=\"text-align: center;\"><strong>codice radio dacia dokker<\/strong><\/p>\n<p>[\/vc_column_text][\/vc_column_inner][vc_column_inner width=&#8221;1\/6&#8243;][vc_column_text]<\/p>\n<p style=\"text-align: center;\"><strong>Stepway<\/strong><\/p>\n<p>[\/vc_column_text][\/vc_column_inner][\/vc_row_inner][\/vc_column][\/vc_row]<\/p>\n<\/div>","protected":false},"excerpt":{"rendered":"<h2>Come posso trovare il codice dell&#8217;autoradio Dacia?<\/h2>\n","protected":false},"featured_media":13432,"template":"","meta":[],"product_brand":[],"product_cat":[618,142],"product_tag":[],"class_list":{"0":"post-39815","1":"product","2":"type-product","3":"status-publish","4":"has-post-thumbnail","6":"product_cat-dacia-it","7":"product_cat-produttore-di-auto","9":"first","10":"instock","11":"virtual","12":"sold-individually","13":"taxable","14":"purchasable","15":"product-type-simple"},"_links":{"self":[{"href":"https:\/\/www.code-autoradio.com\/it\/wp-json\/wp\/v2\/product\/39815","targetHints":{"allow":["GET"]}}],"collection":[{"href":"https:\/\/www.code-autoradio.com\/it\/wp-json\/wp\/v2\/product"}],"about":[{"href":"https:\/\/www.code-autoradio.com\/it\/wp-json\/wp\/v2\/types\/product"}],"wp:featuredmedia":[{"embeddable":true,"href":"https:\/\/www.code-autoradio.com\/it\/wp-json\/wp\/v2\/media\/13432"}],"wp:attachment":[{"href":"https:\/\/www.code-autoradio.com\/it\/wp-json\/wp\/v2\/media?parent=39815"}],"wp:term":[{"taxonomy":"product_brand","embeddable":true,"href":"https:\/\/www.code-autoradio.com\/it\/wp-json\/wp\/v2\/product_brand?post=39815"},{"taxonomy":"product_cat","embeddable":true,"href":"https:\/\/www.code-autoradio.com\/it\/wp-json\/wp\/v2\/product_cat?post=39815"},{"taxonomy":"product_tag","embeddable":true,"href":"https:\/\/www.code-autoradio.com\/it\/wp-json\/wp\/v2\/product_tag?post=39815"}],"curies":[{"name":"wp","href":"https:\/\/api.w.org\/{rel}","templated":true}]}}