{"id":42816,"date":"2020-09-01T22:57:49","date_gmt":"2020-09-01T20:57:49","guid":{"rendered":"https:\/\/www.code-autoradio.com\/?page_id=42816"},"modified":"2024-05-07T14:05:54","modified_gmt":"2024-05-07T12:05:54","slug":"home","status":"publish","type":"page","link":"https:\/\/www.code-autoradio.com\/no\/","title":{"rendered":"Home"},"content":{"rendered":"<div class=\"wpb-content-wrapper\"><p>[vc_row gap=&#8221;0&#8243;][vc_column]<div class=\"riode-wpb-banner-container  wpb_custom_4eb06c42131ef0797c925fd00af383dd vc_custom_1655730539901\" ><div class=\"banner banner-fixed\"><figure class=\"banner-img \"><img decoding=\"async\" src=\"https:\/\/www.code-autoradio.com\/wp-content\/uploads\/2022\/05\/demontage-code-autoradio.jpeg\" alt=\"\" width=\"1200\" height=\"801\" class=\"\" srcset=\"https:\/\/www.code-autoradio.com\/wp-content\/uploads\/2022\/05\/demontage-code-autoradio.jpeg 1200w, https:\/\/www.code-autoradio.com\/wp-content\/uploads\/2022\/05\/demontage-code-autoradio-600x401.jpeg 600w, https:\/\/www.code-autoradio.com\/wp-content\/uploads\/2022\/05\/demontage-code-autoradio-300x200.jpeg 300w, https:\/\/www.code-autoradio.com\/wp-content\/uploads\/2022\/05\/demontage-code-autoradio-1024x684.jpeg 1024w, https:\/\/www.code-autoradio.com\/wp-content\/uploads\/2022\/05\/demontage-code-autoradio-768x513.jpeg 768w, https:\/\/www.code-autoradio.com\/wp-content\/uploads\/2022\/05\/demontage-code-autoradio-150x100.jpeg 150w\" sizes=\"(max-width: 1200px) 100vw, 1200px\" title=\"\"><\/figure><div class=\"riode-banner-layer-container  wpb_custom_b5c31915890f4dea52609120db89d731 banner-content t-m vc_custom_1655209428639\" >\r\n<div class=\"title-wrapper  wpb_custom_5fb9c11a443d6d944d995536cea0e69c vc_custom_1715083172550 appear-animate title-left link-left\" data-settings=\"{&quot;_animation&quot;:&quot;fadeInLeftShorter&quot;,&quot;_animation_delay&quot;:&quot;200&quot;,&quot;_animation_duration&quot;:&quot;1000&quot;}\" ><p class=\"title\"><strong class=\"text-primary\">Hvordan finner jeg koden til bilradioen min?<\/strong><\/p><\/div><div class=\"title-wrapper  wpb_custom_8be388ce0fc38db79b7062109d0b7762 mb-6 appear-animate title-left link-left\" data-settings=\"{&quot;_animation&quot;:&quot;fadeInLeftShorter&quot;,&quot;_animation_delay&quot;:&quot;400&quot;,&quot;_animation_duration&quot;:&quot;1000&quot;}\" ><p class=\"title\">Raskt og enkelt?<\/p><\/div><div class=\"riode-button-container  wpb_custom_94b5ee5ce022420a67cc1cb26288d395 appear-animate\" data-settings=\"{&quot;_animation&quot;:&quot;fadeInLeftShorter&quot;,&quot;_animation_delay&quot;:&quot;600&quot;,&quot;_animation_duration&quot;:&quot;1000&quot;}\" >\r\n<a class=\"btn btn-rounded btn-primary\" href=\"https:\/\/www.code-autoradio.com\/categorie-produit\/constructeur-automobile\/\" >Jeg har funnet koden min<\/a><\/div>\r\n<\/div>\r\n<\/div><\/div>[vc_column_text]<\/p>\n<h1 style=\"text-align: center; color: #f6a800; font-size: 22px;\">BILRADIOKODE: F\u00c5 DIN ENKELT UTEN \u00c5 G\u00c5 NOE STED<\/h1>\n<p>[\/vc_column_text]<div class=\"title-wrapper  wpb_custom_3f1dac82e5b76aa148fe3a388d5bfd31 vc_custom_1715083365674 title-underline title-left link-right icon-after\" ><h2 class=\"title\">Mest popul\u00e6re bilradiokoder : Tilbakestilling av bilradio kode hvis den er mistet\u2026\n<\/h2><a href=\"https:\/\/www.code-autoradio.com\/categorie-produit\/constructeur-automobile\/\" class=\"link\"><span>Tous<\/span><i class=\"d-icon-arrow-right\"><\/i><\/a><\/div><div class=\"riode-wpb-products-container  wpb_custom_c8a7d7fb0a4bb0ae80956631d3130397 vc_custom_1676659319958\" ><div class=\"woocommerce columns-4 \"><ul class=\" gutter-xs products  row cols-lg-4 cols-md-3 cols-sm-2 cols-2 cols-xl-4\"><li class=\"product-wrap\">\n\t\t<div class=\"product-loop content-left product-default product type-product post-42848 status-publish first instock product_cat-renault-no has-post-thumbnail sale virtual sold-individually taxable purchasable product-type-simple\">\n\t\t<figure class=\"product-media\"><a href=\"https:\/\/www.code-autoradio.com\/no\/kode\/autentiseringsnokkel-renault-clio-captur-dacia-duster\/\" class=\"woocommerce-LoopProduct-link woocommerce-loop-product__link\"><img decoding=\"async\" width=\"300\" height=\"300\" src=\"https:\/\/www.code-autoradio.com\/wp-content\/uploads\/2021\/01\/logo-renault-vin-300x300.png\" class=\"attachment-woocommerce_thumbnail size-woocommerce_thumbnail\" alt=\"code authentification renault\" srcset=\"https:\/\/www.code-autoradio.com\/wp-content\/uploads\/2021\/01\/logo-renault-vin-300x300.png 300w, https:\/\/www.code-autoradio.com\/wp-content\/uploads\/2021\/01\/logo-renault-vin-150x150.png 150w, https:\/\/www.code-autoradio.com\/wp-content\/uploads\/2021\/01\/logo-renault-vin.png 500w\" sizes=\"(max-width: 300px) 100vw, 300px\" title=\"\"><\/a><\/figure><div class=\"product-details\"><h3 class=\"woocommerce-loop-product__title\"><a href=\"https:\/\/www.code-autoradio.com\/no\/kode\/autentiseringsnokkel-renault-clio-captur-dacia-duster\/\">autentiseringsn\u00f8kkel Renault Clio Captur Dacia Duster<\/a><\/h3>\n\t<span class=\"price\"><ins><span class=\"woocommerce-Price-amount amount\"><bdi>14,90&nbsp;<span class=\"woocommerce-Price-currencySymbol\">&euro;<\/span><\/bdi><\/span><\/ins> <del><span class=\"woocommerce-Price-amount amount\"><bdi>24,90&nbsp;<span class=\"woocommerce-Price-currencySymbol\">&euro;<\/span><\/bdi><\/span><\/del> <small class=\"woocommerce-price-suffix\">TTC<\/small><\/span>\n<span class=\"gtm4wp_productdata\" style=\"display:none; visibility:hidden;\" data-gtm4wp_product_data=\"{&quot;internal_id&quot;:42848,&quot;item_id&quot;:42848,&quot;item_name&quot;:&quot;autentiseringsn\\u00f8kkel Renault Clio Captur Dacia Duster&quot;,&quot;sku&quot;:&quot;AUTHCODERENAULT&quot;,&quot;price&quot;:14.9,&quot;stocklevel&quot;:null,&quot;stockstatus&quot;:&quot;instock&quot;,&quot;google_business_vertical&quot;:&quot;retail&quot;,&quot;item_category&quot;:&quot;Renault&quot;,&quot;id&quot;:42848,&quot;productlink&quot;:&quot;https:\\\/\\\/www.code-autoradio.com\\\/no\\\/kode\\\/autentiseringsnokkel-renault-clio-captur-dacia-duster\\\/&quot;,&quot;item_list_name&quot;:&quot;General Product List&quot;,&quot;index&quot;:1,&quot;product_type&quot;:&quot;simple&quot;,&quot;item_brand&quot;:&quot;&quot;}\"><\/span><\/div>\t<\/div>\n\t\t<\/li>\n\t<\/ul><\/div><\/div><div class=\"riode-wpb-categories-container  wpb_custom_e428a0f9d116bac61095604b1af525bc home-cats mb-6 nini\" >\r\n<div class=\"woocommerce columns-2\"><\/div><\/div>\r\n[vc_row_inner][vc_column_inner width=&#8221;1\/2&#8243;]<div class=\"title-wrapper  wpb_custom_3d31902b7ef6c93933c71288b65df365 vc_custom_1715083385114 title-left link-left\" ><h2 class=\"title\">01. V\u00e5r l\u00f8sning for oppl\u00e5sing av bilradio<\/h2><\/div><div class=\"title-wrapper  wpb_custom_22f52a2069d96dfeedfa2bc1f550e441 vc_custom_1715083392922 title-left link-left\" ><h3 class=\"title\">Online-l\u00f8sning<br>100% sikker<\/h3><\/div><div class=\"title-wrapper  wpb_custom_c6966f5dd2cb4dbd312f631b525470e0 mb-8 title-left link-left\" ><p class=\"title\">Du trenger ikke \u00e5 bestille time hos forhandleren din og bruke en vanvittig sum penger p\u00e5 \u00e5 l\u00e5se opp bilradioen din. Ingen venting og ingen reising.<\/p><\/div>[\/vc_column_inner][vc_column_inner width=&#8221;1\/2&#8243;]<div class=\"title-wrapper  wpb_custom_3d31902b7ef6c93933c71288b65df365 vc_custom_1715083411201 title-left link-left\" ><h2 class=\"title\">02. Hvordan f\u00e5r jeg koden til bilradioen min?<\/h2><\/div><div class=\"title-wrapper  wpb_custom_22f52a2069d96dfeedfa2bc1f550e441 vc_custom_1715083421039 title-left link-left\" ><h3 class=\"title\">Via SMS og e-post<br>Etter bestillingen din<\/h3><\/div><div class=\"title-wrapper  wpb_custom_c6966f5dd2cb4dbd312f631b525470e0 mb-8 title-left link-left\" ><p class=\"title\">Bestill koden din p\u00e5 nettstedet v\u00e5rt og motta den via e-post eller SMS. Koden som sendes er garantert den originale koden for enheten din.<\/p><\/div>[\/vc_column_inner][\/vc_row_inner][vc_row_inner][vc_column_inner width=&#8221;1\/2&#8243;]<div class=\"title-wrapper  wpb_custom_3d31902b7ef6c93933c71288b65df365 vc_custom_1715083446273 title-left link-left\" ><h2 class=\"title\">03. Hvorfor bruke nettstedet v\u00e5rt?<\/h2><\/div><div class=\"title-wrapper  wpb_custom_22f52a2069d96dfeedfa2bc1f550e441 vc_custom_1715083453786 title-left link-left\" ><h3 class=\"title\">Enkelt og raskt<br>billig<\/h3><\/div><div class=\"title-wrapper  wpb_custom_c6966f5dd2cb4dbd312f631b525470e0 mb-8 title-left link-left\" ><p class=\"title\">Med bare noen f\u00e5 klikk vil v\u00e5re fagfolk svare p\u00e5 alle sp\u00f8rsm\u00e5lene dine og hjelpe deg med \u00e5 l\u00e5se opp enheten din, slik at du kan lytte til favorittmusikken din igjen.<\/p><\/div>[\/vc_column_inner][vc_column_inner width=&#8221;1\/2&#8243;]<div class=\"title-wrapper  wpb_custom_3d31902b7ef6c93933c71288b65df365 vc_custom_1715083469146 title-left link-left\" ><h2 class=\"title\">04. Hvem er vi?<\/h2><\/div><div class=\"title-wrapper  wpb_custom_22f52a2069d96dfeedfa2bc1f550e441 vc_custom_1715083477418 title-left link-left\" ><h3 class=\"title\">Fransk selskap<br>Sertifisert<\/h3><\/div><div class=\"title-wrapper  wpb_custom_c6966f5dd2cb4dbd312f631b525470e0 mb-8 title-left link-left\" ><p class=\"title\">Vi har jobbet med spesialister fra alle de st\u00f8rste bilmerkene siden 2008, og ekspertisen v\u00e5r har gjort oss til nr. 1 i Frankrike n\u00e5r det gjelder oppl\u00e5sing av radioer. Vi har mer enn 50 000 forn\u00f8yde kunder.<\/p><\/div>[\/vc_column_inner][\/vc_row_inner]<div class=\"title-wrapper  wpb_custom_e4e6adb43ab65ab72b5253316c23409b vc_custom_1715083501240 mb-4 title-underline title-left link-left\" ><h2 class=\"title\">De snakker om code-autoradio.com<\/h2><\/div><div class=\"riode-wpb-image-gallery-container  wpb_custom_e00bade942404487402457e13d64bb27 vc_custom_1652443301725 brand-carousel\" >\r\n\r\n<div class=\"image-gallery  row cols-lg-5 cols-md-4 cols-sm-3 cols-2 cols-xl-5  owl-image-gallery owl-image-org  owl-carousel owl-theme owl-middle\" data-plugin=\"owl\" data-owl-options={&quot;margin&quot;:20,&quot;autoplay&quot;:true,&quot;loop&quot;:true,&quot;nav&quot;:false,&quot;dots&quot;:false,&quot;responsive&quot;:{&quot;992&quot;:{&quot;items&quot;:5,&quot;nav&quot;:false,&quot;dots&quot;:false},&quot;768&quot;:{&quot;items&quot;:4,&quot;nav&quot;:false,&quot;dots&quot;:false},&quot;576&quot;:{&quot;items&quot;:3},&quot;0&quot;:{&quot;items&quot;:2},&quot;1200&quot;:{&quot;items&quot;:5,&quot;nav&quot;:false,&quot;dots&quot;:false}}}>\r\n\t\t\t<figure class=\"slide-image-wrap\">\r\n\t\t\t<img decoding=\"async\" width=\"715\" height=\"184\" src=\"https:\/\/www.code-autoradio.com\/wp-content\/uploads\/2022\/05\/lacentrale.png\" class=\"attachment-full size-full\" alt=\"\" srcset=\"https:\/\/www.code-autoradio.com\/wp-content\/uploads\/2022\/05\/lacentrale.png 715w, https:\/\/www.code-autoradio.com\/wp-content\/uploads\/2022\/05\/lacentrale-600x154.png 600w, https:\/\/www.code-autoradio.com\/wp-content\/uploads\/2022\/05\/lacentrale-300x77.png 300w, https:\/\/www.code-autoradio.com\/wp-content\/uploads\/2022\/05\/lacentrale-150x39.png 150w\" sizes=\"(max-width: 715px) 100vw, 715px\" title=\"\">\t\t<\/figure>\r\n\t\t\t\t<figure class=\"slide-image-wrap\">\r\n\t\t\t<img decoding=\"async\" width=\"870\" height=\"310\" src=\"https:\/\/www.code-autoradio.com\/wp-content\/uploads\/2022\/05\/autoplus.jpg\" class=\"attachment-full size-full\" alt=\"\" srcset=\"https:\/\/www.code-autoradio.com\/wp-content\/uploads\/2022\/05\/autoplus.jpg 870w, https:\/\/www.code-autoradio.com\/wp-content\/uploads\/2022\/05\/autoplus-600x214.jpg 600w, https:\/\/www.code-autoradio.com\/wp-content\/uploads\/2022\/05\/autoplus-300x107.jpg 300w, https:\/\/www.code-autoradio.com\/wp-content\/uploads\/2022\/05\/autoplus-768x274.jpg 768w, https:\/\/www.code-autoradio.com\/wp-content\/uploads\/2022\/05\/autoplus-150x53.jpg 150w\" sizes=\"(max-width: 870px) 100vw, 870px\" title=\"\">\t\t<\/figure>\r\n\t\t\t\t<figure class=\"slide-image-wrap\">\r\n\t\t\t<img decoding=\"async\" width=\"1318\" height=\"294\" src=\"https:\/\/www.code-autoradio.com\/wp-content\/uploads\/2022\/05\/Aramisauto.png\" class=\"attachment-full size-full\" alt=\"\" srcset=\"https:\/\/www.code-autoradio.com\/wp-content\/uploads\/2022\/05\/Aramisauto.png 1318w, https:\/\/www.code-autoradio.com\/wp-content\/uploads\/2022\/05\/Aramisauto-600x134.png 600w, https:\/\/www.code-autoradio.com\/wp-content\/uploads\/2022\/05\/Aramisauto-300x67.png 300w, https:\/\/www.code-autoradio.com\/wp-content\/uploads\/2022\/05\/Aramisauto-1024x228.png 1024w, https:\/\/www.code-autoradio.com\/wp-content\/uploads\/2022\/05\/Aramisauto-768x171.png 768w, https:\/\/www.code-autoradio.com\/wp-content\/uploads\/2022\/05\/Aramisauto-150x33.png 150w\" sizes=\"(max-width: 1318px) 100vw, 1318px\" title=\"\">\t\t<\/figure>\r\n\t\t\t\t<figure class=\"slide-image-wrap\">\r\n\t\t\t<img decoding=\"async\" width=\"448\" height=\"94\" src=\"https:\/\/www.code-autoradio.com\/wp-content\/uploads\/2022\/05\/autohero.png\" class=\"attachment-full size-full\" alt=\"\" srcset=\"https:\/\/www.code-autoradio.com\/wp-content\/uploads\/2022\/05\/autohero.png 448w, https:\/\/www.code-autoradio.com\/wp-content\/uploads\/2022\/05\/autohero-300x63.png 300w, https:\/\/www.code-autoradio.com\/wp-content\/uploads\/2022\/05\/autohero-150x31.png 150w\" sizes=\"(max-width: 448px) 100vw, 448px\" title=\"\">\t\t<\/figure>\r\n\t\t\t\t<figure class=\"slide-image-wrap\">\r\n\t\t\t<img decoding=\"async\" width=\"215\" height=\"92\" src=\"https:\/\/www.code-autoradio.com\/wp-content\/uploads\/2022\/05\/automoto.png\" class=\"attachment-full size-full\" alt=\"\" srcset=\"https:\/\/www.code-autoradio.com\/wp-content\/uploads\/2022\/05\/automoto.png 215w, https:\/\/www.code-autoradio.com\/wp-content\/uploads\/2022\/05\/automoto-150x64.png 150w\" sizes=\"(max-width: 215px) 100vw, 215px\" title=\"\">\t\t<\/figure>\r\n\t\t\t\t<figure class=\"slide-image-wrap\">\r\n\t\t\t<img decoding=\"async\" width=\"2000\" height=\"451\" src=\"https:\/\/www.code-autoradio.com\/wp-content\/uploads\/2022\/05\/largus.png\" class=\"attachment-full size-full\" alt=\"\" srcset=\"https:\/\/www.code-autoradio.com\/wp-content\/uploads\/2022\/05\/largus.png 2000w, https:\/\/www.code-autoradio.com\/wp-content\/uploads\/2022\/05\/largus-600x135.png 600w, https:\/\/www.code-autoradio.com\/wp-content\/uploads\/2022\/05\/largus-300x68.png 300w, https:\/\/www.code-autoradio.com\/wp-content\/uploads\/2022\/05\/largus-1024x231.png 1024w, https:\/\/www.code-autoradio.com\/wp-content\/uploads\/2022\/05\/largus-768x173.png 768w, https:\/\/www.code-autoradio.com\/wp-content\/uploads\/2022\/05\/largus-1536x346.png 1536w, https:\/\/www.code-autoradio.com\/wp-content\/uploads\/2022\/05\/largus-150x34.png 150w\" sizes=\"(max-width: 2000px) 100vw, 2000px\" title=\"\">\t\t<\/figure>\r\n\t\t<\/div>\r\n<\/div>\r\n[\/vc_column][\/vc_row]<\/p>\n<\/div>","protected":false},"excerpt":{"rendered":"<p>[vc_row gap=&#8221;0&#8243;][vc_column][vc_column_text] BILRADIOKODE: F\u00c5 DIN ENKELT UTEN \u00c5 G\u00c5 NOE STED [\/vc_column_text][vc_row_inner][vc_column_inner width=&#8221;1\/2&#8243;][\/vc_column_inner][vc_column_inner width=&#8221;1\/2&#8243;][\/vc_column_inner][\/vc_row_inner][vc_row_inner][vc_column_inner width=&#8221;1\/2&#8243;][\/vc_column_inner][vc_column_inner width=&#8221;1\/2&#8243;][\/vc_column_inner][\/vc_row_inner][\/vc_column][\/vc_row]<\/p>\n","protected":false},"author":1,"featured_media":0,"parent":0,"menu_order":0,"comment_status":"closed","ping_status":"closed","template":"","meta":{"footnotes":""},"class_list":["post-42816","page","type-page","status-publish","hentry"],"_links":{"self":[{"href":"https:\/\/www.code-autoradio.com\/no\/wp-json\/wp\/v2\/pages\/42816","targetHints":{"allow":["GET"]}}],"collection":[{"href":"https:\/\/www.code-autoradio.com\/no\/wp-json\/wp\/v2\/pages"}],"about":[{"href":"https:\/\/www.code-autoradio.com\/no\/wp-json\/wp\/v2\/types\/page"}],"author":[{"embeddable":true,"href":"https:\/\/www.code-autoradio.com\/no\/wp-json\/wp\/v2\/users\/1"}],"replies":[{"embeddable":true,"href":"https:\/\/www.code-autoradio.com\/no\/wp-json\/wp\/v2\/comments?post=42816"}],"version-history":[{"count":3,"href":"https:\/\/www.code-autoradio.com\/no\/wp-json\/wp\/v2\/pages\/42816\/revisions"}],"predecessor-version":[{"id":42841,"href":"https:\/\/www.code-autoradio.com\/no\/wp-json\/wp\/v2\/pages\/42816\/revisions\/42841"}],"wp:attachment":[{"href":"https:\/\/www.code-autoradio.com\/no\/wp-json\/wp\/v2\/media?parent=42816"}],"curies":[{"name":"wp","href":"https:\/\/api.w.org\/{rel}","templated":true}]}}