{"id":39135,"date":"2019-07-12T00:00:00","date_gmt":"2019-07-11T22:00:00","guid":{"rendered":"https:\/\/www.code-autoradio.com\/informacje-prawne\/"},"modified":"2019-07-12T00:00:00","modified_gmt":"2019-07-11T22:00:00","slug":"informacje-prawne","status":"publish","type":"page","link":"https:\/\/www.code-autoradio.com\/pl\/informacje-prawne\/","title":{"rendered":"Informacje prawne"},"content":{"rendered":"<h2>NAZWA I SIEDZIBA :<\/h2>\n<p>&nbsp;<\/p>\n<h2>SASU MGLX<br \/>\nSIREN : 885220897<br \/>\nZarejestrowany w INSEE w dniu 17-07-2020 r.<\/h2>\n<h2>Hosting<\/h2>\n<p>O2SWITCH, 222-224 Boulevard Gustave Flaubert 63000 Clermont-Ferrand<br \/>\nSARL o2switch z kapita\u0142em w wysoko\u015bci 7500 \u20ac.<br \/>\nRCS: Clermont-Ferrand &#8211; SIRET: 510 909 80700016 &#8211; VAT: FR35510909807<\/p>\n<h2>Przetwarzanie danych osobowych<\/h2>\n<p>Odwiedzaj\u0105cy maj\u0105 prawo do dost\u0119pu, modyfikacji, poprawiania i usuwania dotycz\u0105cych ich danych (art. 34 francuskiej ustawy o ochronie danych). Aby skorzysta\u0107 z tego prawa, nale\u017cy skontaktowa\u0107 si\u0119 z wy\u017cej wymienionymi dyrektorami publikacji za po\u015brednictwem poczty elektronicznej. Ponadto, zgodnie z ustaw\u0105 nr 2004-801 z dnia 6 sierpnia 2004 r. o ochronie os\u00f3b fizycznych w zakresie przetwarzania danych osobowych, zmieniaj\u0105c\u0105 ustaw\u0119 nr 78-17 z dnia 6 stycznia 1978 r., niniejsza strona internetowa zosta\u0142a zarejestrowana w CNIL pod numerem.<\/p>\n<h2>Prawa w\u0142asno\u015bci intelektualnej<\/h2>\n<p>Ca\u0142a witryna podlega francuskim i mi\u0119dzynarodowym przepisom dotycz\u0105cym praw autorskich i w\u0142asno\u015bci intelektualnej. Wszelkie prawa do powielania s\u0105 zastrze\u017cone, w tym do dokument\u00f3w ikonograficznych i fotograficznych. Wszelkie ca\u0142kowite lub cz\u0119\u015bciowe powielanie tej strony w jakikolwiek spos\u00f3b stanowi naruszenie podlegaj\u0105ce karze na mocy artyku\u0142\u00f3w L 335-2 i nast\u0119pnych francuskiego kodeksu w\u0142asno\u015bci intelektualnej. To samo dotyczy baz danych na stronie, kt\u00f3re s\u0105 chronione przepisami dyrektywy europejskiej z dnia 11 marca 1996 r. w sprawie ochrony prawnej baz danych.<\/p>\n<h2>Wy\u0142\u0105czenie odpowiedzialno\u015bci<\/h2>\n<p>Nale\u017cy pami\u0119ta\u0107, \u017ce code-autoradio.com jest niezale\u017cn\u0105 stron\u0105 internetow\u0105 i nie jest w \u017caden spos\u00f3b licencjonowana, powi\u0105zana ani stowarzyszona z \u017cadn\u0105 mark\u0105 motoryzacyjn\u0105, wszystkie prawa autorskie i znaki towarowe s\u0105 w\u0142asno\u015bci\u0105 ich w\u0142a\u015bcicieli, nie sprzedajemy ani nie dostarczamy \u017cadnych produkt\u00f3w. Jeste\u015bmy specjalistami w dekodowaniu radia samochodowego, a wszystkie nasze dekodery s\u0105 uzyskiwane za po\u015brednictwem posiadanych przez nas baz danych lub wewn\u0119trznych narz\u0119dzi do dekodowania radia.  <a href=\"https:\/\/www.code-autoradio.com\/produit\/renault\/\">Kod radia samochodowego Renault<\/a>,  <a href=\"https:\/\/www.code-autoradio.com\/produit\/ford\/\">Kod radia samochodowego Ford<\/a>,  Kod radia samochodowego <a href=\"https:\/\/www.code-autoradio.com\/produit\/code-autoradio-nissan\/\">Nissan<\/a>, kod radia <a href=\"https:\/\/www.code-autoradio.com\/produit\/seat\/\">samochodowego Seat<\/a>, kod radia <a href=\"https:\/\/www.code-autoradio.com\/produit\/audi\/\">samochodowego Audi<\/a>, kod radia samochodowego <a href=\"https:\/\/www.code-autoradio.com\/produit\/volkswagen\/\">Volkswagen<\/a>, <a href=\"https:\/\/www.code-autoradio.com\/produit\/renault-navigation-gps\/\">kod uwierzytelniaj\u0105cy Renault<\/a> itp.<\/p>\n","protected":false},"excerpt":{"rendered":"<p>NAZWA I SIEDZIBA : &nbsp; SASU MGLX SIREN : 885220897 Zarejestrowany w INSEE w dniu 17-07-2020 r. Hosting O2SWITCH, 222-224 Boulevard Gustave Flaubert 63000 Clermont-Ferrand SARL o2switch z kapita\u0142em w wysoko\u015bci 7500 \u20ac. RCS: Clermont-Ferrand &#8211; SIRET: 510 909 80700016 &#8211; VAT: FR35510909807 Przetwarzanie danych osobowych Odwiedzaj\u0105cy maj\u0105 prawo do dost\u0119pu, modyfikacji, poprawiania i usuwania [&hellip;]<\/p>\n","protected":false},"author":1,"featured_media":0,"parent":0,"menu_order":0,"comment_status":"closed","ping_status":"open","template":"","meta":{"footnotes":""},"class_list":["post-39135","page","type-page","status-publish","hentry"],"_links":{"self":[{"href":"https:\/\/www.code-autoradio.com\/pl\/wp-json\/wp\/v2\/pages\/39135","targetHints":{"allow":["GET"]}}],"collection":[{"href":"https:\/\/www.code-autoradio.com\/pl\/wp-json\/wp\/v2\/pages"}],"about":[{"href":"https:\/\/www.code-autoradio.com\/pl\/wp-json\/wp\/v2\/types\/page"}],"author":[{"embeddable":true,"href":"https:\/\/www.code-autoradio.com\/pl\/wp-json\/wp\/v2\/users\/1"}],"replies":[{"embeddable":true,"href":"https:\/\/www.code-autoradio.com\/pl\/wp-json\/wp\/v2\/comments?post=39135"}],"version-history":[{"count":0,"href":"https:\/\/www.code-autoradio.com\/pl\/wp-json\/wp\/v2\/pages\/39135\/revisions"}],"wp:attachment":[{"href":"https:\/\/www.code-autoradio.com\/pl\/wp-json\/wp\/v2\/media?parent=39135"}],"curies":[{"name":"wp","href":"https:\/\/api.w.org\/{rel}","templated":true}]}}