{"id":39142,"date":"2019-01-31T00:00:00","date_gmt":"2019-01-30T23:00:00","guid":{"rendered":"https:\/\/www.code-autoradio.com\/warunki-ogolne\/"},"modified":"2019-01-31T00:00:00","modified_gmt":"2019-01-30T23:00:00","slug":"warunki-ogolne","status":"publish","type":"page","link":"https:\/\/www.code-autoradio.com\/pl\/warunki-ogolne\/","title":{"rendered":"WARUNKI OG\u00d3LNE"},"content":{"rendered":"<h3>Zasada nr 1: Kompleksowo\u015b\u0107<\/h3>\n<p>Ka\u017cde zam\u00f3wienie z\u0142o\u017cone na produkt w sklepie internetowym oznacza pe\u0142n\u0105 i bezwarunkow\u0105 akceptacj\u0119 niniejszych og\u00f3lnych warunk\u00f3w sprzeda\u017cy. \u017baden og\u00f3lny lub szczeg\u00f3\u0142owy warunek pojawiaj\u0105cy si\u0119 w dokumentach przes\u0142anych lub przekazanych przez klienta nie mo\u017ce zosta\u0107 w\u0142\u0105czony do niniejszych warunk\u00f3w, o ile takie dokumenty s\u0105 niezgodne z niniejszymi warunkami. Je\u017celi kt\u00f3rakolwiek z klauzul niniejszej umowy zostanie uznana za niewa\u017cn\u0105 w wyniku zmiany przepis\u00f3w ustawowych lub wykonawczych lub orzeczenia s\u0105du, nie wp\u0142ynie to w \u017caden spos\u00f3b na wa\u017cno\u015b\u0107 i zgodno\u015b\u0107 z niniejszymi og\u00f3lnymi warunkami sprzeda\u017cy.<\/p>\n<h3>Zasada nr 2: Wej\u015bcie w \u017cycie &#8211; zatwierdzenie zam\u00f3wienia<\/h3>\n<p>Niniejsze warunki wchodz\u0105 w \u017cycie w momencie zatwierdzenia zam\u00f3wienia przez klienta. W zwi\u0105zku z tym o\u015bwiadcza, \u017ce akceptuje niniejsze og\u00f3lne warunki sprzeda\u017cy w ca\u0142o\u015bci i bez zastrze\u017ce\u0144. Niniejsze og\u00f3lne warunki s\u0105 zawierane na okres niezb\u0119dny do dostarczenia towar\u00f3w i us\u0142ug obj\u0119tych subskrypcj\u0105, a\u017c do wyga\u015bni\u0119cia gwarancji nale\u017cnych od code-autoradio.com.<\/p>\n<h3>Zasada nr 3: Dow\u00f3d transakcji<\/h3>\n<p>Dane zarejestrowane przez <a href=\"https:\/\/www.code-autoradio.com\">code-autoradio<\/a>.com stanowi\u0105 dow\u00f3d wszystkich transakcji mi\u0119dzy <a href=\"https:\/\/www.code-autoradio.com\">code-autoradio<\/a>.com a jego klientami. Dane zarejestrowane przez system p\u0142atno\u015bci stanowi\u0105 dow\u00f3d transakcji finansowych.<\/p>\n<h3>Zasada nr 4: Cena<\/h3>\n<p>Ceny podane s\u0105 w zale\u017cno\u015bci od kraju. code-autoradio.com zastrzega sobie prawo do zmiany cen w dowolnym momencie, ale zobowi\u0105zuje si\u0119 do stosowania stawek obowi\u0105zuj\u0105cych w momencie sk\u0142adania zam\u00f3wienia. Produkty pozostaj\u0105 w\u0142asno\u015bci\u0105 code-autoradio.com do momentu otrzymania pe\u0142nej p\u0142atno\u015bci przez code-autoradio.com.<\/p>\n<h3>Zasada nr 5: Metoda p\u0142atno\u015bci<\/h3>\n<p>Aby zap\u0142aci\u0107 za swoje zam\u00f3wienie, klienci maj\u0105 dost\u0119p do wszystkich \u015brodk\u00f3w p\u0142atno\u015bci okre\u015blonych w formularzu zam\u00f3wienia. Klient gwarantuje code-autoradio.com, \u017ce posiada niezb\u0119dne uprawnienia do korzystania z metody p\u0142atno\u015bci wybranej przez niego podczas zatwierdzania formularza zam\u00f3wienia. code-autoradio.com zastrzega sobie prawo do zawieszenia ka\u017cdego zam\u00f3wienia i ka\u017cdej dostawy w przypadku odmowy autoryzacji p\u0142atno\u015bci kart\u0105 bankow\u0105 przez oficjalnie akredytowane organizacje lub w przypadku braku p\u0142atno\u015bci. code-autoradio.com zastrzega sobie prawo do anulowania ka\u017cdego zam\u00f3wienia z\u0142o\u017conego przez klienta, z kt\u00f3rym istnieje sp\u00f3r dotycz\u0105cy p\u0142atno\u015bci za poprzednie zam\u00f3wienie. code-autoradio.com wdro\u017cy\u0142o procedur\u0119 weryfikacji zam\u00f3wie\u0144 maj\u0105c\u0105 na celu zapewnienie, \u017ce nikt nie korzysta z danych bankowych innej osoby bez jej wiedzy. W ramach tej weryfikacji klient mo\u017ce zosta\u0107 poproszony o przes\u0142anie kopii dokumentu to\u017csamo\u015bci i dowodu adresu do code-autoradio.com poczt\u0105 elektroniczn\u0105 lub tradycyjn\u0105. Zam\u00f3wienie zostanie zatwierdzone dopiero po otrzymaniu i sprawdzeniu przes\u0142anych dokument\u00f3w.<\/p>\n<h3>Zasada nr 6: Dost\u0119pno\u015b\u0107<\/h3>\n<p>code-autoradio.com zobowi\u0105zuje si\u0119 do honorowania zam\u00f3wie\u0144 otrzymanych na stronie internetowej tylko w granicach dost\u0119pnych zapas\u00f3w produkt\u00f3w. Je\u015bli produkt nie jest dost\u0119pny, code-autoradio.com zobowi\u0105zuje si\u0119 poinformowa\u0107 o tym klienta tak szybko, jak to mo\u017cliwe. W takim przypadku klient b\u0119dzie m\u00f3g\u0142 za\u017c\u0105da\u0107 zwrotu zap\u0142aconej kwoty najp\u00f3\u017aniej w ci\u0105gu 30 dni od dokonania p\u0142atno\u015bci lub wymiany produktu. W przypadku tymczasowych brak\u00f3w magazynowych dajemy klientowi mo\u017cliwo\u015b\u0107 anulowania zam\u00f3wienia lub wyra\u017cenia zgody na otrzymanie go w d\u0142u\u017cszym terminie, po otrzymaniu tymczasowo niedost\u0119pnych produkt\u00f3w. Wszystkie produkty, takie jak <a href=\"https:\/\/www.code-autoradio.com\/produit\/renault\/\">kody radia samochodowego Renault<\/a>, kody radia samochodowego <a href=\"https:\/\/www.code-autoradio.com\/produit\/ford\/\">Ford<\/a>, kody <a href=\"https:\/\/www.code-autoradio.com\/produit\/code-autoradio-nissan\/\">radia samochodowego Nissan<\/a>, kody radia samochodowego <a href=\"https:\/\/www.code-autoradio.com\/produit\/seat\/\">Seat<\/a>, kody <a href=\"https:\/\/www.code-autoradio.com\/produit\/audi\/\">radia samochodowego Audi<\/a>, kody radia samochodowego <a href=\"https:\/\/www.code-autoradio.com\/produit\/volkswagen\/\">Volkswagen<\/a>, <a href=\"https:\/\/www.code-autoradio.com\/produit\/renault-navigation-gps\/\">kody uwierzytelniaj\u0105ce Renault<\/a> itp&#8230;. s\u0105 dost\u0119pne 24\/7!<\/p>\n<h3>Zasada 7: Warunki dostawy<\/h3>\n<p>Zam\u00f3wiony produkt jest dostarczany poczt\u0105 elektroniczn\u0105, SMS-em, poczt\u0105 lub przez niezale\u017cnego przewo\u017anika, w zale\u017cno\u015bci od charakteru zam\u00f3wionego produktu i z wy\u0142\u0105cznej inicjatywy code-autoradio.com, na adres wskazany w formularzu zam\u00f3wienia. Czas dostawy podawany jest loco magazyn. Wyb\u00f3r metody dostawy zale\u017cy od wagi, obj\u0119to\u015bci i warto\u015bci przedmiot\u00f3w.<\/p>\n<h3>Zasada nr 8: Czas dostawy<\/h3>\n<p>code-autoradio.com zobowi\u0105zuje si\u0119 do zrealizowania dostawy w ci\u0105gu 48 godzin od pe\u0142nej zap\u0142aty za zam\u00f3wienie przez klienta lub 24 godzin w przypadku wybrania tej opcji. W przypadku nietypowego op\u00f3\u017anienia do klienta zostanie wys\u0142ana wiadomo\u015b\u0107 e-mail. W przypadku przedmiot\u00f3w, kt\u00f3re mog\u0105 by\u0107 dostarczone w r\u00f3\u017cnych terminach w zale\u017cno\u015bci od ich dost\u0119pno\u015bci, termin dostawy jest oparty na najd\u0142u\u017cszym terminie. code-autoradio.com zastrzega sobie prawo do podzia\u0142u dostaw. Koszty wysy\u0142ki i obs\u0142ugi b\u0119d\u0105 naliczane tylko za pojedyncz\u0105 przesy\u0142k\u0119. W przypadku p\u0142atno\u015bci kart\u0105 kredytow\u0105 podane czasy odpowiadaj\u0105 czasom przetwarzania i dostawy produkt\u00f3w. Je\u015bli klient nie otrzyma niczego w ci\u0105gu 6 dni od zatwierdzenia zam\u00f3wienia, musi powiadomi\u0107 code-autoradio.com, kt\u00f3ry zajmie si\u0119 spraw\u0105 bezpo\u015brednio i mo\u017ce, je\u015bli to konieczne, ponownie wys\u0142a\u0107 zam\u00f3wienie.<\/p>\n<p>&nbsp;<\/p>\n<h3>Zasada nr 9: B\u0142\u0119dy w dostawie<\/h3>\n<p>code-autoradio.com zobowi\u0105zuje si\u0119 do zwrotu lub wymiany produkt\u00f3w, kt\u00f3re nie s\u0105 zgodne z zam\u00f3wieniem (wadliwe lub niezgodne). Klient musi zg\u0142osi\u0107 w dowolny spos\u00f3b (e-mail, list polecony za potwierdzeniem odbioru&#8230;) w dniu dostawy lub najp\u00f3\u017aniej w ci\u0105gu 14 dni roboczych od dostawy wszelkie reklamacje dotycz\u0105ce artyku\u0142\u00f3w niezgodnych z jego zam\u00f3wieniem (b\u0142\u0105d w dostawie, niezgodno\u015b\u0107 produkt\u00f3w&#8230;). Reklamacje nale\u017cy kierowa\u0107 do Dzia\u0142u Obs\u0142ugi Klienta, kt\u00f3rego dane kontaktowe podano w art. 11. W przypadku reklamacji klient musi poda\u0107 swoje dane kontaktowe, numer zam\u00f3wienia, numer referencyjny produktu podany na dowodzie dostawy oraz powody reklamacji. Wszelkie roszczenia zg\u0142oszone po tym terminie nie b\u0119d\u0105 akceptowane. Zwrot produkt\u00f3w w przypadku b\u0142\u0119du produktu, wady lub niezgodno\u015bci mo\u017ce zosta\u0107 przyj\u0119ty wy\u0142\u0105cznie w przypadku kompletnych produkt\u00f3w, w ich oryginalnym stanie (opakowanie, akcesoria, instrukcje itp.). Aby u\u0142atwi\u0107 zarz\u0105dzanie administracyjne, zalecamy uzyskanie numeru \u015bledzenia przed zwrotem produktu.<\/p>\n<p>Aby uzyska\u0107 ten numer pliku, klienci powinni wys\u0142a\u0107 wiadomo\u015b\u0107 e-mail na adres: contact@code-autoradio.com.<\/p>\n<h3>Zasada nr 10: Dane kontaktowe klienta i serwisu technicznego<\/h3>\n<p>W przypadku jakichkolwiek informacji lub pyta\u0144 dotycz\u0105cych zam\u00f3wienia prosimy o kontakt z naszym dzia\u0142em obs\u0142ugi klienta:<\/p>\n<p>E-mail: contact@code-autoradio.com<\/p>\n<h3>Zasada nr 11: Gwarancje na produkty<\/h3>\n<p>Gwarancja producenta na produkty techniczne:<\/p>\n<p>Gwarancja handlowa oferowana przez code-autoradio.com jest gwarancj\u0105 producenta. Okres gwarancji wliczony w cen\u0119 to okres wymieniony w opisie produktu na stronie internetowej. Staje si\u0119 ona skuteczna w dniu otrzymania przesy\u0142ki, przy czym za dow\u00f3d uznaje si\u0119 dat\u0119 wskazan\u0105 na fakturze zakupu. Obejmuje ona napraw\u0119 urz\u0105dzenia (cz\u0119\u015bci i robocizn\u0119) przez okres 2 lat od otrzymania produktu przez konsumenta. Poniewa\u017c jest to gwarancja producenta, serwis jest zazwyczaj przeprowadzany w stacjach technicznych producenta. Nasz dzia\u0142 techniczny przeka\u017ce szczeg\u00f3\u0142owe informacje na temat sposobu przeprowadzenia prac. Klient mo\u017ce skontaktowa\u0107 si\u0119 z nim, korzystaj\u0105c z danych kontaktowych okre\u015blonych w artykule 11.<\/p>\n<p>Niniejsza gwarancja umowna podlega normalnemu u\u017cytkowaniu urz\u0105dzenia i prawid\u0142owej konserwacji zgodnie z instrukcjami producenta dostarczonymi wraz z produktem. Wdro\u017cenie tej gwarancji handlowej jest r\u00f3wnie\u017c uzale\u017cnione od braku interwencji strony trzeciej niezatwierdzonej przez producenta. W przypadku awarii lub niezgodno\u015bci produktu, uznanej za niemo\u017cliw\u0105 do naprawienia przez technik\u00f3w oddelegowanych przez producenta, w miar\u0119 mo\u017cliwo\u015bci oferowana b\u0119dzie standardowa wymiana na r\u00f3wnowa\u017cny produkt. W razie potrzeby zostanie dokonany zwrot pieni\u0119dzy.<\/p>\n<p>Nie obejmuj\u0105 one nieprawid\u0142owego lub niezgodnego z przeznaczeniem u\u017cytkowania produkt\u00f3w, awarii zwi\u0105zanych z akcesoriami, wad lub konsekwencji wynikaj\u0105cych z niezgodnego z przeznaczeniem u\u017cytkowania produktu. Aby dowiedzie\u0107 si\u0119 o krokach, jakie nale\u017cy podj\u0105\u0107 w zwi\u0105zku z obs\u0142ug\u0105 posprzeda\u017cn\u0105 w przypadku jakiegokolwiek problemu lub usterki produktu, klient mo\u017ce skontaktowa\u0107 si\u0119 z dzia\u0142em obs\u0142ugi technicznej, korzystaj\u0105c z danych kontaktowych okre\u015blonych w art. 11. W takim przypadku koszty wysy\u0142ki i zwrotu ponosi klient. Aby skorzysta\u0107 z gwarancji na produkt, konieczne jest zachowanie faktury zakupu produktu.<\/p>\n<p>Przed dokonaniem zwrotu jakiegokolwiek produktu konieczne jest uzyskanie umowy zwrotu.<\/p>\n<p>Aby otrzyma\u0107 umow\u0119 zwrotu, klient musi wys\u0142a\u0107 wiadomo\u015b\u0107 e-mail na adres: contact@code-autoradio.com<\/p>\n<p>W przypadku, gdy klient nie zastosuje si\u0119 do tej procedury, code-autoradio.com nie b\u0119dzie w stanie dokona\u0107 zwrotu lub wymiany, o kt\u00f3rych mowa powy\u017cej.<\/p>\n<h3>Zasada nr 12: W\u0142asno\u015b\u0107 intelektualna<\/h3>\n<p>Wszystkie elementy strony code-autoradio.com s\u0105 zastrze\u017cone na mocy prawa autorskiego i prawa w\u0142asno\u015bci intelektualnej na ca\u0142ym \u015bwiecie. W zwi\u0105zku z tym i zgodnie z przepisami francuskiego Kodeksu W\u0142asno\u015bci Intelektualnej, dozwolone jest wy\u0142\u0105cznie wykorzystanie do cel\u00f3w prywatnych, z zastrze\u017ceniem innych lub nawet bardziej restrykcyjnych przepis\u00f3w Kodeksu W\u0142asno\u015bci Intelektualnej. Jakiekolwiek inne wykorzystanie stanowi naruszenie prawa i podlega karze zgodnie z prawem w\u0142asno\u015bci intelektualnej, chyba \u017ce uzyskano uprzedni\u0105 zgod\u0119 code-autoradio.com. Ca\u0142kowite lub cz\u0119\u015bciowe powielanie strony jest surowo zabronione.<\/p>\n<h3>Zasada 13: Odpowiedzialno\u015b\u0107<\/h3>\n<p>code-autoradio.com nie ponosi odpowiedzialno\u015bci za utrat\u0119 danych lub plik\u00f3w. Obowi\u0105zkiem kupuj\u0105cego jest wykonanie wszystkich niezb\u0119dnych kopii zapasowych. Code-autoradio.com nie ponosi odpowiedzialno\u015bci za ca\u0142kowit\u0105 lub cz\u0119\u015bciow\u0105 niemo\u017cno\u015b\u0107 korzystania z produkt\u00f3w, w szczeg\u00f3lno\u015bci z powodu niekompatybilno\u015bci sprz\u0119tu, i nie mo\u017ce by\u0107 poci\u0105gni\u0119ta do odpowiedzialno\u015bci za jakiekolwiek odszkodowanie lub zwrot koszt\u00f3w. code-autoradio.com jest odpowiedzialne za tre\u015b\u0107 utwor\u00f3w i mo\u017ce zosta\u0107 poci\u0105gni\u0119te do odpowiedzialno\u015bci wobec nabywcy.<\/p>\n<h3>Zasada nr 14: Dane osobowe<\/h3>\n<p>code-autoradio.com zobowi\u0105zuje si\u0119 nie ujawnia\u0107 osobom trzecim informacji, kt\u00f3re przekazuje mu klient. S\u0105 one poufne. B\u0119d\u0105 one wykorzystywane wy\u0142\u0105cznie przez wewn\u0119trzne s\u0142u\u017cby w celu przetworzenia zam\u00f3wienia oraz wzmocnienia i spersonalizowania komunikacji oraz oferty kulturalnej i produktowej zarezerwowanej dla klient\u00f3w code-autoradio, w szczeg\u00f3lno\u015bci przez newslettery code-autoradio.com, do kt\u00f3rych klient zostanie zapisany, a tak\u017ce w kontek\u015bcie personalizacji strony zgodnie z centrami zainteresowa\u0144 klienta. Zgodnie z francusk\u0105 ustaw\u0105 o ochronie danych osobowych z dnia 6 stycznia 1978 r. u\u017cytkownicy maj\u0105 prawo dost\u0119pu do dotycz\u0105cych ich danych i ich poprawiania.<\/p>\n<h3>Zasada 15: Prawo w\u0142a\u015bciwe<\/h3>\n<p>Niniejsza umowa podlega prawu francuskiemu. J\u0119zykiem niniejszej umowy jest j\u0119zyk francuski. W przypadku sporu wy\u0142\u0105czn\u0105 jurysdykcj\u0119 maj\u0105 s\u0105dy francuskie.<\/p>\n","protected":false},"excerpt":{"rendered":"<p>Zasada nr 1: Kompleksowo\u015b\u0107 Ka\u017cde zam\u00f3wienie z\u0142o\u017cone na produkt w sklepie internetowym oznacza pe\u0142n\u0105 i bezwarunkow\u0105 akceptacj\u0119 niniejszych og\u00f3lnych warunk\u00f3w sprzeda\u017cy. \u017baden og\u00f3lny lub szczeg\u00f3\u0142owy warunek pojawiaj\u0105cy si\u0119 w dokumentach przes\u0142anych lub przekazanych przez klienta nie mo\u017ce zosta\u0107 w\u0142\u0105czony do niniejszych warunk\u00f3w, o ile takie dokumenty s\u0105 niezgodne z niniejszymi warunkami. Je\u017celi kt\u00f3rakolwiek z klauzul [&hellip;]<\/p>\n","protected":false},"author":1,"featured_media":0,"parent":0,"menu_order":0,"comment_status":"open","ping_status":"open","template":"","meta":{"footnotes":""},"class_list":["post-39142","page","type-page","status-publish","hentry"],"_links":{"self":[{"href":"https:\/\/www.code-autoradio.com\/pl\/wp-json\/wp\/v2\/pages\/39142","targetHints":{"allow":["GET"]}}],"collection":[{"href":"https:\/\/www.code-autoradio.com\/pl\/wp-json\/wp\/v2\/pages"}],"about":[{"href":"https:\/\/www.code-autoradio.com\/pl\/wp-json\/wp\/v2\/types\/page"}],"author":[{"embeddable":true,"href":"https:\/\/www.code-autoradio.com\/pl\/wp-json\/wp\/v2\/users\/1"}],"replies":[{"embeddable":true,"href":"https:\/\/www.code-autoradio.com\/pl\/wp-json\/wp\/v2\/comments?post=39142"}],"version-history":[{"count":0,"href":"https:\/\/www.code-autoradio.com\/pl\/wp-json\/wp\/v2\/pages\/39142\/revisions"}],"wp:attachment":[{"href":"https:\/\/www.code-autoradio.com\/pl\/wp-json\/wp\/v2\/media?parent=39142"}],"curies":[{"name":"wp","href":"https:\/\/api.w.org\/{rel}","templated":true}]}}