{"id":39154,"date":"2020-09-01T22:57:49","date_gmt":"2020-09-01T20:57:49","guid":{"rendered":"https:\/\/www.code-autoradio.com\/strona-glowna\/"},"modified":"2024-01-23T10:29:22","modified_gmt":"2024-01-23T09:29:22","slug":"strona-glowna","status":"publish","type":"page","link":"https:\/\/www.code-autoradio.com\/pl\/","title":{"rendered":"Strona g\u0142\u00f3wna"},"content":{"rendered":"<div class=\"wpb-content-wrapper\"><p>[vc_row gap=&#8221;0&#8243;][vc_column]<div class=\"riode-wpb-banner-container  wpb_custom_4eb06c42131ef0797c925fd00af383dd vc_custom_1655730539901\" ><div class=\"banner banner-fixed\"><figure class=\"banner-img \"><img decoding=\"async\" src=\"https:\/\/www.code-autoradio.com\/wp-content\/uploads\/2022\/05\/demontage-code-autoradio.jpeg\" alt=\"\" width=\"1200\" height=\"801\" class=\"\" srcset=\"https:\/\/www.code-autoradio.com\/wp-content\/uploads\/2022\/05\/demontage-code-autoradio.jpeg 1200w, https:\/\/www.code-autoradio.com\/wp-content\/uploads\/2022\/05\/demontage-code-autoradio-600x401.jpeg 600w, https:\/\/www.code-autoradio.com\/wp-content\/uploads\/2022\/05\/demontage-code-autoradio-300x200.jpeg 300w, https:\/\/www.code-autoradio.com\/wp-content\/uploads\/2022\/05\/demontage-code-autoradio-1024x684.jpeg 1024w, https:\/\/www.code-autoradio.com\/wp-content\/uploads\/2022\/05\/demontage-code-autoradio-768x513.jpeg 768w, https:\/\/www.code-autoradio.com\/wp-content\/uploads\/2022\/05\/demontage-code-autoradio-150x100.jpeg 150w\" sizes=\"(max-width: 1200px) 100vw, 1200px\" title=\"\"><\/figure><div class=\"riode-banner-layer-container  wpb_custom_b5c31915890f4dea52609120db89d731 banner-content t-m vc_custom_1655209428639\" >\r\n<div class=\"title-wrapper  wpb_custom_5fb9c11a443d6d944d995536cea0e69c vc_custom_1706001835100 appear-animate title-left link-left\" data-settings=\"{&quot;_animation&quot;:&quot;fadeInLeftShorter&quot;,&quot;_animation_delay&quot;:&quot;200&quot;,&quot;_animation_duration&quot;:&quot;1000&quot;}\" ><p class=\"title\"><strong class=\"text-primary\">Jak znale\u017a\u0107 kod<\/strong><\/p><\/div><div class=\"title-wrapper  wpb_custom_339562a6c92ca0d920c593c27a0384c2 vc_custom_1706001841238 appear-animate title-left link-left\" data-settings=\"{&quot;_animation&quot;:&quot;fadeInLeftShorter&quot;,&quot;_animation_delay&quot;:&quot;200&quot;,&quot;_animation_duration&quot;:&quot;1000&quot;}\" ><p class=\"title\">radia samochodowego<\/p><\/div><div class=\"title-wrapper  wpb_custom_8be388ce0fc38db79b7062109d0b7762 mb-6 appear-animate title-left link-left\" data-settings=\"{&quot;_animation&quot;:&quot;fadeInLeftShorter&quot;,&quot;_animation_delay&quot;:&quot;400&quot;,&quot;_animation_duration&quot;:&quot;1000&quot;}\" ><p class=\"title\">Szybkie i \u0142atwe !<\/p><\/div><div class=\"riode-button-container  wpb_custom_94b5ee5ce022420a67cc1cb26288d395 appear-animate\" data-settings=\"{&quot;_animation&quot;:&quot;fadeInLeftShorter&quot;,&quot;_animation_delay&quot;:&quot;600&quot;,&quot;_animation_duration&quot;:&quot;1000&quot;}\" >\r\n<a class=\"btn btn-rounded btn-primary\" href=\"#\" >Znalaz\u0142em sw\u00f3j kod<\/a><\/div>\r\n<\/div>\r\n<\/div><\/div>[vc_column_text]<\/p>\n<h1 style=\"text-align: center; color: #f6a800; font-size: 22px;\">KOD RADIA SAMOCHODOWEGO: \u0141ATWO GO UZYSKA\u0106 BEZ WYCHODZENIA Z DOMU<\/h1>\n<p>[\/vc_column_text]<div class=\"title-wrapper  wpb_custom_3f1dac82e5b76aa148fe3a388d5bfd31 vc_custom_1706001905221 title-underline title-left link-right icon-after\" ><h2 class=\"title\">Najpopularniejsze kody radia samochodowego<\/h2><a href=\"https:\/\/www.code-autoradio.com\/categorie-produit\/constructeur-automobile\/\" class=\"link\"><span>Tous<\/span><i class=\"d-icon-arrow-right\"><\/i><\/a><\/div><div class=\"riode-wpb-products-container  wpb_custom_c8a7d7fb0a4bb0ae80956631d3130397 vc_custom_1676659319958\" ><div class=\"woocommerce columns-4 \"><ul class=\" gutter-xs products  row cols-lg-4 cols-md-3 cols-sm-2 cols-2 cols-xl-4\"><li class=\"product-wrap\">\n\t\t<div class=\"product-loop content-left product-default product type-product post-23704 status-publish first instock product_cat-renault-pl has-post-thumbnail sale virtual sold-individually taxable purchasable product-type-simple\">\n\t\t<figure class=\"product-media\"><a href=\"https:\/\/www.code-autoradio.com\/pl\/Kod\/klucz-uwierzyteln-renault-dacia\/\" class=\"woocommerce-LoopProduct-link woocommerce-loop-product__link\"><img decoding=\"async\" width=\"300\" height=\"300\" src=\"https:\/\/www.code-autoradio.com\/wp-content\/uploads\/2021\/01\/logo-renault-vin-300x300.png\" class=\"attachment-woocommerce_thumbnail size-woocommerce_thumbnail\" alt=\"code authentification renault\" srcset=\"https:\/\/www.code-autoradio.com\/wp-content\/uploads\/2021\/01\/logo-renault-vin-300x300.png 300w, https:\/\/www.code-autoradio.com\/wp-content\/uploads\/2021\/01\/logo-renault-vin-150x150.png 150w, https:\/\/www.code-autoradio.com\/wp-content\/uploads\/2021\/01\/logo-renault-vin.png 500w\" sizes=\"(max-width: 300px) 100vw, 300px\" title=\"\"><\/a><\/figure><div class=\"product-details\"><h3 class=\"woocommerce-loop-product__title\"><a href=\"https:\/\/www.code-autoradio.com\/pl\/Kod\/klucz-uwierzyteln-renault-dacia\/\">klucz uwierzyteln Renault Clio Captur Trafic Dacia Duster<\/a><\/h3>\n\t<span class=\"price\"><ins><span class=\"woocommerce-Price-amount amount\"><bdi>65,56&nbsp;<span class=\"woocommerce-Price-currencySymbol\">&#122;&#322;<\/span><\/bdi><\/span><\/ins> <del><span class=\"woocommerce-Price-amount amount\"><bdi>109,56&nbsp;<span class=\"woocommerce-Price-currencySymbol\">&#122;&#322;<\/span><\/bdi><\/span><\/del> <small class=\"woocommerce-price-suffix\">TTC<\/small><\/span>\n<span class=\"gtm4wp_productdata\" style=\"display:none; visibility:hidden;\" data-gtm4wp_product_data=\"{&quot;internal_id&quot;:23704,&quot;item_id&quot;:23704,&quot;item_name&quot;:&quot;klucz uwierzyteln Renault Clio Captur Trafic Dacia Duster&quot;,&quot;sku&quot;:&quot;AUTHCODERENAULT&quot;,&quot;price&quot;:65.56,&quot;stocklevel&quot;:null,&quot;stockstatus&quot;:&quot;instock&quot;,&quot;google_business_vertical&quot;:&quot;retail&quot;,&quot;item_category&quot;:&quot;Renault&quot;,&quot;id&quot;:23704,&quot;productlink&quot;:&quot;https:\\\/\\\/www.code-autoradio.com\\\/pl\\\/Kod\\\/klucz-uwierzyteln-renault-dacia\\\/&quot;,&quot;item_list_name&quot;:&quot;General Product List&quot;,&quot;index&quot;:1,&quot;product_type&quot;:&quot;simple&quot;,&quot;item_brand&quot;:&quot;&quot;}\"><\/span><\/div>\t<\/div>\n\t\t<\/li>\n\t<\/ul><\/div><\/div><div class=\"riode-wpb-categories-container  wpb_custom_e428a0f9d116bac61095604b1af525bc home-cats mb-6 nini\" >\r\n<div class=\"woocommerce columns-2\"><\/div><\/div>\r\n[vc_row_inner css=&#8221;.vc_custom_1616525498976{margin-bottom: 15px !important;}&#8221;][vc_column_inner width=&#8221;1\/2&#8243; offset=&#8221;vc_col-lg-4 vc_col-md-6 vc_col-xs-12&#8243;]<div class=\"title-wrapper  wpb_custom_459372fd8a0ce5072804df32f41286a2 vc_custom_1706001938741 mb-4 appear-animate title-underline title-left link-left\" data-settings=\"{&quot;_animation&quot;:&quot;fadeInRightShorter&quot;,&quot;_animation_delay&quot;:&quot;200&quot;,&quot;_animation_duration&quot;:&quot;1000&quot;}\" ><h3 class=\"title\">Kod radia samochodowego Renault<\/h3><\/div>[vc_column_text]<\/p>\n<h3 style=\"font-size: 14px;\">Jak uzyska\u0107 kod uwierzytelniaj\u0105cy Renault?<\/h3>\n<p>Odkryj wszystkie kroki, aby znale\u017a\u0107 <a href=\"https:\/\/www.code-autoradio.com\/pl\/Kod\/klucz-uwierzyteln-renault-dacia\/\">kod uwierzytelniaj\u0105cy Renault<\/a> lub <a href=\"https:\/\/www.code-autoradio.com\/produit\/renault\/\">kod radia samochodowego Renault<\/a> bez demonta\u017cu.[\/vc_column_text]<div class=\"title-wrapper  wpb_custom_459372fd8a0ce5072804df32f41286a2 vc_custom_1706001947309 mb-4 appear-animate title-underline title-left link-left\" data-settings=\"{&quot;_animation&quot;:&quot;fadeInRightShorter&quot;,&quot;_animation_delay&quot;:&quot;600&quot;,&quot;_animation_duration&quot;:&quot;1000&quot;}\" ><h3 class=\"title\">Kod radia Audi<\/h3><\/div>[vc_column_text]<\/p>\n<h3 style=\"font-size: 14px;\">Jak odkodowa\u0107 kod radia Audi?<\/h3>\n<p>Dowiedz si\u0119, gdzie uzyska\u0107 <a href=\"https:\/\/www.code-autoradio.com\/produit\/audi\/\">kod radia samochodowego Audi<\/a> zgodnie z modelem samochodu.[\/vc_column_text][\/vc_column_inner][vc_column_inner width=&#8221;1\/2&#8243; offset=&#8221;vc_col-lg-4 vc_col-md-6 vc_col-xs-12&#8243;]<div class=\"title-wrapper  wpb_custom_459372fd8a0ce5072804df32f41286a2 vc_custom_1706001956488 mb-4 appear-animate title-underline title-left link-left\" data-settings=\"{&quot;_animation&quot;:&quot;fadeInRightShorter&quot;,&quot;_animation_delay&quot;:&quot;400&quot;,&quot;_animation_duration&quot;:&quot;1000&quot;}\" ><h3 class=\"title\">Kod radia samochodowego Ford<\/h3><\/div>[vc_column_text]<\/p>\n<h3 style=\"font-size: 14px;\">Gdzie mog\u0119 znale\u017a\u0107 kod radia Ford?<\/h3>\n<p>Dowiedz si\u0119, jak odzyska\u0107 <a href=\"https:\/\/www.code-autoradio.com\/produit\/ford\/\">kod radia samochodowego Ford<\/a> w zale\u017cno\u015bci od modelu samochodu. Odkryj <a href=\"https:\/\/www.code-autoradio.com\/gratuit\/\">bezp\u0142atn\u0105<\/a> baz\u0119 <a href=\"https:\/\/www.code-autoradio.com\/gratuit\/\">kod\u00f3w radia samochodowego<\/a>.[\/vc_column_text]<div class=\"title-wrapper  wpb_custom_459372fd8a0ce5072804df32f41286a2 vc_custom_1706001967322 mb-4 appear-animate title-underline title-left link-left\" data-settings=\"{&quot;_animation&quot;:&quot;fadeInRightShorter&quot;,&quot;_animation_delay&quot;:&quot;400&quot;,&quot;_animation_duration&quot;:&quot;1000&quot;}\" ><h3 class=\"title\">Kod radia samochodowego VW<\/h3><\/div>[vc_column_text]<\/p>\n<h3 style=\"font-size: 14px;\">Gdzie mog\u0119 znale\u017a\u0107 kod radia VW?<\/h3>\n<p>Dowiedz si\u0119, jak odblokowa\u0107 <a href=\"https:\/\/www.code-autoradio.com\/produit\/volkswagen\/\">kod radia samochodowego Volkswagen<\/a> w zale\u017cno\u015bci od modelu samochodu.[\/vc_column_text][\/vc_column_inner][vc_column_inner width=&#8221;1\/2&#8243; offset=&#8221;vc_col-lg-4 vc_col-md-6 vc_col-xs-12&#8243;][vc_video link=&#8221;https:\/\/www.youtube.com\/watch?v=g7yKnxIAVwc&#8221; el_aspect=&#8221;916&#8243; align=&#8221;center&#8221;][\/vc_column_inner][\/vc_row_inner]<div class=\"title-wrapper  wpb_custom_9debd55f71b8db4203098d65b39c3dff vc_custom_1706002022504 mb-4 title-underline title-left link-left icon-after\" ><h2 class=\"title\">Najnowsze wiadomo\u015bci ze \u015bwiata samochod\u00f3w<\/h2><\/div><div class=\"riode-wpb-post-container  wpb_custom_f7b65eb01c1d7e4636212c44895aa09e\" >\r\n<\/div>\r\n<div class=\"title-wrapper  wpb_custom_e4e6adb43ab65ab72b5253316c23409b vc_custom_1706002040776 mb-4 title-underline title-left link-left\" ><h2 class=\"title\">M\u00f3wi\u0105 o code-autoradio.com<\/h2><\/div><div class=\"riode-wpb-image-gallery-container  wpb_custom_e00bade942404487402457e13d64bb27 vc_custom_1652443301725 brand-carousel\" >\r\n\r\n<div class=\"image-gallery  row cols-lg-5 cols-md-4 cols-sm-3 cols-2 cols-xl-5  owl-image-gallery owl-image-org  owl-carousel owl-theme owl-middle\" data-plugin=\"owl\" data-owl-options={&quot;margin&quot;:20,&quot;autoplay&quot;:true,&quot;loop&quot;:true,&quot;nav&quot;:false,&quot;dots&quot;:false,&quot;responsive&quot;:{&quot;992&quot;:{&quot;items&quot;:5,&quot;nav&quot;:false,&quot;dots&quot;:false},&quot;768&quot;:{&quot;items&quot;:4,&quot;nav&quot;:false,&quot;dots&quot;:false},&quot;576&quot;:{&quot;items&quot;:3},&quot;0&quot;:{&quot;items&quot;:2},&quot;1200&quot;:{&quot;items&quot;:5,&quot;nav&quot;:false,&quot;dots&quot;:false}}}>\r\n\t\t\t<figure class=\"slide-image-wrap\">\r\n\t\t\t<img decoding=\"async\" width=\"715\" height=\"184\" src=\"https:\/\/www.code-autoradio.com\/wp-content\/uploads\/2022\/05\/lacentrale.png\" class=\"attachment-full size-full\" alt=\"\" srcset=\"https:\/\/www.code-autoradio.com\/wp-content\/uploads\/2022\/05\/lacentrale.png 715w, https:\/\/www.code-autoradio.com\/wp-content\/uploads\/2022\/05\/lacentrale-600x154.png 600w, https:\/\/www.code-autoradio.com\/wp-content\/uploads\/2022\/05\/lacentrale-300x77.png 300w, https:\/\/www.code-autoradio.com\/wp-content\/uploads\/2022\/05\/lacentrale-150x39.png 150w\" sizes=\"(max-width: 715px) 100vw, 715px\" title=\"\">\t\t<\/figure>\r\n\t\t\t\t<figure class=\"slide-image-wrap\">\r\n\t\t\t<img decoding=\"async\" width=\"870\" height=\"310\" src=\"https:\/\/www.code-autoradio.com\/wp-content\/uploads\/2022\/05\/autoplus.jpg\" class=\"attachment-full size-full\" alt=\"\" srcset=\"https:\/\/www.code-autoradio.com\/wp-content\/uploads\/2022\/05\/autoplus.jpg 870w, https:\/\/www.code-autoradio.com\/wp-content\/uploads\/2022\/05\/autoplus-600x214.jpg 600w, https:\/\/www.code-autoradio.com\/wp-content\/uploads\/2022\/05\/autoplus-300x107.jpg 300w, https:\/\/www.code-autoradio.com\/wp-content\/uploads\/2022\/05\/autoplus-768x274.jpg 768w, https:\/\/www.code-autoradio.com\/wp-content\/uploads\/2022\/05\/autoplus-150x53.jpg 150w\" sizes=\"(max-width: 870px) 100vw, 870px\" title=\"\">\t\t<\/figure>\r\n\t\t\t\t<figure class=\"slide-image-wrap\">\r\n\t\t\t<img decoding=\"async\" width=\"1318\" height=\"294\" src=\"https:\/\/www.code-autoradio.com\/wp-content\/uploads\/2022\/05\/Aramisauto.png\" class=\"attachment-full size-full\" alt=\"\" srcset=\"https:\/\/www.code-autoradio.com\/wp-content\/uploads\/2022\/05\/Aramisauto.png 1318w, https:\/\/www.code-autoradio.com\/wp-content\/uploads\/2022\/05\/Aramisauto-600x134.png 600w, https:\/\/www.code-autoradio.com\/wp-content\/uploads\/2022\/05\/Aramisauto-300x67.png 300w, https:\/\/www.code-autoradio.com\/wp-content\/uploads\/2022\/05\/Aramisauto-1024x228.png 1024w, https:\/\/www.code-autoradio.com\/wp-content\/uploads\/2022\/05\/Aramisauto-768x171.png 768w, https:\/\/www.code-autoradio.com\/wp-content\/uploads\/2022\/05\/Aramisauto-150x33.png 150w\" sizes=\"(max-width: 1318px) 100vw, 1318px\" title=\"\">\t\t<\/figure>\r\n\t\t\t\t<figure class=\"slide-image-wrap\">\r\n\t\t\t<img decoding=\"async\" width=\"448\" height=\"94\" src=\"https:\/\/www.code-autoradio.com\/wp-content\/uploads\/2022\/05\/autohero.png\" class=\"attachment-full size-full\" alt=\"\" srcset=\"https:\/\/www.code-autoradio.com\/wp-content\/uploads\/2022\/05\/autohero.png 448w, https:\/\/www.code-autoradio.com\/wp-content\/uploads\/2022\/05\/autohero-300x63.png 300w, https:\/\/www.code-autoradio.com\/wp-content\/uploads\/2022\/05\/autohero-150x31.png 150w\" sizes=\"(max-width: 448px) 100vw, 448px\" title=\"\">\t\t<\/figure>\r\n\t\t\t\t<figure class=\"slide-image-wrap\">\r\n\t\t\t<img decoding=\"async\" width=\"215\" height=\"92\" src=\"https:\/\/www.code-autoradio.com\/wp-content\/uploads\/2022\/05\/automoto.png\" class=\"attachment-full size-full\" alt=\"\" srcset=\"https:\/\/www.code-autoradio.com\/wp-content\/uploads\/2022\/05\/automoto.png 215w, https:\/\/www.code-autoradio.com\/wp-content\/uploads\/2022\/05\/automoto-150x64.png 150w\" sizes=\"(max-width: 215px) 100vw, 215px\" title=\"\">\t\t<\/figure>\r\n\t\t\t\t<figure class=\"slide-image-wrap\">\r\n\t\t\t<img decoding=\"async\" width=\"2000\" height=\"451\" src=\"https:\/\/www.code-autoradio.com\/wp-content\/uploads\/2022\/05\/largus.png\" class=\"attachment-full size-full\" alt=\"\" srcset=\"https:\/\/www.code-autoradio.com\/wp-content\/uploads\/2022\/05\/largus.png 2000w, https:\/\/www.code-autoradio.com\/wp-content\/uploads\/2022\/05\/largus-600x135.png 600w, https:\/\/www.code-autoradio.com\/wp-content\/uploads\/2022\/05\/largus-300x68.png 300w, https:\/\/www.code-autoradio.com\/wp-content\/uploads\/2022\/05\/largus-1024x231.png 1024w, https:\/\/www.code-autoradio.com\/wp-content\/uploads\/2022\/05\/largus-768x173.png 768w, https:\/\/www.code-autoradio.com\/wp-content\/uploads\/2022\/05\/largus-1536x346.png 1536w, https:\/\/www.code-autoradio.com\/wp-content\/uploads\/2022\/05\/largus-150x34.png 150w\" sizes=\"(max-width: 2000px) 100vw, 2000px\" title=\"\">\t\t<\/figure>\r\n\t\t<\/div>\r\n<\/div>\r\n[vc_row_inner][vc_column_inner width=&#8221;1\/2&#8243;]<div class=\"riode-accordion-container  wpb_custom_45edbf32a68f703d311a8deeac51cee4\" >\r\n<div class=\" accordion\"><div class=\"riode-accordion-item-container card  wpb_custom_2d4bdb507d16bc88d18e708cdf906ed3\" >\r\n<div class=\"card-header\">\r\n\t<a href=\"#\" class=\"collapse\">\r\n\t<span class=\"title\">Jak znale\u017a\u0107 kod radia samochodowego?<\/span><span class=\"toggle-icon opened\"><i class=\"d-icon-minus\"><\/i><\/span><span class=\"toggle-icon closed\"><i class=\"d-icon-plus\"><\/i><\/span>\t<\/a>\r\n<\/div>\r\n<div class=\"card-body expanded\">\r\n[vc_column_text]Potrzebujemy numeru seryjnego i, je\u015bli dotyczy, numeru urz\u0105dzenia radia, aby\u015bmy mogli przeprowadzi\u0107 wyszukiwanie kodu. W przypadku niekt\u00f3rych marek, takich jak NISSAN, wymagana jest r\u00f3wnie\u017c data.<\/p>\n<p>W przypadku wyszukiwania na podstawie numeru seryjnego pojazdu wymagany jest tylko numer VIN.[\/vc_column_text]<\/div>\r\n<\/div>\r\n<div class=\"riode-accordion-item-container card  wpb_custom_2d4bdb507d16bc88d18e708cdf906ed3\" >\r\n<div class=\"card-header\">\r\n\t<a href=\"#\" class=\"expand\">\r\n\t<span class=\"title\">Czy mo\u017cna odblokowa\u0107 radio bez numeru seryjnego?<\/span><span class=\"toggle-icon opened\"><i class=\"d-icon-minus\"><\/i><\/span><span class=\"toggle-icon closed\"><i class=\"d-icon-plus\"><\/i><\/span>\t<\/a>\r\n<\/div>\r\n<div class=\"card-body collapsed\">\r\n[vc_column_text]Je\u015bli wyszukanie numeru VIN nie jest mo\u017cliwe, b\u0119dziemy potrzebowa\u0107 numeru seryjnego radia.[\/vc_column_text]<\/div>\r\n<\/div>\r\n<div class=\"riode-accordion-item-container card  wpb_custom_2d4bdb507d16bc88d18e708cdf906ed3\" >\r\n<div class=\"card-header\">\r\n\t<a href=\"#\" class=\"expand\">\r\n\t<span class=\"title\">Nie otrzyma\u0142em kodu e-mailem: jak to mo\u017cliwe?<\/span><span class=\"toggle-icon opened\"><i class=\"d-icon-minus\"><\/i><\/span><span class=\"toggle-icon closed\"><i class=\"d-icon-plus\"><\/i><\/span>\t<\/a>\r\n<\/div>\r\n<div class=\"card-body collapsed\">\r\n[vc_column_text]Wszystkie \u017c\u0105dania klient\u00f3w s\u0105 rozpatrywane bez wyj\u0105tku. Je\u015bli nasza wiadomo\u015b\u0107 nie pojawi si\u0119 w skrzynce odbiorczej, sprawd\u017a folder spamu.<\/p>\n<p>W przypadku u\u017cytkownik\u00f3w Gmaila nale\u017cy sprawdzi\u0107 zak\u0142adki &#8220;Promocje&#8221; i &#8220;Sieci spo\u0142eczno\u015bciowe&#8221;, gdzie nasza wiadomo\u015b\u0107 mo\u017ce zosta\u0107 automatycznie przekazana dalej.[\/vc_column_text]<\/div>\r\n<\/div>\r\n<div class=\"riode-accordion-item-container card  wpb_custom_2d4bdb507d16bc88d18e708cdf906ed3\" >\r\n<div class=\"card-header\">\r\n\t<a href=\"#\" class=\"expand\">\r\n\t<span class=\"title\">Gdzie znajduje si\u0119 kod radia samochodowego?<\/span><span class=\"toggle-icon opened\"><i class=\"d-icon-minus\"><\/i><\/span><span class=\"toggle-icon closed\"><i class=\"d-icon-plus\"><\/i><\/span>\t<\/a>\r\n<\/div>\r\n<div class=\"card-body collapsed\">\r\n[vc_column_text]Informacje na temat radia samochodowego mo\u017cna znale\u017a\u0107 w <a href=\"https:\/\/www.renault.fr\/entretien.html\" target=\"_blank\" rel=\"noopener\">ksi\u0105\u017cce serwisowej<\/a> lub dzienniku pojazdu.[\/vc_column_text]<\/div>\r\n<\/div>\r\n<div class=\"riode-accordion-item-container card  wpb_custom_2d4bdb507d16bc88d18e708cdf906ed3\" >\r\n<div class=\"card-header\">\r\n\t<a href=\"#\" class=\"expand\">\r\n\t<span class=\"title\">Jak odzyska\u0107 kod radia samochodowego?<\/span><span class=\"toggle-icon opened\"><i class=\"d-icon-minus\"><\/i><\/span><span class=\"toggle-icon closed\"><i class=\"d-icon-plus\"><\/i><\/span>\t<\/a>\r\n<\/div>\r\n<div class=\"card-body collapsed\">\r\n[vc_column_text]Mo\u017cesz skorzysta\u0107 z us\u0142ugi online Code-autoradio.com, aby otrzyma\u0107 kod za pomoc\u0105 naszego <strong>generatora kod\u00f3w radia samochodowego<\/strong>. Po naprawie radia samochodowego <a href=\"https:\/\/www.volkswagen.fr\/fr\/entretenir\/informations-importantes\/navigation-gps.html\" target=\"_blank\" rel=\"noopener\">VW<\/a> nie zapomnij zaktualizowa\u0107 GPS.[\/vc_column_text]<\/div>\r\n<\/div>\r\n<\/div><\/div>\r\n[\/vc_column_inner][vc_column_inner width=&#8221;1\/2&#8243;]<div class=\"riode-accordion-container  wpb_custom_45edbf32a68f703d311a8deeac51cee4\" >\r\n<div class=\" accordion\"><div class=\"riode-accordion-item-container card  wpb_custom_2d4bdb507d16bc88d18e708cdf906ed3\" >\r\n<div class=\"card-header\">\r\n\t<a href=\"#\" class=\"collapse\">\r\n\t<span class=\"title\">Gdzie mog\u0119 znale\u017a\u0107 numer seryjny?<\/span><span class=\"toggle-icon opened\"><i class=\"d-icon-minus\"><\/i><\/span><span class=\"toggle-icon closed\"><i class=\"d-icon-plus\"><\/i><\/span>\t<\/a>\r\n<\/div>\r\n<div class=\"card-body expanded\">\r\n[vc_column_text]Informacje te mo\u017cna znale\u017a\u0107 z przodu radia, na etykiecie z ty\u0142u lub wygrawerowane bezpo\u015brednio na obudowie.<\/p>\n<p>Na ka\u017cdej stronie produktu pokazujemy, jak wymontowa\u0107 radio samochodowe i kt\u00f3ra seria cyfr odpowiada numerowi seryjnemu i numerowi urz\u0105dzenia.[\/vc_column_text]<\/div>\r\n<\/div>\r\n<div class=\"riode-accordion-item-container card  wpb_custom_2d4bdb507d16bc88d18e708cdf906ed3\" >\r\n<div class=\"card-header\">\r\n\t<a href=\"#\" class=\"expand\">\r\n\t<span class=\"title\">Jak wprowadzi\u0107 kod do radia samochodowego?<\/span><span class=\"toggle-icon opened\"><i class=\"d-icon-minus\"><\/i><\/span><span class=\"toggle-icon closed\"><i class=\"d-icon-plus\"><\/i><\/span>\t<\/a>\r\n<\/div>\r\n<div class=\"card-body collapsed\">\r\n[vc_column_text]Czynno\u015bci, kt\u00f3re nale\u017cy wykona\u0107, mog\u0105 si\u0119 r\u00f3\u017cni\u0107 w zale\u017cno\u015bci od marki urz\u0105dzenia, ale pozostaj\u0105 stosunkowo proste. Wystarczy wprowadzi\u0107 4 lub 5 cyfr kodu w kolejno\u015bci, w jakiej pojawiaj\u0105 si\u0119 one na klawiaturze radiotelefonu.<\/p>\n<p>Ponownie, wszystko jest szczeg\u00f3\u0142owo wyja\u015bnione na stronach ka\u017cdej marki.[\/vc_column_text]<\/div>\r\n<\/div>\r\n<div class=\"riode-accordion-item-container card  wpb_custom_2d4bdb507d16bc88d18e708cdf906ed3\" >\r\n<div class=\"card-header\">\r\n\t<a href=\"#\" class=\"expand\">\r\n\t<span class=\"title\">Jak uzyska\u0107 1-godzinny kod awaryjny?<\/span><span class=\"toggle-icon opened\"><i class=\"d-icon-minus\"><\/i><\/span><span class=\"toggle-icon closed\"><i class=\"d-icon-plus\"><\/i><\/span>\t<\/a>\r\n<\/div>\r\n<div class=\"card-body collapsed\">\r\n[vc_column_text]Musisz zaznaczy\u0107 t\u0119 opcj\u0119 przed zatwierdzeniem koszyka. Pojawia si\u0119 on pod nag\u0142\u00f3wkiem &#8220;1-godzinne pogotowie&#8221;, a kod zostanie wys\u0142any SMS-em.<\/p>\n<p>Nale\u017cy jednak pami\u0119ta\u0107, \u017ce dostawy z kodem awaryjnym s\u0105 mo\u017cliwe tylko w godzinach od 8:00 do 20:00 (czasu francuskiego).[\/vc_column_text]<\/div>\r\n<\/div>\r\n<div class=\"riode-accordion-item-container card  wpb_custom_2d4bdb507d16bc88d18e708cdf906ed3\" >\r\n<div class=\"card-header\">\r\n\t<a href=\"#\" class=\"expand\">\r\n\t<span class=\"title\">Co nale\u017cy zrobi\u0107, je\u015bli wys\u0142any kod nie zostanie zaakceptowany przez radio samochodowe?<\/span><span class=\"toggle-icon opened\"><i class=\"d-icon-minus\"><\/i><\/span><span class=\"toggle-icon closed\"><i class=\"d-icon-plus\"><\/i><\/span>\t<\/a>\r\n<\/div>\r\n<div class=\"card-body collapsed\">\r\n[vc_column_text]Mo\u017ce si\u0119 zdarzy\u0107, \u017ce wys\u0142any przez nas kod zostanie odrzucony. Nie oznacza to jednak, \u017ce kod jest nieprawid\u0142owy.<\/p>\n<p>B\u0142\u0105d literowy w numerze seryjnym wskazanym w zam\u00f3wieniu, nieprawid\u0142owa data, nieprawid\u0142owa obs\u0142uga itp. mog\u0105 oznacza\u0107, \u017ce wys\u0142any kod nie zostanie zaakceptowany.<\/p>\n<p>W takim przypadku prosimy o kontakt z naszym dzia\u0142em obs\u0142ugi klienta, kt\u00f3ry pomo\u017ce rozwi\u0105za\u0107 problem. Mo\u017cesz zosta\u0107 poproszony o dostarczenie dokumentacji dowodowej, takiej jak zdj\u0119cie etykiety na radiu samochodowym lub nagranie wideo.[\/vc_column_text]<\/div>\r\n<\/div>\r\n<div class=\"riode-accordion-item-container card  wpb_custom_2d4bdb507d16bc88d18e708cdf906ed3\" >\r\n<div class=\"card-header\">\r\n\t<a href=\"#\" class=\"expand\">\r\n\t<span class=\"title\">Jak rozkodowa\u0107 radio samochodowe?<\/span><span class=\"toggle-icon opened\"><i class=\"d-icon-minus\"><\/i><\/span><span class=\"toggle-icon closed\"><i class=\"d-icon-plus\"><\/i><\/span>\t<\/a>\r\n<\/div>\r\n<div class=\"card-body collapsed\">\r\n[vc_column_text]Aby zdekodowa\u0107 radio samochodowe, musisz poda\u0107 nam kod wst\u0119pny, numer seryjny radia samochodowego lub numer VIN pojazdu.[\/vc_column_text]<\/div>\r\n<\/div>\r\n<\/div><\/div>\r\n[\/vc_column_inner][\/vc_row_inner][\/vc_column][\/vc_row]<\/p>\n<\/div>","protected":false},"excerpt":{"rendered":"<p>[vc_row gap=&#8221;0&#8243;][vc_column][vc_column_text] KOD RADIA SAMOCHODOWEGO: \u0141ATWO GO UZYSKA\u0106 BEZ WYCHODZENIA Z DOMU [\/vc_column_text][vc_row_inner css=&#8221;.vc_custom_1616525498976{margin-bottom: 15px !important;}&#8221;][vc_column_inner width=&#8221;1\/2&#8243; offset=&#8221;vc_col-lg-4 vc_col-md-6 vc_col-xs-12&#8243;][vc_column_text] Jak uzyska\u0107 kod uwierzytelniaj\u0105cy Renault? Odkryj wszystkie kroki, aby znale\u017a\u0107 kod uwierzytelniaj\u0105cy Renault lub kod radia samochodowego Renault bez demonta\u017cu.[\/vc_column_text][vc_column_text] Jak odkodowa\u0107 kod radia Audi? Dowiedz si\u0119, gdzie uzyska\u0107 kod radia samochodowego Audi zgodnie z [&hellip;]<\/p>\n","protected":false},"author":1,"featured_media":0,"parent":0,"menu_order":0,"comment_status":"closed","ping_status":"closed","template":"","meta":{"footnotes":""},"class_list":["post-39154","page","type-page","status-publish","hentry"],"_links":{"self":[{"href":"https:\/\/www.code-autoradio.com\/pl\/wp-json\/wp\/v2\/pages\/39154","targetHints":{"allow":["GET"]}}],"collection":[{"href":"https:\/\/www.code-autoradio.com\/pl\/wp-json\/wp\/v2\/pages"}],"about":[{"href":"https:\/\/www.code-autoradio.com\/pl\/wp-json\/wp\/v2\/types\/page"}],"author":[{"embeddable":true,"href":"https:\/\/www.code-autoradio.com\/pl\/wp-json\/wp\/v2\/users\/1"}],"replies":[{"embeddable":true,"href":"https:\/\/www.code-autoradio.com\/pl\/wp-json\/wp\/v2\/comments?post=39154"}],"version-history":[{"count":3,"href":"https:\/\/www.code-autoradio.com\/pl\/wp-json\/wp\/v2\/pages\/39154\/revisions"}],"predecessor-version":[{"id":39184,"href":"https:\/\/www.code-autoradio.com\/pl\/wp-json\/wp\/v2\/pages\/39154\/revisions\/39184"}],"wp:attachment":[{"href":"https:\/\/www.code-autoradio.com\/pl\/wp-json\/wp\/v2\/media?parent=39154"}],"curies":[{"name":"wp","href":"https:\/\/api.w.org\/{rel}","templated":true}]}}