{"id":23704,"date":"2023-05-10T10:17:09","date_gmt":"2023-05-10T08:17:09","guid":{"rendered":"https:\/\/www.code-autoradio.com\/?post_type=product&#038;p=23704"},"modified":"2024-05-28T14:01:28","modified_gmt":"2024-05-28T12:01:28","slug":"klucz-uwierzyteln-renault-dacia","status":"publish","type":"product","link":"https:\/\/www.code-autoradio.com\/pl\/Kod\/klucz-uwierzyteln-renault-dacia\/","title":{"rendered":"klucz uwierzyteln Renault Clio Captur Trafic Dacia Duster"},"content":{"rendered":"<p><iframe loading=\"lazy\" title=\"klucz uwierzyteln Renault Dacia\" src=\"https:\/\/www.youtube.com\/embed\/RxoQi51M1u0?si=C0H1IUiS6B-KNzY_\" width=\"560\" height=\"315\" frameborder=\"0\" allowfullscreen=\"allowfullscreen\" data-mce-fragment=\"1\"><span data-mce-type=\"bookmark\" style=\"display: inline-block; width: 0px; overflow: hidden; line-height: 0;\" class=\"mce_SELRES_start\">\ufeff<\/span><\/iframe><\/p>\n<h2>1 &#8211; Jak znale\u017a\u0107 numer seryjny (VIN) samochodu Renault, aby odblokowa\u0107 jego radio samochodowe?<\/h2>\n<figure id=\"attachment_23706\" aria-describedby=\"caption-attachment-23706\" style=\"width: 1024px\" class=\"wp-caption aligncenter\"><img decoding=\"async\" class=\"size-large wp-image-23706\" src=\"https:\/\/www.code-autoradio.com\/wp-content\/uploads\/2022\/05\/klucz-uwierzyteln-1024x682.jpg\" alt=\"klucz uwierzyteln\" width=\"1024\" height=\"682\" title=\"\" srcset=\"https:\/\/www.code-autoradio.com\/wp-content\/uploads\/2022\/05\/klucz-uwierzyteln-1024x682.jpg 1024w, https:\/\/www.code-autoradio.com\/wp-content\/uploads\/2022\/05\/klucz-uwierzyteln-600x400.jpg 600w, https:\/\/www.code-autoradio.com\/wp-content\/uploads\/2022\/05\/klucz-uwierzyteln-300x200.jpg 300w, https:\/\/www.code-autoradio.com\/wp-content\/uploads\/2022\/05\/klucz-uwierzyteln-768x512.jpg 768w, https:\/\/www.code-autoradio.com\/wp-content\/uploads\/2022\/05\/klucz-uwierzyteln-1536x1023.jpg 1536w, https:\/\/www.code-autoradio.com\/wp-content\/uploads\/2022\/05\/klucz-uwierzyteln-150x100.jpg 150w, https:\/\/www.code-autoradio.com\/wp-content\/uploads\/2022\/05\/klucz-uwierzyteln.jpg 1588w\" sizes=\"(max-width: 1024px) 100vw, 1024px\" \/><figcaption id=\"caption-attachment-23706\" class=\"wp-caption-text\">klucz uwierzyteln<\/figcaption><\/figure>\n<p>Pierwsza metoda z dowodem rejestracyjnym pojazdu<br \/>\nOtw\u00f3rz sw\u00f3j dow\u00f3d rejestracyjny pojazdu i znajd\u017a Lokalizacja E<\/p>\n<p>To w\u0142a\u015bnie tam znajdziesz sw\u00f3j numer VIN (Numer identyfikacyjny pojazdu).<\/p>\n<p>Druga metoda z podwoziem lub drzwiami<br \/>\nJe\u015bli nie masz przy sobie dowodu rejestracyjnego, numer VIN jest r\u00f3wnie\u017c zapisany na podwoziu samochodu lub na etykiecie w drzwiach.<\/p>\n<p>Wszystkie numery VIN maj\u0105 d\u0142ugo\u015b\u0107 17 znak\u00f3w (np. VF12RAU1C56477160), a numery VIN Renault zawsze zaczynaj\u0105 si\u0119 od VF1!<\/p>\n<p><img decoding=\"async\" class=\"size-large wp-image-23644\" src=\"https:\/\/www.code-autoradio.com\/wp-content\/uploads\/2022\/10\/vin-renault-parebrise-879x1024.jpeg\" alt=\"\" width=\"879\" height=\"1024\" title=\"\" srcset=\"https:\/\/www.code-autoradio.com\/wp-content\/uploads\/2022\/10\/vin-renault-parebrise-879x1024.jpeg 879w, https:\/\/www.code-autoradio.com\/wp-content\/uploads\/2022\/10\/vin-renault-parebrise-600x699.jpeg 600w, https:\/\/www.code-autoradio.com\/wp-content\/uploads\/2022\/10\/vin-renault-parebrise-258x300.jpeg 258w, https:\/\/www.code-autoradio.com\/wp-content\/uploads\/2022\/10\/vin-renault-parebrise-768x894.jpeg 768w, https:\/\/www.code-autoradio.com\/wp-content\/uploads\/2022\/10\/vin-renault-parebrise-150x175.jpeg 150w, https:\/\/www.code-autoradio.com\/wp-content\/uploads\/2022\/10\/vin-renault-parebrise.jpeg 899w\" sizes=\"(max-width: 879px) 100vw, 879px\" \/><\/p>\n<p><strong>klucz uwierzyteln Renault Dacia bez demonta\u017cu<\/strong><\/p>\n<h2>2 &#8211; Jak wprowadzi\u0107 klucz uwierzytelniaj\u0105cy do radia samochodowego Renault GPS?<\/h2>\n<p>SYSTEMY MULTIMEDIALNE Renault : EASY LINK \/ R-LINK 2 \/ R-LINK Evolution \/ Media Nav Evolution \/ Radio Connect R&amp;GO<br \/>\nPo otrzymaniu naszego maila lub smsa z kodem, wpisz go i potwierd\u017a naciskaj\u0105c ok.<\/p>\n<figure id=\"attachment_23715\" aria-describedby=\"caption-attachment-23715\" style=\"width: 1024px\" class=\"wp-caption aligncenter\"><img decoding=\"async\" class=\"size-full wp-image-23715\" src=\"https:\/\/www.code-autoradio.com\/wp-content\/uploads\/2022\/05\/klucz-uwierzyteln-nieprawidlowy-Pin-Sytem-jest-zablokowany-Zaczekaj.jpg\" alt=\"klucz uwierzyteln nieprawidlowy Pin Sytem jest zablokowany Zaczekaj\" width=\"1024\" height=\"682\" title=\"\" srcset=\"https:\/\/www.code-autoradio.com\/wp-content\/uploads\/2022\/05\/klucz-uwierzyteln-nieprawidlowy-Pin-Sytem-jest-zablokowany-Zaczekaj.jpg 1024w, https:\/\/www.code-autoradio.com\/wp-content\/uploads\/2022\/05\/klucz-uwierzyteln-nieprawidlowy-Pin-Sytem-jest-zablokowany-Zaczekaj-600x400.jpg 600w, https:\/\/www.code-autoradio.com\/wp-content\/uploads\/2022\/05\/klucz-uwierzyteln-nieprawidlowy-Pin-Sytem-jest-zablokowany-Zaczekaj-300x200.jpg 300w, https:\/\/www.code-autoradio.com\/wp-content\/uploads\/2022\/05\/klucz-uwierzyteln-nieprawidlowy-Pin-Sytem-jest-zablokowany-Zaczekaj-768x512.jpg 768w, https:\/\/www.code-autoradio.com\/wp-content\/uploads\/2022\/05\/klucz-uwierzyteln-nieprawidlowy-Pin-Sytem-jest-zablokowany-Zaczekaj-150x100.jpg 150w\" sizes=\"(max-width: 1024px) 100vw, 1024px\" \/><figcaption id=\"caption-attachment-23715\" class=\"wp-caption-text\">klucz uwierzyteln nieprawidlowy Pin Sytem jest zablokowany Zaczekaj<\/figcaption><\/figure>\n<p>W\u0142\u0105czy\u0107 zap\u0142on.<br \/>\nNa wy\u015bwietlaczu powinien pojawi\u0107 si\u0119 napis &#8220;klucz uwierzyteln nieprawidlowy Pin Sytem jest zablokowany Zaczekaj&#8221; wraz z czasem oczekiwania.<br \/>\nNaciska\u0107 przyciski na wy\u015bwietlaczu, aby wprowadzi\u0107 kod radia samochodowego dla swojego Renault.<br \/>\nNaci\u015bnij ok, aby zatwierdzi\u0107 kod.<\/p>\n<p>&nbsp;<\/p>\n","protected":false},"excerpt":{"rendered":"<h2>Jak znale\u017a\u0107 kod radia samochodowego Renault EASY LINK \/ R-LINK 2 \/ R-LINK Evolution \/ Media Nav Evolution \/ Radio Connect R&amp;GO?<\/h2>\n","protected":false},"featured_media":8008,"template":"","meta":[],"product_brand":[],"product_cat":[326],"product_tag":[],"class_list":{"0":"post-23704","1":"product","2":"type-product","3":"status-publish","4":"has-post-thumbnail","6":"product_cat-renault-pl","8":"first","9":"instock","10":"sale","11":"virtual","12":"sold-individually","13":"taxable","14":"purchasable","15":"product-type-simple"},"_links":{"self":[{"href":"https:\/\/www.code-autoradio.com\/pl\/wp-json\/wp\/v2\/product\/23704","targetHints":{"allow":["GET"]}}],"collection":[{"href":"https:\/\/www.code-autoradio.com\/pl\/wp-json\/wp\/v2\/product"}],"about":[{"href":"https:\/\/www.code-autoradio.com\/pl\/wp-json\/wp\/v2\/types\/product"}],"wp:featuredmedia":[{"embeddable":true,"href":"https:\/\/www.code-autoradio.com\/pl\/wp-json\/wp\/v2\/media\/8008"}],"wp:attachment":[{"href":"https:\/\/www.code-autoradio.com\/pl\/wp-json\/wp\/v2\/media?parent=23704"}],"wp:term":[{"taxonomy":"product_brand","embeddable":true,"href":"https:\/\/www.code-autoradio.com\/pl\/wp-json\/wp\/v2\/product_brand?post=23704"},{"taxonomy":"product_cat","embeddable":true,"href":"https:\/\/www.code-autoradio.com\/pl\/wp-json\/wp\/v2\/product_cat?post=23704"},{"taxonomy":"product_tag","embeddable":true,"href":"https:\/\/www.code-autoradio.com\/pl\/wp-json\/wp\/v2\/product_tag?post=23704"}],"curies":[{"name":"wp","href":"https:\/\/api.w.org\/{rel}","templated":true}]}}