{"id":39157,"date":"2020-09-01T22:57:49","date_gmt":"2020-09-01T20:57:49","guid":{"rendered":"https:\/\/www.code-autoradio.com\/inicio\/"},"modified":"2024-01-23T10:34:44","modified_gmt":"2024-01-23T09:34:44","slug":"inicio","status":"publish","type":"page","link":"https:\/\/www.code-autoradio.com\/pt-pt\/","title":{"rendered":"In\u00edcio"},"content":{"rendered":"<div class=\"wpb-content-wrapper\"><p>[vc_row gap=&#8221;0&#8243;][vc_column]<div class=\"riode-wpb-banner-container  wpb_custom_4eb06c42131ef0797c925fd00af383dd vc_custom_1655730539901\" ><div class=\"banner banner-fixed\"><figure class=\"banner-img \"><img decoding=\"async\" src=\"https:\/\/www.code-autoradio.com\/wp-content\/uploads\/2022\/05\/demontage-code-autoradio.jpeg\" alt=\"\" width=\"1200\" height=\"801\" class=\"\" srcset=\"https:\/\/www.code-autoradio.com\/wp-content\/uploads\/2022\/05\/demontage-code-autoradio.jpeg 1200w, https:\/\/www.code-autoradio.com\/wp-content\/uploads\/2022\/05\/demontage-code-autoradio-600x401.jpeg 600w, https:\/\/www.code-autoradio.com\/wp-content\/uploads\/2022\/05\/demontage-code-autoradio-300x200.jpeg 300w, https:\/\/www.code-autoradio.com\/wp-content\/uploads\/2022\/05\/demontage-code-autoradio-1024x684.jpeg 1024w, https:\/\/www.code-autoradio.com\/wp-content\/uploads\/2022\/05\/demontage-code-autoradio-768x513.jpeg 768w, https:\/\/www.code-autoradio.com\/wp-content\/uploads\/2022\/05\/demontage-code-autoradio-150x100.jpeg 150w\" sizes=\"(max-width: 1200px) 100vw, 1200px\" title=\"\"><\/figure><div class=\"riode-banner-layer-container  wpb_custom_b5c31915890f4dea52609120db89d731 banner-content t-m vc_custom_1655209428639\" >\r\n<div class=\"title-wrapper  wpb_custom_5fb9c11a443d6d944d995536cea0e69c vc_custom_1706002255937 appear-animate title-left link-left\" data-settings=\"{&quot;_animation&quot;:&quot;fadeInLeftShorter&quot;,&quot;_animation_delay&quot;:&quot;200&quot;,&quot;_animation_duration&quot;:&quot;1000&quot;}\" ><p class=\"title\"><strong class=\"text-primary\">Como \u00e9 que descubro o c\u00f3digo<\/strong><\/p><\/div><div class=\"title-wrapper  wpb_custom_339562a6c92ca0d920c593c27a0384c2 vc_custom_1706002250033 appear-animate title-left link-left\" data-settings=\"{&quot;_animation&quot;:&quot;fadeInLeftShorter&quot;,&quot;_animation_delay&quot;:&quot;200&quot;,&quot;_animation_duration&quot;:&quot;1000&quot;}\" ><p class=\"title\">do r\u00e1dio do meu autom\u00f3vel?<\/p><\/div><div class=\"title-wrapper  wpb_custom_8be388ce0fc38db79b7062109d0b7762 mb-6 appear-animate title-left link-left\" data-settings=\"{&quot;_animation&quot;:&quot;fadeInLeftShorter&quot;,&quot;_animation_delay&quot;:&quot;400&quot;,&quot;_animation_duration&quot;:&quot;1000&quot;}\" ><p class=\"title\">De forma r\u00e1pida e f\u00e1cil!<\/p><\/div><div class=\"riode-button-container  wpb_custom_94b5ee5ce022420a67cc1cb26288d395 appear-animate\" data-settings=\"{&quot;_animation&quot;:&quot;fadeInLeftShorter&quot;,&quot;_animation_delay&quot;:&quot;600&quot;,&quot;_animation_duration&quot;:&quot;1000&quot;}\" >\r\n<a class=\"btn btn-rounded btn-primary\" href=\"#\" >Encontrei o meu c\u00f3digo<\/a><\/div>\r\n<\/div>\r\n<\/div><\/div>[vc_column_text]<\/p>\n<h1 style=\"text-align: center; color: #f6a800; font-size: 22px;\">C\u00d3DIGO DO AUTO-R\u00c1DIO: OBTENHA O SEU FACILMENTE SEM IR A LADO NENHUM<\/h1>\n<p>[\/vc_column_text]<div class=\"title-wrapper  wpb_custom_3f1dac82e5b76aa148fe3a388d5bfd31 vc_custom_1706002304902 title-underline title-left link-right icon-after\" ><h2 class=\"title\">C\u00f3digos de autorr\u00e1dio mais populares<\/h2><a href=\"https:\/\/www.code-autoradio.com\/categorie-produit\/constructeur-automobile\/\" class=\"link\"><span>Tous<\/span><i class=\"d-icon-arrow-right\"><\/i><\/a><\/div><div class=\"riode-wpb-products-container  wpb_custom_c8a7d7fb0a4bb0ae80956631d3130397 vc_custom_1676659319958\" ><div class=\"woocommerce columns-4 \"><ul class=\" gutter-xs products  row cols-lg-4 cols-md-3 cols-sm-2 cols-2 cols-xl-4\"><li class=\"product-wrap\">\n\t\t<div class=\"product-loop content-left product-default product type-product post-23724 status-publish first instock product_cat-renault-pt-pt has-post-thumbnail sale virtual sold-individually taxable purchasable product-type-simple\">\n\t\t<figure class=\"product-media\"><a href=\"https:\/\/www.code-autoradio.com\/pt-pt\/codigo\/codigo-autenticacao-renault-dacia\/\" class=\"woocommerce-LoopProduct-link woocommerce-loop-product__link\"><img decoding=\"async\" width=\"300\" height=\"300\" src=\"https:\/\/www.code-autoradio.com\/wp-content\/uploads\/2021\/01\/logo-renault-vin-300x300.png\" class=\"attachment-woocommerce_thumbnail size-woocommerce_thumbnail\" alt=\"code authentification renault\" srcset=\"https:\/\/www.code-autoradio.com\/wp-content\/uploads\/2021\/01\/logo-renault-vin-300x300.png 300w, https:\/\/www.code-autoradio.com\/wp-content\/uploads\/2021\/01\/logo-renault-vin-150x150.png 150w, https:\/\/www.code-autoradio.com\/wp-content\/uploads\/2021\/01\/logo-renault-vin.png 500w\" sizes=\"(max-width: 300px) 100vw, 300px\" title=\"\"><\/a><\/figure><div class=\"product-details\"><h3 class=\"woocommerce-loop-product__title\"><a href=\"https:\/\/www.code-autoradio.com\/pt-pt\/codigo\/codigo-autenticacao-renault-dacia\/\">Co\u0301digo de autentic Renault Dacia Clio Captur Trafic Duster<\/a><\/h3>\n\t<span class=\"price\"><ins><span class=\"woocommerce-Price-amount amount\"><bdi>14,90&nbsp;<span class=\"woocommerce-Price-currencySymbol\">&euro;<\/span><\/bdi><\/span><\/ins> <del><span class=\"woocommerce-Price-amount amount\"><bdi>24,90&nbsp;<span class=\"woocommerce-Price-currencySymbol\">&euro;<\/span><\/bdi><\/span><\/del> <small class=\"woocommerce-price-suffix\">TTC<\/small><\/span>\n<span class=\"gtm4wp_productdata\" style=\"display:none; visibility:hidden;\" data-gtm4wp_product_data=\"{&quot;internal_id&quot;:23724,&quot;item_id&quot;:23724,&quot;item_name&quot;:&quot;Co\\u0301digo de autentic Renault Dacia Clio Captur Trafic Duster&quot;,&quot;sku&quot;:&quot;AUTHCODERENAULT&quot;,&quot;price&quot;:14.9,&quot;stocklevel&quot;:null,&quot;stockstatus&quot;:&quot;instock&quot;,&quot;google_business_vertical&quot;:&quot;retail&quot;,&quot;item_category&quot;:&quot;Renault&quot;,&quot;id&quot;:23724,&quot;productlink&quot;:&quot;https:\\\/\\\/www.code-autoradio.com\\\/pt-pt\\\/codigo\\\/codigo-autenticacao-renault-dacia\\\/&quot;,&quot;item_list_name&quot;:&quot;General Product List&quot;,&quot;index&quot;:1,&quot;product_type&quot;:&quot;simple&quot;,&quot;item_brand&quot;:&quot;&quot;}\"><\/span><\/div>\t<\/div>\n\t\t<\/li>\n\t<\/ul><\/div><\/div><div class=\"riode-wpb-categories-container  wpb_custom_e428a0f9d116bac61095604b1af525bc home-cats mb-6 nini\" >\r\n<div class=\"woocommerce columns-2\"><\/div><\/div>\r\n[vc_row_inner css=&#8221;.vc_custom_1616525498976{margin-bottom: 15px !important;}&#8221;][vc_column_inner width=&#8221;1\/2&#8243; offset=&#8221;vc_col-lg-4 vc_col-md-6 vc_col-xs-12&#8243;]<div class=\"title-wrapper  wpb_custom_459372fd8a0ce5072804df32f41286a2 vc_custom_1706002335157 mb-4 appear-animate title-underline title-left link-left\" data-settings=\"{&quot;_animation&quot;:&quot;fadeInRightShorter&quot;,&quot;_animation_delay&quot;:&quot;200&quot;,&quot;_animation_duration&quot;:&quot;1000&quot;}\" ><h3 class=\"title\">C\u00f3digo do autorr\u00e1dio Renault<\/h3><\/div>[vc_column_text]<\/p>\n<h3 style=\"font-size: 14px;\">Como obter o c\u00f3digo de autentica\u00e7\u00e3o Renault?<\/h3>\n<p>Descubra todas as etapas para encontrar o c\u00f3digo de <a href=\"https:\/\/www.code-autoradio.com\/pt-pt\/codigo\/codigo-autenticacao-renault-dacia\/\">autentica\u00e7\u00e3o Renault<\/a> ou <a href=\"https:\/\/www.code-autoradio.com\/produit\/renault\/\">o c\u00f3digo do autorr\u00e1dio Renault<\/a> sem desmontar.[\/vc_column_text]<div class=\"title-wrapper  wpb_custom_459372fd8a0ce5072804df32f41286a2 vc_custom_1706002341836 mb-4 appear-animate title-underline title-left link-left\" data-settings=\"{&quot;_animation&quot;:&quot;fadeInRightShorter&quot;,&quot;_animation_delay&quot;:&quot;600&quot;,&quot;_animation_duration&quot;:&quot;1000&quot;}\" ><h3 class=\"title\">C\u00f3digo do r\u00e1dio Audi<\/h3><\/div>[vc_column_text]<\/p>\n<h3 style=\"font-size: 14px;\">Como descodificar o c\u00f3digo do r\u00e1dio Audi?<\/h3>\n<p>Descubra onde obter <a href=\"https:\/\/www.code-autoradio.com\/produit\/audi\/\">o c\u00f3digo do autorr\u00e1dio Audi<\/a> de acordo com o modelo do seu autom\u00f3vel.[\/vc_column_text][\/vc_column_inner][vc_column_inner width=&#8221;1\/2&#8243; offset=&#8221;vc_col-lg-4 vc_col-md-6 vc_col-xs-12&#8243;]<div class=\"title-wrapper  wpb_custom_459372fd8a0ce5072804df32f41286a2 vc_custom_1706002349269 mb-4 appear-animate title-underline title-left link-left\" data-settings=\"{&quot;_animation&quot;:&quot;fadeInRightShorter&quot;,&quot;_animation_delay&quot;:&quot;400&quot;,&quot;_animation_duration&quot;:&quot;1000&quot;}\" ><h3 class=\"title\">C\u00f3digo do autorr\u00e1dio Ford<\/h3><\/div>[vc_column_text]<\/p>\n<h3 style=\"font-size: 14px;\">Onde posso encontrar o c\u00f3digo do r\u00e1dio Ford?<\/h3>\n<p>Descubra como recuperar <a href=\"https:\/\/www.code-autoradio.com\/produit\/ford\/\">o c\u00f3digo do r\u00e1dio<\/a> do seu <a href=\"https:\/\/www.code-autoradio.com\/produit\/ford\/\">autom\u00f3vel Ford<\/a>, consoante o modelo do seu autom\u00f3vel. Descubra a base de <a href=\"https:\/\/www.code-autoradio.com\/gratuit\/\">c\u00f3digos de autorr\u00e1dio gratuita<\/a>.[\/vc_column_text]<div class=\"title-wrapper  wpb_custom_459372fd8a0ce5072804df32f41286a2 vc_custom_1706002360452 mb-4 appear-animate title-underline title-left link-left\" data-settings=\"{&quot;_animation&quot;:&quot;fadeInRightShorter&quot;,&quot;_animation_delay&quot;:&quot;400&quot;,&quot;_animation_duration&quot;:&quot;1000&quot;}\" ><h3 class=\"title\">C\u00f3digo do autorr\u00e1dio VW<\/h3><\/div>[vc_column_text]<\/p>\n<h3 style=\"font-size: 14px;\">Onde posso encontrar o c\u00f3digo do r\u00e1dio VW?<\/h3>\n<p>Descubra como desbloquear <a href=\"https:\/\/www.code-autoradio.com\/produit\/volkswagen\/\">o c\u00f3digo do r\u00e1dio<\/a> do seu autom\u00f3vel <a href=\"https:\/\/www.code-autoradio.com\/produit\/volkswagen\/\">Volkswagen<\/a> em fun\u00e7\u00e3o do modelo do seu autom\u00f3vel.[\/vc_column_text][\/vc_column_inner][vc_column_inner width=&#8221;1\/2&#8243; offset=&#8221;vc_col-lg-4 vc_col-md-6 vc_col-xs-12&#8243;][vc_video link=&#8221;https:\/\/www.youtube.com\/watch?v=g7yKnxIAVwc&#8221; el_aspect=&#8221;916&#8243; align=&#8221;center&#8221;][\/vc_column_inner][\/vc_row_inner]<div class=\"title-wrapper  wpb_custom_9debd55f71b8db4203098d65b39c3dff vc_custom_1706002381592 mb-4 title-underline title-left link-left icon-after\" ><h2 class=\"title\">As \u00faltimas not\u00edcias do mundo autom\u00f3vel<\/h2><\/div><div class=\"riode-wpb-post-container  wpb_custom_f7b65eb01c1d7e4636212c44895aa09e\" >\r\n<\/div>\r\n<div class=\"title-wrapper  wpb_custom_e4e6adb43ab65ab72b5253316c23409b vc_custom_1706002390750 mb-4 title-underline title-left link-left\" ><h2 class=\"title\">Est\u00e3o a falar do code-autoradio.com<\/h2><\/div><div class=\"riode-wpb-image-gallery-container  wpb_custom_e00bade942404487402457e13d64bb27 vc_custom_1652443301725 brand-carousel\" >\r\n\r\n<div class=\"image-gallery  row cols-lg-5 cols-md-4 cols-sm-3 cols-2 cols-xl-5  owl-image-gallery owl-image-org  owl-carousel owl-theme owl-middle\" data-plugin=\"owl\" data-owl-options={&quot;margin&quot;:20,&quot;autoplay&quot;:true,&quot;loop&quot;:true,&quot;nav&quot;:false,&quot;dots&quot;:false,&quot;responsive&quot;:{&quot;992&quot;:{&quot;items&quot;:5,&quot;nav&quot;:false,&quot;dots&quot;:false},&quot;768&quot;:{&quot;items&quot;:4,&quot;nav&quot;:false,&quot;dots&quot;:false},&quot;576&quot;:{&quot;items&quot;:3},&quot;0&quot;:{&quot;items&quot;:2},&quot;1200&quot;:{&quot;items&quot;:5,&quot;nav&quot;:false,&quot;dots&quot;:false}}}>\r\n\t\t\t<figure class=\"slide-image-wrap\">\r\n\t\t\t<img decoding=\"async\" width=\"715\" height=\"184\" src=\"https:\/\/www.code-autoradio.com\/wp-content\/uploads\/2022\/05\/lacentrale.png\" class=\"attachment-full size-full\" alt=\"\" srcset=\"https:\/\/www.code-autoradio.com\/wp-content\/uploads\/2022\/05\/lacentrale.png 715w, https:\/\/www.code-autoradio.com\/wp-content\/uploads\/2022\/05\/lacentrale-600x154.png 600w, https:\/\/www.code-autoradio.com\/wp-content\/uploads\/2022\/05\/lacentrale-300x77.png 300w, https:\/\/www.code-autoradio.com\/wp-content\/uploads\/2022\/05\/lacentrale-150x39.png 150w\" sizes=\"(max-width: 715px) 100vw, 715px\" title=\"\">\t\t<\/figure>\r\n\t\t\t\t<figure class=\"slide-image-wrap\">\r\n\t\t\t<img decoding=\"async\" width=\"870\" height=\"310\" src=\"https:\/\/www.code-autoradio.com\/wp-content\/uploads\/2022\/05\/autoplus.jpg\" class=\"attachment-full size-full\" alt=\"\" srcset=\"https:\/\/www.code-autoradio.com\/wp-content\/uploads\/2022\/05\/autoplus.jpg 870w, https:\/\/www.code-autoradio.com\/wp-content\/uploads\/2022\/05\/autoplus-600x214.jpg 600w, https:\/\/www.code-autoradio.com\/wp-content\/uploads\/2022\/05\/autoplus-300x107.jpg 300w, https:\/\/www.code-autoradio.com\/wp-content\/uploads\/2022\/05\/autoplus-768x274.jpg 768w, https:\/\/www.code-autoradio.com\/wp-content\/uploads\/2022\/05\/autoplus-150x53.jpg 150w\" sizes=\"(max-width: 870px) 100vw, 870px\" title=\"\">\t\t<\/figure>\r\n\t\t\t\t<figure class=\"slide-image-wrap\">\r\n\t\t\t<img decoding=\"async\" width=\"1318\" height=\"294\" src=\"https:\/\/www.code-autoradio.com\/wp-content\/uploads\/2022\/05\/Aramisauto.png\" class=\"attachment-full size-full\" alt=\"\" srcset=\"https:\/\/www.code-autoradio.com\/wp-content\/uploads\/2022\/05\/Aramisauto.png 1318w, https:\/\/www.code-autoradio.com\/wp-content\/uploads\/2022\/05\/Aramisauto-600x134.png 600w, https:\/\/www.code-autoradio.com\/wp-content\/uploads\/2022\/05\/Aramisauto-300x67.png 300w, https:\/\/www.code-autoradio.com\/wp-content\/uploads\/2022\/05\/Aramisauto-1024x228.png 1024w, https:\/\/www.code-autoradio.com\/wp-content\/uploads\/2022\/05\/Aramisauto-768x171.png 768w, https:\/\/www.code-autoradio.com\/wp-content\/uploads\/2022\/05\/Aramisauto-150x33.png 150w\" sizes=\"(max-width: 1318px) 100vw, 1318px\" title=\"\">\t\t<\/figure>\r\n\t\t\t\t<figure class=\"slide-image-wrap\">\r\n\t\t\t<img decoding=\"async\" width=\"448\" height=\"94\" src=\"https:\/\/www.code-autoradio.com\/wp-content\/uploads\/2022\/05\/autohero.png\" class=\"attachment-full size-full\" alt=\"\" srcset=\"https:\/\/www.code-autoradio.com\/wp-content\/uploads\/2022\/05\/autohero.png 448w, https:\/\/www.code-autoradio.com\/wp-content\/uploads\/2022\/05\/autohero-300x63.png 300w, https:\/\/www.code-autoradio.com\/wp-content\/uploads\/2022\/05\/autohero-150x31.png 150w\" sizes=\"(max-width: 448px) 100vw, 448px\" title=\"\">\t\t<\/figure>\r\n\t\t\t\t<figure class=\"slide-image-wrap\">\r\n\t\t\t<img decoding=\"async\" width=\"215\" height=\"92\" src=\"https:\/\/www.code-autoradio.com\/wp-content\/uploads\/2022\/05\/automoto.png\" class=\"attachment-full size-full\" alt=\"\" srcset=\"https:\/\/www.code-autoradio.com\/wp-content\/uploads\/2022\/05\/automoto.png 215w, https:\/\/www.code-autoradio.com\/wp-content\/uploads\/2022\/05\/automoto-150x64.png 150w\" sizes=\"(max-width: 215px) 100vw, 215px\" title=\"\">\t\t<\/figure>\r\n\t\t\t\t<figure class=\"slide-image-wrap\">\r\n\t\t\t<img decoding=\"async\" width=\"2000\" height=\"451\" src=\"https:\/\/www.code-autoradio.com\/wp-content\/uploads\/2022\/05\/largus.png\" class=\"attachment-full size-full\" alt=\"\" srcset=\"https:\/\/www.code-autoradio.com\/wp-content\/uploads\/2022\/05\/largus.png 2000w, https:\/\/www.code-autoradio.com\/wp-content\/uploads\/2022\/05\/largus-600x135.png 600w, https:\/\/www.code-autoradio.com\/wp-content\/uploads\/2022\/05\/largus-300x68.png 300w, https:\/\/www.code-autoradio.com\/wp-content\/uploads\/2022\/05\/largus-1024x231.png 1024w, https:\/\/www.code-autoradio.com\/wp-content\/uploads\/2022\/05\/largus-768x173.png 768w, https:\/\/www.code-autoradio.com\/wp-content\/uploads\/2022\/05\/largus-1536x346.png 1536w, https:\/\/www.code-autoradio.com\/wp-content\/uploads\/2022\/05\/largus-150x34.png 150w\" sizes=\"(max-width: 2000px) 100vw, 2000px\" title=\"\">\t\t<\/figure>\r\n\t\t<\/div>\r\n<\/div>\r\n[vc_row_inner][vc_column_inner width=&#8221;1\/2&#8243;]<div class=\"riode-accordion-container  wpb_custom_45edbf32a68f703d311a8deeac51cee4\" >\r\n<div class=\" accordion\"><div class=\"riode-accordion-item-container card  wpb_custom_2d4bdb507d16bc88d18e708cdf906ed3\" >\r\n<div class=\"card-header\">\r\n\t<a href=\"#\" class=\"collapse\">\r\n\t<span class=\"title\">Como \u00e9 que descubro o c\u00f3digo de um autorr\u00e1dio?<\/span><span class=\"toggle-icon opened\"><i class=\"d-icon-minus\"><\/i><\/span><span class=\"toggle-icon closed\"><i class=\"d-icon-plus\"><\/i><\/span>\t<\/a>\r\n<\/div>\r\n<div class=\"card-body expanded\">\r\n[vc_column_text]Precisamos do n\u00famero de s\u00e9rie e, se aplic\u00e1vel, do n\u00famero do dispositivo do seu r\u00e1dio para podermos efetuar a pesquisa de c\u00f3digos. Para algumas marcas, como a NISSAN, a data tamb\u00e9m \u00e9 solicitada.<\/p>\n<p>Para pesquisas baseadas no n\u00famero de s\u00e9rie do ve\u00edculo, apenas \u00e9 necess\u00e1rio o VIN.[\/vc_column_text]<\/div>\r\n<\/div>\r\n<div class=\"riode-accordion-item-container card  wpb_custom_2d4bdb507d16bc88d18e708cdf906ed3\" >\r\n<div class=\"card-header\">\r\n\t<a href=\"#\" class=\"expand\">\r\n\t<span class=\"title\">N\u00e3o recebi o meu c\u00f3digo por correio eletr\u00f3nico: porqu\u00ea?<\/span><span class=\"toggle-icon opened\"><i class=\"d-icon-minus\"><\/i><\/span><span class=\"toggle-icon closed\"><i class=\"d-icon-plus\"><\/i><\/span>\t<\/a>\r\n<\/div>\r\n<div class=\"card-body collapsed\">\r\n[vc_column_text]Todos os pedidos dos clientes s\u00e3o atendidos, sem exce\u00e7\u00e3o. Se a nossa mensagem n\u00e3o aparecer na sua caixa de correio eletr\u00f3nico, verifique a sua pasta de spam.<\/p>\n<p>Para os utilizadores do Gmail, verificar os separadores &#8220;Promo\u00e7\u00f5es&#8221; e &#8220;Redes sociais&#8221;, onde a nossa mensagem pode ser reencaminhada automaticamente.[\/vc_column_text]<\/div>\r\n<\/div>\r\n<div class=\"riode-accordion-item-container card  wpb_custom_2d4bdb507d16bc88d18e708cdf906ed3\" >\r\n<div class=\"card-header\">\r\n\t<a href=\"#\" class=\"expand\">\r\n\t<span class=\"title\">Onde est\u00e1 localizado o c\u00f3digo do autorr\u00e1dio?<\/span><span class=\"toggle-icon opened\"><i class=\"d-icon-minus\"><\/i><\/span><span class=\"toggle-icon closed\"><i class=\"d-icon-plus\"><\/i><\/span>\t<\/a>\r\n<\/div>\r\n<div class=\"card-body collapsed\">\r\n[vc_column_text]O seu autorr\u00e1dio pode ser consultado no <a href=\"https:\/\/www.renault.fr\/entretien.html\" target=\"_blank\" rel=\"noopener\">livro de servi\u00e7o<\/a> ou no livro de registo do ve\u00edculo.[\/vc_column_text]<\/div>\r\n<\/div>\r\n<div class=\"riode-accordion-item-container card  wpb_custom_2d4bdb507d16bc88d18e708cdf906ed3\" >\r\n<div class=\"card-header\">\r\n\t<a href=\"#\" class=\"expand\">\r\n\t<span class=\"title\">Como \u00e9 que recupero o c\u00f3digo do autorr\u00e1dio?<\/span><span class=\"toggle-icon opened\"><i class=\"d-icon-minus\"><\/i><\/span><span class=\"toggle-icon closed\"><i class=\"d-icon-plus\"><\/i><\/span>\t<\/a>\r\n<\/div>\r\n<div class=\"card-body collapsed\">\r\n[vc_column_text]Pode utilizar o servi\u00e7o online do Code-autoradio.com para receber o seu c\u00f3digo utilizando o nosso <strong>gerador de c\u00f3digos para auto-r\u00e1dios<\/strong>. Depois de reparar o seu autorr\u00e1dio <a href=\"https:\/\/www.volkswagen.fr\/fr\/entretenir\/informations-importantes\/navigation-gps.html\" target=\"_blank\" rel=\"noopener\">VW<\/a>, n\u00e3o se esque\u00e7a de atualizar o seu GPS.[\/vc_column_text]<\/div>\r\n<\/div>\r\n<\/div><\/div>\r\n[\/vc_column_inner][vc_column_inner width=&#8221;1\/2&#8243;]<div class=\"riode-accordion-container  wpb_custom_45edbf32a68f703d311a8deeac51cee4\" >\r\n<div class=\" accordion\"><div class=\"riode-accordion-item-container card  wpb_custom_2d4bdb507d16bc88d18e708cdf906ed3\" >\r\n<div class=\"card-header\">\r\n\t<a href=\"#\" class=\"collapse\">\r\n\t<span class=\"title\">Onde posso encontrar o n\u00famero de s\u00e9rie?<\/span><span class=\"toggle-icon opened\"><i class=\"d-icon-minus\"><\/i><\/span><span class=\"toggle-icon closed\"><i class=\"d-icon-plus\"><\/i><\/span>\t<\/a>\r\n<\/div>\r\n<div class=\"card-body expanded\">\r\n[vc_column_text]Esta informa\u00e7\u00e3o pode ser encontrada na parte da frente do r\u00e1dio, na etiqueta na parte de tr\u00e1s ou gravada diretamente na caixa.<\/p>\n<p>Em cada p\u00e1gina de produto, mostramos-lhe como retirar o autorr\u00e1dio e que s\u00e9rie de n\u00fameros corresponde ao n\u00famero de s\u00e9rie e ao n\u00famero da unidade.[\/vc_column_text]<\/div>\r\n<\/div>\r\n<div class=\"riode-accordion-item-container card  wpb_custom_2d4bdb507d16bc88d18e708cdf906ed3\" >\r\n<div class=\"card-header\">\r\n\t<a href=\"#\" class=\"expand\">\r\n\t<span class=\"title\">Como \u00e9 que introduzo o c\u00f3digo no autorr\u00e1dio?<\/span><span class=\"toggle-icon opened\"><i class=\"d-icon-minus\"><\/i><\/span><span class=\"toggle-icon closed\"><i class=\"d-icon-plus\"><\/i><\/span>\t<\/a>\r\n<\/div>\r\n<div class=\"card-body collapsed\">\r\n[vc_column_text]As opera\u00e7\u00f5es a efetuar podem variar consoante a marca do aparelho, mas s\u00e3o relativamente simples. Basta introduzir os 4 ou 5 d\u00edgitos do seu c\u00f3digo pela ordem em que aparecem no teclado do seu r\u00e1dio.<\/p>\n<p>Mais uma vez, tudo \u00e9 explicado em pormenor nas p\u00e1ginas de cada marca.[\/vc_column_text]<\/div>\r\n<\/div>\r\n<div class=\"riode-accordion-item-container card  wpb_custom_2d4bdb507d16bc88d18e708cdf906ed3\" >\r\n<div class=\"card-header\">\r\n\t<a href=\"#\" class=\"expand\">\r\n\t<span class=\"title\">Como \u00e9 que obtenho um c\u00f3digo de emerg\u00eancia de 1 hora?<\/span><span class=\"toggle-icon opened\"><i class=\"d-icon-minus\"><\/i><\/span><span class=\"toggle-icon closed\"><i class=\"d-icon-plus\"><\/i><\/span>\t<\/a>\r\n<\/div>\r\n<div class=\"card-body collapsed\">\r\n[vc_column_text]Deve assinalar esta op\u00e7\u00e3o antes de validar o seu cesto. Aparece na rubrica &#8220;Emerg\u00eancia de 1 hora&#8221; e o c\u00f3digo ser-lhe-\u00e1 enviado por mensagem de texto.<\/p>\n<p>No entanto, note-se que as entregas de c\u00f3digo de emerg\u00eancia s\u00f3 s\u00e3o poss\u00edveis entre as 8h00 e as 20h00 (hora francesa).[\/vc_column_text]<\/div>\r\n<\/div>\r\n<div class=\"riode-accordion-item-container card  wpb_custom_2d4bdb507d16bc88d18e708cdf906ed3\" >\r\n<div class=\"card-header\">\r\n\t<a href=\"#\" class=\"expand\">\r\n\t<span class=\"title\">O que devo fazer se o c\u00f3digo que enviar n\u00e3o for aceite pelo autorr\u00e1dio?<\/span><span class=\"toggle-icon opened\"><i class=\"d-icon-minus\"><\/i><\/span><span class=\"toggle-icon closed\"><i class=\"d-icon-plus\"><\/i><\/span>\t<\/a>\r\n<\/div>\r\n<div class=\"card-body collapsed\">\r\n[vc_column_text]Pode acontecer que o c\u00f3digo que lhe envi\u00e1mos seja rejeitado. No entanto, isto n\u00e3o significa que o c\u00f3digo esteja incorreto.<\/p>\n<p>Um erro de digita\u00e7\u00e3o no n\u00famero de s\u00e9rie indicado na encomenda, uma data errada, um manuseamento incorreto, etc., podem implicar a n\u00e3o aceita\u00e7\u00e3o do c\u00f3digo enviado.<\/p>\n<p>Se for esse o caso, contacte a nossa equipa de apoio ao cliente, que o ajudar\u00e1 a resolver o problema. Poder\u00e1 ser-lhe pedido que apresente provas documentais, como uma fotografia da etiqueta do autorr\u00e1dio ou um v\u00eddeo.[\/vc_column_text]<\/div>\r\n<\/div>\r\n<div class=\"riode-accordion-item-container card  wpb_custom_2d4bdb507d16bc88d18e708cdf906ed3\" >\r\n<div class=\"card-header\">\r\n\t<a href=\"#\" class=\"expand\">\r\n\t<span class=\"title\">Como descodificar um autorr\u00e1dio?<\/span><span class=\"toggle-icon opened\"><i class=\"d-icon-minus\"><\/i><\/span><span class=\"toggle-icon closed\"><i class=\"d-icon-plus\"><\/i><\/span>\t<\/a>\r\n<\/div>\r\n<div class=\"card-body collapsed\">\r\n[vc_column_text]Para descodificar o seu autorr\u00e1dio, tem de nos fornecer o pr\u00e9-c\u00f3digo, o n\u00famero de s\u00e9rie do autorr\u00e1dio ou o VIN do ve\u00edculo.[\/vc_column_text]<\/div>\r\n<\/div>\r\n<\/div><\/div>\r\n[\/vc_column_inner][\/vc_row_inner][\/vc_column][\/vc_row]<\/p>\n<\/div>","protected":false},"excerpt":{"rendered":"<p>[vc_row gap=&#8221;0&#8243;][vc_column][vc_column_text] C\u00d3DIGO DO AUTO-R\u00c1DIO: OBTENHA O SEU FACILMENTE SEM IR A LADO NENHUM [\/vc_column_text][vc_row_inner css=&#8221;.vc_custom_1616525498976{margin-bottom: 15px !important;}&#8221;][vc_column_inner width=&#8221;1\/2&#8243; offset=&#8221;vc_col-lg-4 vc_col-md-6 vc_col-xs-12&#8243;][vc_column_text] Como obter o c\u00f3digo de autentica\u00e7\u00e3o Renault? Descubra todas as etapas para encontrar o c\u00f3digo de autentica\u00e7\u00e3o Renault ou o c\u00f3digo do autorr\u00e1dio Renault sem desmontar.[\/vc_column_text][vc_column_text] Como descodificar o c\u00f3digo do r\u00e1dio Audi? [&hellip;]<\/p>\n","protected":false},"author":1,"featured_media":0,"parent":0,"menu_order":0,"comment_status":"closed","ping_status":"closed","template":"","meta":{"footnotes":""},"class_list":["post-39157","page","type-page","status-publish","hentry"],"_links":{"self":[{"href":"https:\/\/www.code-autoradio.com\/pt-pt\/wp-json\/wp\/v2\/pages\/39157","targetHints":{"allow":["GET"]}}],"collection":[{"href":"https:\/\/www.code-autoradio.com\/pt-pt\/wp-json\/wp\/v2\/pages"}],"about":[{"href":"https:\/\/www.code-autoradio.com\/pt-pt\/wp-json\/wp\/v2\/types\/page"}],"author":[{"embeddable":true,"href":"https:\/\/www.code-autoradio.com\/pt-pt\/wp-json\/wp\/v2\/users\/1"}],"replies":[{"embeddable":true,"href":"https:\/\/www.code-autoradio.com\/pt-pt\/wp-json\/wp\/v2\/comments?post=39157"}],"version-history":[{"count":3,"href":"https:\/\/www.code-autoradio.com\/pt-pt\/wp-json\/wp\/v2\/pages\/39157\/revisions"}],"predecessor-version":[{"id":39187,"href":"https:\/\/www.code-autoradio.com\/pt-pt\/wp-json\/wp\/v2\/pages\/39157\/revisions\/39187"}],"wp:attachment":[{"href":"https:\/\/www.code-autoradio.com\/pt-pt\/wp-json\/wp\/v2\/media?parent=39157"}],"curies":[{"name":"wp","href":"https:\/\/api.w.org\/{rel}","templated":true}]}}