{"id":23724,"date":"2023-05-10T10:17:09","date_gmt":"2023-05-10T08:17:09","guid":{"rendered":"https:\/\/www.code-autoradio.com\/?post_type=product&#038;p=23724"},"modified":"2024-06-05T10:21:08","modified_gmt":"2024-06-05T08:21:08","slug":"codigo-autenticacao-renault-dacia","status":"publish","type":"product","link":"https:\/\/www.code-autoradio.com\/pt-pt\/codigo\/codigo-autenticacao-renault-dacia\/","title":{"rendered":"Co\u0301digo de autentic Renault Dacia Clio Captur Trafic Duster"},"content":{"rendered":"<p><iframe loading=\"lazy\" title=\"YouTube video player\" src=\"https:\/\/www.youtube.com\/embed\/syLMCaBetJk?si=KGp1vIFbW3rIp4uf\" width=\"560\" height=\"315\" frameborder=\"0\" allowfullscreen=\"allowfullscreen\"><\/iframe><\/p>\n<h2 class=\"p1\">Como descobrir Co\u0301digo de autentic Renault?<\/h2>\n<figure id=\"attachment_23735\" aria-describedby=\"caption-attachment-23735\" style=\"width: 1024px\" class=\"wp-caption aligncenter\"><img decoding=\"async\" class=\"size-large wp-image-23735\" src=\"https:\/\/www.code-autoradio.com\/wp-content\/uploads\/2022\/05\/codigo-autenticacao-PIN-incorreto-O-sistema-esta-bloqueado-Aguarde-1024x576.jpg\" alt=\"codigo autenticac\u0327a\u0303o PIN incorreto O sistema esta bloqueado Aguarde\" width=\"1024\" height=\"576\" title=\"\" srcset=\"https:\/\/www.code-autoradio.com\/wp-content\/uploads\/2022\/05\/codigo-autenticacao-PIN-incorreto-O-sistema-esta-bloqueado-Aguarde-1024x576.jpg 1024w, https:\/\/www.code-autoradio.com\/wp-content\/uploads\/2022\/05\/codigo-autenticacao-PIN-incorreto-O-sistema-esta-bloqueado-Aguarde-600x338.jpg 600w, https:\/\/www.code-autoradio.com\/wp-content\/uploads\/2022\/05\/codigo-autenticacao-PIN-incorreto-O-sistema-esta-bloqueado-Aguarde-300x169.jpg 300w, https:\/\/www.code-autoradio.com\/wp-content\/uploads\/2022\/05\/codigo-autenticacao-PIN-incorreto-O-sistema-esta-bloqueado-Aguarde-768x432.jpg 768w, https:\/\/www.code-autoradio.com\/wp-content\/uploads\/2022\/05\/codigo-autenticacao-PIN-incorreto-O-sistema-esta-bloqueado-Aguarde-1536x864.jpg 1536w, https:\/\/www.code-autoradio.com\/wp-content\/uploads\/2022\/05\/codigo-autenticacao-PIN-incorreto-O-sistema-esta-bloqueado-Aguarde-150x84.jpg 150w, https:\/\/www.code-autoradio.com\/wp-content\/uploads\/2022\/05\/codigo-autenticacao-PIN-incorreto-O-sistema-esta-bloqueado-Aguarde.jpg 1600w\" sizes=\"(max-width: 1024px) 100vw, 1024px\" \/><figcaption id=\"caption-attachment-23735\" class=\"wp-caption-text\">codigo autenticac\u0327a\u0303o PIN incorreto O sistema esta bloqueado Aguarde<\/figcaption><\/figure>\n<h2 class=\"p1\">Como descobrir o c\u00f3digo do meu r\u00e1dio Renault?<\/h2>\n<figure id=\"attachment_23726\" aria-describedby=\"caption-attachment-23726\" style=\"width: 1024px\" class=\"wp-caption aligncenter\"><img decoding=\"async\" class=\"size-large wp-image-23726\" src=\"https:\/\/www.code-autoradio.com\/wp-content\/uploads\/2022\/05\/codigo-autenticacao-1024x682.jpg\" alt=\"codigo autenticac\u0327a\u0303o\" width=\"1024\" height=\"682\" title=\"\" srcset=\"https:\/\/www.code-autoradio.com\/wp-content\/uploads\/2022\/05\/codigo-autenticacao-1024x682.jpg 1024w, https:\/\/www.code-autoradio.com\/wp-content\/uploads\/2022\/05\/codigo-autenticacao-600x400.jpg 600w, https:\/\/www.code-autoradio.com\/wp-content\/uploads\/2022\/05\/codigo-autenticacao-300x200.jpg 300w, https:\/\/www.code-autoradio.com\/wp-content\/uploads\/2022\/05\/codigo-autenticacao-768x512.jpg 768w, https:\/\/www.code-autoradio.com\/wp-content\/uploads\/2022\/05\/codigo-autenticacao-150x100.jpg 150w, https:\/\/www.code-autoradio.com\/wp-content\/uploads\/2022\/05\/codigo-autenticacao.jpg 1082w\" sizes=\"(max-width: 1024px) 100vw, 1024px\" \/><figcaption id=\"caption-attachment-23726\" class=\"wp-caption-text\">codigo autenticac\u0327a\u0303o<\/figcaption><\/figure>\n<h2 class=\"p1\">Como gerar o c\u00f3digo do r\u00e1dio da Renault?<\/h2>\n<h2 class=\"p1\"><img decoding=\"async\" class=\"aligncenter size-large wp-image-23645\" src=\"https:\/\/www.code-autoradio.com\/wp-content\/uploads\/2022\/10\/vin-renault-parebrise-879x1024.jpeg\" alt=\"\" width=\"879\" height=\"1024\" title=\"\" srcset=\"https:\/\/www.code-autoradio.com\/wp-content\/uploads\/2022\/10\/vin-renault-parebrise-879x1024.jpeg 879w, https:\/\/www.code-autoradio.com\/wp-content\/uploads\/2022\/10\/vin-renault-parebrise-600x699.jpeg 600w, https:\/\/www.code-autoradio.com\/wp-content\/uploads\/2022\/10\/vin-renault-parebrise-258x300.jpeg 258w, https:\/\/www.code-autoradio.com\/wp-content\/uploads\/2022\/10\/vin-renault-parebrise-768x894.jpeg 768w, https:\/\/www.code-autoradio.com\/wp-content\/uploads\/2022\/10\/vin-renault-parebrise-150x175.jpeg 150w, https:\/\/www.code-autoradio.com\/wp-content\/uploads\/2022\/10\/vin-renault-parebrise.jpeg 899w\" sizes=\"(max-width: 879px) 100vw, 879px\" \/>Como saber o c\u00f3digo de autenticacao do KWID Captur Clio Trafic ?<\/h2>\n<h2>1 &#8211; Como encontrar o n\u00famero de s\u00e9rie (VIN) de um ve\u00edculo Renault para desbloquear o seu r\u00e1dio autom\u00f3vel?<\/h2>\n<p>Primeiro m\u00e9todo com o seu documento de registo autom\u00f3vel<br \/>\nAbra o seu documento de registo autom\u00f3vel e encontre a letra E<\/p>\n<p>\u00c9 aqui que encontrar\u00e1 o seu VIN (N\u00famero de Identifica\u00e7\u00e3o do Ve\u00edculo).<\/p>\n<p>Segundo m\u00e9todo com chassi ou porta<br \/>\nSe n\u00e3o tiver o seu certificado de registo consigo, o VIN est\u00e1 tamb\u00e9m escrito no chassis do carro ou numa etiqueta na porta.<\/p>\n<p>Todos os VINs t\u00eam 17 caracteres (ex. VF12RAU1C56477160) e os VINs Renault come\u00e7am sempre com VF1!<\/p>\n<h2>2 &#8211; Como inserir o c\u00f3digo de autentica\u00e7\u00e3o no meu auto-r\u00e1dio Renault GPS?<\/h2>\n<p>Renault MULTIMEDIA SYSTEMS : EASY LINK \/ R-LINK 2 \/ R-LINK Evolution \/ Media Nav Evolution \/ Radio Connect R&amp;GO<br \/>\nQuando receber o nosso e-mail ou sms com o seu c\u00f3digo, introduza-o e confirme pressionando ok.<\/p>\n<p>Ligar a igni\u00e7\u00e3o.<br \/>\nO visor deve mostrar &#8220;C\u00f3digo de autentica\u00e7\u00e3o&#8221; ou &#8220;PIN n\u00e3o v\u00e1lido, o sistema est\u00e1 bloqueado, por favor aguarde&#8230;&#8221; com um tempo de espera.<br \/>\nPrima os bot\u00f5es no visor para introduzir o c\u00f3digo do r\u00e1dio do carro para o seu Renault.<br \/>\nPrima ok para validar o c\u00f3digo.<\/p>\n","protected":false},"excerpt":{"rendered":"<h2>Como encontrar o c\u00f3digo de autentica\u00e7\u00e3o Renault EASY LINK \/ R-LINK 2 \/ R-LINK Evolution \/ Media Nav Evolution \/ Radio Connect R&amp;GO ?<\/h2>\n","protected":false},"featured_media":8008,"template":"","meta":[],"product_brand":[],"product_cat":[327],"product_tag":[],"class_list":{"0":"post-23724","1":"product","2":"type-product","3":"status-publish","4":"has-post-thumbnail","6":"product_cat-renault-pt-pt","8":"first","9":"instock","10":"sale","11":"virtual","12":"sold-individually","13":"taxable","14":"purchasable","15":"product-type-simple"},"_links":{"self":[{"href":"https:\/\/www.code-autoradio.com\/pt-pt\/wp-json\/wp\/v2\/product\/23724","targetHints":{"allow":["GET"]}}],"collection":[{"href":"https:\/\/www.code-autoradio.com\/pt-pt\/wp-json\/wp\/v2\/product"}],"about":[{"href":"https:\/\/www.code-autoradio.com\/pt-pt\/wp-json\/wp\/v2\/types\/product"}],"wp:featuredmedia":[{"embeddable":true,"href":"https:\/\/www.code-autoradio.com\/pt-pt\/wp-json\/wp\/v2\/media\/8008"}],"wp:attachment":[{"href":"https:\/\/www.code-autoradio.com\/pt-pt\/wp-json\/wp\/v2\/media?parent=23724"}],"wp:term":[{"taxonomy":"product_brand","embeddable":true,"href":"https:\/\/www.code-autoradio.com\/pt-pt\/wp-json\/wp\/v2\/product_brand?post=23724"},{"taxonomy":"product_cat","embeddable":true,"href":"https:\/\/www.code-autoradio.com\/pt-pt\/wp-json\/wp\/v2\/product_cat?post=23724"},{"taxonomy":"product_tag","embeddable":true,"href":"https:\/\/www.code-autoradio.com\/pt-pt\/wp-json\/wp\/v2\/product_tag?post=23724"}],"curies":[{"name":"wp","href":"https:\/\/api.w.org\/{rel}","templated":true}]}}