{"id":39129,"date":"2019-07-12T00:00:00","date_gmt":"2019-07-11T22:00:00","guid":{"rendered":"https:\/\/www.code-autoradio.com\/informatii-juridice\/"},"modified":"2019-07-12T00:00:00","modified_gmt":"2019-07-11T22:00:00","slug":"informatii-juridice","status":"publish","type":"page","link":"https:\/\/www.code-autoradio.com\/ro\/informatii-juridice\/","title":{"rendered":"Informa\u021bii juridice"},"content":{"rendered":"<h2>DENUMIREA \u0218I SEDIUL SOCIAL :<\/h2>\n<p>&nbsp;<\/p>\n<h2>SASU MGLX<br \/>\nSIREN : 885220897<br \/>\n\u00cenregistrat la INSEE la 17-07-2020<\/h2>\n<h2>G\u0103zduire<\/h2>\n<p>O2SWITCH, 222-224 Boulevard Gustave Flaubert 63000 Clermont-Ferrand 63000 Clermont-Ferrand<br \/>\nSARL o2switch cu un capital de 7500\u20ac.<br \/>\nRCS: Clermont-Ferrand &#8211; SIRET: 510 909 80700016 &#8211; TVA: FR35510909807<\/p>\n<h2>Prelucrarea datelor cu caracter personal<\/h2>\n<p>Vizitatorii au dreptul de acces, modificare, rectificare \u0219i \u0219tergere a datelor care \u00eei privesc (articolul 34 din Legea francez\u0103 privind protec\u021bia datelor). Pentru a v\u0103 exercita acest drept, v\u0103 rug\u0103m s\u0103 contacta\u021bi directorii de publica\u021bii men\u021biona\u021bi mai sus prin e-mail. \u00cen plus, \u00een conformitate cu Legea nr. 2004-801 din 6 august 2004 privind protec\u021bia persoanelor fizice \u00een ceea ce prive\u0219te prelucrarea datelor cu caracter personal, de modificare a Legii nr. 78-17 din 6 ianuarie 1978, acest site a fost \u00eenregistrat la CNIL sub num\u0103rul.<\/p>\n<h2>Drepturile de proprietate intelectual\u0103<\/h2>\n<p>\u00centregul site se supune legisla\u021biei franceze \u0219i interna\u021bionale privind drepturile de autor \u0219i proprietatea intelectual\u0103. Toate drepturile de reproducere sunt rezervate, inclusiv pentru documentele iconografice \u0219i fotografice. Orice reproducere total\u0103 sau par\u021bial\u0103 a acestui site, prin orice mijloace, constituie o contrafacere pedepsit\u0103 de articolele L 335-2 \u0219i urm\u0103toarele din Codul francez al propriet\u0103\u021bii intelectuale. Acela\u0219i lucru este valabil \u0219i pentru bazele de date de pe site, care sunt protejate de dispozi\u021biile Directivei europene din 11 martie 1996 privind protec\u021bia juridic\u0103 a bazelor de date.<\/p>\n<h2>Declinarea r\u0103spunderii<\/h2>\n<p>V\u0103 rug\u0103m s\u0103 re\u021bine\u021bi c\u0103 code-autoradio.Com este un site web independent \u0219i nu este \u00een nici un fel licen\u021biat, conectat sau asociat cu nici o marc\u0103 auto, toate drepturile de autor \u0219i m\u0103rcile comerciale sunt proprietatea proprietarilor lor, nu vindem sau furniz\u0103m nici un produs. Suntem speciali\u0219ti \u00een decodarea radiourilor auto \u0219i toate decodific\u0103rile noastre sunt ob\u021binute fie prin intermediul bazelor de date pe care le de\u021binem, fie prin instrumente interne de decodare radio pentru  <a href=\"https:\/\/www.code-autoradio.com\/produit\/renault\/\">Codul radio al ma\u0219inii Renault<\/a>,  <a href=\"https:\/\/www.code-autoradio.com\/produit\/ford\/\">Cod radio auto Ford<\/a>,  Cod radio <a href=\"https:\/\/www.code-autoradio.com\/produit\/code-autoradio-nissan\/\">auto Nissan<\/a>, cod radio <a href=\"https:\/\/www.code-autoradio.com\/produit\/seat\/\">auto Seat<\/a>, cod <a href=\"https:\/\/www.code-autoradio.com\/produit\/audi\/\">radio auto Audi<\/a>, cod <a href=\"https:\/\/www.code-autoradio.com\/produit\/volkswagen\/\">radio auto Volkswagen<\/a>, <a href=\"https:\/\/www.code-autoradio.com\/produit\/renault-navigation-gps\/\">cod radio auto Renault, cod de autentificare Renault<\/a> etc&#8230;<\/p>\n","protected":false},"excerpt":{"rendered":"<p>DENUMIREA \u0218I SEDIUL SOCIAL : &nbsp; SASU MGLX SIREN : 885220897 \u00cenregistrat la INSEE la 17-07-2020 G\u0103zduire O2SWITCH, 222-224 Boulevard Gustave Flaubert 63000 Clermont-Ferrand 63000 Clermont-Ferrand SARL o2switch cu un capital de 7500\u20ac. RCS: Clermont-Ferrand &#8211; SIRET: 510 909 80700016 &#8211; TVA: FR35510909807 Prelucrarea datelor cu caracter personal Vizitatorii au dreptul de acces, modificare, rectificare [&hellip;]<\/p>\n","protected":false},"author":1,"featured_media":0,"parent":0,"menu_order":0,"comment_status":"closed","ping_status":"open","template":"","meta":{"footnotes":""},"class_list":["post-39129","page","type-page","status-publish","hentry"],"_links":{"self":[{"href":"https:\/\/www.code-autoradio.com\/ro\/wp-json\/wp\/v2\/pages\/39129","targetHints":{"allow":["GET"]}}],"collection":[{"href":"https:\/\/www.code-autoradio.com\/ro\/wp-json\/wp\/v2\/pages"}],"about":[{"href":"https:\/\/www.code-autoradio.com\/ro\/wp-json\/wp\/v2\/types\/page"}],"author":[{"embeddable":true,"href":"https:\/\/www.code-autoradio.com\/ro\/wp-json\/wp\/v2\/users\/1"}],"replies":[{"embeddable":true,"href":"https:\/\/www.code-autoradio.com\/ro\/wp-json\/wp\/v2\/comments?post=39129"}],"version-history":[{"count":0,"href":"https:\/\/www.code-autoradio.com\/ro\/wp-json\/wp\/v2\/pages\/39129\/revisions"}],"wp:attachment":[{"href":"https:\/\/www.code-autoradio.com\/ro\/wp-json\/wp\/v2\/media?parent=39129"}],"curies":[{"name":"wp","href":"https:\/\/api.w.org\/{rel}","templated":true}]}}