{"id":39144,"date":"2019-01-31T00:00:00","date_gmt":"2019-01-30T23:00:00","guid":{"rendered":"https:\/\/www.code-autoradio.com\/termeni-si-conditii-generale\/"},"modified":"2019-01-31T00:00:00","modified_gmt":"2019-01-30T23:00:00","slug":"termeni-si-conditii-generale","status":"publish","type":"page","link":"https:\/\/www.code-autoradio.com\/ro\/termeni-si-conditii-generale\/","title":{"rendered":"TERMENI \u0218I CONDI\u021aII GENERALE"},"content":{"rendered":"<h3>Regula nr. 1: Exhaustivitatea<\/h3>\n<p>Orice comand\u0103 plasat\u0103 pentru un produs \u00een magazinul online implic\u0103 acceptarea integral\u0103 \u0219i f\u0103r\u0103 rezerve a acestor condi\u021bii generale de v\u00e2nzare. Nicio condi\u021bie general\u0103 sau specific\u0103 care apare \u00een documentele trimise sau predate de c\u0103tre client nu poate fi \u00eencorporat\u0103 \u00een prezentele condi\u021bii, \u00een m\u0103sura \u00een care aceste documente sunt incompatibile cu prezentele condi\u021bii. \u00cen cazul \u00een care oricare dintre clauzele prezentului contract devine nul\u0103 \u0219i neavenit\u0103 ca urmare a unei modific\u0103ri legislative sau normative sau a unei hot\u0103r\u00e2ri judec\u0103tore\u0219ti, acest lucru nu va afecta \u00een niciun fel validitatea \u0219i respectarea prezentelor condi\u021bii generale de v\u00e2nzare.<\/p>\n<h3>Regula nr. 2: Intrarea \u00een vigoare &#8211; validarea ordinului<\/h3>\n<p>Ace\u0219ti termeni \u0219i condi\u021bii intr\u0103 \u00een vigoare \u00een momentul \u00een care clientul \u00ee\u0219i valideaz\u0103 comanda. Prin urmare, acesta declar\u0103 c\u0103 accept\u0103 integral \u0219i f\u0103r\u0103 rezerve aceste condi\u021bii generale de v\u00e2nzare. Prezentele condi\u021bii generale se \u00eencheie pe durata necesar\u0103 pentru furnizarea bunurilor \u0219i serviciilor subscrise, p\u00e2n\u0103 la stingerea garan\u021biilor datorate de code-autoradio.com.<\/p>\n<h3>Regula nr. 3: Dovada tranzac\u021biei<\/h3>\n<p>Datele \u00eenregistrate de <a href=\"https:\/\/www.code-autoradio.com\">code-autoradio.com<\/a> constituie dovada tuturor tranzac\u021biilor dintre <a href=\"https:\/\/www.code-autoradio.com\">code-autoradio.com<\/a> \u0219i clien\u021bii s\u0103i. Datele \u00eenregistrate de sistemul de plat\u0103 constituie dovada tranzac\u021biilor financiare.<\/p>\n<h3>Regula nr. 4: Pre\u021bul<\/h3>\n<p>Pre\u021burile sunt indicate \u00een func\u021bie de \u021bar\u0103. code-autoradio.com \u00ee\u0219i rezerv\u0103 dreptul de a-\u0219i modifica pre\u021burile \u00een orice moment, dar se angajeaz\u0103 s\u0103 aplice tarifele \u00een vigoare la momentul comenzii. Produsele r\u0103m\u00e2n \u00een proprietatea code-autoradio.com p\u00e2n\u0103 la primirea pl\u0103\u021bii integrale de c\u0103tre code-autoradio.com.<\/p>\n<h3>Regula nr. 5: Metoda de plat\u0103<\/h3>\n<p>Pentru a-\u0219i pl\u0103ti comanda, clien\u021bii pot utiliza oricare dintre metodele de plat\u0103 indicate pe formularul de comand\u0103. Clientul garanteaz\u0103 code-autoradio.com c\u0103 dispune de autoriza\u021biile necesare pentru a utiliza metoda de plat\u0103 aleas\u0103 de el\/ea \u00een momentul valid\u0103rii formularului de comand\u0103. code-autoradio.com \u00ee\u0219i rezerv\u0103 dreptul de a suspenda orice comand\u0103 \u0219i orice livrare \u00een cazul refuzului de autorizare a pl\u0103\u021bii cu cardul bancar de c\u0103tre organiza\u021biile acreditate oficial sau \u00een cazul nepl\u0103\u021bii. code-autoradio.com \u00ee\u0219i rezerv\u0103 dreptul de a anula orice comand\u0103 de la un client cu care exist\u0103 un litigiu legat de plata unei comenzi anterioare. code-autoradio.com a implementat o procedur\u0103 de verificare a comenzilor, menit\u0103 s\u0103 asigure c\u0103 nimeni nu folose\u0219te datele bancare ale unei alte persoane f\u0103r\u0103 \u0219tirea acesteia. Ca parte a acestei verific\u0103ri, clientului i se poate cere s\u0103 trimit\u0103 o copie a unui document de identitate \u0219i o dovad\u0103 a adresei c\u0103tre code-autoradio.com prin e-mail sau prin po\u0219t\u0103. Comanda nu va fi validat\u0103 dec\u00e2t dup\u0103 ce documentele trimise au fost primite \u0219i verificate.<\/p>\n<h3>Regula nr. 6: Disponibilitatea<\/h3>\n<p>code-autoradio.com se angajeaz\u0103 s\u0103 onoreze comenzile primite pe site numai \u00een limita stocurilor disponibile de produse. \u00cen cazul \u00een care produsul nu este disponibil, code-autoradio.com se angajeaz\u0103 s\u0103 informeze clientul \u00een cel mai scurt timp posibil. Ace\u0219tia din urm\u0103 vor avea apoi posibilitatea de a solicita fie rambursarea sumelor pl\u0103tite \u00een termen de cel mult 30 de zile de la efectuarea pl\u0103\u021bii, fie schimbarea produsului. \u00cen cazul unor lipsuri temporare din stoc, oferim clien\u021bilor op\u021biunea de a-\u0219i anula comanda sau de a accepta s\u0103 o primeasc\u0103 la o dat\u0103 ulterioar\u0103, la primirea articolelor temporar indisponibile. Toate produsele, cum ar fi codurile radio <a href=\"https:\/\/www.code-autoradio.com\/produit\/renault\/\">Renault<\/a>, codurile radio <a href=\"https:\/\/www.code-autoradio.com\/produit\/ford\/\">Ford<\/a>, codurile <a href=\"https:\/\/www.code-autoradio.com\/produit\/code-autoradio-nissan\/\">radio Nissan<\/a>, codurile radio <a href=\"https:\/\/www.code-autoradio.com\/produit\/seat\/\">Seat<\/a>, codurile radio <a href=\"https:\/\/www.code-autoradio.com\/produit\/audi\/\">Audi<\/a>, codurile radio <a href=\"https:\/\/www.code-autoradio.com\/produit\/volkswagen\/\">Volkswagen<\/a>, codurile de <a href=\"https:\/\/www.code-autoradio.com\/produit\/renault-navigation-gps\/\">autentificare Renault<\/a>, etc&#8230; sunt disponibile 24\/7!<\/p>\n<h3>Norma 7: Condi\u021bii de livrare<\/h3>\n<p>Produsul comandat este livrat prin e-mail, SMS, po\u0219t\u0103 sau prin intermediul unui transportator independent, \u00een func\u021bie de natura produsului comandat \u0219i la ini\u021biativa exclusiv\u0103 a code-autoradio.com, la adresa indicat\u0103 \u00een formularul de comand\u0103. Timpii de livrare sunt estima\u021bi ex-magazin. Alegerea metodei de livrare depinde de greutatea, volumul \u0219i valoarea articolelor.<\/p>\n<h3>Regula nr. 8: Termenele de livrare<\/h3>\n<p>code-autoradio.com se angajeaz\u0103 s\u0103 efectueze livr\u0103rile \u00een termen de 48 de ore de la plata integral\u0103 a comenzii de c\u0103tre client sau 24 de ore dac\u0103 se alege op\u021biunea. \u00cen cazul unei \u00eent\u00e2rzieri neobi\u0219nuite, clientului i se va trimite un e-mail. \u00cen cazul articolelor care pot fi livrate la date diferite \u00een func\u021bie de disponibilitatea lor, perioada de livrare se bazeaz\u0103 pe cea mai lung\u0103 perioad\u0103. code-autoradio.com \u00ee\u0219i rezerv\u0103 dreptul de a \u00eemp\u0103r\u021bi livr\u0103rile. Costurile de expediere \u0219i manipulare vor fi percepute doar pentru o singur\u0103 expediere. \u00cen cazul pl\u0103\u021bii prin card de credit, timpii indica\u021bi corespund timpilor de procesare \u0219i de livrare a produselor. \u00cen cazul \u00een care clientul nu a primit nimic \u00een termen de 6 zile de la validarea comenzii, acesta trebuie s\u0103 anun\u021be code-autoradio.com, care se va ocupa direct de aceast\u0103 problem\u0103 \u0219i, dac\u0103 este necesar, poate reexpedia comanda.<\/p>\n<p>&nbsp;<\/p>\n<h3>Regula nr. 9: erori de livrare<\/h3>\n<p>code-autoradio.com se oblig\u0103 s\u0103 ramburseze sau s\u0103 schimbe produsele care nu corespund comenzii (defecte sau neconforme). Clientul trebuie s\u0103 formuleze prin orice mijloace (e-mail, scrisoare recomandat\u0103 cu confirmare de primire&#8230;) \u00een ziua livr\u0103rii sau cel t\u00e2rziu \u00een cele 14 zile lucr\u0103toare urm\u0103toare livr\u0103rii orice reclama\u021bie privind articolele care nu corespund comenzii sale (eroare de livrare, neconformitate a produselor&#8230;). Reclama\u021biile trebuie adresate Departamentului de servicii pentru clien\u021bi, ale c\u0103rui date de contact sunt men\u021bionate la articolul 11. \u00cen cazul unei reclama\u021bii, clientul trebuie s\u0103 furnizeze datele sale de contact, num\u0103rul comenzii, referin\u021bele produsului indicate pe bonul de livrare \u0219i motivele reclama\u021biei. Orice cerere de desp\u0103gubire depus\u0103 dup\u0103 acest termen nu va fi acceptat\u0103. Returnarea produselor \u00een cazul unei erori, defecte sau neconformit\u0103\u021bi a produsului poate fi acceptat\u0103 numai pentru produsele complete, \u00een starea lor original\u0103 (ambalaj, accesorii, instruc\u021biuni etc.). Pentru a facilita gestionarea administrativ\u0103, v\u0103 recomand\u0103m s\u0103 ob\u021bine\u021bi un num\u0103r de urm\u0103rire \u00eenainte de a returna produsul.<\/p>\n<p>Pentru a ob\u021bine acest num\u0103r de dosar, clien\u021bii trebuie s\u0103 trimit\u0103 un e-mail la adresa: contact@code-autoradio.com.<\/p>\n<h3>Regula nr. 10: Detalii de contact pentru clien\u021bi \u0219i serviciul tehnic<\/h3>\n<p>Pentru orice informa\u021bii sau \u00eentreb\u0103ri legate de comanda dumneavoastr\u0103, v\u0103 rug\u0103m s\u0103 contacta\u021bi Serviciul Clien\u021bi:<\/p>\n<p>Email : contact@code-autoradio.com<\/p>\n<h3>Regula nr. 11: Garan\u021biile produselor<\/h3>\n<p>Garan\u021bia produc\u0103torului pentru produsele tehnice :<\/p>\n<p>Garan\u021bia comercial\u0103 oferit\u0103 de code-autoradio.com este garan\u021bia produc\u0103torului. Perioada de garan\u021bie inclus\u0103 \u00een pre\u021buri este cea men\u021bionat\u0103 \u00een descrierea produsului pe site. Aceasta intr\u0103 \u00een vigoare la data primirii coletului, data indicat\u0103 pe factura de achizi\u021bie fiind considerat\u0103 drept dovad\u0103. Acoper\u0103 repararea aparatului (piese \u0219i manoper\u0103) pentru o perioad\u0103 de 2 ani de la primirea produsului de c\u0103tre consumator. Deoarece este vorba de o garan\u021bie a produc\u0103torului, service-ul se efectueaz\u0103 \u00een general la sta\u021biile tehnice ale produc\u0103torului. Departamentul nostru tehnic v\u0103 va oferi detalii privind modul de efectuare a lucr\u0103rilor. Clientul \u00eel poate contacta folosind datele de contact specificate la articolul 11.<\/p>\n<p>Aceast\u0103 garan\u021bie contractual\u0103 presupune o utilizare normal\u0103 a aparatului \u0219i o \u00eentre\u021binere corespunz\u0103toare \u00een conformitate cu instruc\u021biunile produc\u0103torului furnizate \u00eempreun\u0103 cu produsul. Punerea \u00een aplicare a acestei garan\u021bii comerciale este, de asemenea, condi\u021bionat\u0103 de absen\u021ba interven\u021biei unei ter\u021be p\u0103r\u021bi care nu a fost aprobat\u0103 de produc\u0103tor. \u00cen cazul unei defec\u021biuni sau a unei neconformit\u0103\u021bi a produsului, considerat\u0103 ireparabil\u0103 de c\u0103tre tehnicienii delega\u021bi de produc\u0103tor \u0219i \u00een m\u0103sura \u00een care este posibil, se va oferi un schimb standard cu un produs echivalent. Dac\u0103 este cazul, se va emite o rambursare.<\/p>\n<p>Acestea nu acoper\u0103 utilizarea anormal\u0103 sau neconform\u0103 a produselor, defec\u021biunile legate de accesorii, defectele sau consecin\u021bele datorate utiliz\u0103rii neconforme a produsului \u00een scopul pentru care a fost conceput. Pentru a afla care sunt pa\u0219ii de urmat \u00een ceea ce prive\u0219te serviciul post-v\u00e2nzare pentru orice problem\u0103 sau defec\u021biune a unui produs, clientul poate contacta departamentul de servicii tehnice folosind datele de contact specificate la articolul 11. \u00cen acest caz, costurile de transport \u0219i de returnare vor fi suportate de client. Pentru a beneficia de garan\u021bia produsului, este esen\u021bial s\u0103 p\u0103stra\u021bi factura de achizi\u021bie a produsului.<\/p>\n<p>Este necesar s\u0103 ob\u021bine\u021bi un acord de returnare \u00eenainte de a returna orice produs.<\/p>\n<p>Pentru a ob\u021bine acest acord de returnare, clientul trebuie s\u0103 trimit\u0103 un e-mail la: contact@code-autoradio.com<\/p>\n<p>\u00cen cazul \u00een care clientul nu respect\u0103 aceast\u0103 procedur\u0103, code-autoradio.com nu va putea proceda la rambursarea sau schimbul men\u021bionat mai sus.<\/p>\n<h3>Regula nr. 12: Proprietatea intelectual\u0103<\/h3>\n<p>Toate elementele site-ului code-autoradio.com sunt rezervate \u00een conformitate cu legea drepturilor de autor \u0219i a propriet\u0103\u021bii intelectuale pentru \u00eentreaga lume. \u00cen acest sens, \u0219i \u00een conformitate cu dispozi\u021biile Codului francez al propriet\u0103\u021bii intelectuale, este permis\u0103 numai utilizarea \u00een scopuri private, sub rezerva unor dispozi\u021bii diferite sau chiar mai restrictive ale Codului propriet\u0103\u021bii intelectuale. Orice alt\u0103 utilizare constituie o \u00eenc\u0103lcare a legii \u0219i este pedepsit\u0103 \u00een conformitate cu legisla\u021bia privind proprietatea intelectual\u0103, cu excep\u021bia cazului \u00een care a fost ob\u021binut\u0103 o autoriza\u021bie prealabil\u0103 de la code-autoradio.com. Reproducerea total\u0103 sau par\u021bial\u0103 a site-ului este strict interzis\u0103.<\/p>\n<h3>Regula nr. 13: R\u0103spunderea<\/h3>\n<p>code-autoradio.com nu poate fi tras la r\u0103spundere pentru orice pierdere de date sau fi\u0219iere. Este responsabilitatea cump\u0103r\u0103torului s\u0103 fac\u0103 toate copiile de rezerv\u0103 necesare. Code-autoradio.com nu poate fi considerat responsabil pentru imposibilitatea total\u0103 sau par\u021bial\u0103 de utilizare a produselor, \u00een special din cauza incompatibilit\u0103\u021bii echipamentului, \u0219i nu poate fi considerat responsabil pentru nicio compensa\u021bie sau rambursare. code-autoradio.com este responsabil pentru con\u021binutul lucr\u0103rilor \u0219i poate fi tras la r\u0103spundere fa\u021b\u0103 de cump\u0103r\u0103tor.<\/p>\n<h3>Regula nr. 14: Date cu caracter personal<\/h3>\n<p>code-autoradio.com se angajeaz\u0103 s\u0103 nu divulge cu ter\u021bi informa\u021biile pe care clientul i le comunic\u0103. Acestea sunt confiden\u021biale. Acestea vor fi utilizate doar de c\u0103tre serviciile sale interne pentru a procesa comanda \u0219i pentru a consolida \u0219i personaliza comunicarea \u0219i oferta cultural\u0103 \u0219i de produse rezervate clien\u021bilor code-autoradio, \u00een special prin intermediul buletinelor informative code-autoradio.com la care clientul va fi abonat, precum \u0219i \u00een contextul personaliz\u0103rii site-ului \u00een func\u021bie de centrele de interes ale clientului. \u00cen conformitate cu legea francez\u0103 privind protec\u021bia datelor din 6 ianuarie 1978, utilizatorii au dreptul de acces \u0219i de rectificare a datelor care \u00eei privesc.<\/p>\n<h3>Norma 15: Legea aplicabil\u0103<\/h3>\n<p>Prezentul contract este guvernat de legisla\u021bia francez\u0103. Limba acestui contract este franceza. \u00cen caz de litigiu, instan\u021bele franceze au competen\u021b\u0103 exclusiv\u0103.<\/p>\n","protected":false},"excerpt":{"rendered":"<p>Regula nr. 1: Exhaustivitatea Orice comand\u0103 plasat\u0103 pentru un produs \u00een magazinul online implic\u0103 acceptarea integral\u0103 \u0219i f\u0103r\u0103 rezerve a acestor condi\u021bii generale de v\u00e2nzare. Nicio condi\u021bie general\u0103 sau specific\u0103 care apare \u00een documentele trimise sau predate de c\u0103tre client nu poate fi \u00eencorporat\u0103 \u00een prezentele condi\u021bii, \u00een m\u0103sura \u00een care aceste documente sunt incompatibile [&hellip;]<\/p>\n","protected":false},"author":1,"featured_media":0,"parent":0,"menu_order":0,"comment_status":"open","ping_status":"open","template":"","meta":{"footnotes":""},"class_list":["post-39144","page","type-page","status-publish","hentry"],"_links":{"self":[{"href":"https:\/\/www.code-autoradio.com\/ro\/wp-json\/wp\/v2\/pages\/39144","targetHints":{"allow":["GET"]}}],"collection":[{"href":"https:\/\/www.code-autoradio.com\/ro\/wp-json\/wp\/v2\/pages"}],"about":[{"href":"https:\/\/www.code-autoradio.com\/ro\/wp-json\/wp\/v2\/types\/page"}],"author":[{"embeddable":true,"href":"https:\/\/www.code-autoradio.com\/ro\/wp-json\/wp\/v2\/users\/1"}],"replies":[{"embeddable":true,"href":"https:\/\/www.code-autoradio.com\/ro\/wp-json\/wp\/v2\/comments?post=39144"}],"version-history":[{"count":0,"href":"https:\/\/www.code-autoradio.com\/ro\/wp-json\/wp\/v2\/pages\/39144\/revisions"}],"wp:attachment":[{"href":"https:\/\/www.code-autoradio.com\/ro\/wp-json\/wp\/v2\/media?parent=39144"}],"curies":[{"name":"wp","href":"https:\/\/api.w.org\/{rel}","templated":true}]}}