{"id":39162,"date":"2020-09-01T22:57:49","date_gmt":"2020-09-01T20:57:49","guid":{"rendered":"https:\/\/www.code-autoradio.com\/acasa\/"},"modified":"2024-01-23T10:47:10","modified_gmt":"2024-01-23T09:47:10","slug":"acasa","status":"publish","type":"page","link":"https:\/\/www.code-autoradio.com\/ro\/","title":{"rendered":"Acas\u0103"},"content":{"rendered":"<div class=\"wpb-content-wrapper\"><p>[vc_row gap=&#8221;0&#8243;][vc_column]<div class=\"riode-wpb-banner-container  wpb_custom_4eb06c42131ef0797c925fd00af383dd vc_custom_1655730539901\" ><div class=\"banner banner-fixed\"><figure class=\"banner-img \"><img decoding=\"async\" src=\"https:\/\/www.code-autoradio.com\/wp-content\/uploads\/2022\/05\/demontage-code-autoradio.jpeg\" alt=\"\" width=\"1200\" height=\"801\" class=\"\" srcset=\"https:\/\/www.code-autoradio.com\/wp-content\/uploads\/2022\/05\/demontage-code-autoradio.jpeg 1200w, https:\/\/www.code-autoradio.com\/wp-content\/uploads\/2022\/05\/demontage-code-autoradio-600x401.jpeg 600w, https:\/\/www.code-autoradio.com\/wp-content\/uploads\/2022\/05\/demontage-code-autoradio-300x200.jpeg 300w, https:\/\/www.code-autoradio.com\/wp-content\/uploads\/2022\/05\/demontage-code-autoradio-1024x684.jpeg 1024w, https:\/\/www.code-autoradio.com\/wp-content\/uploads\/2022\/05\/demontage-code-autoradio-768x513.jpeg 768w, https:\/\/www.code-autoradio.com\/wp-content\/uploads\/2022\/05\/demontage-code-autoradio-150x100.jpeg 150w\" sizes=\"(max-width: 1200px) 100vw, 1200px\" title=\"\"><\/figure><div class=\"riode-banner-layer-container  wpb_custom_b5c31915890f4dea52609120db89d731 banner-content t-m vc_custom_1655209428639\" >\r\n<div class=\"title-wrapper  wpb_custom_5fb9c11a443d6d944d995536cea0e69c vc_custom_1706003020257 appear-animate title-left link-left\" data-settings=\"{&quot;_animation&quot;:&quot;fadeInLeftShorter&quot;,&quot;_animation_delay&quot;:&quot;200&quot;,&quot;_animation_duration&quot;:&quot;1000&quot;}\" ><p class=\"title\"><strong class=\"text-primary\">Cum g\u0103sesc codul radio<\/strong><\/p><\/div><div class=\"title-wrapper  wpb_custom_339562a6c92ca0d920c593c27a0384c2 vc_custom_1706003026206 appear-animate title-left link-left\" data-settings=\"{&quot;_animation&quot;:&quot;fadeInLeftShorter&quot;,&quot;_animation_delay&quot;:&quot;200&quot;,&quot;_animation_duration&quot;:&quot;1000&quot;}\" ><p class=\"title\">al ma\u0219inii mele?<\/p><\/div><div class=\"title-wrapper  wpb_custom_8be388ce0fc38db79b7062109d0b7762 mb-6 appear-animate title-left link-left\" data-settings=\"{&quot;_animation&quot;:&quot;fadeInLeftShorter&quot;,&quot;_animation_delay&quot;:&quot;400&quot;,&quot;_animation_duration&quot;:&quot;1000&quot;}\" ><p class=\"title\">Rapid \u0219i u\u0219or <\/p><\/div><div class=\"riode-button-container  wpb_custom_94b5ee5ce022420a67cc1cb26288d395 appear-animate\" data-settings=\"{&quot;_animation&quot;:&quot;fadeInLeftShorter&quot;,&quot;_animation_delay&quot;:&quot;600&quot;,&quot;_animation_duration&quot;:&quot;1000&quot;}\" >\r\n<a class=\"btn btn-rounded btn-primary\" href=\"#\" >Am g\u0103sit codul meu<\/a><\/div>\r\n<\/div>\r\n<\/div><\/div>[vc_column_text]<\/p>\n<h1 style=\"text-align: center; color: #f6a800; font-size: 22px;\">COD RADIO AUTO: OB\u021aINE\u021aI-L PE AL DUMNEAVOASTR\u0102 CU U\u0218URIN\u021a\u0102 F\u0102R\u0102 A MERGE NIC\u0102IERI<\/h1>\n<p>[\/vc_column_text]<div class=\"title-wrapper  wpb_custom_3f1dac82e5b76aa148fe3a388d5bfd31 vc_custom_1706003058579 title-underline title-left link-right icon-after\" ><h2 class=\"title\">Cele mai populare coduri radio auto<\/h2><a href=\"https:\/\/www.code-autoradio.com\/categorie-produit\/constructeur-automobile\/\" class=\"link\"><span>Tous<\/span><i class=\"d-icon-arrow-right\"><\/i><\/a><\/div><div class=\"riode-wpb-products-container  wpb_custom_c8a7d7fb0a4bb0ae80956631d3130397 vc_custom_1676659319958\" ><div class=\"woocommerce columns-4 \"><ul class=\" gutter-xs products  row cols-lg-4 cols-md-3 cols-sm-2 cols-2 cols-xl-4\"><li class=\"product-wrap\">\n\t\t<div class=\"product-loop content-left product-default product type-product post-23744 status-publish first instock product_cat-renault-ro has-post-thumbnail sale virtual sold-individually taxable purchasable product-type-simple\">\n\t\t<figure class=\"product-media\"><a href=\"https:\/\/www.code-autoradio.com\/ro\/cod\/cheie-autentificare-renault-dacia\/\" class=\"woocommerce-LoopProduct-link woocommerce-loop-product__link\"><img decoding=\"async\" width=\"300\" height=\"300\" src=\"https:\/\/www.code-autoradio.com\/wp-content\/uploads\/2021\/01\/logo-renault-vin-300x300.png\" class=\"attachment-woocommerce_thumbnail size-woocommerce_thumbnail\" alt=\"code authentification renault\" srcset=\"https:\/\/www.code-autoradio.com\/wp-content\/uploads\/2021\/01\/logo-renault-vin-300x300.png 300w, https:\/\/www.code-autoradio.com\/wp-content\/uploads\/2021\/01\/logo-renault-vin-150x150.png 150w, https:\/\/www.code-autoradio.com\/wp-content\/uploads\/2021\/01\/logo-renault-vin.png 500w\" sizes=\"(max-width: 300px) 100vw, 300px\" title=\"\"><\/a><\/figure><div class=\"product-details\"><h3 class=\"woocommerce-loop-product__title\"><a href=\"https:\/\/www.code-autoradio.com\/ro\/cod\/cheie-autentificare-renault-dacia\/\">Cheie autentificare Renault Clio Captur Dacia Duster<\/a><\/h3>\n\t<span class=\"price\"><ins><span class=\"woocommerce-Price-amount amount\"><bdi>14,90&nbsp;<span class=\"woocommerce-Price-currencySymbol\">&euro;<\/span><\/bdi><\/span><\/ins> <del><span class=\"woocommerce-Price-amount amount\"><bdi>24,90&nbsp;<span class=\"woocommerce-Price-currencySymbol\">&euro;<\/span><\/bdi><\/span><\/del> <small class=\"woocommerce-price-suffix\">TTC<\/small><\/span>\n<span class=\"gtm4wp_productdata\" style=\"display:none; visibility:hidden;\" data-gtm4wp_product_data=\"{&quot;internal_id&quot;:23744,&quot;item_id&quot;:23744,&quot;item_name&quot;:&quot;Cheie autentificare Renault Clio Captur Dacia Duster&quot;,&quot;sku&quot;:&quot;AUTHCODERENAULT&quot;,&quot;price&quot;:14.9,&quot;stocklevel&quot;:null,&quot;stockstatus&quot;:&quot;instock&quot;,&quot;google_business_vertical&quot;:&quot;retail&quot;,&quot;item_category&quot;:&quot;Renault&quot;,&quot;id&quot;:23744,&quot;productlink&quot;:&quot;https:\\\/\\\/www.code-autoradio.com\\\/ro\\\/cod\\\/cheie-autentificare-renault-dacia\\\/&quot;,&quot;item_list_name&quot;:&quot;General Product List&quot;,&quot;index&quot;:1,&quot;product_type&quot;:&quot;simple&quot;,&quot;item_brand&quot;:&quot;&quot;}\"><\/span><\/div>\t<\/div>\n\t\t<\/li>\n\t<\/ul><\/div><\/div><div class=\"riode-wpb-categories-container  wpb_custom_e428a0f9d116bac61095604b1af525bc home-cats mb-6 nini\" >\r\n<div class=\"woocommerce columns-2\"><\/div><\/div>\r\n[vc_row_inner css=&#8221;.vc_custom_1616525498976{margin-bottom: 15px !important;}&#8221;][vc_column_inner width=&#8221;1\/2&#8243; offset=&#8221;vc_col-lg-4 vc_col-md-6 vc_col-xs-12&#8243;]<div class=\"title-wrapper  wpb_custom_459372fd8a0ce5072804df32f41286a2 vc_custom_1706003079112 mb-4 appear-animate title-underline title-left link-left\" data-settings=\"{&quot;_animation&quot;:&quot;fadeInRightShorter&quot;,&quot;_animation_delay&quot;:&quot;200&quot;,&quot;_animation_duration&quot;:&quot;1000&quot;}\" ><h3 class=\"title\">Cod radio auto Renault<\/h3><\/div>[vc_column_text]<\/p>\n<h3 style=\"font-size: 14px;\">Cum pot s\u0103 recuperez codul de autentificare Renault?<\/h3>\n<p>Descoperi\u021bi to\u021bi pa\u0219ii pentru a g\u0103si codul de <a href=\"https:\/\/www.code-autoradio.com\/ro\/cod\/cheie-autentificare-renault-dacia\/\">autentificare Renault<\/a> sau <a href=\"https:\/\/www.code-autoradio.com\/produit\/renault\/\">codul radio Renault<\/a> f\u0103r\u0103 demontare.[\/vc_column_text]<div class=\"title-wrapper  wpb_custom_459372fd8a0ce5072804df32f41286a2 vc_custom_1706003100560 mb-4 appear-animate title-underline title-left link-left\" data-settings=\"{&quot;_animation&quot;:&quot;fadeInRightShorter&quot;,&quot;_animation_delay&quot;:&quot;600&quot;,&quot;_animation_duration&quot;:&quot;1000&quot;}\" ><h3 class=\"title\">Cod radio auto Audi<\/h3><\/div>[vc_column_text]<\/p>\n<h3 style=\"font-size: 14px;\">Cum decodific\u0103m codul radio Audi?<\/h3>\n<p>Afla\u021bi de unde pute\u021bi ob\u021bine <a href=\"https:\/\/www.code-autoradio.com\/produit\/audi\/\">codul radioului auto Audi<\/a> \u00een func\u021bie de modelul de ma\u0219in\u0103.[\/vc_column_text][\/vc_column_inner][vc_column_inner width=&#8221;1\/2&#8243; offset=&#8221;vc_col-lg-4 vc_col-md-6 vc_col-xs-12&#8243;]<div class=\"title-wrapper  wpb_custom_459372fd8a0ce5072804df32f41286a2 vc_custom_1706003114486 mb-4 appear-animate title-underline title-left link-left\" data-settings=\"{&quot;_animation&quot;:&quot;fadeInRightShorter&quot;,&quot;_animation_delay&quot;:&quot;400&quot;,&quot;_animation_duration&quot;:&quot;1000&quot;}\" ><h3 class=\"title\">Cod radio auto Ford<\/h3><\/div>[vc_column_text]<\/p>\n<h3 style=\"font-size: 14px;\">Unde pot g\u0103si codul radio Ford?<\/h3>\n<p>Afla\u021bi cum s\u0103 recupera\u021bi <a href=\"https:\/\/www.code-autoradio.com\/produit\/ford\/\">codul radio al ma\u0219inii Ford<\/a> \u00een func\u021bie de modelul de ma\u0219in\u0103. Descoperi\u021bi baza de <a href=\"https:\/\/www.code-autoradio.com\/gratuit\/\">coduri radio auto gratuite<\/a>.[\/vc_column_text]<div class=\"title-wrapper  wpb_custom_459372fd8a0ce5072804df32f41286a2 vc_custom_1706003108421 mb-4 appear-animate title-underline title-left link-left\" data-settings=\"{&quot;_animation&quot;:&quot;fadeInRightShorter&quot;,&quot;_animation_delay&quot;:&quot;400&quot;,&quot;_animation_duration&quot;:&quot;1000&quot;}\" ><h3 class=\"title\">Cod radio auto VW<\/h3><\/div>[vc_column_text]<\/p>\n<h3 style=\"font-size: 14px;\">Unde pot g\u0103si codul radio VW?<\/h3>\n<p>Afl\u0103 cum s\u0103 deblochezi <a href=\"https:\/\/www.code-autoradio.com\/produit\/volkswagen\/\">codul radio al ma\u0219inii Volkswagen<\/a> \u00een func\u021bie de modelul t\u0103u de ma\u0219in\u0103.[\/vc_column_text][\/vc_column_inner][vc_column_inner width=&#8221;1\/2&#8243; offset=&#8221;vc_col-lg-4 vc_col-md-6 vc_col-xs-12&#8243;][vc_video link=&#8221;https:\/\/www.youtube.com\/watch?v=g7yKnxIAVwc&#8221; el_aspect=&#8221;916&#8243; align=&#8221;center&#8221;][\/vc_column_inner][\/vc_row_inner]<div class=\"title-wrapper  wpb_custom_9debd55f71b8db4203098d65b39c3dff vc_custom_1706003125987 mb-4 title-underline title-left link-left icon-after\" ><h2 class=\"title\">Cele mai recente \u0219tiri din lumea auto<\/h2><\/div><div class=\"riode-wpb-post-container  wpb_custom_f7b65eb01c1d7e4636212c44895aa09e\" >\r\n<\/div>\r\n<div class=\"title-wrapper  wpb_custom_e4e6adb43ab65ab72b5253316c23409b vc_custom_1706003133794 mb-4 title-underline title-left link-left\" ><h2 class=\"title\">Se vorbe\u0219te despre code-autoradio.com<\/h2><\/div><div class=\"riode-wpb-image-gallery-container  wpb_custom_e00bade942404487402457e13d64bb27 vc_custom_1652443301725 brand-carousel\" >\r\n\r\n<div class=\"image-gallery  row cols-lg-5 cols-md-4 cols-sm-3 cols-2 cols-xl-5  owl-image-gallery owl-image-org  owl-carousel owl-theme owl-middle\" data-plugin=\"owl\" data-owl-options={&quot;margin&quot;:20,&quot;autoplay&quot;:true,&quot;loop&quot;:true,&quot;nav&quot;:false,&quot;dots&quot;:false,&quot;responsive&quot;:{&quot;992&quot;:{&quot;items&quot;:5,&quot;nav&quot;:false,&quot;dots&quot;:false},&quot;768&quot;:{&quot;items&quot;:4,&quot;nav&quot;:false,&quot;dots&quot;:false},&quot;576&quot;:{&quot;items&quot;:3},&quot;0&quot;:{&quot;items&quot;:2},&quot;1200&quot;:{&quot;items&quot;:5,&quot;nav&quot;:false,&quot;dots&quot;:false}}}>\r\n\t\t\t<figure class=\"slide-image-wrap\">\r\n\t\t\t<img decoding=\"async\" width=\"715\" height=\"184\" src=\"https:\/\/www.code-autoradio.com\/wp-content\/uploads\/2022\/05\/lacentrale.png\" class=\"attachment-full size-full\" alt=\"\" srcset=\"https:\/\/www.code-autoradio.com\/wp-content\/uploads\/2022\/05\/lacentrale.png 715w, https:\/\/www.code-autoradio.com\/wp-content\/uploads\/2022\/05\/lacentrale-600x154.png 600w, https:\/\/www.code-autoradio.com\/wp-content\/uploads\/2022\/05\/lacentrale-300x77.png 300w, https:\/\/www.code-autoradio.com\/wp-content\/uploads\/2022\/05\/lacentrale-150x39.png 150w\" sizes=\"(max-width: 715px) 100vw, 715px\" title=\"\">\t\t<\/figure>\r\n\t\t\t\t<figure class=\"slide-image-wrap\">\r\n\t\t\t<img decoding=\"async\" width=\"870\" height=\"310\" src=\"https:\/\/www.code-autoradio.com\/wp-content\/uploads\/2022\/05\/autoplus.jpg\" class=\"attachment-full size-full\" alt=\"\" srcset=\"https:\/\/www.code-autoradio.com\/wp-content\/uploads\/2022\/05\/autoplus.jpg 870w, https:\/\/www.code-autoradio.com\/wp-content\/uploads\/2022\/05\/autoplus-600x214.jpg 600w, https:\/\/www.code-autoradio.com\/wp-content\/uploads\/2022\/05\/autoplus-300x107.jpg 300w, https:\/\/www.code-autoradio.com\/wp-content\/uploads\/2022\/05\/autoplus-768x274.jpg 768w, https:\/\/www.code-autoradio.com\/wp-content\/uploads\/2022\/05\/autoplus-150x53.jpg 150w\" sizes=\"(max-width: 870px) 100vw, 870px\" title=\"\">\t\t<\/figure>\r\n\t\t\t\t<figure class=\"slide-image-wrap\">\r\n\t\t\t<img decoding=\"async\" width=\"1318\" height=\"294\" src=\"https:\/\/www.code-autoradio.com\/wp-content\/uploads\/2022\/05\/Aramisauto.png\" class=\"attachment-full size-full\" alt=\"\" srcset=\"https:\/\/www.code-autoradio.com\/wp-content\/uploads\/2022\/05\/Aramisauto.png 1318w, https:\/\/www.code-autoradio.com\/wp-content\/uploads\/2022\/05\/Aramisauto-600x134.png 600w, https:\/\/www.code-autoradio.com\/wp-content\/uploads\/2022\/05\/Aramisauto-300x67.png 300w, https:\/\/www.code-autoradio.com\/wp-content\/uploads\/2022\/05\/Aramisauto-1024x228.png 1024w, https:\/\/www.code-autoradio.com\/wp-content\/uploads\/2022\/05\/Aramisauto-768x171.png 768w, https:\/\/www.code-autoradio.com\/wp-content\/uploads\/2022\/05\/Aramisauto-150x33.png 150w\" sizes=\"(max-width: 1318px) 100vw, 1318px\" title=\"\">\t\t<\/figure>\r\n\t\t\t\t<figure class=\"slide-image-wrap\">\r\n\t\t\t<img decoding=\"async\" width=\"448\" height=\"94\" src=\"https:\/\/www.code-autoradio.com\/wp-content\/uploads\/2022\/05\/autohero.png\" class=\"attachment-full size-full\" alt=\"\" srcset=\"https:\/\/www.code-autoradio.com\/wp-content\/uploads\/2022\/05\/autohero.png 448w, https:\/\/www.code-autoradio.com\/wp-content\/uploads\/2022\/05\/autohero-300x63.png 300w, https:\/\/www.code-autoradio.com\/wp-content\/uploads\/2022\/05\/autohero-150x31.png 150w\" sizes=\"(max-width: 448px) 100vw, 448px\" title=\"\">\t\t<\/figure>\r\n\t\t\t\t<figure class=\"slide-image-wrap\">\r\n\t\t\t<img decoding=\"async\" width=\"215\" height=\"92\" src=\"https:\/\/www.code-autoradio.com\/wp-content\/uploads\/2022\/05\/automoto.png\" class=\"attachment-full size-full\" alt=\"\" srcset=\"https:\/\/www.code-autoradio.com\/wp-content\/uploads\/2022\/05\/automoto.png 215w, https:\/\/www.code-autoradio.com\/wp-content\/uploads\/2022\/05\/automoto-150x64.png 150w\" sizes=\"(max-width: 215px) 100vw, 215px\" title=\"\">\t\t<\/figure>\r\n\t\t\t\t<figure class=\"slide-image-wrap\">\r\n\t\t\t<img decoding=\"async\" width=\"2000\" height=\"451\" src=\"https:\/\/www.code-autoradio.com\/wp-content\/uploads\/2022\/05\/largus.png\" class=\"attachment-full size-full\" alt=\"\" srcset=\"https:\/\/www.code-autoradio.com\/wp-content\/uploads\/2022\/05\/largus.png 2000w, https:\/\/www.code-autoradio.com\/wp-content\/uploads\/2022\/05\/largus-600x135.png 600w, https:\/\/www.code-autoradio.com\/wp-content\/uploads\/2022\/05\/largus-300x68.png 300w, https:\/\/www.code-autoradio.com\/wp-content\/uploads\/2022\/05\/largus-1024x231.png 1024w, https:\/\/www.code-autoradio.com\/wp-content\/uploads\/2022\/05\/largus-768x173.png 768w, https:\/\/www.code-autoradio.com\/wp-content\/uploads\/2022\/05\/largus-1536x346.png 1536w, https:\/\/www.code-autoradio.com\/wp-content\/uploads\/2022\/05\/largus-150x34.png 150w\" sizes=\"(max-width: 2000px) 100vw, 2000px\" title=\"\">\t\t<\/figure>\r\n\t\t<\/div>\r\n<\/div>\r\n[vc_row_inner][vc_column_inner width=&#8221;1\/2&#8243;]<div class=\"riode-accordion-container  wpb_custom_45edbf32a68f703d311a8deeac51cee4\" >\r\n<div class=\" accordion\"><div class=\"riode-accordion-item-container card  wpb_custom_2d4bdb507d16bc88d18e708cdf906ed3\" >\r\n<div class=\"card-header\">\r\n\t<a href=\"#\" class=\"collapse\">\r\n\t<span class=\"title\">Cum g\u0103sesc un cod radio auto?<\/span><span class=\"toggle-icon opened\"><i class=\"d-icon-minus\"><\/i><\/span><span class=\"toggle-icon closed\"><i class=\"d-icon-plus\"><\/i><\/span>\t<\/a>\r\n<\/div>\r\n<div class=\"card-body expanded\">\r\n[vc_column_text]Avem nevoie de num\u0103rul de serie \u0219i, dac\u0103 este cazul, de num\u0103rul de dispozitiv al radioului dvs. pentru a putea efectua c\u0103utarea codului. Pentru unele m\u0103rci, cum ar fi NISSAN, se solicit\u0103, de asemenea, data.<\/p>\n<p>Pentru c\u0103ut\u0103rile bazate pe num\u0103rul de serie al vehiculului, este necesar doar VIN.[\/vc_column_text]<\/div>\r\n<\/div>\r\n<div class=\"riode-accordion-item-container card  wpb_custom_2d4bdb507d16bc88d18e708cdf906ed3\" >\r\n<div class=\"card-header\">\r\n\t<a href=\"#\" class=\"expand\">\r\n\t<span class=\"title\">Nu am primit codul meu prin e-mail: cum se face?<\/span><span class=\"toggle-icon opened\"><i class=\"d-icon-minus\"><\/i><\/span><span class=\"toggle-icon closed\"><i class=\"d-icon-plus\"><\/i><\/span>\t<\/a>\r\n<\/div>\r\n<div class=\"card-body collapsed\">\r\n[vc_column_text]Toate solicit\u0103rile clien\u021bilor sunt solu\u021bionate, f\u0103r\u0103 excep\u021bie. Dac\u0103 mesajul nostru nu apare \u00een c\u0103su\u021ba dvs. de e-mail, v\u0103 rug\u0103m s\u0103 verifica\u021bi dosarul de spam.<\/p>\n<p>Pentru utilizatorii Gmail, verifica\u021bi filele &#8220;Promo\u021bii&#8221; \u0219i &#8220;Re\u021bele sociale&#8221;, unde mesajul nostru poate fi redirec\u021bionat automat.[\/vc_column_text]<\/div>\r\n<\/div>\r\n<div class=\"riode-accordion-item-container card  wpb_custom_2d4bdb507d16bc88d18e708cdf906ed3\" >\r\n<div class=\"card-header\">\r\n\t<a href=\"#\" class=\"expand\">\r\n\t<span class=\"title\">Unde se afl\u0103 codul radio al ma\u0219inii?<\/span><span class=\"toggle-icon opened\"><i class=\"d-icon-minus\"><\/i><\/span><span class=\"toggle-icon closed\"><i class=\"d-icon-plus\"><\/i><\/span>\t<\/a>\r\n<\/div>\r\n<div class=\"card-body collapsed\">\r\n[vc_column_text]Radioul autoturismului dumneavoastr\u0103 poate fi g\u0103sit \u00een <a href=\"https:\/\/www.renault.fr\/entretien.html\" target=\"_blank\" rel=\"noopener\">cartea de service<\/a> sau \u00een jurnalul de bord.[\/vc_column_text]<\/div>\r\n<\/div>\r\n<div class=\"riode-accordion-item-container card  wpb_custom_2d4bdb507d16bc88d18e708cdf906ed3\" >\r\n<div class=\"card-header\">\r\n\t<a href=\"#\" class=\"expand\">\r\n\t<span class=\"title\">Cum pot s\u0103 recuperez codul radio al ma\u0219inii?<\/span><span class=\"toggle-icon opened\"><i class=\"d-icon-minus\"><\/i><\/span><span class=\"toggle-icon closed\"><i class=\"d-icon-plus\"><\/i><\/span>\t<\/a>\r\n<\/div>\r\n<div class=\"card-body collapsed\">\r\n[vc_column_text]Pute\u021bi utiliza serviciul online al Code-autoradio.com pentru a primi codul cu ajutorul <strong>generatorului<\/strong> nostru <strong>de coduri radio pentru ma\u0219ini<\/strong>. Dup\u0103 ce a\u021bi reparat radioul auto <a href=\"https:\/\/www.volkswagen.fr\/fr\/entretenir\/informations-importantes\/navigation-gps.html\" target=\"_blank\" rel=\"noopener\">VW<\/a>, nu uita\u021bi s\u0103 v\u0103 actualiza\u021bi GPS-ul.[\/vc_column_text]<\/div>\r\n<\/div>\r\n<\/div><\/div>\r\n[\/vc_column_inner][vc_column_inner width=&#8221;1\/2&#8243;]<div class=\"riode-accordion-container  wpb_custom_45edbf32a68f703d311a8deeac51cee4\" >\r\n<div class=\" accordion\"><div class=\"riode-accordion-item-container card  wpb_custom_2d4bdb507d16bc88d18e708cdf906ed3\" >\r\n<div class=\"card-header\">\r\n\t<a href=\"#\" class=\"collapse\">\r\n\t<span class=\"title\">Unde pot g\u0103si num\u0103rul de serie?<\/span><span class=\"toggle-icon opened\"><i class=\"d-icon-minus\"><\/i><\/span><span class=\"toggle-icon closed\"><i class=\"d-icon-plus\"><\/i><\/span>\t<\/a>\r\n<\/div>\r\n<div class=\"card-body expanded\">\r\n[vc_column_text]Aceste informa\u021bii pot fi g\u0103site pe partea din fa\u021b\u0103 a radioului, pe eticheta de pe spate sau gravate direct pe carcas\u0103.<\/p>\n<p>Pe fiecare pagin\u0103 de produs, v\u0103 ar\u0103t\u0103m cum s\u0103 scoate\u021bi radioul auto \u0219i ce serie de numere corespunde num\u0103rului de serie \u0219i num\u0103rului de unitate.[\/vc_column_text]<\/div>\r\n<\/div>\r\n<div class=\"riode-accordion-item-container card  wpb_custom_2d4bdb507d16bc88d18e708cdf906ed3\" >\r\n<div class=\"card-header\">\r\n\t<a href=\"#\" class=\"expand\">\r\n\t<span class=\"title\">Cum introduc codul \u00een radioul auto?<\/span><span class=\"toggle-icon opened\"><i class=\"d-icon-minus\"><\/i><\/span><span class=\"toggle-icon closed\"><i class=\"d-icon-plus\"><\/i><\/span>\t<\/a>\r\n<\/div>\r\n<div class=\"card-body collapsed\">\r\n[vc_column_text]Opera\u021biunile care trebuie efectuate pot varia \u00een func\u021bie de marca aparatului, dar ele r\u0103m\u00e2n relativ simple. Pur \u0219i simplu introduce\u021bi cele 4 sau 5 cifre ale codului \u00een ordinea \u00een care apar pe tastatura radio.<\/p>\n<p>\u00cenc\u0103 o dat\u0103, totul este explicat \u00een detaliu pe paginile dedicate fiec\u0103rei m\u0103rci.[\/vc_column_text]<\/div>\r\n<\/div>\r\n<div class=\"riode-accordion-item-container card  wpb_custom_2d4bdb507d16bc88d18e708cdf906ed3\" >\r\n<div class=\"card-header\">\r\n\t<a href=\"#\" class=\"expand\">\r\n\t<span class=\"title\">Cum pot ob\u021bine un cod de urgen\u021b\u0103 de o or\u0103?<\/span><span class=\"toggle-icon opened\"><i class=\"d-icon-minus\"><\/i><\/span><span class=\"toggle-icon closed\"><i class=\"d-icon-plus\"><\/i><\/span>\t<\/a>\r\n<\/div>\r\n<div class=\"card-body collapsed\">\r\n[vc_column_text]Trebuie s\u0103 bifa\u021bi aceast\u0103 op\u021biune \u00eenainte de a v\u0103 valida co\u0219ul. Acesta apare la rubrica &#8220;Urgen\u021b\u0103 de o or\u0103&#8221;, iar codul v\u0103 va fi trimis prin SMS.<\/p>\n<p>Cu toate acestea, v\u0103 rug\u0103m s\u0103 re\u021bine\u021bi c\u0103 livr\u0103rile \u00een regim de urgen\u021b\u0103 sunt posibile numai \u00eentre orele 8.00 \u0219i 20.00 (ora Fran\u021bei).[\/vc_column_text]<\/div>\r\n<\/div>\r\n<div class=\"riode-accordion-item-container card  wpb_custom_2d4bdb507d16bc88d18e708cdf906ed3\" >\r\n<div class=\"card-header\">\r\n\t<a href=\"#\" class=\"expand\">\r\n\t<span class=\"title\">Ce trebuie s\u0103 fac \u00een cazul \u00een care codul pe care \u00eel trimit nu este acceptat de radioul auto?<\/span><span class=\"toggle-icon opened\"><i class=\"d-icon-minus\"><\/i><\/span><span class=\"toggle-icon closed\"><i class=\"d-icon-plus\"><\/i><\/span>\t<\/a>\r\n<\/div>\r\n<div class=\"card-body collapsed\">\r\n[vc_column_text]Se poate \u00eent\u00e2mpla ca codul pe care vi l-am trimis s\u0103 fie respins. Totu\u0219i, acest lucru nu \u00eenseamn\u0103 c\u0103 codul este incorect.<\/p>\n<p>O gre\u0219eal\u0103 de scriere a num\u0103rului de serie indicat \u00een comand\u0103, o dat\u0103 gre\u0219it\u0103, o manipulare incorect\u0103 etc. pot face ca codul trimis s\u0103 nu fie acceptat.<\/p>\n<p>\u00cen acest caz, v\u0103 rug\u0103m s\u0103 contacta\u021bi echipa noastr\u0103 de servicii pentru clien\u021bi, care v\u0103 va ajuta s\u0103 rezolva\u021bi problema. Este posibil s\u0103 vi se cear\u0103 s\u0103 prezenta\u021bi documente justificative, cum ar fi o fotografie a etichetei de pe radioul autoturismului sau o \u00eenregistrare video.[\/vc_column_text]<\/div>\r\n<\/div>\r\n<div class=\"riode-accordion-item-container card  wpb_custom_2d4bdb507d16bc88d18e708cdf906ed3\" >\r\n<div class=\"card-header\">\r\n\t<a href=\"#\" class=\"expand\">\r\n\t<span class=\"title\">Cum s\u0103 decodifica\u021bi un radio auto?<\/span><span class=\"toggle-icon opened\"><i class=\"d-icon-minus\"><\/i><\/span><span class=\"toggle-icon closed\"><i class=\"d-icon-plus\"><\/i><\/span>\t<\/a>\r\n<\/div>\r\n<div class=\"card-body collapsed\">\r\n[vc_column_text]Pentru a v\u0103 decoda radioul auto, trebuie s\u0103 ne furniza\u021bi fie precodul, fie num\u0103rul de serie al radioului auto, fie num\u0103rul de identificare al vehiculului.[\/vc_column_text]<\/div>\r\n<\/div>\r\n<\/div><\/div>\r\n[\/vc_column_inner][\/vc_row_inner][\/vc_column][\/vc_row]<\/p>\n<\/div>","protected":false},"excerpt":{"rendered":"<p>[vc_row gap=&#8221;0&#8243;][vc_column][vc_column_text] COD RADIO AUTO: OB\u021aINE\u021aI-L PE AL DUMNEAVOASTR\u0102 CU U\u0218URIN\u021a\u0102 F\u0102R\u0102 A MERGE NIC\u0102IERI [\/vc_column_text][vc_row_inner css=&#8221;.vc_custom_1616525498976{margin-bottom: 15px !important;}&#8221;][vc_column_inner width=&#8221;1\/2&#8243; offset=&#8221;vc_col-lg-4 vc_col-md-6 vc_col-xs-12&#8243;][vc_column_text] Cum pot s\u0103 recuperez codul de autentificare Renault? Descoperi\u021bi to\u021bi pa\u0219ii pentru a g\u0103si codul de autentificare Renault sau codul radio Renault f\u0103r\u0103 demontare.[\/vc_column_text][vc_column_text] Cum decodific\u0103m codul radio Audi? Afla\u021bi de unde [&hellip;]<\/p>\n","protected":false},"author":1,"featured_media":0,"parent":0,"menu_order":0,"comment_status":"closed","ping_status":"closed","template":"","meta":{"footnotes":""},"class_list":["post-39162","page","type-page","status-publish","hentry"],"_links":{"self":[{"href":"https:\/\/www.code-autoradio.com\/ro\/wp-json\/wp\/v2\/pages\/39162","targetHints":{"allow":["GET"]}}],"collection":[{"href":"https:\/\/www.code-autoradio.com\/ro\/wp-json\/wp\/v2\/pages"}],"about":[{"href":"https:\/\/www.code-autoradio.com\/ro\/wp-json\/wp\/v2\/types\/page"}],"author":[{"embeddable":true,"href":"https:\/\/www.code-autoradio.com\/ro\/wp-json\/wp\/v2\/users\/1"}],"replies":[{"embeddable":true,"href":"https:\/\/www.code-autoradio.com\/ro\/wp-json\/wp\/v2\/comments?post=39162"}],"version-history":[{"count":3,"href":"https:\/\/www.code-autoradio.com\/ro\/wp-json\/wp\/v2\/pages\/39162\/revisions"}],"predecessor-version":[{"id":39190,"href":"https:\/\/www.code-autoradio.com\/ro\/wp-json\/wp\/v2\/pages\/39162\/revisions\/39190"}],"wp:attachment":[{"href":"https:\/\/www.code-autoradio.com\/ro\/wp-json\/wp\/v2\/media?parent=39162"}],"curies":[{"name":"wp","href":"https:\/\/api.w.org\/{rel}","templated":true}]}}