{"id":23744,"date":"2023-05-10T10:17:09","date_gmt":"2023-05-10T08:17:09","guid":{"rendered":"https:\/\/www.code-autoradio.com\/?post_type=product&#038;p=23744"},"modified":"2024-05-29T10:23:51","modified_gmt":"2024-05-29T08:23:51","slug":"cheie-autentificare-renault-dacia","status":"publish","type":"product","link":"https:\/\/www.code-autoradio.com\/ro\/cod\/cheie-autentificare-renault-dacia\/","title":{"rendered":"Cheie autentificare Renault Clio Captur Dacia Duster"},"content":{"rendered":"<p><iframe loading=\"lazy\" title=\"Cheie autentificare Renault\" src=\"https:\/\/www.youtube.com\/embed\/514yRfS-euI?si=vCrEyi0Nh88qcJl9\" width=\"560\" height=\"315\" frameborder=\"0\" allowfullscreen=\"allowfullscreen\"><span data-mce-type=\"bookmark\" style=\"display: inline-block; width: 0px; overflow: hidden; line-height: 0;\" class=\"mce_SELRES_start\">\ufeff<\/span><\/iframe><\/p>\n<h2>1 &#8211; Cum s\u0103 g\u0103si\u021bi num\u0103rul de serie (VIN) al unui vehicul Renault pentru a debloca radioul auto?<\/h2>\n<figure id=\"attachment_23746\" aria-describedby=\"caption-attachment-23746\" style=\"width: 1024px\" class=\"wp-caption aligncenter\"><img decoding=\"async\" class=\"size-large wp-image-23746\" src=\"https:\/\/www.code-autoradio.com\/wp-content\/uploads\/2022\/05\/Cheie-autentificare-renault-dacia-1024x573.webp\" alt=\"Cheie autentificare renault dacia\" width=\"1024\" height=\"573\" title=\"\" srcset=\"https:\/\/www.code-autoradio.com\/wp-content\/uploads\/2022\/05\/Cheie-autentificare-renault-dacia-1024x573.webp 1024w, https:\/\/www.code-autoradio.com\/wp-content\/uploads\/2022\/05\/Cheie-autentificare-renault-dacia-600x335.webp 600w, https:\/\/www.code-autoradio.com\/wp-content\/uploads\/2022\/05\/Cheie-autentificare-renault-dacia-300x168.webp 300w, https:\/\/www.code-autoradio.com\/wp-content\/uploads\/2022\/05\/Cheie-autentificare-renault-dacia-768x429.webp 768w, https:\/\/www.code-autoradio.com\/wp-content\/uploads\/2022\/05\/Cheie-autentificare-renault-dacia-150x84.webp 150w, https:\/\/www.code-autoradio.com\/wp-content\/uploads\/2022\/05\/Cheie-autentificare-renault-dacia.webp 1100w\" sizes=\"(max-width: 1024px) 100vw, 1024px\" \/><figcaption id=\"caption-attachment-23746\" class=\"wp-caption-text\">Cheie autentificare renault dacia<\/figcaption><\/figure>\n<p>Prima metod\u0103 cu documentul de \u00eenmatriculare al vehiculului<br \/>\nDeschide\u021bi documentul de \u00eenmatriculare al vehiculului \u0219i g\u0103si\u021bi litera E<\/p>\n<p>Aici ve\u021bi g\u0103si VIN (num\u0103rul de identificare al vehiculului).<\/p>\n<p>A doua metod\u0103 cu \u0219asiu sau u\u0219\u0103<br \/>\n\u00cen cazul \u00een care nu ave\u021bi certificatul de \u00eenmatriculare la dumneavoastr\u0103, num\u0103rul de identifica<\/p>\n<figure id=\"attachment_23646\" aria-describedby=\"caption-attachment-23646\" style=\"width: 879px\" class=\"wp-caption aligncenter\"><img decoding=\"async\" class=\"size-large wp-image-23646\" src=\"https:\/\/www.code-autoradio.com\/wp-content\/uploads\/2022\/10\/vin-renault-parebrise-879x1024.jpeg\" alt=\"\" width=\"879\" height=\"1024\" title=\"\" srcset=\"https:\/\/www.code-autoradio.com\/wp-content\/uploads\/2022\/10\/vin-renault-parebrise-879x1024.jpeg 879w, https:\/\/www.code-autoradio.com\/wp-content\/uploads\/2022\/10\/vin-renault-parebrise-600x699.jpeg 600w, https:\/\/www.code-autoradio.com\/wp-content\/uploads\/2022\/10\/vin-renault-parebrise-258x300.jpeg 258w, https:\/\/www.code-autoradio.com\/wp-content\/uploads\/2022\/10\/vin-renault-parebrise-768x894.jpeg 768w, https:\/\/www.code-autoradio.com\/wp-content\/uploads\/2022\/10\/vin-renault-parebrise-150x175.jpeg 150w, https:\/\/www.code-autoradio.com\/wp-content\/uploads\/2022\/10\/vin-renault-parebrise.jpeg 899w\" sizes=\"(max-width: 879px) 100vw, 879px\" \/><figcaption id=\"caption-attachment-23646\" class=\"wp-caption-text\">Vin Renault sur parebrise<\/figcaption><\/figure>\n<p>re al vehiculului este \u00eenscris \u0219i pe \u0219asiul ma\u0219inii sau pe o etichet\u0103 din portier\u0103.<\/p>\n<p>Toate VIN-urile au o lungime de 17 caractere (de exemplu, VF12RAU1C56477160), iar VIN-urile Renault \u00eencep \u00eentotdeauna cu VF1!<\/p>\n<figure id=\"attachment_43635\" aria-describedby=\"caption-attachment-43635\" style=\"width: 576px\" class=\"wp-caption alignnone\"><img decoding=\"async\" class=\"size-large wp-image-43635\" src=\"https:\/\/www.code-autoradio.com\/wp-content\/uploads\/2023\/05\/pin-incorrect-576x1024.jpg\" alt=\"Cheie autentificare Renault &amp; Dacia. PIN incorect. Sistemul este blocat Asteptati...\" width=\"576\" height=\"1024\" title=\"\" srcset=\"https:\/\/www.code-autoradio.com\/wp-content\/uploads\/2023\/05\/pin-incorrect-576x1024.jpg 576w, https:\/\/www.code-autoradio.com\/wp-content\/uploads\/2023\/05\/pin-incorrect-169x300.jpg 169w, https:\/\/www.code-autoradio.com\/wp-content\/uploads\/2023\/05\/pin-incorrect-768x1365.jpg 768w, https:\/\/www.code-autoradio.com\/wp-content\/uploads\/2023\/05\/pin-incorrect-864x1536.jpg 864w, https:\/\/www.code-autoradio.com\/wp-content\/uploads\/2023\/05\/pin-incorrect-1152x2048.jpg 1152w, https:\/\/www.code-autoradio.com\/wp-content\/uploads\/2023\/05\/pin-incorrect-150x267.jpg 150w, https:\/\/www.code-autoradio.com\/wp-content\/uploads\/2023\/05\/pin-incorrect-600x1067.jpg 600w, https:\/\/www.code-autoradio.com\/wp-content\/uploads\/2023\/05\/pin-incorrect-scaled.jpg 1440w\" sizes=\"(max-width: 576px) 100vw, 576px\" \/><figcaption id=\"caption-attachment-43635\" class=\"wp-caption-text\">Cheie autentificare Renault &amp; Dacia. PIN incorect. Sistemul este blocat Asteptati&#8230;<\/figcaption><\/figure>\n<h2>2 &#8211; Cum introduc cheia de autentificare \u00een radioul meu Renault GPS?<\/h2>\n<p>SISTEME MULTIMEDIA Renault : EASY LINK \/ R-LINK 2 \/ R-LINK Evolution \/ Media Nav Evolution \/ Radio Connect R&amp;GO<br \/>\nC\u00e2nd primi\u021bi e-mailul sau sms-ul nostru cu codul, introduce\u021bi-l \u0219i confirma\u021bi ap\u0103s\u00e2nd ok.<\/p>\n<p>Porni\u021bi contactul.<br \/>\nAfi\u0219ajul ar trebui s\u0103 afi\u0219eze &#8220;key authentication&#8221; (autentificare cheie) sau &#8220;PIN not valid, system is locked, please wait&#8230;&#8221; (PIN nu este valid, sistemul este blocat, v\u0103 rug\u0103m s\u0103 a\u0219tepta\u021bi&#8230;) cu un timp de a\u0219teptare.<br \/>\nAp\u0103sa\u021bi butoanele de pe afi\u0219aj pentru a introduce codul radioului auto pentru Renault.<br \/>\nAp\u0103sa\u021bi ok pentru a valida codul.<\/p>\n","protected":false},"excerpt":{"rendered":"<h2>Cum se g\u0103se\u0219te cheia de autentificare Renault EASY LINK \/ R-LINK 2 \/ R-LINK Evolution \/ Media Nav Evolution \/ Radio Connect R&amp;GO?<\/h2>\n","protected":false},"featured_media":8008,"template":"","meta":[],"product_brand":[],"product_cat":[328],"product_tag":[],"class_list":{"0":"post-23744","1":"product","2":"type-product","3":"status-publish","4":"has-post-thumbnail","6":"product_cat-renault-ro","8":"first","9":"instock","10":"sale","11":"virtual","12":"sold-individually","13":"taxable","14":"purchasable","15":"product-type-simple"},"_links":{"self":[{"href":"https:\/\/www.code-autoradio.com\/ro\/wp-json\/wp\/v2\/product\/23744","targetHints":{"allow":["GET"]}}],"collection":[{"href":"https:\/\/www.code-autoradio.com\/ro\/wp-json\/wp\/v2\/product"}],"about":[{"href":"https:\/\/www.code-autoradio.com\/ro\/wp-json\/wp\/v2\/types\/product"}],"wp:featuredmedia":[{"embeddable":true,"href":"https:\/\/www.code-autoradio.com\/ro\/wp-json\/wp\/v2\/media\/8008"}],"wp:attachment":[{"href":"https:\/\/www.code-autoradio.com\/ro\/wp-json\/wp\/v2\/media?parent=23744"}],"wp:term":[{"taxonomy":"product_brand","embeddable":true,"href":"https:\/\/www.code-autoradio.com\/ro\/wp-json\/wp\/v2\/product_brand?post=23744"},{"taxonomy":"product_cat","embeddable":true,"href":"https:\/\/www.code-autoradio.com\/ro\/wp-json\/wp\/v2\/product_cat?post=23744"},{"taxonomy":"product_tag","embeddable":true,"href":"https:\/\/www.code-autoradio.com\/ro\/wp-json\/wp\/v2\/product_tag?post=23744"}],"curies":[{"name":"wp","href":"https:\/\/api.w.org\/{rel}","templated":true}]}}